{"id":11798,"date":"2024-06-01T16:47:05","date_gmt":"2024-06-01T16:47:05","guid":{"rendered":"https:\/\/digistar.ma\/?post_type=product&#038;p=11798"},"modified":"2024-06-01T16:47:06","modified_gmt":"2024-06-01T16:47:06","slug":"flex-de-decoupe-a-chaud-argente-metallique-effet-miroir","status":"publish","type":"product","link":"https:\/\/digistar.ma\/?product=flex-de-decoupe-a-chaud-argente-metallique-effet-miroir","title":{"rendered":"Flex de d\u00e9coupe \u00e0 chaud argent\u00e9 m\u00e9tallique (Effet miroir)"},"content":{"rendered":"<h4 class=\"product_title entry-title\">Flex de d\u00e9coupe \u00e0 chaud argent\u00e9 m\u00e9tallique (Effet miroir)<\/h4>\n<p><strong>Digistar<\/strong>\u00a0Maroc propose une gamme tr\u00e8s vari\u00e9e et compl\u00e8te de<strong>\u00a0films de transfert \u00e0 chaud<\/strong>\u00a0(Flex de d\u00e9coupe) Flex avec un rendu l<strong>isse,\u00a0<\/strong>flex avec un rendu\u00a0<strong>paillet\u00e9,\u00a0<\/strong>flex avec un rendu effet\u00a0<strong>velours<\/strong>,\u00a0<strong>imprimables\u00a0<\/strong>etc \u2026 pour vous permettre de personnaliser<strong>\u00a0tous types de textiles\u00a0<\/strong>\u00e0 l\u2019aide d\u2019une<strong>\u00a0presse \u00e0 chaud\u00a0<\/strong>et une machine de d\u00e9coupe<strong>\u00a0.<\/strong><\/p>\n<table>\n<tbody>\n<tr>\n<td><strong>Etape 1<\/strong>\u00a0: Cr\u00e9ez votre design<\/td>\n<td><strong>Etape 2<\/strong>\u00a0: D\u00e9coupez votre flex<\/td>\n<td><strong>Etape 3<\/strong>\u00a0: Echenillage<\/td>\n<td><strong>Etape 4<\/strong>\u00a0: Pose<\/td>\n<\/tr>\n<tr>\n<td>Une fois votre design cr\u00e9\u00e9 il faut l\u2019importer dans le logiciel de votre machine de d\u00e9coupe.<\/td>\n<td>vous pouvez lancer la d\u00e9coupe de votre flex, le plotter fait le travail pour vous !<\/td>\n<td>Ce produit est\u00a0 facile \u00e0 \u00e9cheniller et cela est valable m\u00eame pour les cr\u00e9ations avec beaucoup de d\u00e9tails.<\/td>\n<td>Une fois votre \u00e9chenillage termin\u00e9, vous pouvez passer \u00e0 la pose sur votre textile<\/td>\n<\/tr>\n<\/tbody>\n<\/table>\n<p><strong>Conditions de pose de<\/strong> <strong>Flex de d\u00e9coupe \u00e0 chaud argent\u00e9 m\u00e9tallique (Effet miroir)\u00a0<\/strong><\/p>\n<ul>\n<li>Temp\u00e9rature\u00a0<strong>160\u00b0<\/strong><\/li>\n<li>Temps\u00a0<strong>15\u00a0<\/strong>\u00a0secondes<\/li>\n<li>Pression moyenne<\/li>\n<li>Enlever \u00e0 Chaud<\/li>\n<li>R\u00e9sistance au lavage: 40\u00b0C<\/li>\n<\/ul>\n<p><strong>Application :<\/strong><\/p>\n<ul>\n<li>Convient aux textiles standards (coton, polyester, textiles m\u00e9lang\u00e9s).<\/li>\n<li>Ne convient pas pour les textiles enduits!<\/li>\n<\/ul>\n","protected":false},"excerpt":{"rendered":"<ul>\n<li>Largeur :50 cm type\u00a0<strong>P.S. Metallic<\/strong><\/li>\n<li>Longueurs : 1 M et Rouleau de 25 M<\/li>\n<li>Couleur: M0021 S<strong>ilver<\/strong><\/li>\n<li>(prix en m\u00e8tre)<\/li>\n<\/ul>\n","protected":false},"featured_media":11799,"comment_status":"open","ping_status":"closed","template":"","meta":{"_acf_changed":false,"_monsterinsights_skip_tracking":false,"_monsterinsights_sitenote_active":false,"_monsterinsights_sitenote_note":"","_monsterinsights_sitenote_category":0,"_uf_show_specific_survey":0,"_uf_disable_surveys":false,"_joinchat":[]},"product_brand":[],"product_cat":[384],"product_tag":[],"class_list":{"0":"post-11798","1":"product","2":"type-product","3":"status-publish","4":"has-post-thumbnail","6":"product_cat-fournitures-dimpression","8":"first","9":"instock","10":"sale","11":"shipping-taxable","12":"purchasable","13":"product-type-simple"},"acf":[],"jetpack_sharing_enabled":true,"_links":{"self":[{"href":"https:\/\/digistar.ma\/index.php?rest_route=\/wp\/v2\/product\/11798","targetHints":{"allow":["GET"]}}],"collection":[{"href":"https:\/\/digistar.ma\/index.php?rest_route=\/wp\/v2\/product"}],"about":[{"href":"https:\/\/digistar.ma\/index.php?rest_route=\/wp\/v2\/types\/product"}],"replies":[{"embeddable":true,"href":"https:\/\/digistar.ma\/index.php?rest_route=%2Fwp%2Fv2%2Fcomments&post=11798"}],"version-history":[{"count":1,"href":"https:\/\/digistar.ma\/index.php?rest_route=\/wp\/v2\/product\/11798\/revisions"}],"predecessor-version":[{"id":11803,"href":"https:\/\/digistar.ma\/index.php?rest_route=\/wp\/v2\/product\/11798\/revisions\/11803"}],"wp:featuredmedia":[{"embeddable":true,"href":"https:\/\/digistar.ma\/index.php?rest_route=\/wp\/v2\/media\/11799"}],"wp:attachment":[{"href":"https:\/\/digistar.ma\/index.php?rest_route=%2Fwp%2Fv2%2Fmedia&parent=11798"}],"wp:term":[{"taxonomy":"product_brand","embeddable":true,"href":"https:\/\/digistar.ma\/index.php?rest_route=%2Fwp%2Fv2%2Fproduct_brand&post=11798"},{"taxonomy":"product_cat","embeddable":true,"href":"https:\/\/digistar.ma\/index.php?rest_route=%2Fwp%2Fv2%2Fproduct_cat&post=11798"},{"taxonomy":"product_tag","embeddable":true,"href":"https:\/\/digistar.ma\/index.php?rest_route=%2Fwp%2Fv2%2Fproduct_tag&post=11798"}],"curies":[{"name":"wp","href":"https:\/\/api.w.org\/{rel}","templated":true}]}}