{"id":11821,"date":"2024-06-03T10:09:44","date_gmt":"2024-06-03T10:09:44","guid":{"rendered":"https:\/\/digistar.ma\/?post_type=product&#038;p=11821"},"modified":"2024-06-03T10:16:04","modified_gmt":"2024-06-03T10:16:04","slug":"emballeuse-filmeuses-a-cloche-professionnelle-5540","status":"publish","type":"product","link":"https:\/\/digistar.ma\/?product=emballeuse-filmeuses-a-cloche-professionnelle-5540","title":{"rendered":"Emballeuse filmeuses \u00e0 cloche professionnelle 5540"},"content":{"rendered":"<h4 class=\"product_title entry-title\">Emballeuse filmeuses \u00e0 cloche professionnelle 5540<\/h4>\n<p>Gamme id\u00e9ale pour ceux qui recherchent une machine emballage, permet d\u2019emballer des produits sous film r\u00e9tractable, dans les domaines alimentaires qu\u2019industriels<\/p>\n<h4><strong>Caract\u00e9ristiques Techniques de <\/strong>Emballeuse filmeuses \u00e0 cloche professionnelle 5540<strong>:<\/strong><\/h4>\n<table class=\"t1\" style=\"height: 573px;\" width=\"718\" cellspacing=\"0\" cellpadding=\"0\">\n<tbody>\n<tr>\n<td class=\"td1\" valign=\"top\">\n<p class=\"p1\"><strong>Modele<\/strong><\/p>\n<\/td>\n<td class=\"td1\" valign=\"top\">\n<p class=\"woocommerce-products-header__title page-title\">Emballeuse professionnelle : FM-5540<\/p>\n<\/td>\n<\/tr>\n<tr>\n<td class=\"td1\" valign=\"top\">\n<p class=\"p1\"><strong>Puissance \u00e9lectrique<\/strong><\/p>\n<\/td>\n<td class=\"td1\" valign=\"top\">\n<p class=\"p1\">3700 W<\/p>\n<\/td>\n<\/tr>\n<tr>\n<td class=\"td1\" valign=\"top\">\n<p class=\"p1\"><strong>Barre de soudure<\/strong><\/p>\n<\/td>\n<td class=\"td1\" valign=\"top\">560 x 430 mm<\/td>\n<\/tr>\n<tr>\n<td class=\"td1\" valign=\"top\">\n<p class=\"p1\"><strong>Hauteur maximum du paquet\u00a0<\/strong><\/p>\n<\/td>\n<td class=\"td1\" valign=\"top\">\u00a0jusqu\u2019\u00e0 280 mm<\/td>\n<\/tr>\n<tr>\n<td class=\"td1\" valign=\"top\">\n<p class=\"p1\"><strong>Dimension maximum de la bobine film<\/strong><\/p>\n<\/td>\n<td class=\"td1\" valign=\"top\">\n<p class=\"p1\">600 \u2013 diam\u00e8tre\u00a0 250 mm<\/p>\n<\/td>\n<\/tr>\n<tr>\n<td class=\"td1\" valign=\"top\">\n<p class=\"p1\"><strong>Dimensions de la machine avec supports<\/strong><\/p>\n<\/td>\n<td class=\"td1\" valign=\"top\">1260 x 805 h 1100 mm<\/td>\n<\/tr>\n<tr>\n<td class=\"td1\" valign=\"top\">\n<p class=\"p1\"><strong>Dimensions<\/strong><\/p>\n<\/td>\n<td class=\"td1\" valign=\"top\">\n<p class=\"p1\">L 44,2\u00a0cm x l 22,6\u00a0cm x h 22,9\u00a0cm<\/p>\n<\/td>\n<\/tr>\n<tr>\n<td class=\"td1\" valign=\"top\">\n<p class=\"p1\"><strong>Poids net machine \/ supports \/ chariot<\/strong><\/p>\n<\/td>\n<td data-spm-anchor-id=\"a2700.details.0.i36.3fca7e3cOjYKq3\">128kg<\/td>\n<\/tr>\n<tr>\n<td class=\"td1\" valign=\"top\">\n<p class=\"p1\"><strong>Production intensive<\/strong><\/p>\n<\/td>\n<td class=\"td1\" valign=\"top\">jusqu\u2019\u00e0 800 paquets \/ heure<\/td>\n<\/tr>\n<tr>\n<td class=\"td1\" valign=\"top\">\n<p class=\"p1\"><strong>Garantie\u00a0<\/strong><\/p>\n<\/td>\n<td class=\"td1\" valign=\"top\">\n<p class=\"p1\">1 ans \u2013 normes CE<\/p>\n<\/td>\n<\/tr>\n<\/tbody>\n<\/table>\n","protected":false},"excerpt":{"rendered":"<ul>\n<li>Emballeuse professionnelle<\/li>\n<li>R\u00e9guler la temp\u00e9rature de soudure<\/li>\n<li>Consommation \u00e9nerg\u00e9tique r\u00e9duite<\/li>\n<li>Puissance \u00e9lectrique\u00a0 : 3700 W<\/li>\n<li>Garantie : 1 an<\/li>\n<\/ul>\n","protected":false},"featured_media":11822,"comment_status":"open","ping_status":"closed","template":"","meta":{"_acf_changed":false,"_monsterinsights_skip_tracking":false,"_monsterinsights_sitenote_active":false,"_monsterinsights_sitenote_note":"","_monsterinsights_sitenote_category":0,"_uf_show_specific_survey":0,"_uf_disable_surveys":false,"_joinchat":[]},"product_brand":[],"product_cat":[384],"product_tag":[],"class_list":{"0":"post-11821","1":"product","2":"type-product","3":"status-publish","4":"has-post-thumbnail","6":"product_cat-fournitures-dimpression","8":"first","9":"instock","10":"sale","11":"shipping-taxable","12":"purchasable","13":"product-type-simple"},"acf":[],"jetpack_sharing_enabled":true,"_links":{"self":[{"href":"https:\/\/digistar.ma\/index.php?rest_route=\/wp\/v2\/product\/11821","targetHints":{"allow":["GET"]}}],"collection":[{"href":"https:\/\/digistar.ma\/index.php?rest_route=\/wp\/v2\/product"}],"about":[{"href":"https:\/\/digistar.ma\/index.php?rest_route=\/wp\/v2\/types\/product"}],"replies":[{"embeddable":true,"href":"https:\/\/digistar.ma\/index.php?rest_route=%2Fwp%2Fv2%2Fcomments&post=11821"}],"version-history":[{"count":2,"href":"https:\/\/digistar.ma\/index.php?rest_route=\/wp\/v2\/product\/11821\/revisions"}],"predecessor-version":[{"id":11828,"href":"https:\/\/digistar.ma\/index.php?rest_route=\/wp\/v2\/product\/11821\/revisions\/11828"}],"wp:featuredmedia":[{"embeddable":true,"href":"https:\/\/digistar.ma\/index.php?rest_route=\/wp\/v2\/media\/11822"}],"wp:attachment":[{"href":"https:\/\/digistar.ma\/index.php?rest_route=%2Fwp%2Fv2%2Fmedia&parent=11821"}],"wp:term":[{"taxonomy":"product_brand","embeddable":true,"href":"https:\/\/digistar.ma\/index.php?rest_route=%2Fwp%2Fv2%2Fproduct_brand&post=11821"},{"taxonomy":"product_cat","embeddable":true,"href":"https:\/\/digistar.ma\/index.php?rest_route=%2Fwp%2Fv2%2Fproduct_cat&post=11821"},{"taxonomy":"product_tag","embeddable":true,"href":"https:\/\/digistar.ma\/index.php?rest_route=%2Fwp%2Fv2%2Fproduct_tag&post=11821"}],"curies":[{"name":"wp","href":"https:\/\/api.w.org\/{rel}","templated":true}]}}