{"id":11864,"date":"2024-06-03T16:11:08","date_gmt":"2024-06-03T16:11:08","guid":{"rendered":"https:\/\/digistar.ma\/?post_type=product&#038;p=11864"},"modified":"2026-01-09T08:25:56","modified_gmt":"2026-01-09T08:25:56","slug":"accessoires-de-pose-pour-vinyle-et-adhesif-7-in1","status":"publish","type":"product","link":"https:\/\/digistar.ma\/?product=accessoires-de-pose-pour-vinyle-et-adhesif-7-in1","title":{"rendered":"Accessoires de pose pour vinyle et adh\u00e9sif 7 in1"},"content":{"rendered":"<h3 class=\"LC20lb MBeuO DKV0Md\">Accessoires de pose pour vinyle et adh\u00e9sif 7 in1<\/h3>\n<div class=\"product-meta\">\n<p>Ce kit 7 en 1 rassemble tous les outils et accessoires essentiels pour une pose r\u00e9ussie de vinyle adh\u00e9sif, que ce soit pour des d\u00e9cors muraux, des enseignes, des v\u00e9hicules ou tout autre support.<\/p>\n<p><strong>Contenu du Accessoires de pose pour vinyle et adh\u00e9sif 7 in1<\/strong> <strong>:<\/strong><\/p>\n<ol>\n<li>Raclette en plastique rigide : Permet de lisser et d&#8217;appliquer fermement le vinyle sur la surface, sans risquer de rayer.<\/li>\n<li>Grattoir \u00e0 lame de rasoir : Utile pour d\u00e9couper pr\u00e9cis\u00e9ment le vinyle autour des angles et des bords.<\/li>\n<li>Squeegee en feutre : Aide \u00e0 chasser les bulles d&#8217;air lors de la pose, garantissant une application parfaitement lisse.<\/li>\n<li>Couteau de pr\u00e9cision : \u00c9quip\u00e9 d&#8217;une lame fine et aiguis\u00e9e, id\u00e9al pour d\u00e9couper des motifs complexes dans le vinyle.<\/li>\n<li>R\u00e8gle transparente gradu\u00e9e : Facilite la mesure et le positionnement du vinyle sur la surface.<\/li>\n<li>Outil de retrait de vinyle : Permet de d\u00e9coller d\u00e9licatement le vinyle sans l&#8217;ab\u00eemer, pour d&#8217;\u00e9ventuelles retouches.<\/li>\n<li>Tampons de positionnement r\u00e9utilisables : Maintiennent temporairement le vinyle en place durant la pose.<\/li>\n<\/ol>\n<p>Tous ces outils sont rang\u00e9s dans un bo\u00eetier compact et robuste, facilitant leur transport et leur rangement.<\/p>\n<p>Ce kit 7 en 1 est l&#8217;accessoire indispensable pour une pose professionnelle de vinyle adh\u00e9sif sur tous types de supports.<\/p>\n<\/div>\n","protected":false},"excerpt":{"rendered":"<ol>\n<li>Cutter Professionnel et ses lames<\/li>\n<li>Raclette bleu a cot\u00e9 feutrine<\/li>\n<li>Raclette noir pour pose de film voitures<\/li>\n<li>Raclette vitres professionnelle<\/li>\n<li>Raclette de finition rose<\/li>\n<li>Raclette jaune Sp\u00e9cial Finition<\/li>\n<li>Raclette Pro blanc en caoutchouc<\/li>\n<\/ol>\n","protected":false},"featured_media":11865,"comment_status":"open","ping_status":"closed","template":"","meta":{"_acf_changed":false,"_monsterinsights_skip_tracking":false,"_monsterinsights_sitenote_active":false,"_monsterinsights_sitenote_note":"","_monsterinsights_sitenote_category":0,"_uf_show_specific_survey":0,"_uf_disable_surveys":false,"_joinchat":[]},"product_brand":[],"product_cat":[384],"product_tag":[],"class_list":{"0":"post-11864","1":"product","2":"type-product","3":"status-publish","4":"has-post-thumbnail","6":"product_cat-fournitures-dimpression","8":"first","9":"outofstock","10":"sale","11":"shipping-taxable","12":"purchasable","13":"product-type-simple"},"acf":[],"jetpack_sharing_enabled":true,"_links":{"self":[{"href":"https:\/\/digistar.ma\/index.php?rest_route=\/wp\/v2\/product\/11864","targetHints":{"allow":["GET"]}}],"collection":[{"href":"https:\/\/digistar.ma\/index.php?rest_route=\/wp\/v2\/product"}],"about":[{"href":"https:\/\/digistar.ma\/index.php?rest_route=\/wp\/v2\/types\/product"}],"replies":[{"embeddable":true,"href":"https:\/\/digistar.ma\/index.php?rest_route=%2Fwp%2Fv2%2Fcomments&post=11864"}],"version-history":[{"count":2,"href":"https:\/\/digistar.ma\/index.php?rest_route=\/wp\/v2\/product\/11864\/revisions"}],"predecessor-version":[{"id":11874,"href":"https:\/\/digistar.ma\/index.php?rest_route=\/wp\/v2\/product\/11864\/revisions\/11874"}],"wp:featuredmedia":[{"embeddable":true,"href":"https:\/\/digistar.ma\/index.php?rest_route=\/wp\/v2\/media\/11865"}],"wp:attachment":[{"href":"https:\/\/digistar.ma\/index.php?rest_route=%2Fwp%2Fv2%2Fmedia&parent=11864"}],"wp:term":[{"taxonomy":"product_brand","embeddable":true,"href":"https:\/\/digistar.ma\/index.php?rest_route=%2Fwp%2Fv2%2Fproduct_brand&post=11864"},{"taxonomy":"product_cat","embeddable":true,"href":"https:\/\/digistar.ma\/index.php?rest_route=%2Fwp%2Fv2%2Fproduct_cat&post=11864"},{"taxonomy":"product_tag","embeddable":true,"href":"https:\/\/digistar.ma\/index.php?rest_route=%2Fwp%2Fv2%2Fproduct_tag&post=11864"}],"curies":[{"name":"wp","href":"https:\/\/api.w.org\/{rel}","templated":true}]}}