{"id":11875,"date":"2024-06-03T16:49:42","date_gmt":"2024-06-03T16:49:42","guid":{"rendered":"https:\/\/digistar.ma\/?post_type=product&#038;p=11875"},"modified":"2024-06-03T16:49:43","modified_gmt":"2024-06-03T16:49:43","slug":"marbre-coeur-2020cm-sublimation-sh60","status":"publish","type":"product","link":"https:\/\/digistar.ma\/?product=marbre-coeur-2020cm-sublimation-sh60","title":{"rendered":"Marbre Coeur 20*20cm sublimation SH60"},"content":{"rendered":"<h4 class=\"product_title entry-title\">Marbre Coeur 20*20cm sublimation SH60<\/h4>\n<p>Pour commencer, voici ce dont la technique d\u00e9taill\u00e9e \u00a0:<\/p>\n<ul>\n<li><strong>Imprimante de sublimation:<\/strong>\u00a0En A4, ce sera plus que suffisant, le visuel est imprim\u00e9 de mani\u00e8re invers\u00e9 sur un papier de transfert<\/li>\n<li><strong>Encre de sublimation:<\/strong>\u00a0Ce sont des encres sp\u00e9ciales, c\u2019est une encre diff\u00e9rente de celles habituellement utilis\u00e9es.<\/li>\n<li><strong>Papier de sublimation:<\/strong>\u00a0Il est le support de l\u2019encre par lequel sera appliqu\u00e9e sur la le mug lorsqu\u2019on lui applique de la chaleur.<\/li>\n<li><strong>Ruban adh\u00e9sif haute temp\u00e9rature:<\/strong>\u00a0Utilis\u00e9 pour fixer le papier imprim\u00e9 contre le mug, il r\u00e9siste aux temp\u00e9ratures.<\/li>\n<li><strong>Presse \u00e0 chaud :\u00a0<\/strong>Il en existe plusieurs mod\u00e8les diff\u00e9rents.<\/li>\n<\/ul>\n<h4><strong>Param\u00e8tres recommand\u00e9s pour l\u2019impression de <\/strong>Marbre Coeur 20*20cm sublimation SH60 :<\/h4>\n<ul>\n<li>\n<ul>\n<li>Imprimez l\u2019image en\u00a0<strong>mode miroir<\/strong>.<\/li>\n<li>Pr\u00e9chauffez la presse \u00e0\u00a0200\u00a0\u00baC<\/li>\n<li>Placez le c\u00f4t\u00e9 imprim\u00e9 du papier sur le mug et fixez-le avec du ruban adh\u00e9sif haute temp\u00e9rature.<\/li>\n<li>Fermez la presse et exercez une pression\u00a0<strong>moyenne-forte<\/strong>\u00a0pendant environ 140 secondes<\/li>\n<li>\u00c0 l\u2019aide d\u2019un gant de protection, retirez le mug tout juste sublim\u00e9.<\/li>\n<li>Retirez d\u00e9licatement le papier<\/li>\n<\/ul>\n<\/li>\n<\/ul>\n","protected":false},"excerpt":{"rendered":"<ul>\n<li>dimension:\u00a0<strong>20\u00d720<\/strong>\u00a0cm<\/li>\n<li>Emballage individuel dans un carton<\/li>\n<li>Marbre sublimation coeur<\/li>\n<\/ul>\n","protected":false},"featured_media":11876,"comment_status":"open","ping_status":"closed","template":"","meta":{"_acf_changed":false,"_monsterinsights_skip_tracking":false,"_monsterinsights_sitenote_active":false,"_monsterinsights_sitenote_note":"","_monsterinsights_sitenote_category":0,"_uf_show_specific_survey":0,"_uf_disable_surveys":false,"_joinchat":[]},"product_brand":[],"product_cat":[384],"product_tag":[],"class_list":{"0":"post-11875","1":"product","2":"type-product","3":"status-publish","4":"has-post-thumbnail","6":"product_cat-fournitures-dimpression","8":"first","9":"instock","10":"sale","11":"shipping-taxable","12":"purchasable","13":"product-type-simple"},"acf":[],"jetpack_sharing_enabled":true,"_links":{"self":[{"href":"https:\/\/digistar.ma\/index.php?rest_route=\/wp\/v2\/product\/11875","targetHints":{"allow":["GET"]}}],"collection":[{"href":"https:\/\/digistar.ma\/index.php?rest_route=\/wp\/v2\/product"}],"about":[{"href":"https:\/\/digistar.ma\/index.php?rest_route=\/wp\/v2\/types\/product"}],"replies":[{"embeddable":true,"href":"https:\/\/digistar.ma\/index.php?rest_route=%2Fwp%2Fv2%2Fcomments&post=11875"}],"version-history":[{"count":2,"href":"https:\/\/digistar.ma\/index.php?rest_route=\/wp\/v2\/product\/11875\/revisions"}],"predecessor-version":[{"id":11880,"href":"https:\/\/digistar.ma\/index.php?rest_route=\/wp\/v2\/product\/11875\/revisions\/11880"}],"wp:featuredmedia":[{"embeddable":true,"href":"https:\/\/digistar.ma\/index.php?rest_route=\/wp\/v2\/media\/11876"}],"wp:attachment":[{"href":"https:\/\/digistar.ma\/index.php?rest_route=%2Fwp%2Fv2%2Fmedia&parent=11875"}],"wp:term":[{"taxonomy":"product_brand","embeddable":true,"href":"https:\/\/digistar.ma\/index.php?rest_route=%2Fwp%2Fv2%2Fproduct_brand&post=11875"},{"taxonomy":"product_cat","embeddable":true,"href":"https:\/\/digistar.ma\/index.php?rest_route=%2Fwp%2Fv2%2Fproduct_cat&post=11875"},{"taxonomy":"product_tag","embeddable":true,"href":"https:\/\/digistar.ma\/index.php?rest_route=%2Fwp%2Fv2%2Fproduct_tag&post=11875"}],"curies":[{"name":"wp","href":"https:\/\/api.w.org\/{rel}","templated":true}]}}