{"id":11881,"date":"2024-06-03T17:44:09","date_gmt":"2024-06-03T17:44:09","guid":{"rendered":"https:\/\/digistar.ma\/?post_type=product&#038;p=11881"},"modified":"2024-06-03T17:44:10","modified_gmt":"2024-06-03T17:44:10","slug":"marbre-sublimation-carree","status":"publish","type":"product","link":"https:\/\/digistar.ma\/?product=marbre-sublimation-carree","title":{"rendered":"Marbre sublimation carr\u00e9e"},"content":{"rendered":"<h4><strong>Marbre sublimation carr\u00e9e<\/strong><\/h4>\n<p><strong>Description Pour commencer, voici ce dont la technique d\u00e9taill\u00e9e<\/strong>:<\/p>\n<ul>\n<li>Imprimante de sublimation: En A4, ce sera plus que suffisant, le visuel est imprim\u00e9 de mani\u00e8re invers\u00e9 sur un papier de transfert<\/li>\n<li>Encre de sublimation: Ce sont des encres sp\u00e9ciales, c&#8217;est une encre diff\u00e9rente de celles habituellement utilis\u00e9es.<\/li>\n<li>Papier de sublimation: Il est le support de l&#8217;encre par lequel sera appliqu\u00e9e sur la le mug lorsqu&#8217;on lui applique de la chaleur.<\/li>\n<li>Ruban adh\u00e9sif haute temp\u00e9rature: Utilis\u00e9 pour fixer le papier imprim\u00e9 contre le mug, il r\u00e9siste aux temp\u00e9ratures.<\/li>\n<li>Presse \u00e0 chaud: II en existe plusieurs mod\u00e8les diff\u00e9rents.<\/li>\n<\/ul>\n<p><strong>Param\u00e8tres recommand\u00e9s pour l&#8217;impression de <\/strong><strong>Marbre sublimation carr\u00e9e:<\/strong><\/p>\n<ul>\n<li>Imprimez l&#8217;image en mode miroir.<\/li>\n<li>Pr\u00e9chauffez la presse \u00e0 200 \u00b0C<\/li>\n<li>Placez le c\u00f4t\u00e9 imprim\u00e9 du papier sur le mug et fixez-le avec du ruban adh\u00e9sif haute temp\u00e9rature.<\/li>\n<li>Fermez la presse et exercez une pression moyenne-forte pendant environ 140 secondes<\/li>\n<li>\u00c0 l&#8217;aide d&#8217;un gant de protection, retirez le mug tout juste sublim\u00e9.<\/li>\n<li>Retirez d\u00e9licatement le papier<\/li>\n<\/ul>\n","protected":false},"excerpt":{"rendered":"<div class=\"product-extra-detail woocommerce-product-details__short-description\">\n<ul>\n<li>marbre sublimation : carr\u00e9e<\/li>\n<li>Emballage individuel dans un carton<\/li>\n<\/ul>\n<\/div>\n<div class=\"product-price\"><\/div>\n","protected":false},"featured_media":11882,"comment_status":"open","ping_status":"closed","template":"","meta":{"_acf_changed":false,"_monsterinsights_skip_tracking":false,"_monsterinsights_sitenote_active":false,"_monsterinsights_sitenote_note":"","_monsterinsights_sitenote_category":0,"_uf_show_specific_survey":0,"_uf_disable_surveys":false,"_joinchat":[]},"product_brand":[],"product_cat":[384],"product_tag":[],"class_list":{"0":"post-11881","1":"product","2":"type-product","3":"status-publish","4":"has-post-thumbnail","6":"product_cat-fournitures-dimpression","8":"first","9":"instock","10":"sale","11":"shipping-taxable","12":"purchasable","13":"product-type-simple"},"acf":[],"jetpack_sharing_enabled":true,"_links":{"self":[{"href":"https:\/\/digistar.ma\/index.php?rest_route=\/wp\/v2\/product\/11881","targetHints":{"allow":["GET"]}}],"collection":[{"href":"https:\/\/digistar.ma\/index.php?rest_route=\/wp\/v2\/product"}],"about":[{"href":"https:\/\/digistar.ma\/index.php?rest_route=\/wp\/v2\/types\/product"}],"replies":[{"embeddable":true,"href":"https:\/\/digistar.ma\/index.php?rest_route=%2Fwp%2Fv2%2Fcomments&post=11881"}],"version-history":[{"count":2,"href":"https:\/\/digistar.ma\/index.php?rest_route=\/wp\/v2\/product\/11881\/revisions"}],"predecessor-version":[{"id":11885,"href":"https:\/\/digistar.ma\/index.php?rest_route=\/wp\/v2\/product\/11881\/revisions\/11885"}],"wp:featuredmedia":[{"embeddable":true,"href":"https:\/\/digistar.ma\/index.php?rest_route=\/wp\/v2\/media\/11882"}],"wp:attachment":[{"href":"https:\/\/digistar.ma\/index.php?rest_route=%2Fwp%2Fv2%2Fmedia&parent=11881"}],"wp:term":[{"taxonomy":"product_brand","embeddable":true,"href":"https:\/\/digistar.ma\/index.php?rest_route=%2Fwp%2Fv2%2Fproduct_brand&post=11881"},{"taxonomy":"product_cat","embeddable":true,"href":"https:\/\/digistar.ma\/index.php?rest_route=%2Fwp%2Fv2%2Fproduct_cat&post=11881"},{"taxonomy":"product_tag","embeddable":true,"href":"https:\/\/digistar.ma\/index.php?rest_route=%2Fwp%2Fv2%2Fproduct_tag&post=11881"}],"curies":[{"name":"wp","href":"https:\/\/api.w.org\/{rel}","templated":true}]}}