{"id":11901,"date":"2024-06-04T14:43:37","date_gmt":"2024-06-04T14:43:37","guid":{"rendered":"https:\/\/digistar.ma\/?post_type=product&#038;p=11901"},"modified":"2024-07-23T21:45:50","modified_gmt":"2024-07-23T21:45:50","slug":"trophee-en-cristal-avec-boite-de-rangement-personnalisable-rond","status":"publish","type":"product","link":"https:\/\/digistar.ma\/?product=trophee-en-cristal-avec-boite-de-rangement-personnalisable-rond","title":{"rendered":"Troph\u00e9e en cristal avec boite de rangement personnalisable rond"},"content":{"rendered":"<h4 class=\"product_title entry-title\">Troph\u00e9e en cristal avec boite de rangement personnalisable rond<\/h4>\n<div class=\"product-meta\">\n<p>Ce troph\u00e9e en cristal est d&#8217;une beaut\u00e9 \u00e9l\u00e9gante et sophistiqu\u00e9e. Il est fabriqu\u00e9 \u00e0 partir de cristal de haute qualit\u00e9, soigneusement taill\u00e9 et poli pour lui donner un \u00e9clat et une brillance remarquables.<\/p>\n<p>La forme du troph\u00e9e est ronde, lui conf\u00e9rant une esth\u00e9tique \u00e9pur\u00e9e et moderne. Ses lignes \u00e9pur\u00e9es et ses bords arrondis lui donnent un look tr\u00e8s \u00e9l\u00e9gant.<\/p>\n<p>Le troph\u00e9e est livr\u00e9 avec une bo\u00eete de rangement personnalisable, \u00e9galement en cristal. Cette bo\u00eete permet de prot\u00e9ger et de ranger le troph\u00e9e de mani\u00e8re s\u00fbre et soign\u00e9e lorsqu&#8217;il n&#8217;est pas utilis\u00e9. La bo\u00eete peut \u00eatre personnalis\u00e9e avec un texte, un logo ou des motifs selon les souhaits du client, pour une touche unique et personnalis\u00e9e.<\/p>\n<p>Ce troph\u00e9e en cristal rond avec bo\u00eete de rangement personnalisable est id\u00e9al pour r\u00e9compenser des performances exceptionnelles, des r\u00e9alisations remarquables ou pour comm\u00e9morer un \u00e9v\u00e9nement important. Son design \u00e9l\u00e9gant en fait un magnifique \u00e9l\u00e9ment de d\u00e9coration dans un bureau ou un foyer.<\/p>\n<\/div>\n","protected":false},"excerpt":{"rendered":"<ul>\n<li>Livr\u00e9 dans sa bo\u00eete cadeau<\/li>\n<li class=\"product-features-single\"><span class=\"feature-name\">Mati\u00e8re :<\/span>\u00a0<strong><span class=\"feature-value\">Cristal\u00a0<\/span><\/strong><\/li>\n<li>marquage: Gravure laser, Digitale UV<\/li>\n<li>Base : Noir<\/li>\n<li>\n<div class=\"a-row a-spacing-small po-color\"><span class=\"a-size-base a-text-bold\">Dimensions:<\/span>\u00a0<span class=\"a-size-base po-break-word\">17,3 x 15 cm<\/span><\/div>\n<\/li>\n<\/ul>\n","protected":false},"featured_media":11902,"comment_status":"open","ping_status":"closed","template":"","meta":{"_acf_changed":false,"_monsterinsights_skip_tracking":false,"_monsterinsights_sitenote_active":false,"_monsterinsights_sitenote_note":"","_monsterinsights_sitenote_category":0,"_uf_show_specific_survey":0,"_uf_disable_surveys":false,"_joinchat":[]},"product_brand":[],"product_cat":[384,386],"product_tag":[],"class_list":{"0":"post-11901","1":"product","2":"type-product","3":"status-publish","4":"has-post-thumbnail","6":"product_cat-fournitures-dimpression","7":"product_cat-consommables-sublimation-dtf","9":"first","10":"instock","11":"sale","12":"shipping-taxable","13":"purchasable","14":"product-type-simple"},"acf":[],"jetpack_sharing_enabled":true,"_links":{"self":[{"href":"https:\/\/digistar.ma\/index.php?rest_route=\/wp\/v2\/product\/11901","targetHints":{"allow":["GET"]}}],"collection":[{"href":"https:\/\/digistar.ma\/index.php?rest_route=\/wp\/v2\/product"}],"about":[{"href":"https:\/\/digistar.ma\/index.php?rest_route=\/wp\/v2\/types\/product"}],"replies":[{"embeddable":true,"href":"https:\/\/digistar.ma\/index.php?rest_route=%2Fwp%2Fv2%2Fcomments&post=11901"}],"version-history":[{"count":5,"href":"https:\/\/digistar.ma\/index.php?rest_route=\/wp\/v2\/product\/11901\/revisions"}],"predecessor-version":[{"id":11910,"href":"https:\/\/digistar.ma\/index.php?rest_route=\/wp\/v2\/product\/11901\/revisions\/11910"}],"wp:featuredmedia":[{"embeddable":true,"href":"https:\/\/digistar.ma\/index.php?rest_route=\/wp\/v2\/media\/11902"}],"wp:attachment":[{"href":"https:\/\/digistar.ma\/index.php?rest_route=%2Fwp%2Fv2%2Fmedia&parent=11901"}],"wp:term":[{"taxonomy":"product_brand","embeddable":true,"href":"https:\/\/digistar.ma\/index.php?rest_route=%2Fwp%2Fv2%2Fproduct_brand&post=11901"},{"taxonomy":"product_cat","embeddable":true,"href":"https:\/\/digistar.ma\/index.php?rest_route=%2Fwp%2Fv2%2Fproduct_cat&post=11901"},{"taxonomy":"product_tag","embeddable":true,"href":"https:\/\/digistar.ma\/index.php?rest_route=%2Fwp%2Fv2%2Fproduct_tag&post=11901"}],"curies":[{"name":"wp","href":"https:\/\/api.w.org\/{rel}","templated":true}]}}