{"id":11936,"date":"2024-06-05T10:57:57","date_gmt":"2024-06-05T10:57:57","guid":{"rendered":"https:\/\/digistar.ma\/?post_type=product&#038;p=11936"},"modified":"2024-06-05T11:04:14","modified_gmt":"2024-06-05T11:04:14","slug":"cadre-photo-en-verre-sublimation-30x16x5mm","status":"publish","type":"product","link":"https:\/\/digistar.ma\/?product=cadre-photo-en-verre-sublimation-30x16x5mm","title":{"rendered":"Cadre photo en verre sublimation 30x16x5mm"},"content":{"rendered":"<h4>Cadre photo en verre sublimation 30x16x5mm<\/h4>\n<p>Cadre photo en verre\u00a0est un support original pour cr\u00e9er un souvenir photo, personnalisables par sublimation.<\/p>\n<p><strong>Param\u00e8tres recommand\u00e9s pour l\u2019impression de Cadre photo en verre sublimation 30x16x5mm<\/strong><\/p>\n<ul>\n<li>Imprimez l\u2019image sans\u00a0<strong>mode miroir<\/strong>.<\/li>\n<li>Pr\u00e9chauffez la presse \u00e0\u00a0200\u00a0\u00baC<\/li>\n<li>Placez le c\u00f4t\u00e9 imprim\u00e9 du papier sur le mug et fixez-le avec du ruban adh\u00e9sif haute temp\u00e9rature.<\/li>\n<li>Fermez la presse et exercez une pression\u00a0<strong>moyenne-forte<\/strong>\u00a0pendant environ 150 secondes<\/li>\n<li>\u00c0 l\u2019aide d\u2019un gant de protection, retirez le mug tout juste sublim\u00e9.<\/li>\n<li>Retirez d\u00e9licatement le papier<\/li>\n<\/ul>\n","protected":false},"excerpt":{"rendered":"<ul>\n<li>Dimension :\u00a0<strong>30\u00d716\u00a0<\/strong>cm<\/li>\n<li>Emballage individuel dans un carton<\/li>\n<li>\u00c9paisseur: env. 5 mm<\/li>\n<li>Mat\u00e9riau: verre<\/li>\n<\/ul>\n","protected":false},"featured_media":11937,"comment_status":"open","ping_status":"closed","template":"","meta":{"_acf_changed":false,"_monsterinsights_skip_tracking":false,"_monsterinsights_sitenote_active":false,"_monsterinsights_sitenote_note":"","_monsterinsights_sitenote_category":0,"_uf_show_specific_survey":0,"_uf_disable_surveys":false,"_joinchat":[]},"product_brand":[],"product_cat":[384,386],"product_tag":[],"class_list":{"0":"post-11936","1":"product","2":"type-product","3":"status-publish","4":"has-post-thumbnail","6":"product_cat-fournitures-dimpression","7":"product_cat-consommables-sublimation-dtf","9":"first","10":"instock","11":"sale","12":"shipping-taxable","13":"purchasable","14":"product-type-simple"},"acf":[],"jetpack_sharing_enabled":true,"_links":{"self":[{"href":"https:\/\/digistar.ma\/index.php?rest_route=\/wp\/v2\/product\/11936","targetHints":{"allow":["GET"]}}],"collection":[{"href":"https:\/\/digistar.ma\/index.php?rest_route=\/wp\/v2\/product"}],"about":[{"href":"https:\/\/digistar.ma\/index.php?rest_route=\/wp\/v2\/types\/product"}],"replies":[{"embeddable":true,"href":"https:\/\/digistar.ma\/index.php?rest_route=%2Fwp%2Fv2%2Fcomments&post=11936"}],"version-history":[{"count":3,"href":"https:\/\/digistar.ma\/index.php?rest_route=\/wp\/v2\/product\/11936\/revisions"}],"predecessor-version":[{"id":11943,"href":"https:\/\/digistar.ma\/index.php?rest_route=\/wp\/v2\/product\/11936\/revisions\/11943"}],"wp:featuredmedia":[{"embeddable":true,"href":"https:\/\/digistar.ma\/index.php?rest_route=\/wp\/v2\/media\/11937"}],"wp:attachment":[{"href":"https:\/\/digistar.ma\/index.php?rest_route=%2Fwp%2Fv2%2Fmedia&parent=11936"}],"wp:term":[{"taxonomy":"product_brand","embeddable":true,"href":"https:\/\/digistar.ma\/index.php?rest_route=%2Fwp%2Fv2%2Fproduct_brand&post=11936"},{"taxonomy":"product_cat","embeddable":true,"href":"https:\/\/digistar.ma\/index.php?rest_route=%2Fwp%2Fv2%2Fproduct_cat&post=11936"},{"taxonomy":"product_tag","embeddable":true,"href":"https:\/\/digistar.ma\/index.php?rest_route=%2Fwp%2Fv2%2Fproduct_tag&post=11936"}],"curies":[{"name":"wp","href":"https:\/\/api.w.org\/{rel}","templated":true}]}}