{"id":11944,"date":"2024-06-05T13:13:08","date_gmt":"2024-06-05T13:13:08","guid":{"rendered":"https:\/\/digistar.ma\/?post_type=product&#038;p=11944"},"modified":"2025-08-06T04:33:45","modified_gmt":"2025-08-06T04:33:45","slug":"cadre-photo-en-verre-sublimation-150x230x3mm-avec-miroir","status":"publish","type":"product","link":"https:\/\/digistar.ma\/?product=cadre-photo-en-verre-sublimation-150x230x3mm-avec-miroir","title":{"rendered":"Cadre photo en verre sublimation 150x230x3mm avec miroir"},"content":{"rendered":"<h4>Cadre photo en verre sublimation 150x230x3mm avec miroir<\/h4>\n<p>Cadre photo en verre\u00a0est un support original pour cr\u00e9er un souvenir photo, personnalisables par sublimation.<\/p>\n<p><strong>Param\u00e8tres recommand\u00e9s pour l\u2019impression de Cadre photo en verre sublimation 150x230x3mm avec miroir<\/strong><\/p>\n<ul>\n<li>\n<ul>\n<li>Imprimez l\u2019image sans\u00a0<strong>mode miroir<\/strong>.<\/li>\n<li>Pr\u00e9chauffez la presse \u00e0\u00a0200\u00a0\u00baC<\/li>\n<li>Placez le c\u00f4t\u00e9 imprim\u00e9 du papier sur le mug et fixez-le avec du ruban adh\u00e9sif haute temp\u00e9rature.<\/li>\n<li>Fermez la presse et exercez une pression\u00a0<strong>moyenne-forte<\/strong>\u00a0pendant environ 150 secondes<\/li>\n<li>\u00c0 l\u2019aide d\u2019un gant de protection, retirez le mug tout juste sublim\u00e9.<\/li>\n<li>Retirez d\u00e9licatement le papier<\/li>\n<\/ul>\n<\/li>\n<\/ul>\n","protected":false},"excerpt":{"rendered":"<ul>\n<li>Dimension :\u00a0<strong>15\u00d723\u00a0<\/strong>cm<\/li>\n<li>Emballage individuel dans un carton<\/li>\n<li>\u00c9paisseur: env. 3 mm<\/li>\n<li>Mat\u00e9riau: verre avec contour miroir<\/li>\n<\/ul>\n","protected":false},"featured_media":11945,"comment_status":"open","ping_status":"closed","template":"","meta":{"_acf_changed":false,"_monsterinsights_skip_tracking":false,"_monsterinsights_sitenote_active":false,"_monsterinsights_sitenote_note":"","_monsterinsights_sitenote_category":0,"_uf_show_specific_survey":0,"_uf_disable_surveys":false,"_joinchat":[]},"product_brand":[],"product_cat":[384,386],"product_tag":[],"class_list":{"0":"post-11944","1":"product","2":"type-product","3":"status-publish","4":"has-post-thumbnail","6":"product_cat-fournitures-dimpression","7":"product_cat-consommables-sublimation-dtf","9":"first","10":"instock","11":"sale","12":"shipping-taxable","13":"purchasable","14":"product-type-simple"},"acf":[],"jetpack_sharing_enabled":true,"_links":{"self":[{"href":"https:\/\/digistar.ma\/index.php?rest_route=\/wp\/v2\/product\/11944","targetHints":{"allow":["GET"]}}],"collection":[{"href":"https:\/\/digistar.ma\/index.php?rest_route=\/wp\/v2\/product"}],"about":[{"href":"https:\/\/digistar.ma\/index.php?rest_route=\/wp\/v2\/types\/product"}],"replies":[{"embeddable":true,"href":"https:\/\/digistar.ma\/index.php?rest_route=%2Fwp%2Fv2%2Fcomments&post=11944"}],"version-history":[{"count":2,"href":"https:\/\/digistar.ma\/index.php?rest_route=\/wp\/v2\/product\/11944\/revisions"}],"predecessor-version":[{"id":11951,"href":"https:\/\/digistar.ma\/index.php?rest_route=\/wp\/v2\/product\/11944\/revisions\/11951"}],"wp:featuredmedia":[{"embeddable":true,"href":"https:\/\/digistar.ma\/index.php?rest_route=\/wp\/v2\/media\/11945"}],"wp:attachment":[{"href":"https:\/\/digistar.ma\/index.php?rest_route=%2Fwp%2Fv2%2Fmedia&parent=11944"}],"wp:term":[{"taxonomy":"product_brand","embeddable":true,"href":"https:\/\/digistar.ma\/index.php?rest_route=%2Fwp%2Fv2%2Fproduct_brand&post=11944"},{"taxonomy":"product_cat","embeddable":true,"href":"https:\/\/digistar.ma\/index.php?rest_route=%2Fwp%2Fv2%2Fproduct_cat&post=11944"},{"taxonomy":"product_tag","embeddable":true,"href":"https:\/\/digistar.ma\/index.php?rest_route=%2Fwp%2Fv2%2Fproduct_tag&post=11944"}],"curies":[{"name":"wp","href":"https:\/\/api.w.org\/{rel}","templated":true}]}}