{"id":11960,"date":"2024-06-05T16:31:05","date_gmt":"2024-06-05T16:31:05","guid":{"rendered":"https:\/\/digistar.ma\/?post_type=product&#038;p=11960"},"modified":"2024-06-05T16:57:30","modified_gmt":"2024-06-05T16:57:30","slug":"hp-smart-tank-582-imprimante-multifonction-a-reservoirs-rechargeables-4a8d6a","status":"publish","type":"product","link":"https:\/\/digistar.ma\/?product=hp-smart-tank-582-imprimante-multifonction-a-reservoirs-rechargeables-4a8d6a","title":{"rendered":"HP Smart Tank 582 Imprimante multifonction \u00e0 r\u00e9servoirs rechargeables 4A8D6A"},"content":{"rendered":"<h4>HP Smart Tank 582 Imprimante multifonction \u00e0 r\u00e9servoirs rechargeables 4A8D6A<\/h4>\n<p>Impression, copie, num\u00e9risation<br \/>\nLivr\u00e9e avec encre noire jusqu&#8217;\u00e0 18 000 pages et 6000 pages en couleur (3 bouteilles d&#8217;encre noire de 135ml; 3 Bouteilles d\u2019encre couleurs individuelles de 50ml)<br \/>\nVitesse d&#8217;impression noir: 22 pages\/min (12 pages\/min en norme ISO)<br \/>\nVitesse d&#8217;impression couleur: 16 pages\/min (5 pages\/min en norme ISO)<br \/>\nQualit\u00e9 d&#8217;impression noire: Jusqu&#8217;\u00e0 1 200 x 1 200 ppp rendus<br \/>\nQualit\u00e9 d&#8217;impression couleur: Jusqu&#8217;\u00e0 4 800 x 1 200 ppp optimis\u00e9s en couleurs (pour l&#8217;impression depuis un ordinateur et 1 200 ppp en entr\u00e9e)<br \/>\nVolume de pages mensuel recommand\u00e9: 400 \u00e0 800<br \/>\nImpression recto\/verso: Manuel (avec prise en charge des pilotes)<br \/>\nFonctionne avec: 4 r\u00e9servoirs (Noir, Cyan, Jaune, Magenta)<br \/>\nConnectivit\u00e9: 1 port USB 2.0; Wi-Fi; 1 port Wi-Fi Direct<\/p>\n","protected":false},"excerpt":{"rendered":"<pre><label class=\"label\">\u00c9tat: <span style=\"font-size: 16px;\">\u00a0Produit neuf dans son emballage d\u2019origine<\/span><\/label><strong>Garantie<\/strong>\u00a0: 1 an<\/pre>\n","protected":false},"featured_media":11961,"comment_status":"open","ping_status":"closed","template":"","meta":{"_acf_changed":false,"_monsterinsights_skip_tracking":false,"_monsterinsights_sitenote_active":false,"_monsterinsights_sitenote_note":"","_monsterinsights_sitenote_category":0,"_uf_show_specific_survey":0,"_uf_disable_surveys":false,"_joinchat":[]},"product_brand":[],"product_cat":[384],"product_tag":[],"class_list":{"0":"post-11960","1":"product","2":"type-product","3":"status-publish","4":"has-post-thumbnail","6":"product_cat-fournitures-dimpression","8":"first","9":"instock","10":"sale","11":"shipping-taxable","12":"purchasable","13":"product-type-simple"},"acf":[],"jetpack_sharing_enabled":true,"_links":{"self":[{"href":"https:\/\/digistar.ma\/index.php?rest_route=\/wp\/v2\/product\/11960","targetHints":{"allow":["GET"]}}],"collection":[{"href":"https:\/\/digistar.ma\/index.php?rest_route=\/wp\/v2\/product"}],"about":[{"href":"https:\/\/digistar.ma\/index.php?rest_route=\/wp\/v2\/types\/product"}],"replies":[{"embeddable":true,"href":"https:\/\/digistar.ma\/index.php?rest_route=%2Fwp%2Fv2%2Fcomments&post=11960"}],"version-history":[{"count":2,"href":"https:\/\/digistar.ma\/index.php?rest_route=\/wp\/v2\/product\/11960\/revisions"}],"predecessor-version":[{"id":11966,"href":"https:\/\/digistar.ma\/index.php?rest_route=\/wp\/v2\/product\/11960\/revisions\/11966"}],"wp:featuredmedia":[{"embeddable":true,"href":"https:\/\/digistar.ma\/index.php?rest_route=\/wp\/v2\/media\/11961"}],"wp:attachment":[{"href":"https:\/\/digistar.ma\/index.php?rest_route=%2Fwp%2Fv2%2Fmedia&parent=11960"}],"wp:term":[{"taxonomy":"product_brand","embeddable":true,"href":"https:\/\/digistar.ma\/index.php?rest_route=%2Fwp%2Fv2%2Fproduct_brand&post=11960"},{"taxonomy":"product_cat","embeddable":true,"href":"https:\/\/digistar.ma\/index.php?rest_route=%2Fwp%2Fv2%2Fproduct_cat&post=11960"},{"taxonomy":"product_tag","embeddable":true,"href":"https:\/\/digistar.ma\/index.php?rest_route=%2Fwp%2Fv2%2Fproduct_tag&post=11960"}],"curies":[{"name":"wp","href":"https:\/\/api.w.org\/{rel}","templated":true}]}}