{"id":11999,"date":"2024-06-07T10:19:22","date_gmt":"2024-06-07T10:19:22","guid":{"rendered":"https:\/\/digistar.ma\/?post_type=product&#038;p=11999"},"modified":"2024-06-07T10:19:22","modified_gmt":"2024-06-07T10:19:22","slug":"scanner-epson-workforce-ds-7500n-b11b205331bt","status":"publish","type":"product","link":"https:\/\/digistar.ma\/?product=scanner-epson-workforce-ds-7500n-b11b205331bt","title":{"rendered":"Scanner Epson WorkForce DS-7500N (B11B205331BT)"},"content":{"rendered":"<h4 class=\"h1 productpage_title\">Scanner Epson WorkForce DS-7500N (B11B205331BT)<\/h4>\n<p>Scanner \u00e0 plat avec chargeur automatique de documents<br \/>\nRecto-verso automatique<br \/>\nR\u00e9solution optique maximale: Jusqu&#8217;\u00e0 1200 x 1200 DPI (ppp)<br \/>\nProfondeur: 48 bits<br \/>\nTaille maximale de num\u00e9risation : 216 mm x 1016 mm (chargeur auto)<br \/>\nFormats accept\u00e9s: A4, A5, A6, B5, Letter, Legal, Executive<br \/>\nTaux d&#8217;utilisation: Jusqu&#8217;\u00e0 4000 pages\/jour<br \/>\nConnectivit\u00e9: Ethernet int\u00e9gr\u00e9<br \/>\nCapacit\u00e9 du bac d&#8217;alimentation automatique: 100 feuilles<\/p>\n<p>Robuste, fiable et dot\u00e9 de fonctions intelligentes, l&#8217;Epson WorkForce DS-7500N apportera une solution de num\u00e9risation haut de gamme pour am\u00e9liorer l&#8217;efficacit\u00e9 de votre bureau.<\/p>\n<p>Faites l&#8217;exp\u00e9rience d&#8217;une productivit\u00e9 sans compromis avec ce scanner professionnel sign\u00e9 Epson.<\/p>\n","protected":false},"excerpt":{"rendered":"<pre><label class=\"label\">\u00c9tat: <span style=\"font-size: 16px;\">Produit neuf dans son emballage d\u2019origine<\/span><\/label><strong>Garantie<\/strong>\u00a0: 1 an<\/pre>\n","protected":false},"featured_media":12000,"comment_status":"open","ping_status":"closed","template":"","meta":{"_acf_changed":false,"_monsterinsights_skip_tracking":false,"_monsterinsights_sitenote_active":false,"_monsterinsights_sitenote_note":"","_monsterinsights_sitenote_category":0,"_uf_show_specific_survey":0,"_uf_disable_surveys":false,"_joinchat":[]},"product_brand":[],"product_cat":[265,15,380],"product_tag":[],"class_list":{"0":"post-11999","1":"product","2":"type-product","3":"status-publish","4":"has-post-thumbnail","6":"product_cat-imprimante-a-reservoirs-rechargeables","7":"product_cat-imprimante-scanner","8":"product_cat-epson","10":"first","11":"instock","12":"sale","13":"shipping-taxable","14":"purchasable","15":"product-type-simple"},"acf":[],"jetpack_sharing_enabled":true,"_links":{"self":[{"href":"https:\/\/digistar.ma\/index.php?rest_route=\/wp\/v2\/product\/11999","targetHints":{"allow":["GET"]}}],"collection":[{"href":"https:\/\/digistar.ma\/index.php?rest_route=\/wp\/v2\/product"}],"about":[{"href":"https:\/\/digistar.ma\/index.php?rest_route=\/wp\/v2\/types\/product"}],"replies":[{"embeddable":true,"href":"https:\/\/digistar.ma\/index.php?rest_route=%2Fwp%2Fv2%2Fcomments&post=11999"}],"version-history":[{"count":1,"href":"https:\/\/digistar.ma\/index.php?rest_route=\/wp\/v2\/product\/11999\/revisions"}],"predecessor-version":[{"id":12005,"href":"https:\/\/digistar.ma\/index.php?rest_route=\/wp\/v2\/product\/11999\/revisions\/12005"}],"wp:featuredmedia":[{"embeddable":true,"href":"https:\/\/digistar.ma\/index.php?rest_route=\/wp\/v2\/media\/12000"}],"wp:attachment":[{"href":"https:\/\/digistar.ma\/index.php?rest_route=%2Fwp%2Fv2%2Fmedia&parent=11999"}],"wp:term":[{"taxonomy":"product_brand","embeddable":true,"href":"https:\/\/digistar.ma\/index.php?rest_route=%2Fwp%2Fv2%2Fproduct_brand&post=11999"},{"taxonomy":"product_cat","embeddable":true,"href":"https:\/\/digistar.ma\/index.php?rest_route=%2Fwp%2Fv2%2Fproduct_cat&post=11999"},{"taxonomy":"product_tag","embeddable":true,"href":"https:\/\/digistar.ma\/index.php?rest_route=%2Fwp%2Fv2%2Fproduct_tag&post=11999"}],"curies":[{"name":"wp","href":"https:\/\/api.w.org\/{rel}","templated":true}]}}