{"id":12021,"date":"2024-06-07T15:15:37","date_gmt":"2024-06-07T15:15:37","guid":{"rendered":"https:\/\/digistar.ma\/?post_type=product&#038;p=12021"},"modified":"2024-06-07T15:15:38","modified_gmt":"2024-06-07T15:15:38","slug":"machine-manuelle-pour-arrondir-les-angles-kw-trio","status":"publish","type":"product","link":"https:\/\/digistar.ma\/?product=machine-manuelle-pour-arrondir-les-angles-kw-trio","title":{"rendered":"Machine manuelle pour arrondir les angles kw-trio"},"content":{"rendered":"<h4 class=\"product_title entry-title\">Machine manuelle pour arrondir les angles kw-trio<\/h4>\n<div class=\"product-meta\">Machine manuelle pour arrondir les angles, facile \u00e0 utiliser, excellente pour arrondir des card, cartes de visite, menus, invitations et mat\u00e9riaux en plastique de faible \u00e9paisseur. Cette version de bureau comprend un tiroir tr\u00e8s pratique pour la chute des parties coup\u00e9es. En achetant ce produit vous recevrez, inclus dans le prix, deux poin\u00e7ons de 4 \u00e0 10 mm<\/div>\n<div>Que vous soyez un professionnel exigeant ou un amateur de DIY cr\u00e9atif, la machine manuelle pour arrondir les angles KW-trio vous apportera une solution simple et efficace pour donner une touche de raffinement \u00e0 tous vos projets. Offrez \u00e0 vos r\u00e9alisations une finition haut de gamme gr\u00e2ce \u00e0 cet accessoire incontournable.<\/div>\n","protected":false},"excerpt":{"rendered":"<ul>\n<li>Capacit\u00e9 maximum de coupe: environ 100 feuilles 80gr.<\/li>\n<li>Rayons de l\u2019arrondissement: 4-10 mm.<\/li>\n<li>Type d\u2019alimentation: manuelle<\/li>\n<li>Poids: 2 kg<\/li>\n<li>Dimensions: 225 x 140 x 147 mm.<\/li>\n<\/ul>\n","protected":false},"featured_media":12023,"comment_status":"open","ping_status":"closed","template":"","meta":{"_acf_changed":false,"_monsterinsights_skip_tracking":false,"_monsterinsights_sitenote_active":false,"_monsterinsights_sitenote_note":"","_monsterinsights_sitenote_category":0,"_uf_show_specific_survey":0,"_uf_disable_surveys":false,"_joinchat":[]},"product_brand":[],"product_cat":[384],"product_tag":[],"class_list":{"0":"post-12021","1":"product","2":"type-product","3":"status-publish","4":"has-post-thumbnail","6":"product_cat-fournitures-dimpression","8":"first","9":"instock","10":"sale","11":"shipping-taxable","12":"purchasable","13":"product-type-simple"},"acf":[],"jetpack_sharing_enabled":true,"_links":{"self":[{"href":"https:\/\/digistar.ma\/index.php?rest_route=\/wp\/v2\/product\/12021","targetHints":{"allow":["GET"]}}],"collection":[{"href":"https:\/\/digistar.ma\/index.php?rest_route=\/wp\/v2\/product"}],"about":[{"href":"https:\/\/digistar.ma\/index.php?rest_route=\/wp\/v2\/types\/product"}],"replies":[{"embeddable":true,"href":"https:\/\/digistar.ma\/index.php?rest_route=%2Fwp%2Fv2%2Fcomments&post=12021"}],"version-history":[{"count":2,"href":"https:\/\/digistar.ma\/index.php?rest_route=\/wp\/v2\/product\/12021\/revisions"}],"predecessor-version":[{"id":12029,"href":"https:\/\/digistar.ma\/index.php?rest_route=\/wp\/v2\/product\/12021\/revisions\/12029"}],"wp:featuredmedia":[{"embeddable":true,"href":"https:\/\/digistar.ma\/index.php?rest_route=\/wp\/v2\/media\/12023"}],"wp:attachment":[{"href":"https:\/\/digistar.ma\/index.php?rest_route=%2Fwp%2Fv2%2Fmedia&parent=12021"}],"wp:term":[{"taxonomy":"product_brand","embeddable":true,"href":"https:\/\/digistar.ma\/index.php?rest_route=%2Fwp%2Fv2%2Fproduct_brand&post=12021"},{"taxonomy":"product_cat","embeddable":true,"href":"https:\/\/digistar.ma\/index.php?rest_route=%2Fwp%2Fv2%2Fproduct_cat&post=12021"},{"taxonomy":"product_tag","embeddable":true,"href":"https:\/\/digistar.ma\/index.php?rest_route=%2Fwp%2Fv2%2Fproduct_tag&post=12021"}],"curies":[{"name":"wp","href":"https:\/\/api.w.org\/{rel}","templated":true}]}}