{"id":12063,"date":"2024-06-13T14:36:03","date_gmt":"2024-06-13T14:36:03","guid":{"rendered":"https:\/\/digistar.ma\/?post_type=product&#038;p=12063"},"modified":"2024-06-13T14:36:03","modified_gmt":"2024-06-13T14:36:03","slug":"rollup-standard-120-x200-cm-structure-aluminium","status":"publish","type":"product","link":"https:\/\/digistar.ma\/?product=rollup-standard-120-x200-cm-structure-aluminium","title":{"rendered":"Rollup standard 120 \u00d7200 cm (structure) aluminium"},"content":{"rendered":"<h4 class=\"product_title entry-title\">Rollup standard 120 \u00d7200 cm (structure) aluminium<\/h4>\n<p><strong>Caract\u00e9ristiques\u00a0 du rollup 85 x 200 cm<\/strong><\/p>\n<ul>\n<li><b>Dimensions roll up\u00a0:<\/b>\u00a085 x 200cm<\/li>\n<li><b>Structure :<\/b>\u00a01 m\u00e2t pliable en 3 parties en aluminium anodis\u00e9 et embouts chrom\u00e9s \u2013 pieds ajustables suivant le niveau du sol<\/li>\n<li><b>Accroche haut\u00a0:<\/b>\u00a0rail sup\u00e9rieur universel (pinc\u00e9 viss\u00e9 \/ glissi\u00e8re adh\u00e9sive)<\/li>\n<li><b>Accroche bas :<\/b>\u00a0adh\u00e9sif<\/li>\n<li><b>Poids\u00a0:<\/b>\u00a02 Kg (sac de transport inclus)<\/li>\n<li><b>Accessoire :<\/b>\u00a0housse de transport\u00a0 inclus dans le kit<\/li>\n<\/ul>\n<p><strong>Installation Rollup standard 120 \u00d7200 cm (structure) aluminium<\/strong><\/p>\n<p>\u2013 Ouvrez le sac de transport et sortez le roll up<br \/>\n\u2013 Posez le roll up sur un sol plat et pivotez le pied de mani\u00e8re \u00e0 le rendre bien stable<br \/>\n\u2013 Prenez le m\u00e2t qui est rang\u00e9 dans la structure du roll up et d\u00e9ployez-le (comme un m\u00e2t de tente)<br \/>\n\u2013 Placez le m\u00e2t dans le logement de la base du roll up<br \/>\n\u2013 Un m\u00e2t t\u00e9l\u00e9scopique est disponible en option pour une installation encore plus facile<br \/>\n\u2013 D\u00e9roulez votre affiche en tirant le rail aluminium vers le haut<br \/>\n\u2013 Clipsez le rail aluminium en haut du m\u00e2t<br \/>\n\u2013 C\u2019est pr\u00eat !<\/p>\n","protected":false},"excerpt":{"rendered":"<div class=\"product-extra-detail woocommerce-product-details__short-description\">\n<ul>\n<li>Commandez le d\u00e8s \u00e0 pr\u00e9sent en Livraison<strong>\u00a024H<\/strong><\/li>\n<li>Accroche par syst\u00e8me de\u00a0<strong>clip<\/strong>\u00a0automatique<\/li>\n<li>Dimensions : Format :\u00a0<strong>120\u00d7200 cm<\/strong><\/li>\n<li>Structure : renforc\u00e9e\u00a0<strong>aluminium<\/strong><\/li>\n<li>Livr\u00e9 avec son\u00a0<strong>sac<\/strong>\u00a0de transport<\/li>\n<li>Poids :\u00a0<strong>4,1<\/strong>kg<\/li>\n<\/ul>\n<\/div>\n<div class=\"product-price\"><\/div>\n","protected":false},"featured_media":12064,"comment_status":"open","ping_status":"closed","template":"","meta":{"_acf_changed":false,"_monsterinsights_skip_tracking":false,"_monsterinsights_sitenote_active":false,"_monsterinsights_sitenote_note":"","_monsterinsights_sitenote_category":0,"_uf_show_specific_survey":0,"_uf_disable_surveys":false,"_joinchat":[]},"product_brand":[],"product_cat":[384],"product_tag":[],"class_list":{"0":"post-12063","1":"product","2":"type-product","3":"status-publish","4":"has-post-thumbnail","6":"product_cat-fournitures-dimpression","8":"first","9":"instock","10":"sale","11":"shipping-taxable","12":"purchasable","13":"product-type-simple"},"acf":[],"jetpack_sharing_enabled":true,"_links":{"self":[{"href":"https:\/\/digistar.ma\/index.php?rest_route=\/wp\/v2\/product\/12063","targetHints":{"allow":["GET"]}}],"collection":[{"href":"https:\/\/digistar.ma\/index.php?rest_route=\/wp\/v2\/product"}],"about":[{"href":"https:\/\/digistar.ma\/index.php?rest_route=\/wp\/v2\/types\/product"}],"replies":[{"embeddable":true,"href":"https:\/\/digistar.ma\/index.php?rest_route=%2Fwp%2Fv2%2Fcomments&post=12063"}],"version-history":[{"count":2,"href":"https:\/\/digistar.ma\/index.php?rest_route=\/wp\/v2\/product\/12063\/revisions"}],"predecessor-version":[{"id":12069,"href":"https:\/\/digistar.ma\/index.php?rest_route=\/wp\/v2\/product\/12063\/revisions\/12069"}],"wp:featuredmedia":[{"embeddable":true,"href":"https:\/\/digistar.ma\/index.php?rest_route=\/wp\/v2\/media\/12064"}],"wp:attachment":[{"href":"https:\/\/digistar.ma\/index.php?rest_route=%2Fwp%2Fv2%2Fmedia&parent=12063"}],"wp:term":[{"taxonomy":"product_brand","embeddable":true,"href":"https:\/\/digistar.ma\/index.php?rest_route=%2Fwp%2Fv2%2Fproduct_brand&post=12063"},{"taxonomy":"product_cat","embeddable":true,"href":"https:\/\/digistar.ma\/index.php?rest_route=%2Fwp%2Fv2%2Fproduct_cat&post=12063"},{"taxonomy":"product_tag","embeddable":true,"href":"https:\/\/digistar.ma\/index.php?rest_route=%2Fwp%2Fv2%2Fproduct_tag&post=12063"}],"curies":[{"name":"wp","href":"https:\/\/api.w.org\/{rel}","templated":true}]}}