{"id":12166,"date":"2024-06-14T17:04:58","date_gmt":"2024-06-14T17:04:58","guid":{"rendered":"https:\/\/digistar.ma\/?post_type=product&#038;p=12166"},"modified":"2024-06-14T17:04:58","modified_gmt":"2024-06-14T17:04:58","slug":"ecran-27-full-hd-msi-pro-mp275-9s6-3pc3cm-002","status":"publish","type":"product","link":"https:\/\/digistar.ma\/?product=ecran-27-full-hd-msi-pro-mp275-9s6-3pc3cm-002","title":{"rendered":"\u00c9cran 27 Full HD MSI Pro MP275 (9S6-3PC3CM-002)"},"content":{"rendered":"<h4>\u00c9cran 27 Full HD MSI Pro MP275 (9S6-3PC3CM-002)<\/h4>\n<h3 class=\"h6\">Fiche technique<\/h3>\n<ul>\n<li>Taille de l&#8217;\u00e9cran (diagonale)\u00a027&#8243;<\/li>\n<li>Surface active\u00a0598(H) x 336(V)<\/li>\n<li>Type de dalle\u00a0IPS<\/li>\n<li>Technologie de r\u00e9tro\u00e9clairage\u00a0Anti-glare<\/li>\n<li>Luminosit\u00e9\u00a0300 cd\/m2<\/li>\n<li>Contraste\u00a01000:1<\/li>\n<li>R\u00e9solution optimale\u00a0Full HD 1920&#215;1080<\/li>\n<li>Taux de rafra\u00eechissement\u00a0100Hz<\/li>\n<li>Format de l&#8217;image\u00a016:9<\/li>\n<li>Temps de r\u00e9ponse\u00a01ms (MPRT) \/ 4ms (GTG)<\/li>\n<li>Fonctions d&#8217;affichage\u00a0598(H) x 336(V)<\/li>\n<li>Connectivit\u00e9\u00a01x D-Sub (VGA), 1x HDMI, 1x Line-in 1x Headphone-out, Speaker 2x 2W<\/li>\n<li>Connecteurs d&#8217;entr\u00e9e\u00a0VGA, HDMI<\/li>\n<li>R\u00e9glages de la position de l&#8217;\u00e9cran\u00a0Inclinaison -5\u00b0 ~ 20\u00b0<\/li>\n<li>Dimensions (l x p x h) en mm\u00a0612.1 x 456.8 x 207.2 mm<\/li>\n<li>Poids net en kg\u00a03.84kg &#8211; Poids (emballage inclus) 5.17kg<\/li>\n<li>Courbure de l&#8217;\u00e9cran\u00a0Plat<\/li>\n<\/ul>\n<p>Cet \u00c9cran 27 Full HD MSI Pro MP275 (9S6-3PC3CM-002) offre un excellent rapport qualit\u00e9\/prix pour un usage bureautique, multim\u00e9dia ou gaming l\u00e9ger. Sa dalle IPS garantit de bons angles de vision et des couleurs fid\u00e8les. Ses fonctionnalit\u00e9s de r\u00e9glage et de personnalisation en font un bon choix pour un \u00e9cran polyvalent sur un bureau ou un espace de travail.<\/p>\n","protected":false},"excerpt":{"rendered":"<p>Taille de l&#8217;\u00e9cran: 27&#8243; &#8211; Format 16:9<br \/>\nCourbure de l&#8217;\u00e9cran: Plat<br \/>\nType de Dalle: IPS &#8211; R\u00e9tro\u00e9clairage: Anti-glare<br \/>\nR\u00e9solution: Full HD 1920&#215;1080<br \/>\nTemps de r\u00e9ponse: 1ms (MPRT) \/ 4ms (GTG)<br \/>\nTaux de rafra\u00eechissement: 100Hz<br \/>\nConnecteurs d&#8217;entr\u00e9e: VGA, HDMI<br \/>\nR\u00e9glages de la position de l&#8217;\u00e9cran: Inclinaison -5\u00b0 ~ 20\u00b0<\/p>\n","protected":false},"featured_media":12185,"comment_status":"open","ping_status":"closed","template":"","meta":{"_acf_changed":false,"_monsterinsights_skip_tracking":false,"_monsterinsights_sitenote_active":false,"_monsterinsights_sitenote_note":"","_monsterinsights_sitenote_category":0,"_uf_show_specific_survey":0,"_uf_disable_surveys":false,"_joinchat":[]},"product_brand":[],"product_cat":[239],"product_tag":[],"class_list":{"0":"post-12166","1":"product","2":"type-product","3":"status-publish","4":"has-post-thumbnail","6":"product_cat-ecran-moniteur","8":"first","9":"instock","10":"sale","11":"shipping-taxable","12":"purchasable","13":"product-type-simple"},"acf":[],"jetpack_sharing_enabled":true,"_links":{"self":[{"href":"https:\/\/digistar.ma\/index.php?rest_route=\/wp\/v2\/product\/12166","targetHints":{"allow":["GET"]}}],"collection":[{"href":"https:\/\/digistar.ma\/index.php?rest_route=\/wp\/v2\/product"}],"about":[{"href":"https:\/\/digistar.ma\/index.php?rest_route=\/wp\/v2\/types\/product"}],"replies":[{"embeddable":true,"href":"https:\/\/digistar.ma\/index.php?rest_route=%2Fwp%2Fv2%2Fcomments&post=12166"}],"version-history":[{"count":2,"href":"https:\/\/digistar.ma\/index.php?rest_route=\/wp\/v2\/product\/12166\/revisions"}],"predecessor-version":[{"id":12194,"href":"https:\/\/digistar.ma\/index.php?rest_route=\/wp\/v2\/product\/12166\/revisions\/12194"}],"wp:featuredmedia":[{"embeddable":true,"href":"https:\/\/digistar.ma\/index.php?rest_route=\/wp\/v2\/media\/12185"}],"wp:attachment":[{"href":"https:\/\/digistar.ma\/index.php?rest_route=%2Fwp%2Fv2%2Fmedia&parent=12166"}],"wp:term":[{"taxonomy":"product_brand","embeddable":true,"href":"https:\/\/digistar.ma\/index.php?rest_route=%2Fwp%2Fv2%2Fproduct_brand&post=12166"},{"taxonomy":"product_cat","embeddable":true,"href":"https:\/\/digistar.ma\/index.php?rest_route=%2Fwp%2Fv2%2Fproduct_cat&post=12166"},{"taxonomy":"product_tag","embeddable":true,"href":"https:\/\/digistar.ma\/index.php?rest_route=%2Fwp%2Fv2%2Fproduct_tag&post=12166"}],"curies":[{"name":"wp","href":"https:\/\/api.w.org\/{rel}","templated":true}]}}