{"id":12213,"date":"2024-06-15T10:22:12","date_gmt":"2024-06-15T10:22:12","guid":{"rendered":"https:\/\/digistar.ma\/?post_type=product&#038;p=12213"},"modified":"2024-06-15T10:36:54","modified_gmt":"2024-06-15T10:36:54","slug":"msi-mpg-velox-100r","status":"publish","type":"product","link":"https:\/\/digistar.ma\/?product=msi-mpg-velox-100r","title":{"rendered":"MSI MPG VELOX 100R"},"content":{"rendered":"<h4>MSI MPG VELOX 100R<\/h4>\n<h4 class=\"h2-master\">MPG VELOX 100R : Le bo\u00eetier ARGB ultime<\/h4>\n<section>Le\u00a0<strong>MSI MPG VELOX 100R est un\u00a0<\/strong><strong>bo\u00eetier PC gamer<\/strong>\u00a0au design magnifique\u00a0, capable d&#8217;accueillir la derni\u00e8re g\u00e9n\u00e9ration de configurations. La conception comprend\u00a0<strong>2 panneaux en verre tremp\u00e9<\/strong>\u00a0(avant et c\u00f4t\u00e9) et\u00a0<strong>4 ventilateurs ARGB de 120 mm<\/strong>\u00a0(3 \u00e0 l&#8217;avant et 1 \u00e0 l&#8217;arri\u00e8re). Sa conception et ses nombreuses options le rendent particuli\u00e8rement efficace pour refroidir les syst\u00e8mes les plus puissants.<\/section>\n<section>\n<div class=\"desc-image\"><img decoding=\"async\" src=\"https:\/\/media.ldlc.com\/bo\/images\/fiches\/bo%c3%aetier_pc\/msi\/msi_mpg_velox_100r_001.jpg\" alt=\"\" \/><\/div>\n<div class=\"desc-text\">\n<h4>CAPACIT\u00c9S DE REFROIDISSEMENT AVANC\u00c9ES<\/h4>\n<p>Le bo\u00eetier MPG VELOX 100R vous offre beaucoup d&#8217;espace pour vos composants de refroidissement. Vous pouvez choisir d&#8217;installer trois ventilateurs de 120 mm ou un radiateur AIO de 360 \u200b\u200bmm sur le dessus. Mais ce n&#8217;est pas tout:<\/p>\n<ul>\n<li>3 ventilateurs ARGB de 120 mm pr\u00e9install\u00e9s en fa\u00e7ade<\/li>\n<li>1 ventilateur ARGB 120 mm pr\u00e9install\u00e9 \u00e0 l&#8217;arri\u00e8re<\/li>\n<li>De nombreux emplacements pour ventilateurs suppl\u00e9mentaires (jusqu&#8217;\u00e0 9 ventilateurs au total)<\/li>\n<li>Compatible avec les radiateurs de watercooling AIO jusqu&#8217;\u00e0 360 mm<\/li>\n<li>Support de montage vertical pour carte graphique<\/li>\n<\/ul>\n<\/div>\n<\/section>\n<section>\n<div class=\"desc-text\">\n<h4>STYLE LUMINEUX<\/h4>\n<p>Contr\u00f4lez rapidement la couleur et les effets d&#8217;\u00e9clairage des\u00a0ventilateurs\u00a0<strong>MPG VELOX 100R en\u00a0<\/strong><strong>appuyant simplement sur le bouton Insta-Light Loop<\/strong>\u00a0. Appuyez dessus jusqu&#8217;\u00e0 ce que vous trouviez le profil de r\u00e9tro\u00e9clairage qui donnera \u00e0 votre PC le look le plus \u00e9l\u00e9gant ou le plus \u00e9poustouflant. La\u00a0<strong>technologie Mystic Light<\/strong>\u00a0permet de synchroniser l&#8217;\u00e9clairage des autres \u00e9l\u00e9ments de votre installation avec le bo\u00eetier.<\/p>\n<\/div>\n<div class=\"desc-image\"><img decoding=\"async\" src=\"https:\/\/media.ldlc.com\/bo\/images\/fiches\/bo%c3%aetier_pc\/msi\/msi_mpg_velox_100r_002.jpg\" alt=\"\" \/><\/div>\n<\/section>\n","protected":false},"excerpt":{"rendered":"<p>Le MSI MPG VELOX 100R est un bo\u00eetier PC Gaming au design magnifique, capable d&#8217;accueillir les configurations de derni\u00e8re g\u00e9n\u00e9ration.<\/p>\n<p>La conception comprend 2 panneaux en verre tremp\u00e9 (avant et c\u00f4t\u00e9) et 4 ventilateurs ARGB de 120 mm (3 \u00e0 l&#8217;avant et 1 \u00e0 l&#8217;arri\u00e8re).<\/p>\n","protected":false},"featured_media":12214,"comment_status":"open","ping_status":"closed","template":"","meta":{"_acf_changed":false,"_monsterinsights_skip_tracking":false,"_monsterinsights_sitenote_active":false,"_monsterinsights_sitenote_note":"","_monsterinsights_sitenote_category":0,"_uf_show_specific_survey":0,"_uf_disable_surveys":false,"_joinchat":[]},"product_brand":[],"product_cat":[260],"product_tag":[],"class_list":{"0":"post-12213","1":"product","2":"type-product","3":"status-publish","4":"has-post-thumbnail","6":"product_cat-accessoires-composants","8":"first","9":"instock","10":"sale","11":"shipping-taxable","12":"purchasable","13":"product-type-simple"},"acf":[],"jetpack_sharing_enabled":true,"_links":{"self":[{"href":"https:\/\/digistar.ma\/index.php?rest_route=\/wp\/v2\/product\/12213","targetHints":{"allow":["GET"]}}],"collection":[{"href":"https:\/\/digistar.ma\/index.php?rest_route=\/wp\/v2\/product"}],"about":[{"href":"https:\/\/digistar.ma\/index.php?rest_route=\/wp\/v2\/types\/product"}],"replies":[{"embeddable":true,"href":"https:\/\/digistar.ma\/index.php?rest_route=%2Fwp%2Fv2%2Fcomments&post=12213"}],"version-history":[{"count":3,"href":"https:\/\/digistar.ma\/index.php?rest_route=\/wp\/v2\/product\/12213\/revisions"}],"predecessor-version":[{"id":12221,"href":"https:\/\/digistar.ma\/index.php?rest_route=\/wp\/v2\/product\/12213\/revisions\/12221"}],"wp:featuredmedia":[{"embeddable":true,"href":"https:\/\/digistar.ma\/index.php?rest_route=\/wp\/v2\/media\/12214"}],"wp:attachment":[{"href":"https:\/\/digistar.ma\/index.php?rest_route=%2Fwp%2Fv2%2Fmedia&parent=12213"}],"wp:term":[{"taxonomy":"product_brand","embeddable":true,"href":"https:\/\/digistar.ma\/index.php?rest_route=%2Fwp%2Fv2%2Fproduct_brand&post=12213"},{"taxonomy":"product_cat","embeddable":true,"href":"https:\/\/digistar.ma\/index.php?rest_route=%2Fwp%2Fv2%2Fproduct_cat&post=12213"},{"taxonomy":"product_tag","embeddable":true,"href":"https:\/\/digistar.ma\/index.php?rest_route=%2Fwp%2Fv2%2Fproduct_tag&post=12213"}],"curies":[{"name":"wp","href":"https:\/\/api.w.org\/{rel}","templated":true}]}}