{"id":12244,"date":"2024-06-15T14:21:08","date_gmt":"2024-06-15T14:21:08","guid":{"rendered":"https:\/\/digistar.ma\/?post_type=product&#038;p=12244"},"modified":"2024-06-15T14:21:08","modified_gmt":"2024-06-15T14:21:08","slug":"carte-mere-amd-msi-a520m-a-pro-911-7c96-031","status":"publish","type":"product","link":"https:\/\/digistar.ma\/?product=carte-mere-amd-msi-a520m-a-pro-911-7c96-031","title":{"rendered":"Carte M\u00e8re AMD MSI A520M-A PRO (911-7C96-031)"},"content":{"rendered":"<h4 class=\"h1 productpage_title\">Carte M\u00e8re AMD MSI A520M-A PRO (911-7C96-031)<\/h4>\n<h4 class=\"h2-master\"><span>MSI A520M-A PRO : Carte m\u00e8re AM4 abordable<\/span><\/h4>\n<section><span>Bas\u00e9e sur le\u00a0chipset\u00a0<\/span><strong><span>AMD A520<\/span><\/strong><span>\u00a0, la carte m\u00e8re\u00a0<\/span><strong><span>MSI A520M-A PRO<\/span><\/strong><strong>\u00a0<\/strong><span>est con\u00e7ue pour accueillir les processeurs\u00a0<\/span><strong><span>AMD Ryzen sur socket AM4 \u00e0 partir de la g\u00e9n\u00e9ration Zen 2, permettant l&#8217;assemblage d&#8217;une\u00a0<\/span><\/strong><span><strong>configuration\u00a0<\/strong><\/span><strong><span>multim\u00e9dia<\/span><\/strong><span>\u00a0ou\u00a0<\/span><strong><span>bureautique<\/span><\/strong><span>\u00a0performante\u00a0tout en conservant un encombrement r\u00e9duit. Avec la prise en charge\u00a0<strong>des cartes graphiques PCI-Express 3.0 16x<\/strong>\u00a0, des disques\u00a0<strong>SATA 6 Gb\/s et M.2<\/strong>\u00a0, de la RAM\u00a0<strong>DDR4<\/strong>\u00a0et\u00a0<strong>de l&#8217;USB 3.0<\/strong>\u00a0, cette carte m\u00e8re a tout ce dont vous avez besoin pour assembler un PC bien \u00e9quilibr\u00e9 \u00e0 un co\u00fbt raisonnable.<\/span><\/p>\n<\/section>\n<section>\n<div class=\"desc-image\"><img fetchpriority=\"high\" decoding=\"async\" class=\"\" src=\"https:\/\/media.ldlc.com\/bo\/images\/fiches\/carte-mere\/msi\/a520\/msi_a520m_a_pro.jpg\" alt=\"\" width=\"728\" height=\"455\" \/><\/div>\n<div class=\"desc-text\">\n<h4><span>LES AVANTAGES DE L&#8217;A520M-A PRO<\/span><\/h4>\n<ul>\n<li><strong><span>Prise AMD AM4<\/span><\/strong><span>\u00a0pour\u00a0processeur\u00a0<\/span><strong><span>AMD Ryzen 3000\/4000<\/span><\/strong><\/li>\n<li><strong><span>2 emplacements de m\u00e9moire DDR4 double canal 4\u00a0600+ MHz (OC)<\/span><\/strong><\/li>\n<li><span>4 ports SATA 6 Gb\/s +\u00a0<\/span><strong><span>1x M.2 PCIe 3.0 x4 \/ SATA 6 Gb\/s<\/span><\/strong><\/li>\n<li><span>1x emplacement PCI-Express 3.0 16x<\/span><\/li>\n<li><em><strong><span>Format micro-ATX<\/span><\/strong><\/em><\/li>\n<\/ul>\n<\/div>\n<\/section>\n<section>\n<div class=\"desc-text\">\n<h4><span>AMD RYZEN 3000<\/span><\/h4>\n<p><span>Les\u00a0<\/span><strong><span>processeurs AMD Ryzen 3000<\/span><\/strong><span>\u00a0sont parmi les premiers processeurs PC 7 nm \u00e0 prendre en charge l&#8217;interface PCIe 4.0. Le\u00a0<\/span><strong><span>Ryzen de troisi\u00e8me g\u00e9n\u00e9ration<\/span><\/strong><span>\u00a0, nom de code Matisse, impressionne par ses\u00a0<\/span><strong><span>nombreux c\u0153urs et threads<\/span><\/strong><span>\u00a0et\u00a0<\/span><strong><span>ses fr\u00e9quences de base tr\u00e8s \u00e9lev\u00e9es<\/span><\/strong><span>\u00a0!\u00a0<\/span><strong><span>Le Ryzen 3000 d&#8217;AMD propose<\/span><\/strong><span>\u00a0une (re)d\u00e9couverte de performances haut de gamme pour le jeu, la cr\u00e9ation de contenu et le multit\u00e2che intensif. Ils permettent de TOUT faire encore plus vite et de mani\u00e8re plus fluide.<\/span><\/p>\n<\/div>\n<div class=\"desc-image\"><img decoding=\"async\" class=\"\" src=\"https:\/\/media.ldlc.com\/bo\/images\/fiches\/processeur\/amd\/amd_ryzen_3000\/800_2.jpg\" alt=\"\" width=\"702\" height=\"439\" \/><\/div>\n<\/section>\n","protected":false},"excerpt":{"rendered":"<p>\u00c9quipez votre syst\u00e8me avec la Carte M\u00e8re AMD MSI A520M-A PRO, con\u00e7ue pour une performance optimale. Compatible avec une large gamme de processeurs AMD Ryzen\u2122, cette carte offre une m\u00e9moire DDR4 jusqu&#8217;\u00e0 64GB, permettant une ex\u00e9cution fluide de vos applications. Profitez de slots d&#8217;extension PCIe 3.0 pour des options de connectivit\u00e9 \u00e9tendues. Avec des ports USB 3.2 Gen 1 pour une connectivit\u00e9 rapide et un son HD 7.1 canaux, cette carte m\u00e8re vous offre des performances de pointe et une flexibilit\u00e9 maximale pour vos besoins informatiques.<\/p>\n","protected":false},"featured_media":12245,"comment_status":"open","ping_status":"closed","template":"","meta":{"_acf_changed":false,"_monsterinsights_skip_tracking":false,"_monsterinsights_sitenote_active":false,"_monsterinsights_sitenote_note":"","_monsterinsights_sitenote_category":0,"_uf_show_specific_survey":0,"_uf_disable_surveys":false,"_joinchat":[]},"product_brand":[],"product_cat":[260],"product_tag":[],"class_list":{"0":"post-12244","1":"product","2":"type-product","3":"status-publish","4":"has-post-thumbnail","6":"product_cat-accessoires-composants","8":"first","9":"instock","10":"sale","11":"shipping-taxable","12":"purchasable","13":"product-type-simple"},"acf":[],"jetpack_sharing_enabled":true,"_links":{"self":[{"href":"https:\/\/digistar.ma\/index.php?rest_route=\/wp\/v2\/product\/12244","targetHints":{"allow":["GET"]}}],"collection":[{"href":"https:\/\/digistar.ma\/index.php?rest_route=\/wp\/v2\/product"}],"about":[{"href":"https:\/\/digistar.ma\/index.php?rest_route=\/wp\/v2\/types\/product"}],"replies":[{"embeddable":true,"href":"https:\/\/digistar.ma\/index.php?rest_route=%2Fwp%2Fv2%2Fcomments&post=12244"}],"version-history":[{"count":2,"href":"https:\/\/digistar.ma\/index.php?rest_route=\/wp\/v2\/product\/12244\/revisions"}],"predecessor-version":[{"id":12251,"href":"https:\/\/digistar.ma\/index.php?rest_route=\/wp\/v2\/product\/12244\/revisions\/12251"}],"wp:featuredmedia":[{"embeddable":true,"href":"https:\/\/digistar.ma\/index.php?rest_route=\/wp\/v2\/media\/12245"}],"wp:attachment":[{"href":"https:\/\/digistar.ma\/index.php?rest_route=%2Fwp%2Fv2%2Fmedia&parent=12244"}],"wp:term":[{"taxonomy":"product_brand","embeddable":true,"href":"https:\/\/digistar.ma\/index.php?rest_route=%2Fwp%2Fv2%2Fproduct_brand&post=12244"},{"taxonomy":"product_cat","embeddable":true,"href":"https:\/\/digistar.ma\/index.php?rest_route=%2Fwp%2Fv2%2Fproduct_cat&post=12244"},{"taxonomy":"product_tag","embeddable":true,"href":"https:\/\/digistar.ma\/index.php?rest_route=%2Fwp%2Fv2%2Fproduct_tag&post=12244"}],"curies":[{"name":"wp","href":"https:\/\/api.w.org\/{rel}","templated":true}]}}