{"id":12374,"date":"2024-06-24T12:30:24","date_gmt":"2024-06-24T12:30:24","guid":{"rendered":"https:\/\/digistar.ma\/?post_type=product&#038;p=12374"},"modified":"2024-06-24T13:32:28","modified_gmt":"2024-06-24T13:32:28","slug":"raineuse-de-bureau-manuelle-a3","status":"publish","type":"product","link":"https:\/\/digistar.ma\/?product=raineuse-de-bureau-manuelle-a3","title":{"rendered":"Raineuse de bureau manuelle A3"},"content":{"rendered":"<h4 class=\"product_title entry-title\">Raineuse de bureau manuelle A3<\/h4>\n<div class=\"product-meta\">\n<div class=\"J_module\">\n<p>Cette raineuse con\u00e7ue pour cr\u00e9er des rainures dans du papier, du carton ou des pochettes plastifi\u00e9es. Elle accepte les documents jusqu\u2019au format A3 . Cette plieuse facilite le pliage du document de mani\u00e8re nette, sans craquelure ni cassure. Il se pratique feuille par feuille et peut aller jusqu\u2019\u00e0 une \u00e9paisseur de 400 grammes.<\/p>\n<h4 class=\"magic-0\" data-section=\"AliMagic-w9yrfb\" data-section-title=\"Specification\">Specification de Raineuse de bureau manuelle A3<\/h4>\n<\/div>\n<div class=\"J_module\">\n<div class=\"ife-detail-decorate-table\">\n<table class=\"has-title all magic-4\">\n<tbody>\n<tr>\n<td>\n<div class=\"magic-5\"><strong>Type<\/strong><\/div>\n<\/td>\n<td>\n<div class=\"magic-6\">raineuse A3<\/div>\n<\/td>\n<\/tr>\n<tr>\n<td>\n<div class=\"magic-5\"><strong>Perforation<\/strong><\/div>\n<\/td>\n<td>\n<div class=\"magic-6\">Manuelle<\/div>\n<\/td>\n<\/tr>\n<tr>\n<td>\n<div class=\"magic-5\"><strong>Origine\u00a0<\/strong><\/div>\n<\/td>\n<td>\n<div class=\"magic-6\">China<\/div>\n<\/td>\n<\/tr>\n<tr>\n<td>\n<div class=\"magic-5\"><strong>La marque<\/strong><\/div>\n<\/td>\n<td>\n<div class=\"magic-6\">\u2013<\/div>\n<\/td>\n<\/tr>\n<tr>\n<td>\n<div class=\"magic-5\"><strong>Dimensions<\/strong><\/div>\n<\/td>\n<td>\n<div class=\"magic-6\">620*620*520mm<\/div>\n<\/td>\n<\/tr>\n<tr>\n<td>\n<div class=\"magic-5\"><strong>Poids<\/strong><\/div>\n<\/td>\n<td data-spm-anchor-id=\"a2700.details.0.i23.4c70689aacc4HR\">6 kg<\/td>\n<\/tr>\n<tr>\n<td>\n<div class=\"magic-5\"><strong>Capacit\u00e9 de pliage\u00a0<\/strong><\/div>\n<\/td>\n<td>\n<div class=\"magic-6\">\u00a0feuilles\u00a0 par feuilles<\/div>\n<\/td>\n<\/tr>\n<tr>\n<td>\n<div class=\"magic-5\"><strong>Grammage<\/strong><\/div>\n<\/td>\n<td>\n<div class=\"magic-6\" data-spm-anchor-id=\"a2700.wholesale.0.i31.e60d287a8fU0Sl\">450 feuilles<\/div>\n<\/td>\n<\/tr>\n<tr>\n<td>\n<div class=\"magic-5\"><strong>\u00a0format<\/strong><\/div>\n<\/td>\n<td>\n<div class=\"magic-6\">A4 \u2013 A3<\/div>\n<\/td>\n<\/tr>\n<\/tbody>\n<\/table>\n<h1 class=\"h1 productpage_title\"><\/h1>\n<\/div>\n<\/div>\n<\/div>\n","protected":false},"excerpt":{"rendered":"<ul class=\"attributes\">\n<li>Format : A3 \/ A5 \/ A4 \u2026<\/li>\n<li>Machine \u00e0 rainer<\/li>\n<li>Base m\u00e9tal tr\u00e8s r\u00e9sistante<\/li>\n<li>Dur\u00e9e de vie moyenne : 5 \u00e0 10 ans<\/li>\n<\/ul>\n","protected":false},"featured_media":12375,"comment_status":"open","ping_status":"closed","template":"","meta":{"_acf_changed":false,"_monsterinsights_skip_tracking":false,"_monsterinsights_sitenote_active":false,"_monsterinsights_sitenote_note":"","_monsterinsights_sitenote_category":0,"_uf_show_specific_survey":0,"_uf_disable_surveys":false,"_joinchat":[]},"product_brand":[],"product_cat":[384],"product_tag":[],"class_list":{"0":"post-12374","1":"product","2":"type-product","3":"status-publish","4":"has-post-thumbnail","6":"product_cat-fournitures-dimpression","8":"first","9":"instock","10":"sale","11":"shipping-taxable","12":"purchasable","13":"product-type-simple"},"acf":[],"jetpack_sharing_enabled":true,"_links":{"self":[{"href":"https:\/\/digistar.ma\/index.php?rest_route=\/wp\/v2\/product\/12374","targetHints":{"allow":["GET"]}}],"collection":[{"href":"https:\/\/digistar.ma\/index.php?rest_route=\/wp\/v2\/product"}],"about":[{"href":"https:\/\/digistar.ma\/index.php?rest_route=\/wp\/v2\/types\/product"}],"replies":[{"embeddable":true,"href":"https:\/\/digistar.ma\/index.php?rest_route=%2Fwp%2Fv2%2Fcomments&post=12374"}],"version-history":[{"count":4,"href":"https:\/\/digistar.ma\/index.php?rest_route=\/wp\/v2\/product\/12374\/revisions"}],"predecessor-version":[{"id":12384,"href":"https:\/\/digistar.ma\/index.php?rest_route=\/wp\/v2\/product\/12374\/revisions\/12384"}],"wp:featuredmedia":[{"embeddable":true,"href":"https:\/\/digistar.ma\/index.php?rest_route=\/wp\/v2\/media\/12375"}],"wp:attachment":[{"href":"https:\/\/digistar.ma\/index.php?rest_route=%2Fwp%2Fv2%2Fmedia&parent=12374"}],"wp:term":[{"taxonomy":"product_brand","embeddable":true,"href":"https:\/\/digistar.ma\/index.php?rest_route=%2Fwp%2Fv2%2Fproduct_brand&post=12374"},{"taxonomy":"product_cat","embeddable":true,"href":"https:\/\/digistar.ma\/index.php?rest_route=%2Fwp%2Fv2%2Fproduct_cat&post=12374"},{"taxonomy":"product_tag","embeddable":true,"href":"https:\/\/digistar.ma\/index.php?rest_route=%2Fwp%2Fv2%2Fproduct_tag&post=12374"}],"curies":[{"name":"wp","href":"https:\/\/api.w.org\/{rel}","templated":true}]}}