{"id":12423,"date":"2024-06-30T00:22:59","date_gmt":"2024-06-30T00:22:59","guid":{"rendered":"https:\/\/digistar.ma\/?post_type=product&#038;p=12423"},"modified":"2024-06-30T00:22:59","modified_gmt":"2024-06-30T00:22:59","slug":"casque-sans-fil-logitech-zone-vibe-100","status":"publish","type":"product","link":"https:\/\/digistar.ma\/?product=casque-sans-fil-logitech-zone-vibe-100","title":{"rendered":"Casque sans fil Logitech Zone Vibe 100"},"content":{"rendered":"<h3>Casque sans fil Logitech Zone Vibe 100<\/h3>\n<h2 class=\"h2-master\">Un son immersif<\/h2>\n<section>Parfait pour les personnes travaillant en open space ou \u00e0 domicile, le casque\u00a0<strong>Logitech Zone Vibe 100<\/strong>\u00a0trouve facilement sa place sur votre bureau. Sans fil gr\u00e2ce \u00e0 la technologie Bluetooth 5.2, il offre\u00a0une qualit\u00e9 sonore excellente, que ce soit pour \u00e9couter de la musique ou vos r\u00e9unions de travail.<br \/>\n<\/section>\n<section>\n<div class=\"desc-image\"><img decoding=\"async\" src=\"https:\/\/media.ldlc.com\/bo\/images\/fiches\/casque\/Logitech\/Zone_Vibe_100\/1.jpg\" alt=\"\" \/><\/div>\n<div class=\"desc-text\">\n<h2>ID\u00c9AL POUR LES ENVIRONNEMENTS EN OPEN SPACE<\/h2>\n<p>Le Logitech Zone Vibe 100 comprend de\u00a0<strong>grands transducteurs de 40mm<\/strong>\u00a0pour un son incroyable. Des basses pleines, des aigus clairs et une distorsion particuli\u00e8rement basse offrent un son optimal lorsque vous \u00eates en appel vid\u00e9o, \u00e9coutez de la musique ou alternez entre ces deux activit\u00e9s. Ainsi, isolez-vous dans votre bulle audio gr\u00e2ce \u00e0 un casque filaire au son excellent m\u00eame dans des espaces de travail ouverts et bruyants.<\/p>\n<p>De plus, le Logitech Zone Vibe 100 r\u00e9sout le probl\u00e8me des bruits ambiants gr\u00e2ce \u00e0 une\u00a0<strong>technologie de double micro anti-parasite<\/strong>\u00a0qui \u00e9limine pr\u00e9cis\u00e9ment les sons distrayants tels que les bruits de clavier, les coll\u00e8gues aux alentours, et la climatisation et le chauffage.<\/p>\n<\/div>\n<\/section>\n<section>\n<div class=\"desc-text\">\n<h2>AGR\u00c9ABLE \u00c0 PORTER<\/h2>\n<p>Le Logitech Zone Vibe 100 est l\u00e9ger, \u00e9l\u00e9gant et con\u00e7u pour une utilisation tout au long de la journ\u00e9e. Dot\u00e9 d&#8217;<strong>un design l\u00e9ger<\/strong>\u00a0et d\u2019<strong>oreillettes en mousse \u00e0 m\u00e9moire de forme<\/strong>, ce casque confortable est con\u00e7u pour une utilisation en continu sans vous alourdir, m\u00eame lors de longues r\u00e9unions.<\/p>\n<p><strong>Certifi\u00e9 Microsoft Teams<\/strong>, vous pouvez lancer directement l&#8217;application Teams d&#8217;un simple clic.<\/p>\n<\/div>\n<div class=\"desc-image\"><img decoding=\"async\" src=\"https:\/\/media.ldlc.com\/bo\/images\/fiches\/casque\/Logitech\/Zone_Vibe_100\/2.jpg\" alt=\"\" \/><\/div>\n<\/section>\n<section>\n<div class=\"desc-image\"><img decoding=\"async\" src=\"https:\/\/media.ldlc.com\/bo\/images\/fiches\/clavier\/Logitech\/image2.jpg\" alt=\"\" \/><\/div>\n<div class=\"desc-text\">\n<h2>CON\u00c7U POUR UN AVENIR POSITIF<\/h2>\n<ul>\n<li>Plastiques : 25% de mat\u00e9riaux recycl\u00e9s post-consommation*<\/li>\n<li>Emballage papier : Certifi\u00e9 FSC<\/li>\n<li>Certifi\u00e9 neutre en carbone<\/li>\n<\/ul>\n<p>*Sauf accessoires et emballage<\/p>\n<\/div>\n<\/section>\n<section class=\"list\">\n<h2>PRINCIPALES CARACT\u00c9RISTIQUES Casque sans fil Logitech Zone Vibe 100<\/h2>\n<ul>\n<li><strong>Micro-casque sans fil<\/strong><\/li>\n<li><strong>Id\u00e9al pour les espaces de travail ouverts<\/strong><\/li>\n<li><b>Transducteurs de 40 mm<\/b><\/li>\n<li><b>Double microphones anti-parasite pour \u00e9liminer les sons distrayants<\/b><\/li>\n<li>Oreillettes en mousse \u00e0 m\u00e9moire de forme<\/li>\n<li>Connectique : Bluetooth 5.2<\/li>\n<li>Port\u00e9e : jusqu&#8217;\u00e0 30m<\/li>\n<li>Certifi\u00e9 Microsoft Teams<\/li>\n<li>Autonomie : jusqu&#8217;\u00e0 20h (en \u00e9coute) et jusqu&#8217;\u00e0 18 heures (en conversation)<\/li>\n<\/ul>\n<\/section>\n","protected":false},"excerpt":{"rendered":"<ul>\n<li><strong>Micro-casque sans fil<\/strong><\/li>\n<li><strong>Id\u00e9al pour les espaces de travail ouverts<\/strong><\/li>\n<li><b>Transducteurs de 40 mm<\/b><\/li>\n<li><b>Double microphones anti-parasite pour \u00e9liminer les sons distrayants<\/b><\/li>\n<li>Oreillettes en mousse \u00e0 m\u00e9moire de forme<\/li>\n<li>Connectique : Bluetooth 5.2<\/li>\n<li>Port\u00e9e : jusqu&#8217;\u00e0 30m<\/li>\n<li>Certifi\u00e9 Microsoft Teams<\/li>\n<li>Autonomie : jusqu&#8217;\u00e0 20h (en \u00e9coute) et jusqu&#8217;\u00e0 18 heures (en conversation)<\/li>\n<\/ul>\n","protected":false},"featured_media":12424,"comment_status":"open","ping_status":"closed","template":"","meta":{"_acf_changed":false,"_monsterinsights_skip_tracking":false,"_monsterinsights_sitenote_active":false,"_monsterinsights_sitenote_note":"","_monsterinsights_sitenote_category":0,"_uf_show_specific_survey":0,"_uf_disable_surveys":false,"_joinchat":[]},"product_brand":[],"product_cat":[244,344,278],"product_tag":[],"class_list":{"0":"post-12423","1":"product","2":"type-product","3":"status-publish","4":"has-post-thumbnail","6":"product_cat-image-son","7":"product_cat-casque-ecouteur","8":"product_cat-son","10":"first","11":"instock","12":"sale","13":"shipping-taxable","14":"purchasable","15":"product-type-simple"},"acf":[],"jetpack_sharing_enabled":true,"_links":{"self":[{"href":"https:\/\/digistar.ma\/index.php?rest_route=\/wp\/v2\/product\/12423","targetHints":{"allow":["GET"]}}],"collection":[{"href":"https:\/\/digistar.ma\/index.php?rest_route=\/wp\/v2\/product"}],"about":[{"href":"https:\/\/digistar.ma\/index.php?rest_route=\/wp\/v2\/types\/product"}],"replies":[{"embeddable":true,"href":"https:\/\/digistar.ma\/index.php?rest_route=%2Fwp%2Fv2%2Fcomments&post=12423"}],"version-history":[{"count":1,"href":"https:\/\/digistar.ma\/index.php?rest_route=\/wp\/v2\/product\/12423\/revisions"}],"predecessor-version":[{"id":12429,"href":"https:\/\/digistar.ma\/index.php?rest_route=\/wp\/v2\/product\/12423\/revisions\/12429"}],"wp:featuredmedia":[{"embeddable":true,"href":"https:\/\/digistar.ma\/index.php?rest_route=\/wp\/v2\/media\/12424"}],"wp:attachment":[{"href":"https:\/\/digistar.ma\/index.php?rest_route=%2Fwp%2Fv2%2Fmedia&parent=12423"}],"wp:term":[{"taxonomy":"product_brand","embeddable":true,"href":"https:\/\/digistar.ma\/index.php?rest_route=%2Fwp%2Fv2%2Fproduct_brand&post=12423"},{"taxonomy":"product_cat","embeddable":true,"href":"https:\/\/digistar.ma\/index.php?rest_route=%2Fwp%2Fv2%2Fproduct_cat&post=12423"},{"taxonomy":"product_tag","embeddable":true,"href":"https:\/\/digistar.ma\/index.php?rest_route=%2Fwp%2Fv2%2Fproduct_tag&post=12423"}],"curies":[{"name":"wp","href":"https:\/\/api.w.org\/{rel}","templated":true}]}}