{"id":12436,"date":"2024-06-30T21:28:44","date_gmt":"2024-06-30T21:28:44","guid":{"rendered":"https:\/\/digistar.ma\/?post_type=product&#038;p=12436"},"modified":"2024-06-30T21:28:44","modified_gmt":"2024-06-30T21:28:44","slug":"ensemble-clavier-et-souris-sans-fil-logitech-pebble-2-combo","status":"publish","type":"product","link":"https:\/\/digistar.ma\/?product=ensemble-clavier-et-souris-sans-fil-logitech-pebble-2-combo","title":{"rendered":"Ensemble clavier et souris sans fil Logitech Pebble 2 Combo"},"content":{"rendered":"<h3>Ensemble clavier et souris sans fil Logitech Pebble 2 Combo<\/h3>\n<h2 class=\"h2-master\">Un duo irr\u00e9sistible<\/h2>\n<section>D\u00e9fiez l&#8217;ennui avec l&#8217;ensemble embl\u00e9matique\u00a0<strong>Logitech Pebble 2 Combo for Mac<\/strong>. Compos\u00e9 d&#8217;un clavier \u00e0 touches ultra-plates et d&#8217;une souris optique 3 boutons, cet ensemble sans fil vous apportera un confort au quotidien. Profitez d&#8217;une dur\u00e9e de vie allong\u00e9e avec alimentation par piles et d&#8217;un design sobre et \u00e9l\u00e9gant. Pratique, il trouvera naturellement sa place sur votre bureau.<\/p>\n<\/section>\n<section>\n<div class=\"desc-image\"><img decoding=\"async\" src=\"https:\/\/media.ldlc.com\/bo\/images\/fiches\/Clavier%20et%20Souris\/Logitech\/Pebble_2_Combo\/1.jpg\" alt=\"\" \/><\/div>\n<div class=\"desc-text\">\n<h2>UN CLAVIER NOMADE<\/h2>\n<p>Profitez du confort et de la commodit\u00e9 de la saisie de bureau sur votre smartphone ou votre tablette gr\u00e2ce \u00e0 ce clavier mobile. Le clavier K380s est un\u00a0<strong>clavier sans fil<\/strong>\u00a0qui se connecte \u00e0 tous les\u00a0<strong>dispositifs sans fil Bluetooth<\/strong>\u00a0prenant en charge les claviers externes.\u00a0<strong>Compact et l\u00e9ger<\/strong>\u00a0(415 grammes), il se transporte facilement\u00a0dans toutes les pi\u00e8ces de la maison. Saisissez ainsi du texte o\u00f9 que vous soyez, sur un ordinateur, un t\u00e9l\u00e9phone ou une tablette compatible.<\/p>\n<p><strong>Connectez jusqu&#8217;\u00e0 trois dispositifs<\/strong>\u00a0en m\u00eame temps, par exemple un ordinateur<strong>\u00a0sous MacOS, ChromeOS,\u00a0un iPhone et un iPad.<\/strong>\u00a0Le simple fait d&#8217;appuyer sur un bouton (Easy-Switch) permet de commencer la saisie sur un autre dispositif.<\/p>\n<\/div>\n<\/section>\n<section>\n<div class=\"desc-text\">\n<h2>TRAVAILLEZ EN SILENCE<\/h2>\n<p>La conception moderne de la souris Logitech Pebble M350s ainsi que son design minimaliste en font une partenaire de choix pour les personnes voyageant \u00e9norm\u00e9ment.\u00a0<strong>Pouvant se transporter dans votre sac ou m\u00eame dans votre poche<\/strong>, elle vous suivra partout dans tous vos d\u00e9placements.<\/p>\n<p>Avec\u00a0<strong>trois boutons silencieux<\/strong>\u00a0et la\u00a0<strong>technologie Silent Touch<\/strong>, vous b\u00e9n\u00e9ficiez du m\u00eame confort de clic que vous aimez tant, mais en faisant beaucoup moins de bruit. Pouvant se connecter via\u00a0<strong>Bluetooth<\/strong>\u00a0ou \u00e0 l&#8217;aide d&#8217;un\u00a0r\u00e9cepteur USB Logitech (non fourni), vous disposez alors d&#8217;une distance de 10 m pour l&#8217;utiliser avec votre ordinateur.<\/p>\n<\/div>\n<div class=\"desc-image\"><img decoding=\"async\" src=\"https:\/\/media.ldlc.com\/bo\/images\/fiches\/Clavier%20et%20Souris\/Logitech\/Pebble_2_Combo\/2.jpg\" alt=\"\" \/><\/div>\n<\/section>\n<section>\n<div class=\"desc-image\"><img decoding=\"async\" src=\"https:\/\/media.ldlc.com\/bo\/images\/fiches\/clavier\/Logitech\/image2.jpg\" \/><\/div>\n<div class=\"desc-text\">\n<h2>CON\u00c7U POUR UN AVENIR POSITIF<\/h2>\n<ul>\n<li>Les pi\u00e8ces en plastique de l\u2019ensemble Pebble 2 Combo for Mac comprennent du plastique recycl\u00e9 post-consommation certifi\u00e9\u00a0: 64% pour le clavier Pebble Keys 2 K380s pour Mac Graphite ; 76% pour la souris Pebble Mouse 2 M350s Graphite. L&#8217;objectif est d&#8217;offrir une nouvelle vie au plastique en fin de vie issu d&#8217;anciens produits \u00e9lectroniques grand public et de contribuer \u00e0 r\u00e9duire l&#8217;empreinte carbone<\/li>\n<li>L&#8217;emballage papier de l\u2019ensemble Pebble 2 Combo for Mac (y compris l&#8217;emballage des produits) est fabriqu\u00e9 \u00e0 partir de bois de for\u00eats certifi\u00e9es par le FSC\u2122 et d&#8217;autres sources de contr\u00f4le. En choisissant ce produit, vous soutenez la gestion foresti\u00e8re responsable des for\u00eats de la plan\u00e8te<\/li>\n<li>Pebble 2 Combo for Mac est certifi\u00e9 \u00ab Neutre en carbone \u00bb. Cela signifie que l&#8217;empreinte carbone du produit et de l&#8217;emballage a \u00e9t\u00e9 r\u00e9duite \u00e0 z\u00e9ro gr\u00e2ce \u00e0 l&#8217;investissement de Logitech dans des projets de compensation et d&#8217;\u00e9limination des \u00e9missions de carbone.<\/li>\n<\/ul>\n<\/div>\n<\/section>\n<section class=\"list\">\n<h2>CARACT\u00c9RISTIQUES PRINCIPALES :<\/h2>\n<ul>\n<li>Ensemble clavier\/souris pour Mac<\/li>\n<li><strong>Souris sans fil moderne, ultra-fine et silencieuse<\/strong><\/li>\n<li>Capteur optique de\u00a0<strong>1000 dpi<\/strong><\/li>\n<li>Offre un suivi rapide et pr\u00e9cis<\/li>\n<li>Nombre de boutons :\u00a0<strong>3<\/strong><\/li>\n<li>Forme organique lisse avec c\u00f4t\u00e9s arrondis doux<\/li>\n<li><strong>Clavier sans fil<\/strong><\/li>\n<li><strong>Possibilit\u00e9 de basculer entre trois dispositifs Apple (smartphone, tablette et PC)<\/strong><\/li>\n<li><strong>Touches de raccourcis Fn personnalisables avec Logi Options+<\/strong><\/li>\n<li>Compact pour un transport facilit\u00e9<\/li>\n<li>Compatible Mac<\/li>\n<\/ul>\n<\/section>\n","protected":false},"excerpt":{"rendered":"<ul>\n<li>Ensemble clavier\/souris pour Mac<\/li>\n<li><strong>Souris sans fil moderne, ultra-fine et silencieuse<\/strong><\/li>\n<li>Capteur optique de\u00a0<strong>1000 dpi<\/strong><\/li>\n<li>Offre un suivi rapide et pr\u00e9cis<\/li>\n<li>Nombre de boutons :\u00a0<strong>3<\/strong><\/li>\n<li>Forme organique lisse avec c\u00f4t\u00e9s arrondis doux<\/li>\n<li><strong>Clavier sans fil<\/strong><\/li>\n<li><strong>Possibilit\u00e9 de basculer entre trois dispositifs Apple (smartphone, tablette et PC)<\/strong><\/li>\n<li><strong>Touches de raccourcis Fn personnalisables avec Logi Options+<\/strong><\/li>\n<li>Compact pour un transport facilit\u00e9<\/li>\n<li>Compatible Mac<\/li>\n<\/ul>\n","protected":false},"featured_media":12437,"comment_status":"open","ping_status":"closed","template":"","meta":{"_acf_changed":false,"_monsterinsights_skip_tracking":false,"_monsterinsights_sitenote_active":false,"_monsterinsights_sitenote_note":"","_monsterinsights_sitenote_category":0,"_uf_show_specific_survey":0,"_uf_disable_surveys":false,"_joinchat":[]},"product_brand":[],"product_cat":[246,325,263],"product_tag":[],"class_list":{"0":"post-12436","1":"product","2":"type-product","3":"status-publish","4":"has-post-thumbnail","6":"product_cat-peripherique","7":"product_cat-pack-clavier-souris","8":"product_cat-souris-clavier","10":"first","11":"instock","12":"sale","13":"shipping-taxable","14":"purchasable","15":"product-type-simple"},"acf":[],"jetpack_sharing_enabled":true,"_links":{"self":[{"href":"https:\/\/digistar.ma\/index.php?rest_route=\/wp\/v2\/product\/12436","targetHints":{"allow":["GET"]}}],"collection":[{"href":"https:\/\/digistar.ma\/index.php?rest_route=\/wp\/v2\/product"}],"about":[{"href":"https:\/\/digistar.ma\/index.php?rest_route=\/wp\/v2\/types\/product"}],"replies":[{"embeddable":true,"href":"https:\/\/digistar.ma\/index.php?rest_route=%2Fwp%2Fv2%2Fcomments&post=12436"}],"version-history":[{"count":1,"href":"https:\/\/digistar.ma\/index.php?rest_route=\/wp\/v2\/product\/12436\/revisions"}],"predecessor-version":[{"id":12442,"href":"https:\/\/digistar.ma\/index.php?rest_route=\/wp\/v2\/product\/12436\/revisions\/12442"}],"wp:featuredmedia":[{"embeddable":true,"href":"https:\/\/digistar.ma\/index.php?rest_route=\/wp\/v2\/media\/12437"}],"wp:attachment":[{"href":"https:\/\/digistar.ma\/index.php?rest_route=%2Fwp%2Fv2%2Fmedia&parent=12436"}],"wp:term":[{"taxonomy":"product_brand","embeddable":true,"href":"https:\/\/digistar.ma\/index.php?rest_route=%2Fwp%2Fv2%2Fproduct_brand&post=12436"},{"taxonomy":"product_cat","embeddable":true,"href":"https:\/\/digistar.ma\/index.php?rest_route=%2Fwp%2Fv2%2Fproduct_cat&post=12436"},{"taxonomy":"product_tag","embeddable":true,"href":"https:\/\/digistar.ma\/index.php?rest_route=%2Fwp%2Fv2%2Fproduct_tag&post=12436"}],"curies":[{"name":"wp","href":"https:\/\/api.w.org\/{rel}","templated":true}]}}