{"id":12458,"date":"2024-06-30T22:27:36","date_gmt":"2024-06-30T22:27:36","guid":{"rendered":"https:\/\/digistar.ma\/?post_type=product&#038;p=12458"},"modified":"2024-06-30T22:27:36","modified_gmt":"2024-06-30T22:27:36","slug":"souris-sans-fil-bluetooth-logitech-m240-silent","status":"publish","type":"product","link":"https:\/\/digistar.ma\/?product=souris-sans-fil-bluetooth-logitech-m240-silent","title":{"rendered":"Souris sans fil Bluetooth Logitech M240 Silent"},"content":{"rendered":"<h3>Souris sans fil Bluetooth Logitech M240 Silent<\/h3>\n<h2 class=\"h2-master\">Design confortable et facile \u00e0 transporter<\/h2>\n<section>Avec une r\u00e9duction des bruits de 90%, la L<strong>ogitech M240 Silent<\/strong>\u00a0va vous faire profiter d&#8217;une exp\u00e9rience silencieuse sans perdre le confort de clic d&#8217;une souris classique. Son petit format facilite \u00e9galement son transport, vous allez ainsi pouvoir l&#8217;emporter partout avec vous, que ce soit dans un sac ou une sacoche.<\/p>\n<p>De plus, elle b\u00e9n\u00e9ficie \u00e9galement d&#8217;une autonomie de 18 mois, d&#8217;une mise en veille automatique, d&#8217;une port\u00e9e sans fil de 10 m\u00e8tres et embarque la technologie avanc\u00e9e de suivi optique Logitech pour des mouvements fluides et pr\u00e9cises sur tout type de surface.<\/p>\n<\/section>\n<section>\n<div class=\"desc-image\"><img decoding=\"async\" src=\"https:\/\/media.ldlc.com\/bo\/images\/fiches\/souris\/logitech\/M240_Silent\/1.jpg\" alt=\"\" \/><\/div>\n<div class=\"desc-text\">\n<h2>SIMPLE, FIABLE ET R\u00c9SISTANTE<\/h2>\n<p>La conception ambidextre de la\u00a0<strong>Logitech M240 Silent<\/strong>\u00a0offre un plus grand confort et une meilleure pr\u00e9cision que votre pav\u00e9 tactile et vous fait profiter d&#8217;une exp\u00e9rience silencieuse gr\u00e2ce \u00e0 la r\u00e9duction des bruits de plus de 90%. Elle est \u00e9galement \u00e9quip\u00e9e de patins compos\u00e9s d&#8217;un mat\u00e9riau hautes performances ainsi qu&#8217;une roulette en caoutchouc permettant un glissement et un d\u00e9filement silencieux.<\/p>\n<p>Et\u00a0avec la technologie sans fil\u00a0<strong>Bluetooth<\/strong>, vous \u00eates connect\u00e9 en quelques secondes \u00e0 cette souris sans fil muette, sans dongle ni port requis.<\/p>\n<\/div>\n<\/section>\n<section>\n<div class=\"desc-text\">\n<h2>CON\u00c7U POUR UN AVENIR POSITIF<\/h2>\n<ul>\n<li>Les composants en plastique de la souris M240 Silent sont fabriqu\u00e9s \u00e0 partir de plastique certifi\u00e9 recycl\u00e9 post-consommation (48% en teinte Graphite et 37% en Blanc cass\u00e9 et Rose*) afin d&#8217;offrir une nouvelle vie au plastique issu d&#8217;anciens produits \u00e9lectroniques grand public et de contribuer \u00e0 r\u00e9duire l&#8217;empreinte carbone.<\/li>\n<li>Certifi\u00e9e neutre en carbone<\/li>\n<\/ul>\n<p>*Hors plastiques d\u2019assemblage du circuit imprim\u00e9 (PWA) et emballage<\/p>\n<\/div>\n<div class=\"desc-image\"><img decoding=\"async\" src=\"https:\/\/media.ldlc.com\/bo\/images\/fiches\/clavier\/Logitech\/image2.jpg\" alt=\"\" \/><\/div>\n<\/section>\n<section class=\"list\">\n<h2>CARACT\u00c9RISTIQUES DE Souris sans fil Bluetooth Logitech M240 Silent<\/h2>\n<ul>\n<li><strong>Souris sans fil optique 1 000 dpi<\/strong><\/li>\n<li>Nombre de boutons : 3<\/li>\n<li>Port\u00e9e sans fil : 10 m\u00e8tres<\/li>\n<li>Autonomie : 18 mois<\/li>\n<li>Connectivit\u00e9 : Bluetooth<\/li>\n<li><strong>Compos\u00e9 \u00e0 37% de plastique recycl\u00e9<\/strong><\/li>\n<li>Dimensions : 99 x 60 x 39 mm<\/li>\n<li>Poids : 73.8 g<\/li>\n<\/ul>\n<\/section>\n","protected":false},"excerpt":{"rendered":"<ul>\n<li><strong>Souris sans fil optique 1 000 dpi<\/strong><\/li>\n<li>Nombre de boutons : 3<\/li>\n<li>Port\u00e9e sans fil : 10 m\u00e8tres<\/li>\n<li>Autonomie : 18 mois<\/li>\n<li>Connectivit\u00e9 : Bluetooth<\/li>\n<li><strong>Compos\u00e9 \u00e0 37% de plastique recycl\u00e9<\/strong><\/li>\n<li>Dimensions : 99 x 60 x 39 mm<\/li>\n<li>Poids : 73.8 g<\/li>\n<\/ul>\n","protected":false},"featured_media":12459,"comment_status":"open","ping_status":"closed","template":"","meta":{"_acf_changed":false,"_monsterinsights_skip_tracking":false,"_monsterinsights_sitenote_active":false,"_monsterinsights_sitenote_note":"","_monsterinsights_sitenote_category":0,"_uf_show_specific_survey":0,"_uf_disable_surveys":false,"_joinchat":[]},"product_brand":[],"product_cat":[263,246,323],"product_tag":[],"class_list":{"0":"post-12458","1":"product","2":"type-product","3":"status-publish","4":"has-post-thumbnail","6":"product_cat-souris-clavier","7":"product_cat-peripherique","8":"product_cat-souris-sans-fil","10":"first","11":"instock","12":"sale","13":"shipping-taxable","14":"purchasable","15":"product-type-simple"},"acf":[],"jetpack_sharing_enabled":true,"_links":{"self":[{"href":"https:\/\/digistar.ma\/index.php?rest_route=\/wp\/v2\/product\/12458","targetHints":{"allow":["GET"]}}],"collection":[{"href":"https:\/\/digistar.ma\/index.php?rest_route=\/wp\/v2\/product"}],"about":[{"href":"https:\/\/digistar.ma\/index.php?rest_route=\/wp\/v2\/types\/product"}],"replies":[{"embeddable":true,"href":"https:\/\/digistar.ma\/index.php?rest_route=%2Fwp%2Fv2%2Fcomments&post=12458"}],"version-history":[{"count":1,"href":"https:\/\/digistar.ma\/index.php?rest_route=\/wp\/v2\/product\/12458\/revisions"}],"predecessor-version":[{"id":12464,"href":"https:\/\/digistar.ma\/index.php?rest_route=\/wp\/v2\/product\/12458\/revisions\/12464"}],"wp:featuredmedia":[{"embeddable":true,"href":"https:\/\/digistar.ma\/index.php?rest_route=\/wp\/v2\/media\/12459"}],"wp:attachment":[{"href":"https:\/\/digistar.ma\/index.php?rest_route=%2Fwp%2Fv2%2Fmedia&parent=12458"}],"wp:term":[{"taxonomy":"product_brand","embeddable":true,"href":"https:\/\/digistar.ma\/index.php?rest_route=%2Fwp%2Fv2%2Fproduct_brand&post=12458"},{"taxonomy":"product_cat","embeddable":true,"href":"https:\/\/digistar.ma\/index.php?rest_route=%2Fwp%2Fv2%2Fproduct_cat&post=12458"},{"taxonomy":"product_tag","embeddable":true,"href":"https:\/\/digistar.ma\/index.php?rest_route=%2Fwp%2Fv2%2Fproduct_tag&post=12458"}],"curies":[{"name":"wp","href":"https:\/\/api.w.org\/{rel}","templated":true}]}}