{"id":12472,"date":"2024-07-05T13:32:40","date_gmt":"2024-07-05T13:32:40","guid":{"rendered":"https:\/\/digistar.ma\/?post_type=product&#038;p=12472"},"modified":"2024-12-08T11:11:36","modified_gmt":"2024-12-08T11:11:36","slug":"clavier-bluetooth-multidispositif-logitech-k380-francais","status":"publish","type":"product","link":"https:\/\/digistar.ma\/?product=clavier-bluetooth-multidispositif-logitech-k380-francais","title":{"rendered":"Clavier Bluetooth Multidispositif LOGITECH K380 Fran\u00e7ais"},"content":{"rendered":"<div id=\"header-0f3994\" class=\"ccs-cc-inline-section ccs-cc-inline-header\" data-elementid=\"inline-content-header[log]\" data-context=\"{&quot;mobile&quot;:false}\" data-ccs-cc-inline-jumplink=\"Pr\u00e9sentation\" data-display-mode=\"noheader\">\n<h2 class=\"ccs-cc-inline-section-title\">Clavier Bluetooth Multidispositif LOGITECH K380 Fran\u00e7ais<\/h2>\n<\/div>\n<div class=\"ccs-cc-inline-section ccs-cc-inline-features\" data-elementid=\"inline-content-features[log]\" data-context=\"{&quot;mobile&quot;:false}\" data-ccs-cc-inline-jumplink=\"Points cl\u00e9s\" data-display-mode=\"noheader\">\n<div class=\"ccs-cc-inline-features-block ccs-cc-inline-single-feature\">\n<div class=\"ccs-cc-inline-feature\" data-type=\"text\">\n<div class=\"ccs-cc-inline-feature-content ccs-cc-inline-feature-description\">\n<h2>EXPRIMEZ-VOUS AVEC LE CLAVIER LOGITECH K380.<\/h2>\n<div>\n<p>Le\u00a0<strong>clavier Logitech K380 Multi-Device Bluetooth<\/strong>\u00a0apporte le confort de la saisie de bureau sur votre smartphone, tablette de Windows \u00e0 Mac en passant par Android . Connectez-vous \u00e0\u00a0<strong>trois dispositifs\u00a0<\/strong>en m\u00eame temps et passez instantan\u00e9ment de l&#8217;un \u00e0 l&#8217;autre. L\u00e9ger et compact, ce clavier vous permet de saisir du contenu sur le dispositif de votre choix, dans n&#8217;importe quelle pi\u00e8ce de la maison.<\/p>\n<p>Des ordinateurs ou dispositifs mobiles compatibles\u00a0<strong>Bluetooth\u00a0<\/strong>prenant en charge les claviers externes.B\u00e9n\u00e9ficiez d&#8217;un agencement ergonomique des touches et de vos raccourcis pr\u00e9f\u00e9r\u00e9s, que vous utilisiez votre ordinateur (Windows\/Mac\/Chrome) ou votre smartphone\/tablette (Android\/iOS) et aussi Apple TV.<\/p>\n<\/div>\n<div><\/div>\n<table border=\"0\" width=\"100%\" cellspacing=\"1\" cellpadding=\"1\">\n<tbody>\n<tr>\n<td>\n<h2>UN CLAVIER MULTISYST\u00c8ME ET NOMADE.<\/h2>\n<div>\n<p>Profitez du confort et de la commodit\u00e9 de la saisie de bureau sur votre smartphone ou votre tablette gr\u00e2ce \u00e0 ce clavier mobile. Le clavier K380 multidispositif est un\u00a0<strong>clavier sans fil<\/strong>\u00a0qui se connecte \u00e0 tous les\u00a0<strong>dispositifs sans fil Bluetooth<\/strong>\u00a0prenant en charge les claviers externes.<\/p>\n<p>Transportez ce clavier Bluetooth\u00a0<strong>compact et l\u00e9ger<\/strong>\u00a0(423 grammes) dans toutes les pi\u00e8ces de la maison. Saisissez du texte o\u00f9 que vous soyez, sur un ordinateur, un t\u00e9l\u00e9phone ou une tablette compatible.<\/p>\n<p><strong>Connectez jusqu&#8217;\u00e0 trois dispositifs<\/strong>\u00a0en m\u00eame temps, par exemple un ordinateur<strong>\u00a0Windows, un iPhone et une tablette Android.<\/strong>\u00a0Le simple fait d&#8217;appuyer sur un bouton (Easy-Switch)permet de commencer la saisie sur un autre dispositif.<\/p>\n<\/div>\n<\/td>\n<td width=\"430\"><img fetchpriority=\"high\" decoding=\"async\" class=\"wp-image-13836 aligncenter\" src=\"https:\/\/digistar.ma\/wp-content\/uploads\/2024\/07\/Clavier-Bluetooth-Multidispositif-LOGITECH-K380-Francais-300x300.jpg\" alt=\"Clavier Bluetooth Multidispositif LOGITECH K380 Fran\u00e7ais\" width=\"315\" height=\"315\" srcset=\"https:\/\/digistar.ma\/wp-content\/uploads\/2024\/07\/Clavier-Bluetooth-Multidispositif-LOGITECH-K380-Francais-300x300.jpg 300w, https:\/\/digistar.ma\/wp-content\/uploads\/2024\/07\/Clavier-Bluetooth-Multidispositif-LOGITECH-K380-Francais-1024x1024.jpg 1024w, https:\/\/digistar.ma\/wp-content\/uploads\/2024\/07\/Clavier-Bluetooth-Multidispositif-LOGITECH-K380-Francais-150x150.jpg 150w, https:\/\/digistar.ma\/wp-content\/uploads\/2024\/07\/Clavier-Bluetooth-Multidispositif-LOGITECH-K380-Francais-768x768.jpg 768w, https:\/\/digistar.ma\/wp-content\/uploads\/2024\/07\/Clavier-Bluetooth-Multidispositif-LOGITECH-K380-Francais-1536x1536.jpg 1536w, https:\/\/digistar.ma\/wp-content\/uploads\/2024\/07\/Clavier-Bluetooth-Multidispositif-LOGITECH-K380-Francais-600x600.jpg 600w, https:\/\/digistar.ma\/wp-content\/uploads\/2024\/07\/Clavier-Bluetooth-Multidispositif-LOGITECH-K380-Francais-100x100.jpg 100w, https:\/\/digistar.ma\/wp-content\/uploads\/2024\/07\/Clavier-Bluetooth-Multidispositif-LOGITECH-K380-Francais.jpg 1600w\" sizes=\"(max-width: 315px) 100vw, 315px\" \/><\/td>\n<\/tr>\n<\/tbody>\n<\/table>\n<div><\/div>\n<h2>CARACT\u00c9RISTIQUES PRINCIPALES :<\/h2>\n<ul>\n<li><b>Clavier universel multidispositif<\/b><\/li>\n<li>Possibilit\u00e9 de passer facilement d&#8217;un dispositif \u00e0 un autre en faisant pivoter le\u00a0<strong>commutateur Easy-Switch<\/strong><\/li>\n<li>Fonctionne sur PC, Chrome OS, Mac, Android et iOS + Apple TV<\/li>\n<li>Port\u00e9e Bluetooth 3.0 : jusqu&#8217;\u00e0 10 m\u00e8tres<\/li>\n<li>T\u00e9moin de charge des piles<\/li>\n<li>Touches sp\u00e9ciales:\u00a0<strong>Raccourcis clavier<\/strong>\u00a0(Page d&#8217;accueil, Pr\u00e9c\u00e9dent, Changement d&#8217;application, Menu contextuel), Easy-Switch<\/li>\n<\/ul>\n<\/div>\n<\/div>\n<\/div>\n<\/div>\n","protected":false},"excerpt":{"rendered":"<ul>\n<li><b>Clavier universel multidispositif<\/b><\/li>\n<li>Possibilit\u00e9 de passer facilement d&#8217;un dispositif \u00e0 un autre en faisant pivoter le\u00a0<strong>commutateur Easy-Switch<\/strong><\/li>\n<li>Fonctionne sur PC, Chrome OS, Mac, Android et iOS + Apple TV<\/li>\n<li>Port\u00e9e Bluetooth 3.0 : jusqu&#8217;\u00e0 10 m\u00e8tres<\/li>\n<li>T\u00e9moin de charge des piles<\/li>\n<li>Touches sp\u00e9ciales:\u00a0<strong>Raccourcis clavier<\/strong>\u00a0(Page d&#8217;accueil, Pr\u00e9c\u00e9dent, Changement d&#8217;application, Menu contextuel), Easy-Switch<\/li>\n<\/ul>\n<p>&nbsp;<\/p>\n","protected":false},"featured_media":12473,"comment_status":"open","ping_status":"closed","template":"","meta":{"_acf_changed":false,"_monsterinsights_skip_tracking":false,"_monsterinsights_sitenote_active":false,"_monsterinsights_sitenote_note":"","_monsterinsights_sitenote_category":0,"_uf_show_specific_survey":0,"_uf_disable_surveys":false,"_joinchat":[]},"product_brand":[],"product_cat":[246,326,263],"product_tag":[],"class_list":{"0":"post-12472","1":"product","2":"type-product","3":"status-publish","4":"has-post-thumbnail","6":"product_cat-peripherique","7":"product_cat-clavier-sans-fil","8":"product_cat-souris-clavier","10":"first","11":"instock","12":"sale","13":"shipping-taxable","14":"purchasable","15":"product-type-simple"},"acf":[],"jetpack_sharing_enabled":true,"_links":{"self":[{"href":"https:\/\/digistar.ma\/index.php?rest_route=\/wp\/v2\/product\/12472","targetHints":{"allow":["GET"]}}],"collection":[{"href":"https:\/\/digistar.ma\/index.php?rest_route=\/wp\/v2\/product"}],"about":[{"href":"https:\/\/digistar.ma\/index.php?rest_route=\/wp\/v2\/types\/product"}],"replies":[{"embeddable":true,"href":"https:\/\/digistar.ma\/index.php?rest_route=%2Fwp%2Fv2%2Fcomments&post=12472"}],"version-history":[{"count":6,"href":"https:\/\/digistar.ma\/index.php?rest_route=\/wp\/v2\/product\/12472\/revisions"}],"predecessor-version":[{"id":13837,"href":"https:\/\/digistar.ma\/index.php?rest_route=\/wp\/v2\/product\/12472\/revisions\/13837"}],"wp:featuredmedia":[{"embeddable":true,"href":"https:\/\/digistar.ma\/index.php?rest_route=\/wp\/v2\/media\/12473"}],"wp:attachment":[{"href":"https:\/\/digistar.ma\/index.php?rest_route=%2Fwp%2Fv2%2Fmedia&parent=12472"}],"wp:term":[{"taxonomy":"product_brand","embeddable":true,"href":"https:\/\/digistar.ma\/index.php?rest_route=%2Fwp%2Fv2%2Fproduct_brand&post=12472"},{"taxonomy":"product_cat","embeddable":true,"href":"https:\/\/digistar.ma\/index.php?rest_route=%2Fwp%2Fv2%2Fproduct_cat&post=12472"},{"taxonomy":"product_tag","embeddable":true,"href":"https:\/\/digistar.ma\/index.php?rest_route=%2Fwp%2Fv2%2Fproduct_tag&post=12472"}],"curies":[{"name":"wp","href":"https:\/\/api.w.org\/{rel}","templated":true}]}}