{"id":12478,"date":"2024-07-05T14:11:10","date_gmt":"2024-07-05T14:11:10","guid":{"rendered":"https:\/\/digistar.ma\/?post_type=product&#038;p=12478"},"modified":"2024-07-05T14:24:13","modified_gmt":"2024-07-05T14:24:13","slug":"clavier-sans-fil-avec-pave-tactile-integre-logitech-wireless-touch-keyboard-k400-plus-noir-francais","status":"publish","type":"product","link":"https:\/\/digistar.ma\/?product=clavier-sans-fil-avec-pave-tactile-integre-logitech-wireless-touch-keyboard-k400-plus-noir-francais","title":{"rendered":"Clavier sans fil avec pav\u00e9 tactile int\u00e9gr\u00e9 Logitech Wireless Touch Keyboard K400 Plus Noir Fran\u00e7ais"},"content":{"rendered":"<h2 style=\"text-align: center;\">Clavier sans fil avec pav\u00e9 tactile int\u00e9gr\u00e9 Logitech Wireless Touch Keyboard K400 Plus Noir Fran\u00e7ais<\/h2>\n<div class=\"logo\"><a href=\"https:\/\/www.ldlc.com\/logitech\/bint000000153\/\" rel=\"nofollow noopener\" target=\"_blank\"><img decoding=\"async\" class=\"aligncenter\" src=\"https:\/\/media.ldlc.com\/v3\/marque\/bo\/00\/03\/27\/77\/V30003277746_2.jpg\" alt=\"Logitech\" \/><\/a><\/div>\n<div id=\"description\" class=\"description\">\n<div class=\"details-pdt-desc\">\n<h2 class=\"h2-master\">Vivez vos divertissements pr\u00e9f\u00e9r\u00e9s sur l&#8217;ordinateur<\/h2>\n<section>Profitez d&#8217;un contr\u00f4le \u00e0 distance de votre ordinateur connect\u00e9 \u00e0 votre t\u00e9l\u00e9viseur avec le clavier\u00a0<strong>Logitech Wireless Touch K400 Plus<\/strong>. Regardez des vid\u00e9os, naviguez sur Internet, discutez avec vos amis et bien plus encore, le tout depuis votre canap\u00e9. Le clavier tout en un avec pav\u00e9 tactile int\u00e9gr\u00e9 \u00e9pargne tout tracas en r\u00e9duisant le nombre de dispositifs utilis\u00e9s, tandis que la port\u00e9e sans fil de 10 m\u00e8tres garantit un divertissement sans interruption.Les touches silencieuses et confortables, et le grand pav\u00e9 tactile, facilitent l&#8217;exp\u00e9rience de navigation de mani\u00e8re significative. M\u00eame la configuration est un jeu d&#8217;enfants avec le mini-r\u00e9cepteur Unifying pr\u00eat \u00e0 l&#8217;emploi.<\/p>\n<\/section>\n<section>\n<div class=\"desc-image\"><img fetchpriority=\"high\" decoding=\"async\" class=\"aligncenter\" src=\"https:\/\/media.ldlc.com\/bo\/images\/fiches\/clavier\/logitech\/k400\/k400_800_2.jpg\" alt=\"Clavier sans fil avec pav\u00e9 tactile int\u00e9gr\u00e9 Logitech Wireless Touch Keyboard K400 Plus Noir Fran\u00e7ais) \" width=\"800\" height=\"450\" \/><\/div>\n<div class=\"desc-text\">\n<h2>CLAVIER ET PAV\u00c9 TACTILE TOUT EN UN<\/h2>\n<p>Le Logitech Wireless Touch Keyboard K400 Plus est un\u00a0<strong>clavier compact avec pav\u00e9 tactile int\u00e9gr\u00e9<\/strong>\u00a0qui vous permet d&#8217;avoir toutes les commandes sur un m\u00eame dispositif pour\u00a0<strong>une exp\u00e9rience multim\u00e9dia simplifi\u00e9e et mieux organis\u00e9e<\/strong>. La disposition des touches standard pens\u00e9e pour une utilisation multim\u00e9dia ne n\u00e9cessite aucun apprentissage. Les\u00a0<strong>touches silencieuses et confortables<\/strong>\u00a0et le\u00a0<strong>grand pav\u00e9 tactile de 3,5&#8243;<\/strong>\u00a0facilitent l&#8217;exp\u00e9rience de navigation de mani\u00e8re significative.<\/p>\n<p>De plus l&#8217;autonomie de 18 mois limite presque tous les d\u00e9sagr\u00e9ments li\u00e9s au changement des piles. La long\u00e9vit\u00e9 des piles est d&#8217;autant plus accrue en utilisant le bouton de marche\/arr\u00eat.<\/p>\n<\/div>\n<\/section>\n<section>\n<div class=\"desc-text\">\n<h2>UN CLAVIER TV MULTUM\u00c9DIA<\/h2>\n<p>Avec le clavier K400 Plus, vous vous sentez de suite \u00e0 l&#8217;aise. Il est con\u00e7u pour une interaction multim\u00e9dia en toute d\u00e9tente.<\/p>\n<ul>\n<li>Des\u00a0<strong>boutons de contr\u00f4le du volume et des touches fl\u00e9ch\u00e9es<\/strong>\u00a0facilement accessibles<\/li>\n<li>Le deuxi\u00e8me bouton de clic gauche vous permet de naviguer et d&#8217;effectuer des s\u00e9lections \u00e0 deux mains<\/li>\n<li>Raccourcis pour les utilisateurs\u00a0<strong>Windows<\/strong>\u00a0et\u00a0<strong>Android<\/strong><\/li>\n<li>Les touches de raccourci sont pr\u00eates \u00e0 l&#8217;emploi : aucune configuration requise<\/li>\n<\/ul>\n<\/div>\n<div class=\"desc-image\"><img decoding=\"async\" class=\"aligncenter\" src=\"https:\/\/media.ldlc.com\/bo\/images\/fiches\/clavier\/logitech\/k400\/k400_800_1.jpg\" alt=\"Clavier sans fil avec pav\u00e9 tactile int\u00e9gr\u00e9 Logitech Wireless Touch Keyboard K400 Plus Noir Fran\u00e7ais) \" width=\"800\" height=\"450\" \/><\/div>\n<\/section>\n<section><center><\/center><\/section>\n<section class=\"list\">\n<ul>\n<li><\/li>\n<\/ul>\n<\/section>\n<\/div>\n<\/div>\n","protected":false},"excerpt":{"rendered":"<ul>\n<li><strong>Type de connexion :<\/strong>\u00a0Protocole Logitech Unifying (2,4 GHz)<\/li>\n<li><strong>Touches sp\u00e9ciales :<\/strong>\u00a0Muet, Volume &#8211; et Volume +<\/li>\n<li><strong>Mise sous tension :<\/strong>\u00a0Commutateur de marche\/arr\u00eat<\/li>\n<li><strong>Alimentation :<\/strong>\u00a02 AA<\/li>\n<li><strong>Long\u00e9vit\u00e9 de la pile (non rechargeable) :<\/strong>\u00a0Jusqu&#8217;\u00e0 18 mois<\/li>\n<li><strong>Long\u00e9vit\u00e9 des touches :<\/strong>\u00a0touches con\u00e7ues pour supporter jusqu&#8217;\u00e0 5 millions de frappes<\/li>\n<li><strong>Donn\u00e9es sonores :<\/strong>\u00a0jusqu&#8217;\u00e0 55 dBa pour toutes les touches<\/li>\n<li><strong>Port\u00e9e sans fil :<\/strong>\u00a010 m<\/li>\n<li><strong>Compatible :<\/strong>\u00a0Windows 7, Windows 8, Windows 10 et version ult\u00e9rieure, Android 5.0 ou version ult\u00e9rieure et Chrome OS, AndroidTV<\/li>\n<\/ul>\n","protected":false},"featured_media":12479,"comment_status":"open","ping_status":"closed","template":"","meta":{"_acf_changed":false,"_monsterinsights_skip_tracking":false,"_monsterinsights_sitenote_active":false,"_monsterinsights_sitenote_note":"","_monsterinsights_sitenote_category":0,"_uf_show_specific_survey":0,"_uf_disable_surveys":false,"_joinchat":[]},"product_brand":[],"product_cat":[246,326,263],"product_tag":[],"class_list":{"0":"post-12478","1":"product","2":"type-product","3":"status-publish","4":"has-post-thumbnail","6":"product_cat-peripherique","7":"product_cat-clavier-sans-fil","8":"product_cat-souris-clavier","10":"first","11":"instock","12":"sale","13":"shipping-taxable","14":"purchasable","15":"product-type-simple"},"acf":[],"jetpack_sharing_enabled":true,"_links":{"self":[{"href":"https:\/\/digistar.ma\/index.php?rest_route=\/wp\/v2\/product\/12478","targetHints":{"allow":["GET"]}}],"collection":[{"href":"https:\/\/digistar.ma\/index.php?rest_route=\/wp\/v2\/product"}],"about":[{"href":"https:\/\/digistar.ma\/index.php?rest_route=\/wp\/v2\/types\/product"}],"replies":[{"embeddable":true,"href":"https:\/\/digistar.ma\/index.php?rest_route=%2Fwp%2Fv2%2Fcomments&post=12478"}],"version-history":[{"count":2,"href":"https:\/\/digistar.ma\/index.php?rest_route=\/wp\/v2\/product\/12478\/revisions"}],"predecessor-version":[{"id":12481,"href":"https:\/\/digistar.ma\/index.php?rest_route=\/wp\/v2\/product\/12478\/revisions\/12481"}],"wp:featuredmedia":[{"embeddable":true,"href":"https:\/\/digistar.ma\/index.php?rest_route=\/wp\/v2\/media\/12479"}],"wp:attachment":[{"href":"https:\/\/digistar.ma\/index.php?rest_route=%2Fwp%2Fv2%2Fmedia&parent=12478"}],"wp:term":[{"taxonomy":"product_brand","embeddable":true,"href":"https:\/\/digistar.ma\/index.php?rest_route=%2Fwp%2Fv2%2Fproduct_brand&post=12478"},{"taxonomy":"product_cat","embeddable":true,"href":"https:\/\/digistar.ma\/index.php?rest_route=%2Fwp%2Fv2%2Fproduct_cat&post=12478"},{"taxonomy":"product_tag","embeddable":true,"href":"https:\/\/digistar.ma\/index.php?rest_route=%2Fwp%2Fv2%2Fproduct_tag&post=12478"}],"curies":[{"name":"wp","href":"https:\/\/api.w.org\/{rel}","templated":true}]}}