{"id":12498,"date":"2024-07-07T14:58:15","date_gmt":"2024-07-07T14:58:15","guid":{"rendered":"https:\/\/digistar.ma\/?post_type=product&#038;p=12498"},"modified":"2026-01-31T13:56:33","modified_gmt":"2026-01-31T13:56:33","slug":"ecran-32-pouces-incurve-gaming-samsung-odyssey-g5-g55c","status":"publish","type":"product","link":"https:\/\/digistar.ma\/?product=ecran-32-pouces-incurve-gaming-samsung-odyssey-g5-g55c","title":{"rendered":"\u00c9cran 32 Pouces incurv\u00e9 Gaming Samsung Odyssey G5 G55C"},"content":{"rendered":"<p><strong>\u00c9cran 32 Pouces incurv\u00e9 Gaming Samsung Odyssey G5 G55C<\/strong><\/p>\n<div id=\"benefit\" class=\"pd-g-feature-benefit aem-GridColumn aem-GridColumn--default--12\">\n<section class=\"feature-benefit-full-bleed desktop-bg-black mobile-bg-black text-align-center\">\n<div class=\"feature-benefit-full-bleed__wrap\">\n<div class=\"feature-benefit-full-bleed__content-wrap\">\n<div class=\"feature-benefit-full-bleed__content-inner \">\n<div class=\"feature-benefit-full-bleed__content-area\">\n<h2 class=\"feature-benefit-full-bleed__title\" data-font-size-pc=\"48\" data-font-size-mo=\"30\">Repousse les limites<\/h2>\n<\/div>\n<\/div>\n<\/div>\n<figure class=\"feature-benefit-full-bleed__figure\">\n<div class=\"image image--dyn-height image--main-loaded\"><img decoding=\"async\" class=\"image__main responsive-img image--loaded\" src=\"https:\/\/images.samsung.com\/is\/image\/samsung\/p6pim\/ch_fr\/feature\/164897667\/ch_fr-feature-go-beyond-538960173?$FB_TYPE_K_JPG$\" alt=\"A monitor is shown from its left side. &quot;G5&quot; logo is placed on the right side of the monitor stand.\" data-desktop-alt=\"A monitor is shown from its left side. &quot;G5&quot; logo is placed on the right side of the monitor stand.\" data-comp-name=\"image\" data-desktop-src=\"\/\/images.samsung.com\/is\/image\/samsung\/p6pim\/ch_fr\/feature\/164897667\/ch_fr-feature-go-beyond-538960173?$FB_TYPE_K_JPG$\" data-mobile-alt=\"A monitor is shown from its left side. &quot;G5&quot; logo is placed on the right side of the monitor stand.\" data-mobile-src=\"\/\/images.samsung.com\/is\/image\/samsung\/p6pim\/ch_fr\/feature\/164897667\/ch_fr-feature-go-beyond-538960174?$FB_TYPE_I_JPG$\" \/><\/div>\n<\/figure>\n<\/div>\n<\/section>\n<section class=\"feature-benefit-full-bleed desktop-bg-black mobile-bg-black\">\n<div class=\"feature-benefit-full-bleed__wrap\">\n<div class=\"feature-benefit-full-bleed__content-wrap\">\n<div class=\"feature-benefit-full-bleed__content-inner \">\n<div class=\"feature-benefit-full-bleed__content-area\">\n<h2 class=\"feature-benefit-full-bleed__title\" data-font-size-pc=\"48\" data-font-size-mo=\"30\">Booste ta r\u00e9alit\u00e9<\/h2>\n<p><strong class=\"feature-benefit-full-bleed__sub-title\" data-font-size-pc=\"28\" data-font-size-mo=\"16\">R\u00e9solution QHD<\/strong><\/p>\n<p class=\"feature-benefit-full-bleed__text\" data-font-size-pc=\"18\" data-font-size-mo=\"12\">Ton univers de gaming, plus r\u00e9aliste que jamais. Avec une densit\u00e9 de pixels 1,7 fois sup\u00e9rieure au Full HD, la r\u00e9solution QHD offre des images extraordinairement nettes et d\u00e9taill\u00e9es. Profite d&#8217;une vue plus compl\u00e8te avec plus d&#8217;espace pour percevoir toute l&#8217;action.<\/p>\n<p><span class=\"feature-benefit-full-bleed__disclaimer\">* Image simul\u00e9e \u00e0 des fins d&#8217;illustration.<\/span><\/p>\n<\/div>\n<\/div>\n<\/div>\n<figure class=\"feature-benefit-full-bleed__figure\">\n<div class=\"image image--dyn-height image--main-loaded\"><img decoding=\"async\" class=\"image__main responsive-img image--loaded\" src=\"https:\/\/images.samsung.com\/is\/image\/samsung\/p6pim\/ch_fr\/feature\/164897664\/ch_fr-feature-boost-your-reality-538960161?$FB_TYPE_K_JPG$\" alt=\"The monitor shows pixel density comparison between 1920x1080 pixel FHD high definition and 2560x1440 pixel QHD high definition by dividing the screen into two different regions. QHD high definition shows richer, more detailed ship and planetary surfaces.\" data-desktop-alt=\"The monitor shows pixel density comparison between 1920x1080 pixel FHD high definition and 2560x1440 pixel QHD high definition by dividing the screen into two different regions. QHD high definition shows richer, more detailed ship and planetary surfaces.\" data-comp-name=\"image\" data-desktop-src=\"\/\/images.samsung.com\/is\/image\/samsung\/p6pim\/ch_fr\/feature\/164897664\/ch_fr-feature-boost-your-reality-538960161?$FB_TYPE_K_JPG$\" data-mobile-alt=\"The monitor shows pixel density comparison between 1920x1080 pixel FHD high definition and 2560x1440 pixel QHD high definition by dividing the screen into two different regions. QHD high definition shows richer, more detailed ship and planetary surfaces.\" data-mobile-src=\"\/\/images.samsung.com\/is\/image\/samsung\/p6pim\/ch_fr\/feature\/164897664\/ch_fr-feature-boost-your-reality-538960162?$FB_TYPE_I_JPG$\" \/><\/div>\n<\/figure>\n<\/div>\n<\/section>\n<section class=\"feature-benefit-full-bleed desktop-bg-black mobile-bg-black text-align-right\">\n<div class=\"feature-benefit-full-bleed__wrap\">\n<div class=\"feature-benefit-full-bleed__content-wrap\">\n<div class=\"feature-benefit-full-bleed__content-inner \">\n<div class=\"feature-benefit-full-bleed__content-area\">\n<h2 class=\"feature-benefit-full-bleed__title\" data-font-size-pc=\"48\" data-font-size-mo=\"30\">Stimule tous tes sens<\/h2>\n<p><strong class=\"feature-benefit-full-bleed__sub-title\" data-font-size-pc=\"28\" data-font-size-mo=\"16\">Courbure 1000R<\/strong><\/p>\n<p class=\"feature-benefit-full-bleed__text\" data-font-size-pc=\"18\" data-font-size-mo=\"12\">Les sc\u00e8nes intenses t&#8217;enveloppent encore plus \u00e9troitement. D\u00e9couvre un niveau de gaming encore plus palpitant. L&#8217;\u00e9cran 1000R englobe chaque centim\u00e8tre de ta vision p\u00e9riph\u00e9rique, te plongeant directement dans la peau du personnage.<\/p>\n<\/div>\n<\/div>\n<\/div>\n<figure class=\"feature-benefit-full-bleed__figure\">\n<div class=\"image image--dyn-height image--main-loaded\"><img decoding=\"async\" class=\"image__main responsive-img image--loaded\" src=\"https:\/\/images.samsung.com\/is\/image\/samsung\/p6pim\/ch_fr\/feature\/164897666\/ch_fr-feature-overwhelm-your-senses-538960169?$FB_TYPE_K_JPG$\" alt=\"A man sits at an Odyssey G5 monitor in dim lighting, using a mouse and keyboard while wearing headphones. A blue light placed on the upper side of the bezel highlights the curvature of the monitor.\" data-desktop-alt=\"A man sits at an Odyssey G5 monitor in dim lighting, using a mouse and keyboard while wearing headphones. A blue light placed on the upper side of the bezel highlights the curvature of the monitor.\" data-comp-name=\"image\" data-desktop-src=\"\/\/images.samsung.com\/is\/image\/samsung\/p6pim\/ch_fr\/feature\/164897666\/ch_fr-feature-overwhelm-your-senses-538960169?$FB_TYPE_K_JPG$\" data-mobile-alt=\"A man sits at an Odyssey G5 monitor in dim lighting, using a mouse and keyboard while wearing headphones. A blue light placed on the upper side of the bezel highlights the curvature of the monitor.\" data-mobile-src=\"\/\/images.samsung.com\/is\/image\/samsung\/p6pim\/ch_fr\/feature\/164897666\/ch_fr-feature-overwhelm-your-senses-538960170?$FB_TYPE_I_JPG$\" \/><\/div>\n<\/figure>\n<\/div>\n<\/section>\n<section class=\"feature-benefit-full-bleed desktop-bg-black mobile-bg-black\">\n<div class=\"feature-benefit-full-bleed__wrap\">\n<div class=\"feature-benefit-full-bleed__content-wrap\">\n<div class=\"feature-benefit-full-bleed__content-inner \">\n<div class=\"feature-benefit-full-bleed__content-area\">\n<h2 class=\"feature-benefit-full-bleed__title\" data-font-size-pc=\"48\" data-font-size-mo=\"30\">R\u00e9agis en temps r\u00e9el<\/h2>\n<p><strong class=\"feature-benefit-full-bleed__sub-title\" data-font-size-pc=\"28\" data-font-size-mo=\"16\">Taux de rafra\u00eechissement de 165 Hz et temps de r\u00e9ponse de 1 ms (MPRT)<\/strong><\/p>\n<p class=\"feature-benefit-full-bleed__text\" data-font-size-pc=\"18\" data-font-size-mo=\"12\">Progresse dans les sc\u00e8nes \u00e0 vitesse grand V. Le taux de rafra\u00eechissement de 165 Hz \u00e9limine la latence et le flou de mouvement pour te garantir un jeu palpitant avec des actions ultra-fluides. Bondis sur les ennemis d\u00e8s que tu les vois gr\u00e2ce au temps de r\u00e9ponse de 1 ms (MPRT) et aux images sans flou ni images fant\u00f4mes.<\/p>\n<p><span class=\"feature-benefit-full-bleed__disclaimer\">* Image simul\u00e9e \u00e0 des fins d&#8217;illustration. * \u00ab\u00a01 ms\u00a0\u00bb signifie une milliseconde, qui se r\u00e9f\u00e8re ici \u00e0 la plage de temps de r\u00e9ponse moyens entre 1,00ms et 1,99ms, arrondis \u00e0 un nombre entier. ** Bas\u00e9 sur une mesure MPRT, r\u00e9alis\u00e9e dans des conditions de test internes. Les r\u00e9sultats peuvent varier selon le contenu et les r\u00e9glages du moniteur (n\u00e9cessite le r\u00e9glage \u00ab\u00a0mode Extr\u00eame\u00a0\u00bb). *** Le MPRT (Moving Picture Response Time) indique le temps n\u00e9cessaire \u00e0 un pixel pour passer d\u2019une image \u00e0 une autre (mesure du flou de mouvement).<\/span><\/p>\n<\/div>\n<\/div>\n<\/div>\n<figure class=\"feature-benefit-full-bleed__figure\">\n<div class=\"image image--dyn-height image--main-loaded\"><img decoding=\"async\" class=\"image__main responsive-img image--loaded\" src=\"https:\/\/images.samsung.com\/is\/image\/samsung\/p6pim\/ch_fr\/feature\/164897665\/ch_fr-feature-react-in-real-time-538960165?$FB_TYPE_K_JPG$\" alt=\"A monitor which is seen from its right side shows two spaceships blasting off into space. The monitor is split in two to show the difference in display quality comparing two different refresh rates and response time, one for Samsung conventional monitor with 60Hz and 5ms and the other for Odyssey G5 with 165Hz and 1ms.\" data-desktop-alt=\"A monitor which is seen from its right side shows two spaceships blasting off into space. The monitor is split in two to show the difference in display quality comparing two different refresh rates and response time, one for Samsung conventional monitor with 60Hz and 5ms and the other for Odyssey G5 with 165Hz and 1ms.\" data-comp-name=\"image\" data-desktop-src=\"\/\/images.samsung.com\/is\/image\/samsung\/p6pim\/ch_fr\/feature\/164897665\/ch_fr-feature-react-in-real-time-538960165?$FB_TYPE_K_JPG$\" data-mobile-alt=\"A monitor which is seen from its right side shows two spaceships blasting off into space. The monitor is split in two to show the difference in display quality comparing two different refresh rates and response time, one for Samsung conventional monitor with 60Hz and 5ms and the other for Odyssey G5 with 165Hz and 1ms.\" data-mobile-src=\"\/\/images.samsung.com\/is\/image\/samsung\/p6pim\/ch_fr\/feature\/164897665\/ch_fr-feature-react-in-real-time-538960166?$FB_TYPE_I_JPG$\" \/><\/div>\n<\/figure>\n<\/div>\n<\/section>\n<section class=\"feature-benefit-full-bleed desktop-bg-white mobile-bg-white text-align-right\">\n<div class=\"feature-benefit-full-bleed__wrap\">\n<div class=\"feature-benefit-full-bleed__content-wrap\">\n<div class=\"feature-benefit-full-bleed__content-inner \">\n<div class=\"feature-benefit-full-bleed__content-area\">\n<h2 class=\"feature-benefit-full-bleed__title\" data-font-size-pc=\"48\" data-font-size-mo=\"30\">Reste synchronis\u00e9 sur l\u2019action<\/h2>\n<p><strong class=\"feature-benefit-full-bleed__sub-title\" data-font-size-pc=\"28\" data-font-size-mo=\"16\">AMD FreeSync<\/strong><\/p>\n<p class=\"feature-benefit-full-bleed__text\" data-font-size-pc=\"18\" data-font-size-mo=\"12\">Profite d&#8217;une exp\u00e9rience de divertissement parfaitement fluide. La technologie AMD Radeon FreeSync\u2122 synchronise le taux de rafra\u00eechissement de ton moniteur et de ta carte graphique pour r\u00e9duire les saccades. Ainsi, tu peux regarder des films et jouer \u00e0 des jeux sans interruptions. M\u00eame les sc\u00e8nes d&#8217;action les plus rapides conservent toute leur nettet\u00e9 et leur fluidit\u00e9.<\/p>\n<p><span class=\"feature-benefit-full-bleed__disclaimer\">* Image simul\u00e9e \u00e0 des fins d&#8217;illustration.<\/span><\/p>\n<\/div>\n<\/div>\n<\/div>\n<figure class=\"feature-benefit-full-bleed__figure\">\n<div class=\"image image--dyn-height image--main-loaded\"><img decoding=\"async\" class=\"image__main responsive-img image--loaded\" src=\"https:\/\/images.samsung.com\/is\/image\/samsung\/p6pim\/ch_fr\/feature\/164897669\/ch_fr-feature-stay-in-sync-with-the-action-538960177?$FB_TYPE_K_JPG$\" alt=\"Two monitors side by side show the same spaceship. The left side is FreeSync Off while the right side is FreeSync On, demonstrating the impact of FreeSync in preventing screen tearing.\" data-desktop-alt=\"Two monitors side by side show the same spaceship. The left side is FreeSync Off while the right side is FreeSync On, demonstrating the impact of FreeSync in preventing screen tearing.\" data-comp-name=\"image\" data-desktop-src=\"\/\/images.samsung.com\/is\/image\/samsung\/p6pim\/ch_fr\/feature\/164897669\/ch_fr-feature-stay-in-sync-with-the-action-538960177?$FB_TYPE_K_JPG$\" data-mobile-alt=\"Two monitors side by side show the same spaceship. The left side is FreeSync Off while the right side is FreeSync On, demonstrating the impact of FreeSync in preventing screen tearing.\" data-mobile-src=\"\/\/images.samsung.com\/is\/image\/samsung\/p6pim\/ch_fr\/feature\/164897669\/ch_fr-feature-stay-in-sync-with-the-action-538960178?$FB_TYPE_I_JPG$\" \/><\/div>\n<\/figure>\n<\/div>\n<\/section>\n<section class=\"feature-benefit-full-bleed desktop-bg-white mobile-bg-white text-align-right\">\n<div class=\"feature-benefit-full-bleed__wrap\">\n<div class=\"feature-benefit-full-bleed__content-wrap\">\n<div class=\"feature-benefit-full-bleed__content-inner \">\n<div class=\"feature-benefit-full-bleed__content-area\">\n<h2 class=\"feature-benefit-full-bleed__title\" data-font-size-pc=\"48\" data-font-size-mo=\"30\">Per\u00e7ois les d\u00e9tails cach\u00e9s qui \u00e9chappent aux autres<\/h2>\n<p><strong class=\"feature-benefit-full-bleed__sub-title\" data-font-size-pc=\"28\" data-font-size-mo=\"16\">HDR10<\/strong><\/p>\n<p class=\"feature-benefit-full-bleed__text\" data-font-size-pc=\"18\" data-font-size-mo=\"12\">La technologie HDR10 assure des graphismes \u00e0 couper le souffle. Le kal\u00e9idoscope de nuances donne vie aux sc\u00e8nes de jeu avec un dynamisme in\u00e9dit. D\u00e9niche les secrets tapis dans l&#8217;ombre gr\u00e2ce aux noirs profonds, aux blancs lumineux et \u00e0 la r\u00e9solution extr\u00eamement d\u00e9taill\u00e9e.<\/p>\n<p><span class=\"feature-benefit-full-bleed__disclaimer\">* Image simul\u00e9e \u00e0 des fins d&#8217;illustration.<\/span><\/p>\n<\/div>\n<\/div>\n<\/div>\n<figure class=\"feature-benefit-full-bleed__figure\">\n<div class=\"image image--dyn-height image--main-loaded\"><img decoding=\"async\" class=\"image__main responsive-img image--loaded\" src=\"https:\/\/images.samsung.com\/is\/image\/samsung\/p6pim\/ch_fr\/feature\/164897663\/ch_fr-feature-find-hidden-details-others-miss-538960159?$FB_TYPE_K_JPG$\" alt=\"The monitor is split into two to show the difference between normal color range for Samsung conventional monitor and high contrast with Odyssey G5 for details that are more vibrant and noticeable.\" data-desktop-alt=\"The monitor is split into two to show the difference between normal color range for Samsung conventional monitor and high contrast with Odyssey G5 for details that are more vibrant and noticeable.\" data-comp-name=\"image\" data-desktop-src=\"\/\/images.samsung.com\/is\/image\/samsung\/p6pim\/ch_fr\/feature\/164897663\/ch_fr-feature-find-hidden-details-others-miss-538960159?$FB_TYPE_K_JPG$\" data-mobile-alt=\"The monitor is split into two to show the difference between normal color range for Samsung conventional monitor and high contrast with Odyssey G5 for details that are more vibrant and noticeable.\" data-mobile-src=\"\/\/images.samsung.com\/is\/image\/samsung\/p6pim\/ch_fr\/feature\/164897663\/ch_fr-feature-find-hidden-details-others-miss-538960160?$FB_TYPE_I_JPG$\" \/><\/div>\n<\/figure>\n<\/div>\n<\/section>\n<section class=\"feature-benefit-full-bleed desktop-bg-black mobile-bg-black text-align-center\">\n<div class=\"feature-benefit-full-bleed__wrap\">\n<div class=\"feature-benefit-full-bleed__content-wrap\">\n<div class=\"feature-benefit-full-bleed__content-inner \">\n<div class=\"feature-benefit-full-bleed__content-area\">\n<h2 class=\"feature-benefit-full-bleed__title\" data-font-size-pc=\"48\" data-font-size-mo=\"30\">Des yeux frais et dispos plus longtemps<\/h2>\n<p><strong class=\"feature-benefit-full-bleed__sub-title\" data-font-size-pc=\"28\" data-font-size-mo=\"16\">Mode Eye Saver et R\u00e9duction du scintillement de l&#8217;\u00e9cran<\/strong><\/p>\n<p class=\"feature-benefit-full-bleed__text\" data-font-size-pc=\"18\" data-font-size-mo=\"12\">Joue encore plus longtemps. Le mode Eye Saver r\u00e9duit suffisamment la lumi\u00e8re bleue pour permettre \u00e0 tes yeux de rester d\u00e9tendus et en forme lorsque tu joues pendant de longues heures. En outre, l&#8217;Odyssey G5 r\u00e9duit le scintillement fatigant et irritant de l&#8217;\u00e9cran, ce qui te permet de rester concentr\u00e9 plus longtemps avec moins de distraction ou de fatigue oculaire.<\/p>\n<p><span class=\"feature-benefit-full-bleed__disclaimer\">* Image simul\u00e9e \u00e0 des fins d&#8217;illustration.<\/span><\/p>\n<\/div>\n<\/div>\n<\/div>\n<figure class=\"feature-benefit-full-bleed__figure\">\n<div class=\"image image--dyn-height image--main-loaded\"><img decoding=\"async\" class=\"image__main responsive-img image--loaded\" src=\"https:\/\/images.samsung.com\/is\/image\/samsung\/p6pim\/ch_fr\/feature\/164897668\/ch_fr-feature-fresh-eyes-win-more-538960175?$FB_TYPE_K_JPG$\" alt=\"The screen is divided into two parts with the left side showing the ships without Eye Saver Mode with screen flickering, with the copies &quot;Eye Saver Mode OFF&quot; and &quot;Screen Flickering&quot; below. The right side shows the ships with Eye Saver Mode and less screen flickering with the copies &quot;Eye Saver Mode ON&quot; and &quot;Less Screen Flickering&quot; below. The left side of the screen is difficult to see with lines running across, distorting the scenery. The right side with technology enabled is clear and smooth.\" data-desktop-alt=\"The screen is divided into two parts with the left side showing the ships without Eye Saver Mode with screen flickering, with the copies &quot;Eye Saver Mode OFF&quot; and &quot;Screen Flickering&quot; below. The right side shows the ships with Eye Saver Mode and less screen flickering with the copies &quot;Eye Saver Mode ON&quot; and &quot;Less Screen Flickering&quot; below. The left side of the screen is difficult to see with lines running across, distorting the scenery. The right side with technology enabled is clear and smooth.\" data-comp-name=\"image\" data-desktop-src=\"\/\/images.samsung.com\/is\/image\/samsung\/p6pim\/ch_fr\/feature\/164897668\/ch_fr-feature-fresh-eyes-win-more-538960175?$FB_TYPE_K_JPG$\" data-mobile-alt=\"The screen is divided into two parts with the left side showing the ships without Eye Saver Mode with screen flickering, with the copies &quot;Eye Saver Mode OFF&quot; and &quot;Screen Flickering&quot; below. The right side shows the ships with Eye Saver Mode and less screen flickering with the copies &quot;Eye Saver Mode ON&quot; and &quot;Less Screen Flickering&quot; below. The left side of the screen is difficult to see with lines running across, distorting the scenery. The right side with technology enabled is clear and smooth.\" data-mobile-src=\"\/\/images.samsung.com\/is\/image\/samsung\/p6pim\/ch_fr\/feature\/164897668\/ch_fr-feature-fresh-eyes-win-more-538960176?$FB_TYPE_I_JPG$\" \/><\/div>\n<\/figure>\n<\/div>\n<\/section>\n<\/div>\n<div class=\"pd-g-product-award aem-GridColumn aem-GridColumn--default--12\"><\/div>\n<div class=\"pd-g-product-specs aem-GridColumn aem-GridColumn--default--12\">\n<section id=\"specs\" class=\"spec-highlight\">\n<h2 class=\"spec-highlight__headline\">Sp\u00e9cifications<\/h2>\n<div class=\"spec-highlight__main-specs\">\n<ul class=\"spec-highlight__list\" role=\"list\">\n<li class=\"spec-highlight__item\" role=\"listitem\">\n<div class=\"spec-highlight__inner\"><strong class=\"spec-highlight__title\">Forme de l&#8217;\u00e9cran<\/strong><span class=\"spec-highlight__value\">1000R<\/span><\/div>\n<\/li>\n<li class=\"spec-highlight__item\" role=\"listitem\">\n<div class=\"spec-highlight__inner\"><strong class=\"spec-highlight__title\">Rapport largeur\/hauteur<\/strong><span class=\"spec-highlight__value\">16:9<\/span><\/div>\n<\/li>\n<li class=\"spec-highlight__item\" role=\"listitem\">\n<div class=\"spec-highlight__inner\"><strong class=\"spec-highlight__title\">Luminosit\u00e9<\/strong><span class=\"spec-highlight__value\">300 cd\/\u33a1<\/span><\/div>\n<\/li>\n<li class=\"spec-highlight__item\" role=\"listitem\">\n<div class=\"spec-highlight__inner\"><strong class=\"spec-highlight__title\">Rapport de contraste statique<\/strong><span class=\"spec-highlight__value\">2.500:1(Typ.)<\/span><\/div>\n<\/li>\n<li class=\"spec-highlight__item\" role=\"listitem\">\n<div class=\"spec-highlight__inner\"><strong class=\"spec-highlight__title\">R\u00e9solution<\/strong><span class=\"spec-highlight__value\">2,560 x 1,440<\/span><\/div>\n<\/li>\n<li class=\"spec-highlight__item\" role=\"listitem\">\n<div class=\"spec-highlight__inner\"><strong class=\"spec-highlight__title\">Temps de r\u00e9ponse<\/strong><span class=\"spec-highlight__value\">1 (MPRT)<\/span><\/div>\n<\/li>\n<\/ul>\n<\/div>\n<\/section>\n<\/div>\n","protected":false},"excerpt":{"rendered":"<ul class=\"dot-list\" role=\"list\">\n<li class=\"dot-list__item\" role=\"listitem\"><span class=\"usp-text\">R\u00e9solution QHD avec une courbure de 1000R<\/span><\/li>\n<li class=\"dot-list__item\" role=\"listitem\"><span class=\"usp-text\">Taux de rafra\u00eechissement de 165Hz et temps de r\u00e9ponse de 1ms (MPRT)<\/span><\/li>\n<li class=\"dot-list__item\" role=\"listitem\"><span class=\"usp-text\">Auto Source Switch+ : d\u00e9tecte automatiquement les sources connect\u00e9es<\/span><\/li>\n<li class=\"dot-list__item\" role=\"listitem\"><span class=\"usp-text\">HDR10<\/span><\/li>\n<li class=\"dot-list__item\" role=\"listitem\"><span class=\"usp-text\">AMD FreeSync<\/span><\/li>\n<li class=\"dot-list__item\" role=\"listitem\"><span class=\"usp-text\">1x HDMI, 1x connecteur de port DP<\/span><\/li>\n<\/ul>\n","protected":false},"featured_media":12499,"comment_status":"open","ping_status":"closed","template":"","meta":{"_acf_changed":false,"_monsterinsights_skip_tracking":false,"_monsterinsights_sitenote_active":false,"_monsterinsights_sitenote_note":"","_monsterinsights_sitenote_category":0,"_uf_show_specific_survey":0,"_uf_disable_surveys":false,"_joinchat":[]},"product_brand":[],"product_cat":[259,239],"product_tag":[],"class_list":{"0":"post-12498","1":"product","2":"type-product","3":"status-publish","4":"has-post-thumbnail","6":"product_cat-ecran-pc","7":"product_cat-ecran-moniteur","9":"first","10":"outofstock","11":"sale","12":"shipping-taxable","13":"purchasable","14":"product-type-simple"},"acf":[],"jetpack_sharing_enabled":true,"_links":{"self":[{"href":"https:\/\/digistar.ma\/index.php?rest_route=\/wp\/v2\/product\/12498","targetHints":{"allow":["GET"]}}],"collection":[{"href":"https:\/\/digistar.ma\/index.php?rest_route=\/wp\/v2\/product"}],"about":[{"href":"https:\/\/digistar.ma\/index.php?rest_route=\/wp\/v2\/types\/product"}],"replies":[{"embeddable":true,"href":"https:\/\/digistar.ma\/index.php?rest_route=%2Fwp%2Fv2%2Fcomments&post=12498"}],"version-history":[{"count":3,"href":"https:\/\/digistar.ma\/index.php?rest_route=\/wp\/v2\/product\/12498\/revisions"}],"predecessor-version":[{"id":12587,"href":"https:\/\/digistar.ma\/index.php?rest_route=\/wp\/v2\/product\/12498\/revisions\/12587"}],"wp:featuredmedia":[{"embeddable":true,"href":"https:\/\/digistar.ma\/index.php?rest_route=\/wp\/v2\/media\/12499"}],"wp:attachment":[{"href":"https:\/\/digistar.ma\/index.php?rest_route=%2Fwp%2Fv2%2Fmedia&parent=12498"}],"wp:term":[{"taxonomy":"product_brand","embeddable":true,"href":"https:\/\/digistar.ma\/index.php?rest_route=%2Fwp%2Fv2%2Fproduct_brand&post=12498"},{"taxonomy":"product_cat","embeddable":true,"href":"https:\/\/digistar.ma\/index.php?rest_route=%2Fwp%2Fv2%2Fproduct_cat&post=12498"},{"taxonomy":"product_tag","embeddable":true,"href":"https:\/\/digistar.ma\/index.php?rest_route=%2Fwp%2Fv2%2Fproduct_tag&post=12498"}],"curies":[{"name":"wp","href":"https:\/\/api.w.org\/{rel}","templated":true}]}}