{"id":12504,"date":"2024-07-07T15:14:30","date_gmt":"2024-07-07T15:14:30","guid":{"rendered":"https:\/\/digistar.ma\/?post_type=product&#038;p=12504"},"modified":"2024-07-07T15:14:31","modified_gmt":"2024-07-07T15:14:31","slug":"ecran-gaming-24-pouces-full-hd-samsung-odyssey-g3","status":"publish","type":"product","link":"https:\/\/digistar.ma\/?product=ecran-gaming-24-pouces-full-hd-samsung-odyssey-g3","title":{"rendered":"\u00c9cran Gaming 24 pouces Full HD Samsung Odyssey G3"},"content":{"rendered":"<h3><strong>\u00c9cran Gaming 24 pouces Full HD Samsung Odyssey G3<\/strong><\/h3>\n<h2 class=\"h2-master\">Odyssey G3 : passez \u00e0 la vitesse sup\u00e9rieure !<\/h2>\n<section>En prenant les commandes du\u00a0<strong>moniteur<\/strong>\u00a0<strong>Samsung Odyssey G3 LS24AG320NMXZN<\/strong>, vous entrez dans un univers gaming optimis\u00e9 o\u00f9 les victoires s&#8217;encha\u00eenent en toute simplicit\u00e9. Retrouvez sur une dalle VA 24 pouces une belle image Full HD et des performances jeu \u00e0 la hauteur de vos ambitions (1 ms, 165 Hz, FreeSync Premium). En outre, ce mod\u00e8le dispose d&#8217;un positionnement facilement ajustable, de connecteurs HDMI et DisplayPort et d&#8217;une protection oculaire efficace. Il ne reste plus qu&#8217;\u00e0 vous installer et \u00e0 lancer la partie !<\/p>\n<\/section>\n<section>\n<div class=\"desc-image\"><img decoding=\"async\" src=\"https:\/\/media.ldlc.com\/bo\/images\/fiches\/moniteur%20led\/samsung\/odyssey_g3\/ag300\/fhd.jpg\" alt=\"\" \/><\/div>\n<div class=\"desc-text\">\n<h2>JOUEZ DANS LES MEILLEURES CONDITIONS<\/h2>\n<p>Le moniteur Odyssey G3 offre une belle\u00a0<strong>r\u00e9solution Full HD<\/strong>\u00a0sur une\u00a0<strong>dalle VA de 24 pouces<\/strong>.\u00a0B\u00e9n\u00e9ficiez d&#8217;un contraste sup\u00e9rieur et d&#8217;une belle richesse des couleurs pour retrouver toute l&#8217;ambiance de vos jeux pr\u00e9f\u00e9r\u00e9s.\u00a0Le design de cet \u00e9cran fait le jeu du minimalisme avec un cadre aux bords fins sur 3 c\u00f4t\u00e9s. C\u00f4t\u00e9 confort, vos yeux seront pr\u00e9serv\u00e9s gr\u00e2ce \u00e0 la\u00a0<strong>technologie FlickerFree<\/strong>\u00a0(anti-scintillement) et au\u00a0<strong>mode Eye Saver<\/strong>\u00a0(r\u00e9duction lumi\u00e8re bleue).<\/div>\n<\/section>\n<section>\n<div class=\"desc-text\">\n<h2>VISEZ LA VICTOIRE !<\/h2>\n<p>Les gamers pourront profiter de conditions optimales gr\u00e2ce \u00e0 des performances \u00e9lev\u00e9es. Ainsi, affrontez vos adversaires en toute s\u00e9r\u00e9nit\u00e9 avec un\u00a0<strong>temps de r\u00e9ponse ultra-rapide de 1 ms<\/strong>\u00a0et\u00a0une\u00a0<strong>fr\u00e9quence de rafra\u00eechissement maximale de 165 Hz<\/strong>. En outre, cet \u00e9cran\u00a0gaming int\u00e8gre\u00a0<strong>AMD FreeSync Premium<\/strong>\u00a0pour des sessions fluides sans d\u00e9chirures d&#8217;image.<\/p>\n<p>Pour r\u00e9ussir votre qu\u00eate, le\u00a0<strong>design ergonomique<\/strong>\u00a0de ce moniteur Samsung vous assure des parties confortables. Ajustez la hauteur, l&#8217;inclinaison, la rotation ou encore le mode portrait\/paysage en fonction de vos pr\u00e9f\u00e9rences !<\/p>\n<\/div>\n<div class=\"desc-image\"><img decoding=\"async\" src=\"https:\/\/media.ldlc.com\/bo\/images\/fiches\/moniteur%20led\/samsung\/odyssey_g3\/ag300\/freesync.jpg\" alt=\"\" \/><\/div>\n<\/section>\n<section class=\"list\">\n<h2>CARACT\u00c9RISTIQUES PRINCIPALES <strong>\u00c9cran Gaming 24 pouces Full HD Samsung Odyssey G3<\/strong><\/h2>\n<ul>\n<li><strong>Moniteur LED de 24 pouces<\/strong>\u00a0avec r\u00e9solution\u00a0<strong>Full HD (1920 x 1080)<\/strong><\/li>\n<li><strong>Dalle VA\u00a0<\/strong>\u00a0: immersion sup\u00e9rieure<\/li>\n<li>Design fin sur 3 c\u00f4t\u00e9s pour une installation multi-\u00e9cran confortable<\/li>\n<li><strong>AMD FreeSync Premium<\/strong><\/li>\n<li>Affichage fluide avec un temps de r\u00e9ponse de\u00a0<strong>1 ms (MPRT)<\/strong><\/li>\n<li><strong>Taux de rafra\u00eechissement maximal 165 Hz<\/strong><\/li>\n<li>Connecteurs :\u00a0HDMI 1.4 + DisplayPort 1.2<\/li>\n<li>Meilleur confort oculaire avec le mode\u00a0Eye Saver\u00a0et la technologie\u00a0Flicker Free<\/li>\n<li><strong>Pied ajustable<\/strong>\u00a0: inclinaison, hauteur (120 mm), pivot, rotation<\/li>\n<\/ul>\n<\/section>\n","protected":false},"excerpt":{"rendered":"<ul>\n<li><strong>Moniteur LED de 24 pouces<\/strong>\u00a0avec r\u00e9solution\u00a0<strong>Full HD (1920 x 1080)<\/strong><\/li>\n<li><strong>Dalle VA\u00a0<\/strong>\u00a0: immersion sup\u00e9rieure<\/li>\n<li>Design fin sur 3 c\u00f4t\u00e9s pour une installation multi-\u00e9cran confortable<\/li>\n<li><strong>AMD FreeSync Premium<\/strong><\/li>\n<li>Affichage fluide avec un temps de r\u00e9ponse de\u00a0<strong>1 ms (MPRT)<\/strong><\/li>\n<li><strong>Taux de rafra\u00eechissement maximal 165 Hz<\/strong><\/li>\n<li>Connecteurs :\u00a0HDMI 1.4 + DisplayPort 1.2<\/li>\n<li>Meilleur confort oculaire avec le mode\u00a0Eye Saver\u00a0et la technologie\u00a0Flicker Free<\/li>\n<li><strong>Pied ajustable<\/strong>\u00a0: inclinaison, hauteur (120 mm), pivot, rotation<\/li>\n<\/ul>\n","protected":false},"featured_media":12505,"comment_status":"open","ping_status":"closed","template":"","meta":{"_acf_changed":false,"_monsterinsights_skip_tracking":false,"_monsterinsights_sitenote_active":false,"_monsterinsights_sitenote_note":"","_monsterinsights_sitenote_category":0,"_uf_show_specific_survey":0,"_uf_disable_surveys":false,"_joinchat":[]},"product_brand":[],"product_cat":[239,259],"product_tag":[],"class_list":{"0":"post-12504","1":"product","2":"type-product","3":"status-publish","4":"has-post-thumbnail","6":"product_cat-ecran-moniteur","7":"product_cat-ecran-pc","9":"first","10":"instock","11":"sale","12":"shipping-taxable","13":"purchasable","14":"product-type-simple"},"acf":[],"jetpack_sharing_enabled":true,"_links":{"self":[{"href":"https:\/\/digistar.ma\/index.php?rest_route=\/wp\/v2\/product\/12504","targetHints":{"allow":["GET"]}}],"collection":[{"href":"https:\/\/digistar.ma\/index.php?rest_route=\/wp\/v2\/product"}],"about":[{"href":"https:\/\/digistar.ma\/index.php?rest_route=\/wp\/v2\/types\/product"}],"replies":[{"embeddable":true,"href":"https:\/\/digistar.ma\/index.php?rest_route=%2Fwp%2Fv2%2Fcomments&post=12504"}],"version-history":[{"count":1,"href":"https:\/\/digistar.ma\/index.php?rest_route=\/wp\/v2\/product\/12504\/revisions"}],"predecessor-version":[{"id":12509,"href":"https:\/\/digistar.ma\/index.php?rest_route=\/wp\/v2\/product\/12504\/revisions\/12509"}],"wp:featuredmedia":[{"embeddable":true,"href":"https:\/\/digistar.ma\/index.php?rest_route=\/wp\/v2\/media\/12505"}],"wp:attachment":[{"href":"https:\/\/digistar.ma\/index.php?rest_route=%2Fwp%2Fv2%2Fmedia&parent=12504"}],"wp:term":[{"taxonomy":"product_brand","embeddable":true,"href":"https:\/\/digistar.ma\/index.php?rest_route=%2Fwp%2Fv2%2Fproduct_brand&post=12504"},{"taxonomy":"product_cat","embeddable":true,"href":"https:\/\/digistar.ma\/index.php?rest_route=%2Fwp%2Fv2%2Fproduct_cat&post=12504"},{"taxonomy":"product_tag","embeddable":true,"href":"https:\/\/digistar.ma\/index.php?rest_route=%2Fwp%2Fv2%2Fproduct_tag&post=12504"}],"curies":[{"name":"wp","href":"https:\/\/api.w.org\/{rel}","templated":true}]}}