{"id":12541,"date":"2024-07-21T18:30:24","date_gmt":"2024-07-21T18:30:24","guid":{"rendered":"https:\/\/digistar.ma\/?post_type=product&#038;p=12541"},"modified":"2024-07-21T18:30:24","modified_gmt":"2024-07-21T18:30:24","slug":"epson-115-magenta-bouteille-dencre-epson-ecotank-dorigine","status":"publish","type":"product","link":"https:\/\/digistar.ma\/?product=epson-115-magenta-bouteille-dencre-epson-ecotank-dorigine","title":{"rendered":"Epson 115 Magenta Bouteille d&#8217;encre Epson EcoTank d&#8217;origine"},"content":{"rendered":"<h3>Epson 115 Magenta Bouteille d&#8217;encre Epson EcoTank d&#8217;origine<\/h3>\n<h4>IMPRESSION DE QUALIT\u00c9 PROFESSIONNELLE<\/h4>\n<p>Faites des \u00e9conomies avec la\u00a0bouteille\u00a0d\u2019encre authentique\u00a0<strong>Epson 115 EcoTank\u00a0<\/strong>de 70 ml.\u00a0Cette encre \u00e0 s\u00e9chage rapide vous aidera lors de l\u2019impression de documents professionnels pour une r\u00e9sistance accrue \u00e0 l\u2019eau et au jaunissement.<\/p>\n<p><strong>Compatibilit\u00e9<\/strong><\/p>\n<p>La bouteille d\u2019encre noire Epson 115 est parfaitement compatible avec les imprimantes Epson EcoTank suivantes : Epson EcoTank L8100 S\u00e9ries, Epson EcoTank L8160, Epson EcoTank L8180.<\/p>\n<p><strong>Performances d\u2019impression exceptionnelles<\/strong><\/p>\n<p>Profitez d\u2019une impression nette et pr\u00e9cise avec des noirs profonds et des textes parfaitement lisibles, le tout avec une r\u00e9sistance \u00e0 la lumi\u00e8re et \u00e0 l\u2019eau pour des documents durables. L\u2019encre noire Epson 115 restitue fid\u00e8lement les couleurs vives et \u00e9clatantes de vos images, pour des impressions de qualit\u00e9 photographique.<\/p>\n<p><strong>Capacit\u00e9 \u00e9lev\u00e9e et \u00e9conomie<\/strong><\/p>\n<p>Avec sa g\u00e9n\u00e9reuse capacit\u00e9 de 70 ml, cette bouteille d\u2019encre noire permet d\u2019imprimer jusqu\u2019\u00e0 7 500 pages, vous offrant un excellent rapport qualit\u00e9-prix et vous permettant de r\u00e9aliser des \u00e9conomies consid\u00e9rables sur vos co\u00fbts d\u2019impression.<\/p>\n<p><strong>Engagement \u00e9cologique<\/strong><\/p>\n<p>En choisissant l\u2019encre d\u2019origine Epson 115, vous faites un geste pour l\u2019environnement. La conception unique des bouteilles d\u2019encre Epson EcoTank r\u00e9duit les d\u00e9chets d\u2019emballage et minimise l\u2019impact environnemental de l\u2019impression.<\/p>\n<p><strong>Facilit\u00e9 d\u2019utilisation<\/strong><\/p>\n<p>Le remplissage de votre r\u00e9servoir d\u2019encre noir avec la bouteille Epson 115 noire est simple, rapide et sans risque de fuite. Suivez simplement les instructions fournies avec votre imprimante Epson EcoTank et profitez d\u2019une impression sans tracas.<\/p>\n","protected":false},"excerpt":{"rendered":"<ul>\n<li>Type d\u2019imprimante : Jet d\u2019encre<\/li>\n<li>Contenu : 70 ml<\/li>\n<li>Bouteille d\u2019encre Magenta<\/li>\n<li>Compatibilit\u00e9 : Epson EcoTank L8100 S\u00e9ries, Epson EcoTank L8160, Epson EcoTank L8180.<\/li>\n<\/ul>\n","protected":false},"featured_media":12543,"comment_status":"open","ping_status":"closed","template":"","meta":{"_acf_changed":false,"_monsterinsights_skip_tracking":false,"_monsterinsights_sitenote_active":false,"_monsterinsights_sitenote_note":"","_monsterinsights_sitenote_category":0,"_uf_show_specific_survey":0,"_uf_disable_surveys":false,"_joinchat":[]},"product_brand":[],"product_cat":[238,251,380],"product_tag":[],"class_list":{"0":"post-12541","1":"product","2":"type-product","3":"status-publish","4":"has-post-thumbnail","6":"product_cat-consommables","7":"product_cat-bouteille-dencre","8":"product_cat-epson","10":"first","11":"instock","12":"sale","13":"shipping-taxable","14":"purchasable","15":"product-type-simple"},"acf":[],"jetpack_sharing_enabled":true,"_links":{"self":[{"href":"https:\/\/digistar.ma\/index.php?rest_route=\/wp\/v2\/product\/12541","targetHints":{"allow":["GET"]}}],"collection":[{"href":"https:\/\/digistar.ma\/index.php?rest_route=\/wp\/v2\/product"}],"about":[{"href":"https:\/\/digistar.ma\/index.php?rest_route=\/wp\/v2\/types\/product"}],"replies":[{"embeddable":true,"href":"https:\/\/digistar.ma\/index.php?rest_route=%2Fwp%2Fv2%2Fcomments&post=12541"}],"version-history":[{"count":1,"href":"https:\/\/digistar.ma\/index.php?rest_route=\/wp\/v2\/product\/12541\/revisions"}],"predecessor-version":[{"id":12545,"href":"https:\/\/digistar.ma\/index.php?rest_route=\/wp\/v2\/product\/12541\/revisions\/12545"}],"wp:featuredmedia":[{"embeddable":true,"href":"https:\/\/digistar.ma\/index.php?rest_route=\/wp\/v2\/media\/12543"}],"wp:attachment":[{"href":"https:\/\/digistar.ma\/index.php?rest_route=%2Fwp%2Fv2%2Fmedia&parent=12541"}],"wp:term":[{"taxonomy":"product_brand","embeddable":true,"href":"https:\/\/digistar.ma\/index.php?rest_route=%2Fwp%2Fv2%2Fproduct_brand&post=12541"},{"taxonomy":"product_cat","embeddable":true,"href":"https:\/\/digistar.ma\/index.php?rest_route=%2Fwp%2Fv2%2Fproduct_cat&post=12541"},{"taxonomy":"product_tag","embeddable":true,"href":"https:\/\/digistar.ma\/index.php?rest_route=%2Fwp%2Fv2%2Fproduct_tag&post=12541"}],"curies":[{"name":"wp","href":"https:\/\/api.w.org\/{rel}","templated":true}]}}