{"id":12622,"date":"2024-08-19T20:44:52","date_gmt":"2024-08-19T20:44:52","guid":{"rendered":"https:\/\/digistar.ma\/?post_type=product&#038;p=12622"},"modified":"2024-08-19T20:44:52","modified_gmt":"2024-08-19T20:44:52","slug":"sac-a-dos-rivacase-regent-8067-pour-ordinateurs-portables-15-6-pouces","status":"publish","type":"product","link":"https:\/\/digistar.ma\/?product=sac-a-dos-rivacase-regent-8067-pour-ordinateurs-portables-15-6-pouces","title":{"rendered":"Sac \u00e0 dos Rivacase Regent 8067 pour ordinateurs portables 15.6 Pouces"},"content":{"rendered":"<p>Sac \u00e0 dos Rivacase Regent 8067 pour ordinateurs portables 15.6 Pouces<\/p>\n<p>Sac \u00e0 dos pour ordinateur portable jusqu&#8217;\u00e0 15.6 po.<\/p>\n<p>Sac \u00e0 dos id\u00e9al pour les voyages &#8211; Fabriqu\u00e9 en mat\u00e9riau synth\u00e9tique dense &#8211; Section spacieuse avec une fermeture \u00e9clair &#8211; Poche frontale &#8211; Deux poches lat\u00e9rales &#8211; Double fermeture &#8211; Bretelles avec coussins adoucissants<\/p>\n<p>Description produit:<\/p>\n<p>\u2022 Sac \u00e0 dos id\u00e9al pour tous types de d\u00e9placements, voyages d&#8217;affaires ou touristiques.<br \/>\n\u2022 Fabriqu\u00e9 polyester de haute qualit\u00e9 pour proteger votre ordinateur contre les accidents.<br \/>\n\u2022 Le compartiment principal pour l&#8217;ordinateur portable avec chargement verticale, a des parois rembourr\u00e9es et une sangle pour fixer solidement votre ordinateur portable de 15,6.<br \/>\n\u2022 Fermeture \u00e9clair \u00e0 double curseur pour un acc\u00e8s rapide et facile.<br \/>\n\u2022 1 poche int\u00e9rieure pour ranger cartes de visites, accessoires et un smartphone.<br \/>\n\u2022 Poign\u00e9e et bretelles rembourr\u00e9es pour plus de confort m\u00eame durant de longs voyages.<br \/>\n\u2022 2 poches lat\u00e9rales pour ranger une bouteille d&#8217;eau ou un parapluie.<\/p>\n<p>&nbsp;<\/p>\n<div class=\"product-fields\"><strong>Poids:<\/strong>\u00a00.68 Kg<\/div>\n<div class=\"product-fields\"><strong>Dimensions ext\u00e9rieures:\u00a0<\/strong>310x460x200 mm<\/div>\n<div class=\"product-fields\">\n<div class=\"product-field product-field-type-E\"><span class=\"product-fields-title-wrapper\"><span class=\"product-fields-title\"><strong>Doublure:<\/strong><\/span>\u00a0<\/span><span class=\"product-field-display\"><span class=\"cf4all_customvalues_wrapper\"><span id=\"cf4all_option_43\" class=\"cf4all_option \">Polyester<\/span><\/span><\/span><\/div>\n<div class=\"product-field product-field-type-E\"><span class=\"product-fields-title-wrapper\"><span class=\"product-fields-title\"><strong>Mati\u00e8re:<\/strong><\/span>\u00a0<\/span><span class=\"product-field-display\"><span class=\"cf4all_customvalues_wrapper\"><span id=\"cf4all_option_36\" class=\"cf4all_option \">Polyester<\/span><\/span><\/span><\/div>\n<div class=\"product-field product-field-type-E\"><span class=\"product-fields-title-wrapper\"><span class=\"product-fields-title\"><strong>Capacit\u00e9:<\/strong><\/span>\u00a0<\/span><span class=\"product-field-display\"><span class=\"cf4all_customvalues_wrapper\"><span id=\"cf4all_option_310\" class=\"cf4all_option \">23<\/span>\u00a0<\/span>l<\/span><\/div>\n<\/div>\n<div class=\"product-fields\">\n<div class=\"product-fields\"><strong>Laptop pocket size<\/strong>\u00a0275x400x35 mm<\/div>\n<\/div>\n<p>&nbsp;<\/p>\n","protected":false},"excerpt":{"rendered":"<div class=\"product-fields\"><strong>Poids:<\/strong>\u00a00.68 Kg<\/div>\n<div class=\"product-fields\"><strong>Dimensions ext\u00e9rieures:\u00a0<\/strong>310x460x200 mm<\/div>\n<div class=\"product-fields\">\n<div class=\"product-field product-field-type-E\"><span class=\"product-fields-title-wrapper\"><span class=\"product-fields-title\"><strong>Doublure:<\/strong><\/span>\u00a0<\/span><span class=\"product-field-display\"><span class=\"cf4all_customvalues_wrapper\"><span id=\"cf4all_option_43\" class=\"cf4all_option \">Polyester<\/span><\/span><\/span><\/div>\n<div class=\"product-field product-field-type-E\"><span class=\"product-fields-title-wrapper\"><span class=\"product-fields-title\"><strong>Mati\u00e8re:<\/strong><\/span>\u00a0<\/span><span class=\"product-field-display\"><span class=\"cf4all_customvalues_wrapper\"><span id=\"cf4all_option_36\" class=\"cf4all_option \">Polyester<\/span><\/span><\/span><\/div>\n<div class=\"product-field product-field-type-E\"><span class=\"product-fields-title-wrapper\"><span class=\"product-fields-title\"><strong>Capacit\u00e9:<\/strong><\/span>\u00a0<\/span><span class=\"product-field-display\"><span class=\"cf4all_customvalues_wrapper\"><span id=\"cf4all_option_310\" class=\"cf4all_option \">23<\/span>\u00a0<\/span>l<\/span><\/div>\n<\/div>\n<div class=\"product-fields\">\n<div class=\"product-fields\"><strong>Laptop pocket size<\/strong>\u00a0275x400x35 mm<\/div>\n<\/div>\n","protected":false},"featured_media":12623,"comment_status":"open","ping_status":"closed","template":"","meta":{"_acf_changed":false,"_monsterinsights_skip_tracking":false,"_monsterinsights_sitenote_active":false,"_monsterinsights_sitenote_note":"","_monsterinsights_sitenote_category":0,"_uf_show_specific_survey":0,"_uf_disable_surveys":false,"_joinchat":[]},"product_brand":[],"product_cat":[257,306],"product_tag":[],"class_list":{"0":"post-12622","1":"product","2":"type-product","3":"status-publish","4":"has-post-thumbnail","6":"product_cat-sacoche-et-sac-a-dos","7":"product_cat-sac-a-dos-pc-portable","9":"first","10":"instock","11":"sale","12":"shipping-taxable","13":"purchasable","14":"product-type-simple"},"acf":[],"jetpack_sharing_enabled":true,"_links":{"self":[{"href":"https:\/\/digistar.ma\/index.php?rest_route=\/wp\/v2\/product\/12622","targetHints":{"allow":["GET"]}}],"collection":[{"href":"https:\/\/digistar.ma\/index.php?rest_route=\/wp\/v2\/product"}],"about":[{"href":"https:\/\/digistar.ma\/index.php?rest_route=\/wp\/v2\/types\/product"}],"replies":[{"embeddable":true,"href":"https:\/\/digistar.ma\/index.php?rest_route=%2Fwp%2Fv2%2Fcomments&post=12622"}],"version-history":[{"count":1,"href":"https:\/\/digistar.ma\/index.php?rest_route=\/wp\/v2\/product\/12622\/revisions"}],"predecessor-version":[{"id":12629,"href":"https:\/\/digistar.ma\/index.php?rest_route=\/wp\/v2\/product\/12622\/revisions\/12629"}],"wp:featuredmedia":[{"embeddable":true,"href":"https:\/\/digistar.ma\/index.php?rest_route=\/wp\/v2\/media\/12623"}],"wp:attachment":[{"href":"https:\/\/digistar.ma\/index.php?rest_route=%2Fwp%2Fv2%2Fmedia&parent=12622"}],"wp:term":[{"taxonomy":"product_brand","embeddable":true,"href":"https:\/\/digistar.ma\/index.php?rest_route=%2Fwp%2Fv2%2Fproduct_brand&post=12622"},{"taxonomy":"product_cat","embeddable":true,"href":"https:\/\/digistar.ma\/index.php?rest_route=%2Fwp%2Fv2%2Fproduct_cat&post=12622"},{"taxonomy":"product_tag","embeddable":true,"href":"https:\/\/digistar.ma\/index.php?rest_route=%2Fwp%2Fv2%2Fproduct_tag&post=12622"}],"curies":[{"name":"wp","href":"https:\/\/api.w.org\/{rel}","templated":true}]}}