{"id":12646,"date":"2024-08-19T21:20:35","date_gmt":"2024-08-19T21:20:35","guid":{"rendered":"https:\/\/digistar.ma\/?post_type=product&#038;p=12646"},"modified":"2024-08-19T21:20:36","modified_gmt":"2024-08-19T21:20:36","slug":"sacoche-fine-rivacase-orly-8920-pour-ordinateurs-portables-13-3-pouces","status":"publish","type":"product","link":"https:\/\/digistar.ma\/?product=sacoche-fine-rivacase-orly-8920-pour-ordinateurs-portables-13-3-pouces","title":{"rendered":"Sacoche Fine Rivacase Orly 8920 pour ordinateurs portables 13.3 Pouces"},"content":{"rendered":"<h4>Sacoche Fine Rivacase Orly 8920 pour ordinateurs portables 13.3 Pouces<\/h4>\n<p>Sacoche pour ordinateur portable de 13,3&#8221;.<br \/>\nDescription produit :<\/p>\n<p>\u2022 Saccoche ultrafine et compacte pour ordinateurs portables jusqu&#8217;\u00e0 13,3&#8221;.<br \/>\n\u2022 Con\u00e7ue pour Macbook Pro et Air de 13,3&#8221;, fabriqu\u00e9e en simili cuir de haute qualit\u00e9.<br \/>\n\u2022 C\u00f4t\u00e9s rembourr\u00e9s pour une protection suppl\u00e9mentaire contre les accidents.<br \/>\n\u2022 Section pour ranger les documents et une section pour une tablette jusqu&#8217;\u00e0 10,1&#8221;.<br \/>\n\u2022 Poche int\u00e9rieure pour passeport et portefeuille.<br \/>\n\u2022 Doublure int\u00e9rieure claire.<br \/>\n\u2022 Poign\u00e9es constitu\u00e9es de sangles cousues tout le long du sac afin de consolider la structure du sac et permettant de transporter presque n&#8217;importe quel poids.<br \/>\n\u2022 Poign\u00e9es rembourr\u00e9es pour plus de confort, bandouli\u00e8re amovible et r\u00e9glable.<\/p>\n<p>&nbsp;<\/p>\n<div class=\"product-fields\"><strong>Poids:<\/strong>\u00a00.395 Kg<\/div>\n<div class=\"product-fields\"><strong>Dimensions ext\u00e9rieures:\u00a0<\/strong>345x250x50 mm<\/div>\n<div class=\"product-fields\">\n<div class=\"product-field product-field-type-E\"><span class=\"product-fields-title-wrapper\"><span class=\"product-fields-title\"><strong>Doublure:<\/strong><\/span>\u00a0<\/span><span class=\"product-field-display\"><span class=\"cf4all_customvalues_wrapper\"><span id=\"cf4all_option_43\" class=\"cf4all_option \">Polyester<\/span><\/span><\/span><\/div>\n<div class=\"product-field product-field-type-E\"><span class=\"product-fields-title-wrapper\"><span class=\"product-fields-title\"><strong>Mati\u00e8re:<\/strong><\/span>\u00a0<\/span><span class=\"product-field-display\"><span class=\"cf4all_customvalues_wrapper\"><span id=\"cf4all_option_35\" class=\"cf4all_option \">Polyur\u00e9thane<\/span><\/span><\/span><\/div>\n<\/div>\n<div class=\"product-fields\">\n<div class=\"product-fields\"><strong>Laptop pocket size<\/strong>\u00a0340x233x30 mm<\/div>\n<\/div>\n","protected":false},"excerpt":{"rendered":"<div class=\"product-fields\"><strong>Poids:<\/strong>\u00a00.395 Kg<\/div>\n<div class=\"product-fields\"><strong>Dimensions ext\u00e9rieures:\u00a0<\/strong>345x250x50 mm<\/div>\n<div class=\"product-fields\">\n<div class=\"product-field product-field-type-E\"><span class=\"product-fields-title-wrapper\"><span class=\"product-fields-title\"><strong>Doublure:<\/strong><\/span>\u00a0<\/span><span class=\"product-field-display\"><span class=\"cf4all_customvalues_wrapper\"><span id=\"cf4all_option_43\" class=\"cf4all_option \">Polyester<\/span><\/span><\/span><\/div>\n<div class=\"product-field product-field-type-E\"><span class=\"product-fields-title-wrapper\"><span class=\"product-fields-title\"><strong>Mati\u00e8re:<\/strong><\/span>\u00a0<\/span><span class=\"product-field-display\"><span class=\"cf4all_customvalues_wrapper\"><span id=\"cf4all_option_35\" class=\"cf4all_option \">Polyur\u00e9thane<\/span><\/span><\/span><\/div>\n<\/div>\n<div class=\"product-fields\">\n<div class=\"product-fields\"><strong>Laptop pocket size<\/strong>\u00a0340x233x30 mm<\/div>\n<\/div>\n","protected":false},"featured_media":12647,"comment_status":"open","ping_status":"closed","template":"","meta":{"_acf_changed":false,"_monsterinsights_skip_tracking":false,"_monsterinsights_sitenote_active":false,"_monsterinsights_sitenote_note":"","_monsterinsights_sitenote_category":0,"_uf_show_specific_survey":0,"_uf_disable_surveys":false,"_joinchat":[]},"product_brand":[],"product_cat":[257,304],"product_tag":[],"class_list":{"0":"post-12646","1":"product","2":"type-product","3":"status-publish","4":"has-post-thumbnail","6":"product_cat-sacoche-et-sac-a-dos","7":"product_cat-sacoche-pc-portable","9":"first","10":"instock","11":"sale","12":"shipping-taxable","13":"purchasable","14":"product-type-simple"},"acf":[],"jetpack_sharing_enabled":true,"_links":{"self":[{"href":"https:\/\/digistar.ma\/index.php?rest_route=\/wp\/v2\/product\/12646","targetHints":{"allow":["GET"]}}],"collection":[{"href":"https:\/\/digistar.ma\/index.php?rest_route=\/wp\/v2\/product"}],"about":[{"href":"https:\/\/digistar.ma\/index.php?rest_route=\/wp\/v2\/types\/product"}],"replies":[{"embeddable":true,"href":"https:\/\/digistar.ma\/index.php?rest_route=%2Fwp%2Fv2%2Fcomments&post=12646"}],"version-history":[{"count":1,"href":"https:\/\/digistar.ma\/index.php?rest_route=\/wp\/v2\/product\/12646\/revisions"}],"predecessor-version":[{"id":12657,"href":"https:\/\/digistar.ma\/index.php?rest_route=\/wp\/v2\/product\/12646\/revisions\/12657"}],"wp:featuredmedia":[{"embeddable":true,"href":"https:\/\/digistar.ma\/index.php?rest_route=\/wp\/v2\/media\/12647"}],"wp:attachment":[{"href":"https:\/\/digistar.ma\/index.php?rest_route=%2Fwp%2Fv2%2Fmedia&parent=12646"}],"wp:term":[{"taxonomy":"product_brand","embeddable":true,"href":"https:\/\/digistar.ma\/index.php?rest_route=%2Fwp%2Fv2%2Fproduct_brand&post=12646"},{"taxonomy":"product_cat","embeddable":true,"href":"https:\/\/digistar.ma\/index.php?rest_route=%2Fwp%2Fv2%2Fproduct_cat&post=12646"},{"taxonomy":"product_tag","embeddable":true,"href":"https:\/\/digistar.ma\/index.php?rest_route=%2Fwp%2Fv2%2Fproduct_tag&post=12646"}],"curies":[{"name":"wp","href":"https:\/\/api.w.org\/{rel}","templated":true}]}}