{"id":12658,"date":"2024-08-19T21:43:06","date_gmt":"2024-08-19T21:43:06","guid":{"rendered":"https:\/\/digistar.ma\/?post_type=product&#038;p=12658"},"modified":"2024-08-19T21:43:06","modified_gmt":"2024-08-19T21:43:06","slug":"sac-a-dos-rivacase-komodo-8065-pour-ordinateurs-portables-15-6-pouces","status":"publish","type":"product","link":"https:\/\/digistar.ma\/?product=sac-a-dos-rivacase-komodo-8065-pour-ordinateurs-portables-15-6-pouces","title":{"rendered":"Sac \u00e0 dos Rivacase Komodo 8065 pour ordinateurs portables 15.6 Pouces"},"content":{"rendered":"<h4>Sac \u00e0 dos Rivacase Komodo 8065 pour ordinateurs portables 15.6 Pouces<\/h4>\n<p>Sac \u00e0 dos pour ordinateur portable de 15,6&#8221;<\/p>\n<p>Description produit :<\/p>\n<p>\u2022 Sac \u00e0 dos \u00e9conomique et spacieux, pour ordinateur portable jusqu&#8217;\u00e0 15,6&#8221;<br \/>\n\u2022 Fabriqu\u00e9 en polyester durable et rembourr\u00e9 pour une protection suppl\u00e9mentaire.<br \/>\n\u2022 1 compartiment principal pour ranger un ordinateur de mani\u00e8re verticale avec des c\u00f4t\u00e9s rembourr\u00e9s et une sangle pour le maintenir en toute s\u00e9curit\u00e9.<br \/>\n\u2022 1 compartiement int\u00e9rieur pour ranger une tablette jusqu&#8217;\u00e0 10,1&#8221;.<br \/>\n\u2022 Fermeture \u00e9clair \u00e0 double curseur pour un acc\u00e8s rapide et facile.<br \/>\n\u2022 Poign\u00e9e et bretelles rembourr\u00e9es pour plus de confort m\u00eame durant de longs voyages.<br \/>\n\u2022 2 poches avant pour ranger accessoires, cartes de visite et smartphone.<\/p>\n<p>&nbsp;<\/p>\n<div class=\"product-fields\"><strong>Poids:<\/strong>\u00a00.425 Kg<\/div>\n<div class=\"product-fields\"><strong>Dimensions ext\u00e9rieures:\u00a0<\/strong>310x440x120 mm<\/div>\n<div class=\"product-fields\">\n<div class=\"product-field product-field-type-E\"><span class=\"product-fields-title-wrapper\"><span class=\"product-fields-title\"><strong>Doublure:<\/strong><\/span>\u00a0<\/span><span class=\"product-field-display\"><span class=\"cf4all_customvalues_wrapper\"><span id=\"cf4all_option_43\" class=\"cf4all_option \">Polyester<\/span><\/span><\/span><\/div>\n<div class=\"product-field product-field-type-E\"><span class=\"product-fields-title-wrapper\"><span class=\"product-fields-title\"><strong>Mati\u00e8re:<\/strong><\/span>\u00a0<\/span><span class=\"product-field-display\"><span class=\"cf4all_customvalues_wrapper\"><span id=\"cf4all_option_36\" class=\"cf4all_option \">Polyester<\/span><\/span><\/span><\/div>\n<div class=\"product-field product-field-type-E\"><span class=\"product-fields-title-wrapper\"><span class=\"product-fields-title\"><strong>Capacit\u00e9:<\/strong><\/span>\u00a0<\/span><span class=\"product-field-display\"><span class=\"cf4all_customvalues_wrapper\"><span id=\"cf4all_option_304\" class=\"cf4all_option \">15<\/span>\u00a0<\/span>l<\/span><\/div>\n<\/div>\n<div class=\"product-fields\">\n<div class=\"product-fields\"><strong>Laptop pocket size<\/strong>\u00a0290x385x45 mm<\/div>\n<\/div>\n","protected":false},"excerpt":{"rendered":"<div class=\"product-fields\"><strong>Poids:<\/strong>\u00a00.425 Kg<\/div>\n<div class=\"product-fields\"><strong>Dimensions ext\u00e9rieures:\u00a0<\/strong>310x440x120 mm<\/div>\n<div class=\"product-fields\">\n<div class=\"product-field product-field-type-E\"><span class=\"product-fields-title-wrapper\"><span class=\"product-fields-title\"><strong>Doublure:<\/strong><\/span>\u00a0<\/span><span class=\"product-field-display\"><span class=\"cf4all_customvalues_wrapper\"><span id=\"cf4all_option_43\" class=\"cf4all_option \">Polyester<\/span><\/span><\/span><\/div>\n<div class=\"product-field product-field-type-E\"><span class=\"product-fields-title-wrapper\"><span class=\"product-fields-title\"><strong>Mati\u00e8re:<\/strong><\/span>\u00a0<\/span><span class=\"product-field-display\"><span class=\"cf4all_customvalues_wrapper\"><span id=\"cf4all_option_36\" class=\"cf4all_option \">Polyester<\/span><\/span><\/span><\/div>\n<div class=\"product-field product-field-type-E\"><span class=\"product-fields-title-wrapper\"><span class=\"product-fields-title\"><strong>Capacit\u00e9:<\/strong><\/span>\u00a0<\/span><span class=\"product-field-display\"><span class=\"cf4all_customvalues_wrapper\"><span id=\"cf4all_option_304\" class=\"cf4all_option \">15<\/span>\u00a0<\/span>l<\/span><\/div>\n<\/div>\n<div class=\"product-fields\">\n<div class=\"product-fields\"><strong>Laptop pocket size<\/strong>\u00a0290x385x45 mm<\/div>\n<\/div>\n","protected":false},"featured_media":12659,"comment_status":"open","ping_status":"closed","template":"","meta":{"_acf_changed":false,"_monsterinsights_skip_tracking":false,"_monsterinsights_sitenote_active":false,"_monsterinsights_sitenote_note":"","_monsterinsights_sitenote_category":0,"_uf_show_specific_survey":0,"_uf_disable_surveys":false,"_joinchat":[]},"product_brand":[],"product_cat":[257,306],"product_tag":[],"class_list":{"0":"post-12658","1":"product","2":"type-product","3":"status-publish","4":"has-post-thumbnail","6":"product_cat-sacoche-et-sac-a-dos","7":"product_cat-sac-a-dos-pc-portable","9":"first","10":"instock","11":"sale","12":"shipping-taxable","13":"purchasable","14":"product-type-simple"},"acf":[],"jetpack_sharing_enabled":true,"_links":{"self":[{"href":"https:\/\/digistar.ma\/index.php?rest_route=\/wp\/v2\/product\/12658","targetHints":{"allow":["GET"]}}],"collection":[{"href":"https:\/\/digistar.ma\/index.php?rest_route=\/wp\/v2\/product"}],"about":[{"href":"https:\/\/digistar.ma\/index.php?rest_route=\/wp\/v2\/types\/product"}],"replies":[{"embeddable":true,"href":"https:\/\/digistar.ma\/index.php?rest_route=%2Fwp%2Fv2%2Fcomments&post=12658"}],"version-history":[{"count":1,"href":"https:\/\/digistar.ma\/index.php?rest_route=\/wp\/v2\/product\/12658\/revisions"}],"predecessor-version":[{"id":12664,"href":"https:\/\/digistar.ma\/index.php?rest_route=\/wp\/v2\/product\/12658\/revisions\/12664"}],"wp:featuredmedia":[{"embeddable":true,"href":"https:\/\/digistar.ma\/index.php?rest_route=\/wp\/v2\/media\/12659"}],"wp:attachment":[{"href":"https:\/\/digistar.ma\/index.php?rest_route=%2Fwp%2Fv2%2Fmedia&parent=12658"}],"wp:term":[{"taxonomy":"product_brand","embeddable":true,"href":"https:\/\/digistar.ma\/index.php?rest_route=%2Fwp%2Fv2%2Fproduct_brand&post=12658"},{"taxonomy":"product_cat","embeddable":true,"href":"https:\/\/digistar.ma\/index.php?rest_route=%2Fwp%2Fv2%2Fproduct_cat&post=12658"},{"taxonomy":"product_tag","embeddable":true,"href":"https:\/\/digistar.ma\/index.php?rest_route=%2Fwp%2Fv2%2Fproduct_tag&post=12658"}],"curies":[{"name":"wp","href":"https:\/\/api.w.org\/{rel}","templated":true}]}}