{"id":12674,"date":"2024-08-19T22:02:12","date_gmt":"2024-08-19T22:02:12","guid":{"rendered":"https:\/\/digistar.ma\/?post_type=product&#038;p=12674"},"modified":"2024-08-19T22:02:12","modified_gmt":"2024-08-19T22:02:12","slug":"sac-a-dos-rivacase-cardiff-8524-noir-14-pouces","status":"publish","type":"product","link":"https:\/\/digistar.ma\/?product=sac-a-dos-rivacase-cardiff-8524-noir-14-pouces","title":{"rendered":"Sac \u00e0 dos Rivacase Cardiff 8524 Noir 14 Pouces"},"content":{"rendered":"<h4>Sac \u00e0 dos Rivacase Cardiff 8524 Noir 14 Pouces<\/h4>\n<p>Le sac \u00e0 dos urbain<\/p>\n<p>\u2022Il est fabriqu\u00e9 \u00e0 partir de cuir artificiel \u00e9pais et d\u2019un tissu qui s&#8217;appelle \u00a0le canevas (le coton 100% naturel sp\u00e9cialement \u00a0trait\u00e9).<br \/>\n\u2022 Le compartiment principal est \u00e9quip\u00e9 par une poche pour l&#8217;ordinateur portable et pour une \u00a0tablette jusqu\u2019\u00e0 10,5&#8243;. Il y a aussi une poche \u00e0 la fermeture \u00e9clair pour stocker le passeport et \u00a0le porte-monnaie.<br \/>\n\u2022 La poche frontale \u00e0 la glissi\u00e8re est \u00e9quip\u00e9e d\u2019un pan de rangement pour le smartphone, les stylos et par mousqueton amovible pour les cl\u00e9s.<br \/>\n\u2022Le syst\u00e8me &#8220;antivol&#8221; \u00a0fixe les tirettes de la fermeture \u00e9clair sur la boucle sp\u00e9ciale ce qui emp\u00eache d&#8217;ouvrir le compartiment principal..<br \/>\n\u2022 La poign\u00e9e de transport souple et les sangles d&#8217;\u00e9paules confortables avec les bandes adoucies vous aideront \u00e0 vous sentir confortable.<br \/>\n\u2022 Un syst\u00e8me sp\u00e9cial de gestion des sangles avec fixation Velcro fixe les sangles du sac \u00e0 dos et vous offre un confort suppl\u00e9mentaire.<br \/>\nCompatibilit\u00e9 :<br \/>\nles ordinateurs portables de 13,3&#8243; jusqu&#8217;\u00e0 14&#8243; \u00a0et \u00a0Apple MacBookPro 16&#8243;<\/p>\n<p>&nbsp;<\/p>\n<div class=\"product-fields\"><strong>Poids:<\/strong>\u00a00.64 Kg<\/div>\n<div class=\"product-fields\"><strong>Dimensions ext\u00e9rieures:\u00a0<\/strong>310x415x110 mm<\/div>\n<div class=\"product-fields\">\n<div class=\"product-field product-field-type-E\"><span class=\"product-fields-title-wrapper\"><span class=\"product-fields-title\"><strong>Mati\u00e8re:<\/strong><\/span>\u00a0<\/span><span class=\"product-field-display\"><span class=\"cf4all_customvalues_wrapper\"><span id=\"cf4all_option_395\" class=\"cf4all_option \">Toile<\/span>\u00a0<span class=\"cf4all_comma\">,\u00a0<\/span><span id=\"cf4all_option_35\" class=\"cf4all_option \">Polyur\u00e9thane<\/span><\/span><\/span><\/div>\n<div class=\"product-field product-field-type-E\"><span class=\"product-fields-title-wrapper\"><span class=\"product-fields-title\"><strong>Doublure:<\/strong><\/span>\u00a0<\/span><span class=\"product-field-display\"><span class=\"cf4all_customvalues_wrapper\"><span id=\"cf4all_option_43\" class=\"cf4all_option \">Polyester<\/span><\/span><\/span><\/div>\n<\/div>\n<div class=\"product-fields\">\n<div class=\"product-fields\"><strong>Laptop pocket size<\/strong>\u00a0250x365x35 mm<\/div>\n<\/div>\n","protected":false},"excerpt":{"rendered":"<div class=\"product-fields\"><strong>Poids:<\/strong>\u00a00.64 Kg<\/div>\n<div class=\"product-fields\"><strong>Dimensions ext\u00e9rieures:\u00a0<\/strong>310x415x110 mm<\/div>\n<div class=\"product-fields\">\n<div class=\"product-field product-field-type-E\"><span class=\"product-fields-title-wrapper\"><span class=\"product-fields-title\"><strong>Mati\u00e8re:<\/strong><\/span>\u00a0<\/span><span class=\"product-field-display\"><span class=\"cf4all_customvalues_wrapper\"><span id=\"cf4all_option_395\" class=\"cf4all_option \">Toile<\/span>\u00a0<span class=\"cf4all_comma\">,\u00a0<\/span><span id=\"cf4all_option_35\" class=\"cf4all_option \">Polyur\u00e9thane<\/span><\/span><\/span><\/div>\n<div class=\"product-field product-field-type-E\"><span class=\"product-fields-title-wrapper\"><span class=\"product-fields-title\"><strong>Doublure:<\/strong><\/span>\u00a0<\/span><span class=\"product-field-display\"><span class=\"cf4all_customvalues_wrapper\"><span id=\"cf4all_option_43\" class=\"cf4all_option \">Polyester<\/span><\/span><\/span><\/div>\n<\/div>\n<div class=\"product-fields\">\n<div class=\"product-fields\"><strong>Laptop pocket size<\/strong>\u00a0250x365x35 mm<\/div>\n<\/div>\n<div><\/div>\n<div><strong>Compatibilit\u00e9 :<\/strong><br \/>\nles ordinateurs portables de 13,3&#8243; jusqu&#8217;\u00e0 14&#8243; \u00a0et \u00a0Apple MacBookPro 16&#8243;<\/div>\n","protected":false},"featured_media":12675,"comment_status":"open","ping_status":"closed","template":"","meta":{"_acf_changed":false,"_monsterinsights_skip_tracking":false,"_monsterinsights_sitenote_active":false,"_monsterinsights_sitenote_note":"","_monsterinsights_sitenote_category":0,"_uf_show_specific_survey":0,"_uf_disable_surveys":false,"_joinchat":[]},"product_brand":[],"product_cat":[257,305],"product_tag":[],"class_list":{"0":"post-12674","1":"product","2":"type-product","3":"status-publish","4":"has-post-thumbnail","6":"product_cat-sacoche-et-sac-a-dos","7":"product_cat-housse-et-etui","9":"first","10":"instock","11":"sale","12":"shipping-taxable","13":"purchasable","14":"product-type-simple"},"acf":[],"jetpack_sharing_enabled":true,"_links":{"self":[{"href":"https:\/\/digistar.ma\/index.php?rest_route=\/wp\/v2\/product\/12674","targetHints":{"allow":["GET"]}}],"collection":[{"href":"https:\/\/digistar.ma\/index.php?rest_route=\/wp\/v2\/product"}],"about":[{"href":"https:\/\/digistar.ma\/index.php?rest_route=\/wp\/v2\/types\/product"}],"replies":[{"embeddable":true,"href":"https:\/\/digistar.ma\/index.php?rest_route=%2Fwp%2Fv2%2Fcomments&post=12674"}],"version-history":[{"count":1,"href":"https:\/\/digistar.ma\/index.php?rest_route=\/wp\/v2\/product\/12674\/revisions"}],"predecessor-version":[{"id":12681,"href":"https:\/\/digistar.ma\/index.php?rest_route=\/wp\/v2\/product\/12674\/revisions\/12681"}],"wp:featuredmedia":[{"embeddable":true,"href":"https:\/\/digistar.ma\/index.php?rest_route=\/wp\/v2\/media\/12675"}],"wp:attachment":[{"href":"https:\/\/digistar.ma\/index.php?rest_route=%2Fwp%2Fv2%2Fmedia&parent=12674"}],"wp:term":[{"taxonomy":"product_brand","embeddable":true,"href":"https:\/\/digistar.ma\/index.php?rest_route=%2Fwp%2Fv2%2Fproduct_brand&post=12674"},{"taxonomy":"product_cat","embeddable":true,"href":"https:\/\/digistar.ma\/index.php?rest_route=%2Fwp%2Fv2%2Fproduct_cat&post=12674"},{"taxonomy":"product_tag","embeddable":true,"href":"https:\/\/digistar.ma\/index.php?rest_route=%2Fwp%2Fv2%2Fproduct_tag&post=12674"}],"curies":[{"name":"wp","href":"https:\/\/api.w.org\/{rel}","templated":true}]}}