{"id":12682,"date":"2024-08-19T22:13:00","date_gmt":"2024-08-19T22:13:00","guid":{"rendered":"https:\/\/digistar.ma\/?post_type=product&#038;p=12682"},"modified":"2024-08-19T22:13:01","modified_gmt":"2024-08-19T22:13:01","slug":"sac-a-dos-rivacase-narita-8165-noir-pour-ordinateurs-portables-15-6-pouces","status":"publish","type":"product","link":"https:\/\/digistar.ma\/?product=sac-a-dos-rivacase-narita-8165-noir-pour-ordinateurs-portables-15-6-pouces","title":{"rendered":"Sac \u00e0 dos Rivacase Narita 8165 Noir pour ordinateurs portables 15.6 Pouces"},"content":{"rendered":"<h4>Sac \u00e0 dos Rivacase Narita 8165 Noir pour ordinateurs portables 15.6 Pouces<\/h4>\n<p>Sac \u00e0 dos pour ordinateur portable de 15,6&#8221;.<br \/>\nDescription produit:<\/p>\n<p>\u2022 Fabriqu\u00e9 en polyester \u00e0 chevrons et empi\u00e8cement en simili cuir<br \/>\n\u2022 2 compartiments distincts \u00e0 fermeture \u00e9clair<br \/>\n\u2022 1 compartiement pour ordinateur portable de 15,6&#8221; avec une section pour ranger une tablette jusqu&#8217;\u00e0 10,1&#8221;.<br \/>\n\u2022 Compartiment central spacieux dot\u00e9 d&#8217;un syst\u00e8me de rangement pour accessoires et une poche avec fermeture \u00e9clair pour ranger un portefeuille, des clefs et de petits objets personnels.<br \/>\n\u2022 Poche int\u00e9rieure avec fermeture \u00e9clair pour ranger accessoires, documents et un smartphone.<br \/>\n\u2022 Poche sur le haut du sac avec fermeture \u00e9clair pour ranger de petits appareils \u00e9lectroniques.<br \/>\n\u2022 D\u00e9tails et boucleries en m\u00e9tal soign\u00e9s.<br \/>\n\u2022 Poche lat\u00e9rale sp\u00e9cialement con\u00e7ue pour ranger une bouteille d&#8217;eau.<br \/>\n\u2022 Syst\u00e8me de fixation des bretelles pour \u00e9viter que l&#8217;exc\u00e9dent ne d\u00e9range.<br \/>\n\u2022 Panneau dorsal en tissus mesh\u00e9 pour faciliter la circulation d&#8217;air.<br \/>\n\u2022 Passant pour trolley permettant de fixer attacher le sac \u00e0 dos \u00e0 une valise, poche cach\u00e9e format passeport<\/p>\n<p>&nbsp;<\/p>\n<div class=\"product-fields\"><strong>Poids:<\/strong>\u00a00.795 Kg<\/div>\n<div class=\"product-fields\"><strong>Dimensions ext\u00e9rieures:\u00a0<\/strong>310x440x120 mm<\/div>\n<div class=\"product-fields\">\n<div class=\"product-field product-field-type-E\"><span class=\"product-fields-title-wrapper\"><span class=\"product-fields-title\"><strong>Mati\u00e8re:<\/strong><\/span>\u00a0<\/span><span class=\"product-field-display\"><span class=\"cf4all_customvalues_wrapper\"><span id=\"cf4all_option_36\" class=\"cf4all_option \">Polyester<\/span>\u00a0<span class=\"cf4all_comma\">,\u00a0<\/span><span id=\"cf4all_option_35\" class=\"cf4all_option \">Polyur\u00e9thane<\/span><\/span><\/span><\/div>\n<div class=\"product-field product-field-type-E\"><span class=\"product-fields-title-wrapper\"><span class=\"product-fields-title\"><strong>Doublure:<\/strong><\/span>\u00a0<\/span><span class=\"product-field-display\"><span class=\"cf4all_customvalues_wrapper\"><span id=\"cf4all_option_43\" class=\"cf4all_option \">Polyester<\/span><\/span><\/span><\/div>\n<div class=\"product-field product-field-type-E\"><span class=\"product-fields-title-wrapper\"><span class=\"product-fields-title\"><strong>Capacit\u00e9:<\/strong><\/span>\u00a0<\/span><span class=\"product-field-display\"><span class=\"cf4all_customvalues_wrapper\"><span id=\"cf4all_option_305\" class=\"cf4all_option \">16<\/span>\u00a0<\/span>l<\/span><\/div>\n<\/div>\n<div class=\"product-fields\">\n<div class=\"product-fields\"><strong>Laptop pocket size<\/strong>\u00a0290x400x40 mm<\/div>\n<\/div>\n","protected":false},"excerpt":{"rendered":"<div class=\"product-fields\"><strong>Poids:<\/strong>\u00a00.795 Kg<\/div>\n<div class=\"product-fields\"><strong>Dimensions ext\u00e9rieures:\u00a0<\/strong>310x440x120 mm<\/div>\n<div class=\"product-fields\">\n<div class=\"product-field product-field-type-E\"><span class=\"product-fields-title-wrapper\"><span class=\"product-fields-title\"><strong>Mati\u00e8re:<\/strong><\/span>\u00a0<\/span><span class=\"product-field-display\"><span class=\"cf4all_customvalues_wrapper\"><span id=\"cf4all_option_36\" class=\"cf4all_option \">Polyester<\/span>\u00a0<span class=\"cf4all_comma\">,\u00a0<\/span><span id=\"cf4all_option_35\" class=\"cf4all_option \">Polyur\u00e9thane<\/span><\/span><\/span><\/div>\n<div class=\"product-field product-field-type-E\"><span class=\"product-fields-title-wrapper\"><span class=\"product-fields-title\"><strong>Doublure:<\/strong><\/span>\u00a0<\/span><span class=\"product-field-display\"><span class=\"cf4all_customvalues_wrapper\"><span id=\"cf4all_option_43\" class=\"cf4all_option \">Polyester<\/span><\/span><\/span><\/div>\n<div class=\"product-field product-field-type-E\"><span class=\"product-fields-title-wrapper\"><span class=\"product-fields-title\"><strong>Capacit\u00e9:<\/strong><\/span>\u00a0<\/span><span class=\"product-field-display\"><span class=\"cf4all_customvalues_wrapper\"><span id=\"cf4all_option_305\" class=\"cf4all_option \">16<\/span>\u00a0<\/span>l<\/span><\/div>\n<\/div>\n<div class=\"product-fields\">\n<div class=\"product-fields\"><strong>Laptop pocket size<\/strong>\u00a0290x400x40 mm<\/div>\n<\/div>\n","protected":false},"featured_media":12683,"comment_status":"open","ping_status":"closed","template":"","meta":{"_acf_changed":false,"_monsterinsights_skip_tracking":false,"_monsterinsights_sitenote_active":false,"_monsterinsights_sitenote_note":"","_monsterinsights_sitenote_category":0,"_uf_show_specific_survey":0,"_uf_disable_surveys":false,"_joinchat":[]},"product_brand":[],"product_cat":[257,306],"product_tag":[],"class_list":{"0":"post-12682","1":"product","2":"type-product","3":"status-publish","4":"has-post-thumbnail","6":"product_cat-sacoche-et-sac-a-dos","7":"product_cat-sac-a-dos-pc-portable","9":"first","10":"instock","11":"sale","12":"shipping-taxable","13":"purchasable","14":"product-type-simple"},"acf":[],"jetpack_sharing_enabled":true,"_links":{"self":[{"href":"https:\/\/digistar.ma\/index.php?rest_route=\/wp\/v2\/product\/12682","targetHints":{"allow":["GET"]}}],"collection":[{"href":"https:\/\/digistar.ma\/index.php?rest_route=\/wp\/v2\/product"}],"about":[{"href":"https:\/\/digistar.ma\/index.php?rest_route=\/wp\/v2\/types\/product"}],"replies":[{"embeddable":true,"href":"https:\/\/digistar.ma\/index.php?rest_route=%2Fwp%2Fv2%2Fcomments&post=12682"}],"version-history":[{"count":1,"href":"https:\/\/digistar.ma\/index.php?rest_route=\/wp\/v2\/product\/12682\/revisions"}],"predecessor-version":[{"id":12692,"href":"https:\/\/digistar.ma\/index.php?rest_route=\/wp\/v2\/product\/12682\/revisions\/12692"}],"wp:featuredmedia":[{"embeddable":true,"href":"https:\/\/digistar.ma\/index.php?rest_route=\/wp\/v2\/media\/12683"}],"wp:attachment":[{"href":"https:\/\/digistar.ma\/index.php?rest_route=%2Fwp%2Fv2%2Fmedia&parent=12682"}],"wp:term":[{"taxonomy":"product_brand","embeddable":true,"href":"https:\/\/digistar.ma\/index.php?rest_route=%2Fwp%2Fv2%2Fproduct_brand&post=12682"},{"taxonomy":"product_cat","embeddable":true,"href":"https:\/\/digistar.ma\/index.php?rest_route=%2Fwp%2Fv2%2Fproduct_cat&post=12682"},{"taxonomy":"product_tag","embeddable":true,"href":"https:\/\/digistar.ma\/index.php?rest_route=%2Fwp%2Fv2%2Fproduct_tag&post=12682"}],"curies":[{"name":"wp","href":"https:\/\/api.w.org\/{rel}","templated":true}]}}