{"id":12702,"date":"2024-08-19T22:39:47","date_gmt":"2024-08-19T22:39:47","guid":{"rendered":"https:\/\/digistar.ma\/?post_type=product&#038;p=12702"},"modified":"2024-08-19T22:39:47","modified_gmt":"2024-08-19T22:39:47","slug":"sacoche-rivacase-regent-8027-pour-ordinateurs-portables-14-pouces","status":"publish","type":"product","link":"https:\/\/digistar.ma\/?product=sacoche-rivacase-regent-8027-pour-ordinateurs-portables-14-pouces","title":{"rendered":"Sacoche Rivacase Regent 8027 pour ordinateurs portables 14 Pouces"},"content":{"rendered":"<h4>Sacoche Rivacase Regent 8027 pour ordinateurs portables 14 Pouces<\/h4>\n<p>Sacoche pour ordinateur portable jusqu&#8217;\u00e0 14&#8221;<\/p>\n<p>\u2022 Saccoche multifonctionnelle basique pour ordinateur portable jusqu&#8217;\u00e0 14&#8221;.<br \/>\n\u2022 Fabriqu\u00e9 en tissu polyester durable.<br \/>\n\u2022 Compartiment pour ordinateur portable rembourr\u00e9 offrant une protection suppl\u00e9mentaire.<br \/>\n\u2022 Poche avant avec fermeture \u00e9clair pour ranger smartphone, cartes de visites et accessoires.<br \/>\n\u2022 Fermeture \u00e9clair \u00e0 double curseur pour un acc\u00e8s rapide et facile.<br \/>\n\u2022 Poign\u00e9e rembourr\u00e9es pour plus de confort ainsi qu&#8217;une sangle amovible et r\u00e9glable.<\/p>\n<div class=\"product-fields\"><strong>Poids:<\/strong>\u00a00.345 Kg<\/div>\n<div class=\"product-fields\"><strong>Dimensions ext\u00e9rieures:\u00a0<\/strong>370x280x45 mm<\/div>\n<div class=\"product-fields\">\n<div class=\"product-field product-field-type-E\"><span class=\"product-fields-title-wrapper\"><span class=\"product-fields-title\"><strong>Doublure:<\/strong><\/span>\u00a0<\/span><span class=\"product-field-display\"><span class=\"cf4all_customvalues_wrapper\"><span id=\"cf4all_option_43\" class=\"cf4all_option \">Polyester<\/span><\/span><\/span><\/div>\n<div class=\"product-field product-field-type-E\"><span class=\"product-fields-title-wrapper\"><span class=\"product-fields-title\"><strong>Mati\u00e8re:<\/strong><\/span>\u00a0<\/span><span class=\"product-field-display\"><span class=\"cf4all_customvalues_wrapper\"><span id=\"cf4all_option_36\" class=\"cf4all_option \">Polyester<\/span><\/span><\/span><\/div>\n<\/div>\n<div class=\"product-fields\">\n<div class=\"product-fields\"><strong>Laptop pocket size<\/strong>\u00a0360x255x35 mm<\/div>\n<\/div>\n","protected":false},"excerpt":{"rendered":"<div class=\"product-fields\"><strong>Poids:<\/strong>\u00a00.345 Kg<\/div>\n<div class=\"product-fields\"><strong>Dimensions ext\u00e9rieures:\u00a0<\/strong>370x280x45 mm<\/div>\n<div class=\"product-fields\">\n<div class=\"product-field product-field-type-E\"><span class=\"product-fields-title-wrapper\"><span class=\"product-fields-title\"><strong>Doublure:<\/strong><\/span>\u00a0<\/span><span class=\"product-field-display\"><span class=\"cf4all_customvalues_wrapper\"><span id=\"cf4all_option_43\" class=\"cf4all_option \">Polyester<\/span><\/span><\/span><\/div>\n<div class=\"product-field product-field-type-E\"><span class=\"product-fields-title-wrapper\"><span class=\"product-fields-title\"><strong>Mati\u00e8re:<\/strong><\/span>\u00a0<\/span><span class=\"product-field-display\"><span class=\"cf4all_customvalues_wrapper\"><span id=\"cf4all_option_36\" class=\"cf4all_option \">Polyester<\/span><\/span><\/span><\/div>\n<\/div>\n<div class=\"product-fields\">\n<div class=\"product-fields\"><strong>Laptop pocket size<\/strong>\u00a0360x255x35 mm<\/div>\n<\/div>\n","protected":false},"featured_media":12703,"comment_status":"open","ping_status":"closed","template":"","meta":{"_acf_changed":false,"_monsterinsights_skip_tracking":false,"_monsterinsights_sitenote_active":false,"_monsterinsights_sitenote_note":"","_monsterinsights_sitenote_category":0,"_uf_show_specific_survey":0,"_uf_disable_surveys":false,"_joinchat":[]},"product_brand":[],"product_cat":[257,304],"product_tag":[],"class_list":{"0":"post-12702","1":"product","2":"type-product","3":"status-publish","4":"has-post-thumbnail","6":"product_cat-sacoche-et-sac-a-dos","7":"product_cat-sacoche-pc-portable","9":"first","10":"instock","11":"sale","12":"shipping-taxable","13":"purchasable","14":"product-type-simple"},"acf":[],"jetpack_sharing_enabled":true,"_links":{"self":[{"href":"https:\/\/digistar.ma\/index.php?rest_route=\/wp\/v2\/product\/12702","targetHints":{"allow":["GET"]}}],"collection":[{"href":"https:\/\/digistar.ma\/index.php?rest_route=\/wp\/v2\/product"}],"about":[{"href":"https:\/\/digistar.ma\/index.php?rest_route=\/wp\/v2\/types\/product"}],"replies":[{"embeddable":true,"href":"https:\/\/digistar.ma\/index.php?rest_route=%2Fwp%2Fv2%2Fcomments&post=12702"}],"version-history":[{"count":1,"href":"https:\/\/digistar.ma\/index.php?rest_route=\/wp\/v2\/product\/12702\/revisions"}],"predecessor-version":[{"id":12707,"href":"https:\/\/digistar.ma\/index.php?rest_route=\/wp\/v2\/product\/12702\/revisions\/12707"}],"wp:featuredmedia":[{"embeddable":true,"href":"https:\/\/digistar.ma\/index.php?rest_route=\/wp\/v2\/media\/12703"}],"wp:attachment":[{"href":"https:\/\/digistar.ma\/index.php?rest_route=%2Fwp%2Fv2%2Fmedia&parent=12702"}],"wp:term":[{"taxonomy":"product_brand","embeddable":true,"href":"https:\/\/digistar.ma\/index.php?rest_route=%2Fwp%2Fv2%2Fproduct_brand&post=12702"},{"taxonomy":"product_cat","embeddable":true,"href":"https:\/\/digistar.ma\/index.php?rest_route=%2Fwp%2Fv2%2Fproduct_cat&post=12702"},{"taxonomy":"product_tag","embeddable":true,"href":"https:\/\/digistar.ma\/index.php?rest_route=%2Fwp%2Fv2%2Fproduct_tag&post=12702"}],"curies":[{"name":"wp","href":"https:\/\/api.w.org\/{rel}","templated":true}]}}