{"id":12716,"date":"2024-08-19T23:04:28","date_gmt":"2024-08-19T23:04:28","guid":{"rendered":"https:\/\/digistar.ma\/?post_type=product&#038;p=12716"},"modified":"2024-08-19T23:04:28","modified_gmt":"2024-08-19T23:04:28","slug":"sacoche-rivacase-anvik-7921-rouge-bourgogne-14-pouces","status":"publish","type":"product","link":"https:\/\/digistar.ma\/?product=sacoche-rivacase-anvik-7921-rouge-bourgogne-14-pouces","title":{"rendered":"Sacoche Rivacase Anvik 7921 rouge bourgogne 14 Pouces"},"content":{"rendered":"<h4>Sacoche Rivacase Anvik 7921 rouge bourgogne 14 Pouces<\/h4>\n<div id=\"section-id-1616142117847\" class=\"sppb-section sppb-section-content-center\">\n<div class=\"sppb-container-inner\">\n<div class=\"sppb-row sppb-no-gutter sppb-align-center\">\n<div id=\"column-wrap-id-1616142117805\" class=\"sppb-col-md-5\">\n<div id=\"column-id-1616142117805\" class=\"sppb-column\">\n<div class=\"sppb-column-addons\">\n<div id=\"sppb-addon-wrapper-1616142117806\" class=\"sppb-addon-wrapper\">\n<div id=\"sppb-addon-1616142117806\" class=\" sppb-wow fadeInRightBig clearfix  sppb-animated\" data-sppb-wow-duration=\"1200ms\" data-sppb-wow-delay=\"300ms\">\n<div class=\"sppb-addon sppb-addon-text-block  \">\n<h3 class=\"sppb-addon-title\">Le mat\u00e9riau en tweed hydrofuge de haute qualit\u00e9<\/h3>\n<div class=\"sppb-addon-content\">Aujourd&#8217;hui, il est incontestable qu&#8217;il faut garder les appareils \u00e9lectroniques dans un endroit s\u00fbr, surtout \u00e0 l\u2019abri de l\u2019humidit\u00e9, car l\u2019eau peut causer de grands dommages \u00e0 ces produits fragiles.<\/div>\n<div class=\"sppb-addon-content\">Les appareils \u00e9lectroniques jouent un r\u00f4le tr\u00e8s important dans notre vie quotidienne et nous ne pouvons pas les mettre en danger.<\/div>\n<div class=\"sppb-addon-content\">Nous avons cr\u00e9\u00e9 la collection Anvik avec le tissu en tweed hydrofuge de haute qualit\u00e9, ce qui signifie que vos biens les plus pr\u00e9cieux seront rang\u00e9s en toute s\u00e9curit\u00e9 dans votre sac du d\u00e9but \u00e0 la fin de votre voyage, peu importe les conditions m\u00e9t\u00e9o.<\/div>\n<\/div>\n<\/div>\n<\/div>\n<\/div>\n<\/div>\n<\/div>\n<div id=\"column-wrap-id-1616142117807\" class=\"sppb-col-md-2\">\n<div id=\"column-id-1616142117807\" class=\"sppb-column\">\n<div class=\"sppb-column-addons\"><\/div>\n<\/div>\n<\/div>\n<\/div>\n<\/div>\n<\/div>\n<div id=\"section-id-1579780886780\" class=\"sppb-section sppb-section-content-center\">\n<div class=\"sppb-row-overlay\"><\/div>\n<div class=\"sppb-container-inner\">\n<div class=\"sppb-row sppb-no-gutter sppb-align-center\">\n<div id=\"column-wrap-id-1579780886781\" class=\"sppb-col-md-1\">\n<div id=\"column-id-1579780886781\" class=\"sppb-column sppb-row-container\">\n<div class=\"sppb-column-addons\"><\/div>\n<\/div>\n<\/div>\n<div id=\"column-wrap-id-1579780886782\" class=\"sppb-col-md-4\">\n<div id=\"column-id-1579780886782\" class=\"sppb-column\">\n<div class=\"sppb-column-addons\">\n<div id=\"sppb-addon-wrapper-1579782943376\" class=\"sppb-addon-wrapper\">\n<div id=\"sppb-addon-1579782943376\" class=\" sppb-wow rotateIn clearfix  sppb-animated\" data-sppb-wow-duration=\"1200ms\" data-sppb-wow-delay=\"400ms\">\n<div class=\"sppb-addon sppb-addon-single-image sppb-text-center round\">\n<div class=\"sppb-addon-content\">\n<div class=\"sppb-addon-single-image-container\">\n<div class=\"sppb-addon-image-overlay\"><\/div>\n<p><img decoding=\"async\" class=\"sppb-img-responsive\" title=\"\" src=\"https:\/\/rivacase.com\/images\/7921\/03.jpg\" alt=\"RIVACASE\" \/><\/div>\n<\/div>\n<\/div>\n<\/div>\n<\/div>\n<\/div>\n<\/div>\n<\/div>\n<div id=\"column-wrap-id-1579782943369\" class=\"sppb-col-md-4\">\n<div id=\"column-id-1579782943369\" class=\"sppb-column\">\n<div class=\"sppb-column-addons\">\n<div id=\"sppb-addon-wrapper-1579782943373\" class=\"sppb-addon-wrapper\">\n<div id=\"sppb-addon-1579782943373\" class=\"clearfix \">\n<div class=\"sppb-addon sppb-addon-text-block  \">\n<h3 class=\"sppb-addon-title\">Mince mais spacieux<\/h3>\n<div class=\"sppb-addon-content\">Notre sac pour l&#8217;ordinateur portable de la collection Anvik est \u00e9quip\u00e9 d\u2019un compartiment principal spacieux pour les ordinateurs portables jusqu\u2019\u00e0 13,3 pouces en dimension. Cependant, nous ne nous arr\u00eatons jamais l\u00e0. Parce que parfois, une poche ne suffit pas pour le deuxi\u00e8me appareil \u00e9lectronique, nous avons ajout\u00e9 une poche sp\u00e9ciale pour une tablette jusqu&#8217;\u00e0 10,5 pouces afin que vous puissiez transporter ce gadget suppl\u00e9mentaire avec vous. Et, pour vous aider \u00e0 rester plus organis\u00e9, nous avons cr\u00e9\u00e9 une poche pour les documents et une poche interne \u00e0 glissi\u00e8re pour votre passeport ou porte-monnaie. Parce que l\u2019organisation et la conception soigneuse sont les cl\u00e9s du succ\u00e8s, notre collection Anvik raffin\u00e9e et polyvalente vous offrira un maximum de confort et de fonctionnalit\u00e9, ainsi que tous nos produits.<\/div>\n<div><\/div>\n<\/div>\n<div>Le sac pour l&#8217;ordinateur portable jusqu&#8217;\u00e0 15.6&#8243;<\/p>\n<p>\u2022 Le sac \u00e9l\u00e9gant est fabriqu\u00e9 d&#8217;un tissu hydrofuge de haute qualit\u00e9.<\/p><\/div>\n<div>\u00a0\u2022Il est l\u00e9ger mais avec des cotes \u00e9pais pour prot\u00e9ger l\u2019ordinateur portable contre les coups accidentels, les rayures et contre la poussi\u00e8re et l\u2019humidit\u00e9 aussi.<br \/>\n\u2022 Le compartiment principal \u00a0pour l\u2019ordinateur portable comporte \u00e9galement deux compartiments int\u00e9rieurs &#8211; pour une \u00a0tablette jusqu\u2019\u00e0 10,5&#8243; et pour les \u00a0documents.<br \/>\n\u2022Deux poches ext\u00e9rieures dans lesquelles on peut ranger les accessoires, les cartes de visite et le smartphone.<br \/>\n\u2022 Doubles tirettes de la fermeture \u00e9clair pour un acc\u00e8s facile au contenu du sac.<br \/>\n\u2022 Les poign\u00e9es de transport et la bandouli\u00e8re \u00a0confortables vous aideront \u00e0 vous sentir confortable \u00a0m\u00eame dans le plus long voyage<\/div>\n<\/div>\n<\/div>\n<\/div>\n<\/div>\n<\/div>\n<\/div>\n<\/div>\n<\/div>\n","protected":false},"excerpt":{"rendered":"<div class=\"product-fields\"><strong>Poids:<\/strong>\u00a00.59 Kg<\/div>\n<div class=\"product-fields\"><strong>Dimensions ext\u00e9rieures:\u00a0<\/strong>370x270x60 mm<\/div>\n<div class=\"product-fields\">\n<div class=\"product-field product-field-type-E\"><span class=\"product-fields-title-wrapper\"><span class=\"product-fields-title\"><strong>Doublure:<\/strong><\/span>\u00a0<\/span><span class=\"product-field-display\"><span class=\"cf4all_customvalues_wrapper\"><span id=\"cf4all_option_43\" class=\"cf4all_option \">Polyester<\/span><\/span><\/span><\/div>\n<div class=\"product-field product-field-type-E\"><span class=\"product-fields-title-wrapper\"><span class=\"product-fields-title\"><strong>Mati\u00e8re:<\/strong><\/span>\u00a0<\/span><span class=\"product-field-display\"><span class=\"cf4all_customvalues_wrapper\"><span id=\"cf4all_option_36\" class=\"cf4all_option \">Polyester<\/span><\/span><\/span><\/div>\n<\/div>\n<div class=\"product-fields\">\n<div class=\"product-fields\"><strong>Laptop pocket size<\/strong>\u00a0355x255x35 mm<\/div>\n<\/div>\n","protected":false},"featured_media":12717,"comment_status":"open","ping_status":"closed","template":"","meta":{"_acf_changed":false,"_monsterinsights_skip_tracking":false,"_monsterinsights_sitenote_active":false,"_monsterinsights_sitenote_note":"","_monsterinsights_sitenote_category":0,"_uf_show_specific_survey":0,"_uf_disable_surveys":false,"_joinchat":[]},"product_brand":[],"product_cat":[15],"product_tag":[],"class_list":{"0":"post-12716","1":"product","2":"type-product","3":"status-publish","4":"has-post-thumbnail","6":"product_cat-imprimante-scanner","8":"first","9":"instock","10":"sale","11":"shipping-taxable","12":"purchasable","13":"product-type-simple"},"acf":[],"jetpack_sharing_enabled":true,"_links":{"self":[{"href":"https:\/\/digistar.ma\/index.php?rest_route=\/wp\/v2\/product\/12716","targetHints":{"allow":["GET"]}}],"collection":[{"href":"https:\/\/digistar.ma\/index.php?rest_route=\/wp\/v2\/product"}],"about":[{"href":"https:\/\/digistar.ma\/index.php?rest_route=\/wp\/v2\/types\/product"}],"replies":[{"embeddable":true,"href":"https:\/\/digistar.ma\/index.php?rest_route=%2Fwp%2Fv2%2Fcomments&post=12716"}],"version-history":[{"count":1,"href":"https:\/\/digistar.ma\/index.php?rest_route=\/wp\/v2\/product\/12716\/revisions"}],"predecessor-version":[{"id":12721,"href":"https:\/\/digistar.ma\/index.php?rest_route=\/wp\/v2\/product\/12716\/revisions\/12721"}],"wp:featuredmedia":[{"embeddable":true,"href":"https:\/\/digistar.ma\/index.php?rest_route=\/wp\/v2\/media\/12717"}],"wp:attachment":[{"href":"https:\/\/digistar.ma\/index.php?rest_route=%2Fwp%2Fv2%2Fmedia&parent=12716"}],"wp:term":[{"taxonomy":"product_brand","embeddable":true,"href":"https:\/\/digistar.ma\/index.php?rest_route=%2Fwp%2Fv2%2Fproduct_brand&post=12716"},{"taxonomy":"product_cat","embeddable":true,"href":"https:\/\/digistar.ma\/index.php?rest_route=%2Fwp%2Fv2%2Fproduct_cat&post=12716"},{"taxonomy":"product_tag","embeddable":true,"href":"https:\/\/digistar.ma\/index.php?rest_route=%2Fwp%2Fv2%2Fproduct_tag&post=12716"}],"curies":[{"name":"wp","href":"https:\/\/api.w.org\/{rel}","templated":true}]}}