{"id":12732,"date":"2024-08-20T12:08:59","date_gmt":"2024-08-20T12:08:59","guid":{"rendered":"https:\/\/digistar.ma\/?post_type=product&#038;p=12732"},"modified":"2024-08-20T12:08:59","modified_gmt":"2024-08-20T12:08:59","slug":"sacoche-rivacase-komodo-8035-pour-pc-portables-15-6-pouces","status":"publish","type":"product","link":"https:\/\/digistar.ma\/?product=sacoche-rivacase-komodo-8035-pour-pc-portables-15-6-pouces","title":{"rendered":"Sacoche Rivacase Komodo 8035 pour pc portables 15.6 Pouces"},"content":{"rendered":"<h4>Sacoche Rivacase Komodo 8035 pour pc portables 15.6 Pouces<\/h4>\n<p>Sacoche pour ordinateur portable de 15,6&#8221;<\/p>\n<p>\u2022 Sacoche ultrafine et compacte pour ordinateurs portables jusqu&#8217;\u00e0 15,6&#8221;<br \/>\n\u2022 Fabriqu\u00e9e en tissu polyester robuste.<br \/>\n\u2022 Compartiment pour ordinateur portable rembourr\u00e9 offrant une protection suppl\u00e9mentaire.<br \/>\n\u2022 2 compartiments int\u00e9rieurs permettant de ranger facilement tous les accessoires n\u00e9cessaires, une tablette de 10,1&#8221; et des documents.<br \/>\n\u2022 Poche avant avec fermeture pour ranger cartes de visite, accessoires et un t\u00e9l\u00e9phone portable.<br \/>\n\u2022 Fermeture \u00e9clair \u00e0 double curseur pour un acc\u00e8s facile et rapide.<br \/>\n\u2022 Poign\u00e9es rembourr\u00e9es pour plus de confort; bandouli\u00e8re r\u00e9glable et amovible avec une \u00e9paulette antid\u00e9rapante.<\/p>\n<div class=\"product-fields\"><strong>Poids:<\/strong>\u00a00.39 Kg<\/div>\n<div class=\"product-fields\"><strong>Dimensions ext\u00e9rieures:\u00a0<\/strong>410x290x55 mm<\/div>\n<div class=\"product-fields\">\n<div class=\"product-field product-field-type-E\"><span class=\"product-fields-title-wrapper\"><span class=\"product-fields-title\"><strong>Mati\u00e8re:<\/strong><\/span>\u00a0<\/span><span class=\"product-field-display\"><span class=\"cf4all_customvalues_wrapper\"><span id=\"cf4all_option_36\" class=\"cf4all_option \">Polyester<\/span><\/span><\/span><\/div>\n<div class=\"product-field product-field-type-E\"><span class=\"product-fields-title-wrapper\"><span class=\"product-fields-title\"><strong>Doublure:<\/strong><\/span>\u00a0<\/span><span class=\"product-field-display\"><span class=\"cf4all_customvalues_wrapper\"><span id=\"cf4all_option_43\" class=\"cf4all_option \">Polyester<\/span><\/span><\/span><\/div>\n<\/div>\n<div class=\"product-fields\">\n<div class=\"product-fields\"><strong>Laptop pocket size<\/strong>\u00a0395x285x45 mm<\/div>\n<\/div>\n","protected":false},"excerpt":{"rendered":"<div class=\"product-fields\"><strong>Poids:<\/strong>\u00a00.39 Kg<\/div>\n<div class=\"product-fields\"><strong>Dimensions ext\u00e9rieures:\u00a0<\/strong>410x290x55 mm<\/div>\n<div class=\"product-fields\">\n<div class=\"product-field product-field-type-E\"><span class=\"product-fields-title-wrapper\"><span class=\"product-fields-title\"><strong>Mati\u00e8re:<\/strong><\/span>\u00a0<\/span><span class=\"product-field-display\"><span class=\"cf4all_customvalues_wrapper\"><span id=\"cf4all_option_36\" class=\"cf4all_option \">Polyester<\/span><\/span><\/span><\/div>\n<div class=\"product-field product-field-type-E\"><span class=\"product-fields-title-wrapper\"><span class=\"product-fields-title\"><strong>Doublure:<\/strong><\/span>\u00a0<\/span><span class=\"product-field-display\"><span class=\"cf4all_customvalues_wrapper\"><span id=\"cf4all_option_43\" class=\"cf4all_option \">Polyester<\/span><\/span><\/span><\/div>\n<\/div>\n<div class=\"product-fields\">\n<div class=\"product-fields\"><strong>Laptop pocket size<\/strong>\u00a0395x285x45 mm<\/div>\n<\/div>\n","protected":false},"featured_media":12733,"comment_status":"open","ping_status":"closed","template":"","meta":{"_acf_changed":false,"_monsterinsights_skip_tracking":false,"_monsterinsights_sitenote_active":false,"_monsterinsights_sitenote_note":"","_monsterinsights_sitenote_category":0,"_uf_show_specific_survey":0,"_uf_disable_surveys":false,"_joinchat":[]},"product_brand":[],"product_cat":[257,304],"product_tag":[],"class_list":{"0":"post-12732","1":"product","2":"type-product","3":"status-publish","4":"has-post-thumbnail","6":"product_cat-sacoche-et-sac-a-dos","7":"product_cat-sacoche-pc-portable","9":"first","10":"instock","11":"sale","12":"shipping-taxable","13":"purchasable","14":"product-type-simple"},"acf":[],"jetpack_sharing_enabled":true,"_links":{"self":[{"href":"https:\/\/digistar.ma\/index.php?rest_route=\/wp\/v2\/product\/12732","targetHints":{"allow":["GET"]}}],"collection":[{"href":"https:\/\/digistar.ma\/index.php?rest_route=\/wp\/v2\/product"}],"about":[{"href":"https:\/\/digistar.ma\/index.php?rest_route=\/wp\/v2\/types\/product"}],"replies":[{"embeddable":true,"href":"https:\/\/digistar.ma\/index.php?rest_route=%2Fwp%2Fv2%2Fcomments&post=12732"}],"version-history":[{"count":1,"href":"https:\/\/digistar.ma\/index.php?rest_route=\/wp\/v2\/product\/12732\/revisions"}],"predecessor-version":[{"id":12739,"href":"https:\/\/digistar.ma\/index.php?rest_route=\/wp\/v2\/product\/12732\/revisions\/12739"}],"wp:featuredmedia":[{"embeddable":true,"href":"https:\/\/digistar.ma\/index.php?rest_route=\/wp\/v2\/media\/12733"}],"wp:attachment":[{"href":"https:\/\/digistar.ma\/index.php?rest_route=%2Fwp%2Fv2%2Fmedia&parent=12732"}],"wp:term":[{"taxonomy":"product_brand","embeddable":true,"href":"https:\/\/digistar.ma\/index.php?rest_route=%2Fwp%2Fv2%2Fproduct_brand&post=12732"},{"taxonomy":"product_cat","embeddable":true,"href":"https:\/\/digistar.ma\/index.php?rest_route=%2Fwp%2Fv2%2Fproduct_cat&post=12732"},{"taxonomy":"product_tag","embeddable":true,"href":"https:\/\/digistar.ma\/index.php?rest_route=%2Fwp%2Fv2%2Fproduct_tag&post=12732"}],"curies":[{"name":"wp","href":"https:\/\/api.w.org\/{rel}","templated":true}]}}