{"id":12740,"date":"2024-08-20T12:21:30","date_gmt":"2024-08-20T12:21:30","guid":{"rendered":"https:\/\/digistar.ma\/?post_type=product&#038;p=12740"},"modified":"2024-08-20T12:22:37","modified_gmt":"2024-08-20T12:22:37","slug":"housse-rivacase-suzuka-7703-noir-13-3-pouces","status":"publish","type":"product","link":"https:\/\/digistar.ma\/?product=housse-rivacase-suzuka-7703-noir-13-3-pouces","title":{"rendered":"Housse Rivacase Suzuka 7703 Noir 13.3 Pouces"},"content":{"rendered":"<h3>Housse Rivacase Suzuka 7703 Noir 13.3 Pouces<\/h3>\n<div id=\"section-id-1541674186572\" class=\"sppb-section\">\n<div class=\"sppb-container-inner\">\n<div class=\"sppb-row\">\n<div id=\"column-wrap-id-1541674186573\" class=\"sppb-col-md-12\">\n<div id=\"column-id-1541674186573\" class=\"sppb-column sppb-row-container\">\n<div class=\"sppb-column-addons\">\n<div id=\"section-id-1541674869838\" class=\"sppb-section sppb-section-content-center\">\n<div class=\"sppb-container-inner\">\n<div class=\"sppb-row sppb-align-center\">\n<div id=\"column-wrap-id-1541674869839\" class=\"sppb-col-md-6\">\n<div id=\"column-id-1541674869839\" class=\"sppb-column sppb-wow fadeInLeftBig sppb-animated\" data-sppb-wow-duration=\"1200ms\" data-sppb-wow-delay=\"200ms\">\n<div class=\"sppb-column-addons\">\n<div id=\"sppb-addon-wrapper-1541674186574\" class=\"sppb-addon-wrapper\">\n<div id=\"sppb-addon-1541674186574\" class=\"clearfix \">\n<div class=\"sppb-addon sppb-addon-text-block \">\n<h3 class=\"sppb-addon-title\">UNE PROTECTION \u00c9L\u00c9GANTE<\/h3>\n<div class=\"sppb-addon-content\">Le rev\u00eatement ext\u00e9rieur durable et la doublure int\u00e9rieure souple offrent une protection maximale \u00e0 votre appareil \u00e9lectronique contre les chocs accidentels, les rayures, la poussi\u00e8re et l&#8217;humidit\u00e9.<\/div>\n<div class=\"sppb-addon-content\">La double fermeture \u00e9clair accessible et pratique permet d&#8217;acc\u00e9der facilement et imm\u00e9diatement \u00e0 votre appareil, ce qui est id\u00e9al et rapide pour vous aider pendant une r\u00e9union d&#8217;affaires ou des conf\u00e9rences<\/div>\n<\/div>\n<\/div>\n<\/div>\n<\/div>\n<\/div>\n<\/div>\n<div id=\"column-wrap-id-1541674869842\" class=\"sppb-col-md-6\">\n<div id=\"column-id-1541674869842\" class=\"sppb-column sppb-wow fadeInRightBig sppb-animated\" data-sppb-wow-duration=\"1200ms\" data-sppb-wow-delay=\"10ms\">\n<div class=\"sppb-column-addons\">\n<div id=\"sppb-addon-wrapper-1541748848208\" class=\"sppb-addon-wrapper\">\n<div id=\"sppb-addon-1541748848208\" class=\"clearfix \">\n<div class=\"sppb-addon sppb-addon-single-image sppb-text-center \">\n<div class=\"sppb-addon-content\">\n<div class=\"sppb-addon-single-image-container\"><img decoding=\"async\" class=\"sppb-img-responsive\" title=\"\" src=\"https:\/\/rivacase.com\/images\/virtuemart\/product\/7703_black.4260403572252.ver05.jpg\" alt=\"STYLISH PROTECTION\" \/><\/div>\n<\/div>\n<\/div>\n<\/div>\n<\/div>\n<\/div>\n<\/div>\n<\/div>\n<\/div>\n<\/div>\n<\/div>\n<\/div>\n<\/div>\n<\/div>\n<\/div>\n<\/div>\n<\/div>\n<div id=\"section-id-1570621503412\" class=\"sppb-section sppb-section-content-center\">\n<div class=\"sppb-row-overlay\"><\/div>\n<div class=\"sppb-container-inner\">\n<div class=\"sppb-row sppb-align-center\">\n<div id=\"column-wrap-id-1570621503413\" class=\"sppb-col-md-12\">\n<div id=\"column-id-1570621503413\" class=\"sppb-column sppb-row-container\">\n<div class=\"sppb-column-addons\">\n<div id=\"section-id-1570621503414\" class=\"sppb-section sppb-section-content-center\">\n<div class=\"sppb-row-overlay\"><\/div>\n<div class=\"sppb-container-inner\">\n<div class=\"sppb-row sppb-align-center\">\n<div id=\"column-wrap-id-1570621503415\" class=\"sppb-col-md-5\">\n<div id=\"column-id-1570621503415\" class=\"sppb-column sppb-wow fadeInUpBig sppb-animated\" data-sppb-wow-duration=\"1200ms\" data-sppb-wow-delay=\"200ms\">\n<div class=\"sppb-column-addons\">\n<div id=\"sppb-addon-wrapper-1570621503416\" class=\"sppb-addon-wrapper\">\n<div id=\"sppb-addon-1570621503416\" class=\"clearfix \">\n<div class=\"sppb-addon sppb-addon-single-image sppb-text-center \">\n<div class=\"sppb-addon-content\">\n<div class=\"sppb-addon-single-image-container\"><img decoding=\"async\" class=\"sppb-img-responsive\" title=\"\" src=\"https:\/\/rivacase.com\/images\/virtuemart\/product\/7703_black.4260403572252.ver06.jpg\" alt=\"CONVENIENCE, STORAGE AND ACCESSIBILITY\" \/><\/div>\n<\/div>\n<\/div>\n<\/div>\n<\/div>\n<\/div>\n<\/div>\n<\/div>\n<div id=\"column-wrap-id-1570621503417\" class=\"sppb-col-md-7\">\n<div id=\"column-id-1570621503417\" class=\"sppb-column sppb-wow fadeInUp sppb-animated\" data-sppb-wow-duration=\"1200ms\" data-sppb-wow-delay=\"200ms\">\n<div class=\"sppb-column-addons\">\n<div id=\"sppb-addon-wrapper-1570621503419\" class=\"sppb-addon-wrapper\">\n<div id=\"sppb-addon-1570621503419\" class=\"clearfix \">\n<div class=\"sppb-addon sppb-addon-text-block \">\n<h3 class=\"sppb-addon-title\">LA COMMODIT\u00c9, LE RANGEMENT ET LA FACILIT\u00c9 D&#8217;ACC\u00c8S<\/h3>\n<div class=\"sppb-addon-content\">Id\u00e9al pour ceux qui souhaitent ranger leur ordinateur portable en toute s\u00e9curit\u00e9 dans un compartiment s\u00e9par\u00e9 ou dans un sac qui n&#8217;est pas \u00e9quip\u00e9 d&#8217;une pochette de protection.<\/div>\n<div class=\"sppb-addon-content\">Sa forme g\u00e9om\u00e9trique et son design mince offrent une excellente mobilit\u00e9 et sont id\u00e9aux pour mettre la housse dans un grand sac afin de prot\u00e9ger enti\u00e8rement votre appareil \u00e9lectronique.<\/div>\n<div><\/div>\n<div class=\"sppb-addon-content\">La housse de protection ultra-souple est dot\u00e9e d&#8217;une fermeture \u00e9clair verticale en haut pour faciliter les d\u00e9placements de votre ordinateur portable. Elle offre une protection contre les chocs, les chutes accidentelles, les rayures, la poussi\u00e8re, l&#8217;humidit\u00e9 et les autres accidents qui peuvent toucher votre ordinateur portable.<\/div>\n<div><\/div>\n<\/div>\n<h4>Housse pour ordinateur portable jusqu&#8217;\u00e0 13.3-14&#8243;<\/h4>\n<p>\u2022 S\u00e9rie de housses id\u00e9ales pour la plupart des ordinateurs portables, ordinateur UltraBook et tablettes<br \/>\n\u2022 Int\u00e9rieur en polaire color\u00e9e<br \/>\n\u2022 housses fabriqu\u00e9es \u00e0 partir de polyester imperm\u00e9able de haute qualit\u00e9.<br \/>\n\u2022 Protection optimale contre les chocs, les accidents, les rayures, la poussi\u00e8res et l&#8217;humidit\u00e9.<br \/>\n\u2022 Fermeture \u00e9clair \u00e0 double curseur pour un acc\u00e8s facile \u00e0 votre appareil photo<\/p>\n<\/div>\n<\/div>\n<\/div>\n<\/div>\n<\/div>\n<\/div>\n<\/div>\n<\/div>\n<\/div>\n<\/div>\n<\/div>\n<\/div>\n<\/div>\n<\/div>\n","protected":false},"excerpt":{"rendered":"<div class=\"product-fields\"><strong>Poids:<\/strong>\u00a00.12 Kg<\/div>\n<div class=\"product-fields\"><strong>Dimensions ext\u00e9rieures:\u00a0<\/strong>345x240x30 mm<\/div>\n<div class=\"product-fields\"><strong>Dimensions int\u00e9rieures:\u00a0<\/strong>335x235x25 mm<\/div>\n<div class=\"product-fields\">\n<div class=\"product-field product-field-type-E\"><span class=\"product-fields-title-wrapper\"><span class=\"product-fields-title\"><strong>Mati\u00e8re:<\/strong><\/span>\u00a0<\/span><span class=\"product-field-display\"><span class=\"cf4all_customvalues_wrapper\"><span id=\"cf4all_option_673\" class=\"cf4all_option \">RPET Polyester<\/span><\/span><\/span><\/div>\n<div class=\"product-field product-field-type-E\"><span class=\"product-fields-title-wrapper\"><span class=\"product-fields-title\"><strong>Doublure:<\/strong><\/span>\u00a0<\/span><span class=\"product-field-display\"><span class=\"cf4all_customvalues_wrapper\"><span id=\"cf4all_option_43\" class=\"cf4all_option \">Polyester<\/span><\/span><\/span><\/div>\n<\/div>\n<div class=\"product-fields\">\n<div class=\"product-fields\"><strong>Laptop pocket size<\/strong>\u00a0335x235x25 mm<\/div>\n<\/div>\n","protected":false},"featured_media":12742,"comment_status":"open","ping_status":"closed","template":"","meta":{"_acf_changed":false,"_monsterinsights_skip_tracking":false,"_monsterinsights_sitenote_active":false,"_monsterinsights_sitenote_note":"","_monsterinsights_sitenote_category":0,"_uf_show_specific_survey":0,"_uf_disable_surveys":false,"_joinchat":[]},"product_brand":[],"product_cat":[257,305],"product_tag":[],"class_list":{"0":"post-12740","1":"product","2":"type-product","3":"status-publish","4":"has-post-thumbnail","6":"product_cat-sacoche-et-sac-a-dos","7":"product_cat-housse-et-etui","9":"first","10":"instock","11":"sale","12":"shipping-taxable","13":"purchasable","14":"product-type-simple"},"acf":[],"jetpack_sharing_enabled":true,"_links":{"self":[{"href":"https:\/\/digistar.ma\/index.php?rest_route=\/wp\/v2\/product\/12740","targetHints":{"allow":["GET"]}}],"collection":[{"href":"https:\/\/digistar.ma\/index.php?rest_route=\/wp\/v2\/product"}],"about":[{"href":"https:\/\/digistar.ma\/index.php?rest_route=\/wp\/v2\/types\/product"}],"replies":[{"embeddable":true,"href":"https:\/\/digistar.ma\/index.php?rest_route=%2Fwp%2Fv2%2Fcomments&post=12740"}],"version-history":[{"count":2,"href":"https:\/\/digistar.ma\/index.php?rest_route=\/wp\/v2\/product\/12740\/revisions"}],"predecessor-version":[{"id":12749,"href":"https:\/\/digistar.ma\/index.php?rest_route=\/wp\/v2\/product\/12740\/revisions\/12749"}],"wp:featuredmedia":[{"embeddable":true,"href":"https:\/\/digistar.ma\/index.php?rest_route=\/wp\/v2\/media\/12742"}],"wp:attachment":[{"href":"https:\/\/digistar.ma\/index.php?rest_route=%2Fwp%2Fv2%2Fmedia&parent=12740"}],"wp:term":[{"taxonomy":"product_brand","embeddable":true,"href":"https:\/\/digistar.ma\/index.php?rest_route=%2Fwp%2Fv2%2Fproduct_brand&post=12740"},{"taxonomy":"product_cat","embeddable":true,"href":"https:\/\/digistar.ma\/index.php?rest_route=%2Fwp%2Fv2%2Fproduct_cat&post=12740"},{"taxonomy":"product_tag","embeddable":true,"href":"https:\/\/digistar.ma\/index.php?rest_route=%2Fwp%2Fv2%2Fproduct_tag&post=12740"}],"curies":[{"name":"wp","href":"https:\/\/api.w.org\/{rel}","templated":true}]}}