{"id":12767,"date":"2024-08-20T13:04:34","date_gmt":"2024-08-20T13:04:34","guid":{"rendered":"https:\/\/digistar.ma\/?post_type=product&#038;p=12767"},"modified":"2024-08-20T13:04:34","modified_gmt":"2024-08-20T13:04:34","slug":"cable-rivacase-type-c-vers-type-c-1-2-metre","status":"publish","type":"product","link":"https:\/\/digistar.ma\/?product=cable-rivacase-type-c-vers-type-c-1-2-metre","title":{"rendered":"C\u00e2ble Rivacase Type-C vers Type-C 1.2 m\u00e8tre"},"content":{"rendered":"<h4>C\u00e2ble Rivacase Type-C vers Type-C 1.2 m\u00e8tre<\/h4>\n<p>\u2022 Le c\u00e2ble plat prot\u00e8ge le fil contre des enchev\u00eatrements et a une dur\u00e9e de vie plus longue.<\/p>\n<p>\u2022 Les conducteurs en cuivre transmettent l\u2019\u00e9lectricit\u00e9 avec des pertes minimales.<\/p>\n<p>\u2022Un amortisseur \u00e9lastique allong\u00e9 est con\u00e7u pour plus de 5000 cycles de flexion.<\/p>\n<p>\u2022 L\u2019interface USB 2.0 supporte le d\u00e9bit de transfert de donn\u00e9es jusqu&#8217;\u00e0 480Mbps.<\/p>\n<p>\u2022 La longueur de 1.2m donne plus de libert\u00e9 pour l\u2019utilisation.<\/p>\n<p>\u2022Compatible avec tous les appareils \u00e9quip\u00e9s d\u2019un port USB du type C.<\/p>\n<p>\u2022 Le courant de sortie jusqu&#8217;\u00e0 3 amp\u00e8res, la puissance jusqu&#8217;\u00e0\u00a060Watts.\u00a0La couleur: noire. Le mat\u00e9riau-PVC<\/p>\n","protected":false},"excerpt":{"rendered":"<p>\u2022 L\u2019interface USB 2.0 supporte le d\u00e9bit de transfert de donn\u00e9es jusqu&#8217;\u00e0 480Mbps.<\/p>\n<p>\u2022 La longueur de 1.2m donne plus de libert\u00e9 pour l\u2019utilisation.<\/p>\n<p>\u2022Compatible avec tous les appareils \u00e9quip\u00e9s d\u2019un port USB du type C.<\/p>\n<p>\u2022 Le courant de sortie jusqu&#8217;\u00e0 3 amp\u00e8res, la puissance jusqu&#8217;\u00e0\u00a060Watts.\u00a0La couleur: noire. Le mat\u00e9riau-PVC<\/p>\n","protected":false},"featured_media":12768,"comment_status":"open","ping_status":"closed","template":"","meta":{"_acf_changed":false,"_monsterinsights_skip_tracking":false,"_monsterinsights_sitenote_active":false,"_monsterinsights_sitenote_note":"","_monsterinsights_sitenote_category":0,"_uf_show_specific_survey":0,"_uf_disable_surveys":false,"_joinchat":[]},"product_brand":[],"product_cat":[260,281,316,366],"product_tag":[],"class_list":{"0":"post-12767","1":"product","2":"type-product","3":"status-publish","4":"has-post-thumbnail","6":"product_cat-accessoires-composants","7":"product_cat-accessoires-telephone-portable","8":"product_cat-cable","9":"product_cat-cable-et-adaptateur","11":"first","12":"instock","13":"sale","14":"shipping-taxable","15":"purchasable","16":"product-type-simple"},"acf":[],"jetpack_sharing_enabled":true,"_links":{"self":[{"href":"https:\/\/digistar.ma\/index.php?rest_route=\/wp\/v2\/product\/12767","targetHints":{"allow":["GET"]}}],"collection":[{"href":"https:\/\/digistar.ma\/index.php?rest_route=\/wp\/v2\/product"}],"about":[{"href":"https:\/\/digistar.ma\/index.php?rest_route=\/wp\/v2\/types\/product"}],"replies":[{"embeddable":true,"href":"https:\/\/digistar.ma\/index.php?rest_route=%2Fwp%2Fv2%2Fcomments&post=12767"}],"version-history":[{"count":1,"href":"https:\/\/digistar.ma\/index.php?rest_route=\/wp\/v2\/product\/12767\/revisions"}],"predecessor-version":[{"id":12776,"href":"https:\/\/digistar.ma\/index.php?rest_route=\/wp\/v2\/product\/12767\/revisions\/12776"}],"wp:featuredmedia":[{"embeddable":true,"href":"https:\/\/digistar.ma\/index.php?rest_route=\/wp\/v2\/media\/12768"}],"wp:attachment":[{"href":"https:\/\/digistar.ma\/index.php?rest_route=%2Fwp%2Fv2%2Fmedia&parent=12767"}],"wp:term":[{"taxonomy":"product_brand","embeddable":true,"href":"https:\/\/digistar.ma\/index.php?rest_route=%2Fwp%2Fv2%2Fproduct_brand&post=12767"},{"taxonomy":"product_cat","embeddable":true,"href":"https:\/\/digistar.ma\/index.php?rest_route=%2Fwp%2Fv2%2Fproduct_cat&post=12767"},{"taxonomy":"product_tag","embeddable":true,"href":"https:\/\/digistar.ma\/index.php?rest_route=%2Fwp%2Fv2%2Fproduct_tag&post=12767"}],"curies":[{"name":"wp","href":"https:\/\/api.w.org\/{rel}","templated":true}]}}