{"id":12777,"date":"2024-08-20T13:15:33","date_gmt":"2024-08-20T13:15:33","guid":{"rendered":"https:\/\/digistar.ma\/?post_type=product&#038;p=12777"},"modified":"2024-08-20T13:15:34","modified_gmt":"2024-08-20T13:15:34","slug":"sac-a-dos-rivacase-lantau-8825-pour-macbook-pro-et-ultrabook-13-3-pouces","status":"publish","type":"product","link":"https:\/\/digistar.ma\/?product=sac-a-dos-rivacase-lantau-8825-pour-macbook-pro-et-ultrabook-13-3-pouces","title":{"rendered":"Sac \u00e0 dos Rivacase Lantau 8825 pour MacBook Pro et Ultrabook 13.3 Pouces"},"content":{"rendered":"<h4><strong>Sac \u00e0 dos Rivacase Lantau 8825 pour MacBook Pro et Ultrabook 13.3 Pouces<\/strong><\/h4>\n<p>Chaque article de la collection Lantau poss\u00e8de un code d&#8217;identification unique cousu \u00e0 l&#8217;int\u00e9rieur. Enregistrez-le en remplissant le formulaire sur la page My RIVACASE\u00ae et obtenez une garantie prolong\u00e9e de 5 ans pour cette gamme!<\/p>\n<p>Sac \u00e0 dos pour MacBook Pro 13&#8221; et Ultrabook 13,3&#8221;.<\/p>\n<p>\u2022 Fabriqu\u00e9 en simili cuir et en polyester m\u00e9lang\u00e9 fa\u00e7on chin\u00e9 tr\u00e8s tendance. Prot\u00e8ge l&#8217;ordinateur portable contre les chocs, les rayures, la poussi\u00e8re et l&#8217;humidit\u00e9.<\/p>\n<p>\u2022 Compartiment individuel pour l&#8217;ordinateur portable avec fermeture \u00e9clair imperm\u00e9able, parois aux c\u00f4t\u00e9s rembourr\u00e9s et une section pour tablette jusqu&#8217;\u00e0 10,1&#8243;.<\/p>\n<p>\u2022 Compartiment central comprenant 1 section pour les documents, 2 poches avec fermetures \u00e9clair et 1 espace pour ranger une bouteille d&#8217;eau ou un parapluie.<\/p>\n<p>\u2022 Poche avant avec fermeture \u00e9clair pour ranger accessoires, batterie portable, cartes de visite, stylos et smartphones.<\/p>\n<p>\u2022 Poign\u00e9es et bretelles rembourr\u00e9es.<\/p>\n<p>\u2022 Syst\u00e8me de fixation velcro permettant de ranger les sangles trop longues<\/p>\n","protected":false},"excerpt":{"rendered":"<div class=\"product-fields\"><strong>Poids:<\/strong>\u00a00.605 Kg<\/div>\n<div class=\"product-fields\"><strong>Dimensions ext\u00e9rieures:\u00a0<\/strong>250x350x130 mm<\/div>\n<div class=\"product-fields\">\n<div class=\"product-field product-field-type-E\"><span class=\"product-fields-title-wrapper\"><span class=\"product-fields-title\"><strong>Mati\u00e8re:<\/strong><\/span>\u00a0<\/span><span class=\"product-field-display\"><span class=\"cf4all_customvalues_wrapper\"><span id=\"cf4all_option_673\" class=\"cf4all_option \">RPET Polyester<\/span>\u00a0<span class=\"cf4all_comma\">,\u00a0<\/span><span id=\"cf4all_option_781\" class=\"cf4all_option \">RPET PU<\/span><\/span><\/span><\/div>\n<div class=\"product-field product-field-type-E\"><span class=\"product-fields-title-wrapper\"><span class=\"product-fields-title\"><strong>Doublure:<\/strong><\/span>\u00a0<\/span><span class=\"product-field-display\"><span class=\"cf4all_customvalues_wrapper\"><span id=\"cf4all_option_43\" class=\"cf4all_option \">Polyester<\/span><\/span><\/span><\/div>\n<div class=\"product-field product-field-type-E\"><span class=\"product-fields-title-wrapper\"><span class=\"product-fields-title\"><strong>Capacit\u00e9:<\/strong><\/span>\u00a0<\/span><span class=\"product-field-display\"><span class=\"cf4all_customvalues_wrapper\"><span id=\"cf4all_option_302\" class=\"cf4all_option \">12<\/span>\u00a0<\/span>l<\/span><\/div>\n<\/div>\n<div class=\"product-fields\">\n<div class=\"product-fields\"><strong>Laptop pocket size<\/strong>\u00a0240x340x20 mm<\/div>\n<\/div>\n","protected":false},"featured_media":12778,"comment_status":"open","ping_status":"closed","template":"","meta":{"_acf_changed":false,"_monsterinsights_skip_tracking":false,"_monsterinsights_sitenote_active":false,"_monsterinsights_sitenote_note":"","_monsterinsights_sitenote_category":0,"_uf_show_specific_survey":0,"_uf_disable_surveys":false,"_joinchat":[]},"product_brand":[],"product_cat":[257,306],"product_tag":[],"class_list":{"0":"post-12777","1":"product","2":"type-product","3":"status-publish","4":"has-post-thumbnail","6":"product_cat-sacoche-et-sac-a-dos","7":"product_cat-sac-a-dos-pc-portable","9":"first","10":"instock","11":"sale","12":"shipping-taxable","13":"purchasable","14":"product-type-simple"},"acf":[],"jetpack_sharing_enabled":true,"_links":{"self":[{"href":"https:\/\/digistar.ma\/index.php?rest_route=\/wp\/v2\/product\/12777","targetHints":{"allow":["GET"]}}],"collection":[{"href":"https:\/\/digistar.ma\/index.php?rest_route=\/wp\/v2\/product"}],"about":[{"href":"https:\/\/digistar.ma\/index.php?rest_route=\/wp\/v2\/types\/product"}],"replies":[{"embeddable":true,"href":"https:\/\/digistar.ma\/index.php?rest_route=%2Fwp%2Fv2%2Fcomments&post=12777"}],"version-history":[{"count":1,"href":"https:\/\/digistar.ma\/index.php?rest_route=\/wp\/v2\/product\/12777\/revisions"}],"predecessor-version":[{"id":12785,"href":"https:\/\/digistar.ma\/index.php?rest_route=\/wp\/v2\/product\/12777\/revisions\/12785"}],"wp:featuredmedia":[{"embeddable":true,"href":"https:\/\/digistar.ma\/index.php?rest_route=\/wp\/v2\/media\/12778"}],"wp:attachment":[{"href":"https:\/\/digistar.ma\/index.php?rest_route=%2Fwp%2Fv2%2Fmedia&parent=12777"}],"wp:term":[{"taxonomy":"product_brand","embeddable":true,"href":"https:\/\/digistar.ma\/index.php?rest_route=%2Fwp%2Fv2%2Fproduct_brand&post=12777"},{"taxonomy":"product_cat","embeddable":true,"href":"https:\/\/digistar.ma\/index.php?rest_route=%2Fwp%2Fv2%2Fproduct_cat&post=12777"},{"taxonomy":"product_tag","embeddable":true,"href":"https:\/\/digistar.ma\/index.php?rest_route=%2Fwp%2Fv2%2Fproduct_tag&post=12777"}],"curies":[{"name":"wp","href":"https:\/\/api.w.org\/{rel}","templated":true}]}}