{"id":12793,"date":"2024-08-20T13:38:49","date_gmt":"2024-08-20T13:38:49","guid":{"rendered":"https:\/\/digistar.ma\/?post_type=product&#038;p=12793"},"modified":"2024-08-20T13:38:49","modified_gmt":"2024-08-20T13:38:49","slug":"sac-a-dos-rivacase-anvik-7923-noir-13-3-pouces","status":"publish","type":"product","link":"https:\/\/digistar.ma\/?product=sac-a-dos-rivacase-anvik-7923-noir-13-3-pouces","title":{"rendered":"Sac \u00e0 dos Rivacase Anvik 7923 Noir 13.3 Pouces"},"content":{"rendered":"<h4>Sac \u00e0 dos Rivacase Anvik 7923 Noir 13.3 Pouces<\/h4>\n<p>Le sac \u00e0 dos pour l&#8217;ordinateur portable jusqu&#8217;\u00e0 13,3&#8243;<\/p>\n<p>\u2022 Le sac \u00e0 dos urbain \u00e9l\u00e9gant est fabriqu\u00e9 en mat\u00e9riau r\u00e9sistant \u00e0 l\u2019eau de haute qualit\u00e9.<br \/>\n\u2022 Le compartiment principal pour l&#8217;ordinateur portable jusqu&#8217;\u00e0 13,3&#8243; \u00e0 chargement vertical.<br \/>\n\u2022 Le compartiment interne suppl\u00e9mentaire pour \u00a0une tablette jusqu\u2019\u00e0 10,5&#8243;.<br \/>\n\u2022 Deux poches lat\u00e9rales pour les bouteilles d\u2019eau.<\/p>\n<p>\u2022 Une poche interne zipp\u00e9e pour le rangement des cartes de visite, \u00a0de porte-monnaie et de smartphone.<br \/>\n\u2022 La poign\u00e9e de transport souple et les sangles d&#8217;\u00e9paules confortables avec les bandes adoucies vous aideront \u00e0 vous sentir confortable \u00a0m\u00eame dans le plus long voyage.<br \/>\n\u2022Un syst\u00e8me sp\u00e9cial de gestion des sangles avec fixation Velcro fixe les sangles du sac \u00e0 dos et vous offre un confort suppl\u00e9mentaire.<\/p>\n<p>&nbsp;<\/p>\n<div id=\"column-wrap-id-1579781794639\" class=\"sppb-col-md-1\">\n<div id=\"column-id-1579781794639\" class=\"sppb-column\">\n<div class=\"sppb-column-addons\"><\/div>\n<\/div>\n<\/div>\n<div id=\"column-wrap-id-1579781794641\" class=\"sppb-col-md-3\">\n<div id=\"column-id-1579781794641\" class=\"sppb-column\">\n<div class=\"sppb-column-addons\">\n<div id=\"sppb-addon-wrapper-1579780886814\" class=\"sppb-addon-wrapper\">\n<div id=\"sppb-addon-1579780886814\" class=\" sppb-wow bounceInUp clearfix  sppb-animated\" data-sppb-wow-duration=\"1200ms\" data-sppb-wow-delay=\"500ms\">\n<div class=\"sppb-addon sppb-addon-single-image sppb-text-center \">\n<div class=\"sppb-addon-content\">\n<div class=\"sppb-addon-single-image-container\">\n<div class=\"sppb-addon-image-overlay\"><\/div>\n<p><img fetchpriority=\"high\" decoding=\"async\" class=\"sppb-img-responsive\" title=\"\" src=\"https:\/\/rivacase.com\/images\/7923\/black\/02.jpg\" alt=\"RIVACASE\" width=\"645\" height=\"645\" \/><\/div>\n<\/div>\n<\/div>\n<\/div>\n<\/div>\n<\/div>\n<\/div>\n<\/div>\n<div id=\"column-wrap-id-1579781794666\" class=\"sppb-col-md-4\">\n<div id=\"column-id-1579781794666\" class=\"sppb-column\">\n<div class=\"sppb-column-addons\">\n<div id=\"sppb-addon-wrapper-1579780886785\" class=\"sppb-addon-wrapper\">\n<div id=\"sppb-addon-1579780886785\" class=\" sppb-wow zoomIn clearfix  sppb-animated\" data-sppb-wow-duration=\"1200ms\" data-sppb-wow-delay=\"300ms\">\n<div class=\"sppb-addon sppb-addon-text-block  \">\n<h3 class=\"sppb-addon-title\">Compact mais tr\u00e8s spacieux<\/h3>\n<div class=\"sppb-addon-content\">Lors de la conception de ce sac \u00e0 dos de la collection Anvik, nous avons cherch\u00e9 \u00e0 \u00e9tablir un \u00e9quilibre raisonnable entre la capacit\u00e9 et la compacit\u00e9.<\/div>\n<div><\/div>\n<div class=\"sppb-addon-content\">Notre objectif \u00e9tait de cr\u00e9er quelque chose qui \u00e9tait \u00e0 la fois incroyablement pratique mais aussi pas trop encombrant et o\u00f9, cependant, vous pouvez mettre toutes les choses dont vous avez besoin.<\/div>\n<div><\/div>\n<div class=\"sppb-addon-content\">Nous avons donc \u00e9quip\u00e9 le compartiment principal spacieux de notre sac \u00e0 dos d\u2019une poche zipp\u00e9e pour votre passeport ou porte-monnaie. Ce sac \u00e0 dos de la collection Anvik sera le compagnon id\u00e9al pour ceux qui pr\u00e9f\u00e8rent \u00eatre enti\u00e8rement pr\u00e9par\u00e9s pour tous les \u00e9v\u00e9nements \u00e0 venir dans leur journ\u00e9e.<\/div>\n<\/div>\n<\/div>\n<\/div>\n<\/div>\n<\/div>\n<\/div>\n","protected":false},"excerpt":{"rendered":"<div class=\"product-fields\"><strong>Poids:<\/strong>\u00a00.63 Kg<\/div>\n<div class=\"product-fields\"><strong>Dimensions ext\u00e9rieures:\u00a0<\/strong>270x400x120 mm<\/div>\n<div class=\"product-fields\">\n<div class=\"product-field product-field-type-E\"><span class=\"product-fields-title-wrapper\"><span class=\"product-fields-title\"><strong>Doublure:<\/strong><\/span>\u00a0<\/span><span class=\"product-field-display\"><span class=\"cf4all_customvalues_wrapper\"><span id=\"cf4all_option_43\" class=\"cf4all_option \">Polyester<\/span><\/span><\/span><\/div>\n<div class=\"product-field product-field-type-E\"><span class=\"product-fields-title-wrapper\"><span class=\"product-fields-title\"><strong>Mati\u00e8re:<\/strong><\/span>\u00a0<\/span><span class=\"product-field-display\"><span class=\"cf4all_customvalues_wrapper\"><span id=\"cf4all_option_36\" class=\"cf4all_option \">Polyester<\/span><\/span><\/span><\/div>\n<\/div>\n<div class=\"product-fields\">\n<div class=\"product-fields\"><strong>Laptop pocket size<\/strong>\u00a0235x335x35 mm<\/div>\n<\/div>\n","protected":false},"featured_media":12794,"comment_status":"open","ping_status":"closed","template":"","meta":{"_acf_changed":false,"_monsterinsights_skip_tracking":false,"_monsterinsights_sitenote_active":false,"_monsterinsights_sitenote_note":"","_monsterinsights_sitenote_category":0,"_uf_show_specific_survey":0,"_uf_disable_surveys":false,"_joinchat":[]},"product_brand":[],"product_cat":[257,306],"product_tag":[],"class_list":{"0":"post-12793","1":"product","2":"type-product","3":"status-publish","4":"has-post-thumbnail","6":"product_cat-sacoche-et-sac-a-dos","7":"product_cat-sac-a-dos-pc-portable","9":"first","10":"instock","11":"sale","12":"shipping-taxable","13":"purchasable","14":"product-type-simple"},"acf":[],"jetpack_sharing_enabled":true,"_links":{"self":[{"href":"https:\/\/digistar.ma\/index.php?rest_route=\/wp\/v2\/product\/12793","targetHints":{"allow":["GET"]}}],"collection":[{"href":"https:\/\/digistar.ma\/index.php?rest_route=\/wp\/v2\/product"}],"about":[{"href":"https:\/\/digistar.ma\/index.php?rest_route=\/wp\/v2\/types\/product"}],"replies":[{"embeddable":true,"href":"https:\/\/digistar.ma\/index.php?rest_route=%2Fwp%2Fv2%2Fcomments&post=12793"}],"version-history":[{"count":1,"href":"https:\/\/digistar.ma\/index.php?rest_route=\/wp\/v2\/product\/12793\/revisions"}],"predecessor-version":[{"id":12800,"href":"https:\/\/digistar.ma\/index.php?rest_route=\/wp\/v2\/product\/12793\/revisions\/12800"}],"wp:featuredmedia":[{"embeddable":true,"href":"https:\/\/digistar.ma\/index.php?rest_route=\/wp\/v2\/media\/12794"}],"wp:attachment":[{"href":"https:\/\/digistar.ma\/index.php?rest_route=%2Fwp%2Fv2%2Fmedia&parent=12793"}],"wp:term":[{"taxonomy":"product_brand","embeddable":true,"href":"https:\/\/digistar.ma\/index.php?rest_route=%2Fwp%2Fv2%2Fproduct_brand&post=12793"},{"taxonomy":"product_cat","embeddable":true,"href":"https:\/\/digistar.ma\/index.php?rest_route=%2Fwp%2Fv2%2Fproduct_cat&post=12793"},{"taxonomy":"product_tag","embeddable":true,"href":"https:\/\/digistar.ma\/index.php?rest_route=%2Fwp%2Fv2%2Fproduct_tag&post=12793"}],"curies":[{"name":"wp","href":"https:\/\/api.w.org\/{rel}","templated":true}]}}