{"id":12801,"date":"2024-08-20T13:58:43","date_gmt":"2024-08-20T13:58:43","guid":{"rendered":"https:\/\/digistar.ma\/?post_type=product&#038;p=12801"},"modified":"2024-08-20T13:58:43","modified_gmt":"2024-08-20T13:58:43","slug":"sac-a-dos-rivacase-prater-7562-gris-bleu-15-6-pouces","status":"publish","type":"product","link":"https:\/\/digistar.ma\/?product=sac-a-dos-rivacase-prater-7562-gris-bleu-15-6-pouces","title":{"rendered":"Sac \u00e0 dos Rivacase Prater 7562 Gris bleu 15.6 Pouces"},"content":{"rendered":"<h4>Sac \u00e0 dos Rivacase Prater 7562 Gris bleu 15.6 Pouces<\/h4>\n<p>Sac \u00e0 dos connect\u00e9 anti-vol pour ordinateur 15,6 Po<\/p>\n<p>\u2022 Sac \u00e0 dos \u00e9l\u00e9gant en mati\u00e8re r\u00e9sistant \u00e0 l&#8217;eau, incluant des \u00e9l\u00e9ments de design anti-vol:<br \/>\n&#8211; sac compact et fin, nombre de poches ext\u00e9rieures r\u00e9duit<br \/>\n&#8211; poche frontale plaqu\u00e9e et cach\u00e9e, panneau organis\u00e9 pour prot\u00e9ger les objets de valeur: smartphone, porte-monnaie, papiers d&#8217;identit\u00e9,<br \/>\n\u2022 Compartiment vertical pour l&#8217;ordinateur s\u00e9curis\u00e9 par une sangle velcros et des parois lat\u00e9rales rembourr\u00e9es<br \/>\n\u2022 Port USB ext\u00e9rieur sur le c\u00f4t\u00e9 pour recharger son smartphone en chemin<br \/>\n\u2022 2 poches int\u00e9rieures lat\u00e9rales pour 1 bouteille d&#8217;eau et 1 batterie de secours \u00e0 connecter au smartphone par le port USB ext\u00e9rieur<br \/>\n\u2022Poign\u00e9e de transport et bandouli\u00e8res rembourr\u00e9es et ajustables pour un confort optimal<br \/>\n\u2022 Syst\u00e8me malin de rangement des sangles trop longues<\/p>\n<p>Mati\u00e8re: Polyester fa\u00e7on chin\u00e9, r\u00e9siste \u00e0 l&#8217;eau<br \/>\nCouleur: bicolore gris chin\u00e9 \/ bleu marine<\/p>\n<div id=\"column-wrap-id-1579781794639\" class=\"sppb-col-md-1\">\n<div id=\"column-id-1579781794639\" class=\"sppb-column\">\n<div class=\"sppb-column-addons\"><\/div>\n<\/div>\n<\/div>\n<div id=\"column-wrap-id-1579781794641\" class=\"sppb-col-md-3\">\n<div id=\"column-id-1579781794641\" class=\"sppb-column\">\n<div class=\"sppb-column-addons\">\n<div id=\"sppb-addon-wrapper-1579780886814\" class=\"sppb-addon-wrapper\">\n<div id=\"sppb-addon-1579780886814\" class=\" sppb-wow bounceInUp clearfix  sppb-animated\" data-sppb-wow-duration=\"1200ms\" data-sppb-wow-delay=\"500ms\">\n<div class=\"sppb-addon sppb-addon-single-image sppb-text-center \">\n<div class=\"sppb-addon-content\">\n<div class=\"sppb-addon-single-image-container\">\n<div class=\"sppb-addon-image-overlay\"><\/div>\n<p><img fetchpriority=\"high\" decoding=\"async\" class=\"sppb-img-responsive\" title=\"\" src=\"https:\/\/rivacase.com\/images\/7562\/03.jpg\" alt=\"RIVACASE\" width=\"618\" height=\"618\" \/><\/div>\n<\/div>\n<\/div>\n<\/div>\n<\/div>\n<\/div>\n<\/div>\n<\/div>\n<div id=\"column-wrap-id-1579781794666\" class=\"sppb-col-md-4\">\n<div id=\"column-id-1579781794666\" class=\"sppb-column\">\n<div class=\"sppb-column-addons\">\n<div id=\"sppb-addon-wrapper-1579780886785\" class=\"sppb-addon-wrapper\">\n<div id=\"sppb-addon-1579780886785\" class=\" sppb-wow zoomIn clearfix  sppb-animated\" data-sppb-wow-duration=\"1200ms\" data-sppb-wow-delay=\"300ms\">\n<div class=\"sppb-addon sppb-addon-text-block  \">\n<h3 class=\"sppb-addon-title\">La poche frontale cach\u00e9e \u00e0 glissi\u00e8re<\/h3>\n<div class=\"sppb-addon-content\">Lors de la cr\u00e9ation de cette collection Prater, nous avons voulu non seulement vous offrir un sac ultra s\u00e9curis\u00e9 contre le vol, mais aussi un sac ergonomique et \u00e9l\u00e9gant combin\u00e9 avec la polyvalence, la durabilit\u00e9 et la fonctionnalit\u00e9.<\/div>\n<div><\/div>\n<div class=\"sppb-addon-content\">Ce sont les caract\u00e9ristiques fondamentales de tous nos produits. C\u2019est pourquoi la poche frontale cach\u00e9e \u00e0 glissi\u00e8re est livr\u00e9e avec son propre pan de rangement pour les stylos, les documents et un smartphone.<\/div>\n<div><\/div>\n<div class=\"sppb-addon-content\">Ainsi, en toute situation vous pouvez rester compl\u00e8tement pr\u00eat \u00e0 toute \u00e9preuve de votre journ\u00e9e et savoir o\u00f9 chacun de vos articles est \u00e0 tout moment.<\/div>\n<\/div>\n<\/div>\n<\/div>\n<\/div>\n<\/div>\n<\/div>\n<div id=\"column-wrap-id-1579781794667\" class=\"sppb-col-md-3\">\n<div id=\"column-id-1579781794667\" class=\"sppb-column\">\n<div class=\"sppb-column-addons\">\n<div id=\"sppb-addon-wrapper-1606406385665\" class=\"sppb-addon-wrapper\">\n<div id=\"sppb-addon-1606406385665\" class=\" sppb-wow bounceInUp clearfix  sppb-animated\" data-sppb-wow-duration=\"1200ms\" data-sppb-wow-delay=\"700ms\">\n<div class=\"sppb-addon sppb-addon-single-image sppb-text-center \">\n<div class=\"sppb-addon-content\">\n<div class=\"sppb-addon-single-image-container\">\n<div class=\"sppb-addon-image-overlay\"><\/div>\n<p><img decoding=\"async\" class=\"sppb-img-responsive\" title=\"\" src=\"https:\/\/rivacase.com\/images\/7562\/04.jpg\" alt=\"RIVACASE\" width=\"554\" height=\"554\" \/><\/div>\n<\/div>\n<\/div>\n<\/div>\n<\/div>\n<\/div>\n<\/div>\n<\/div>\n","protected":false},"excerpt":{"rendered":"<div class=\"product-fields\"><strong>Poids:<\/strong>\u00a00.635 Kg<\/div>\n<div class=\"product-fields\"><strong>Dimensions ext\u00e9rieures:\u00a0<\/strong>305x460x120 mm<\/div>\n<div class=\"product-fields\">\n<div class=\"product-field product-field-type-E\"><span class=\"product-fields-title-wrapper\"><span class=\"product-fields-title\"><strong>Doublure:<\/strong><\/span>\u00a0<\/span><span class=\"product-field-display\"><span class=\"cf4all_customvalues_wrapper\"><span id=\"cf4all_option_43\" class=\"cf4all_option \">Polyester<\/span><\/span><\/span><\/div>\n<div class=\"product-field product-field-type-E\"><span class=\"product-fields-title-wrapper\"><span class=\"product-fields-title\"><strong>Mati\u00e8re:<\/strong><\/span>\u00a0<\/span><span class=\"product-field-display\"><span class=\"cf4all_customvalues_wrapper\"><span id=\"cf4all_option_36\" class=\"cf4all_option \">Polyester<\/span><\/span><\/span><\/div>\n<\/div>\n<div class=\"product-fields\">\n<div class=\"product-fields\"><strong>Laptop pocket size<\/strong>\u00a0265x390x40 mm<\/div>\n<\/div>\n","protected":false},"featured_media":12802,"comment_status":"open","ping_status":"closed","template":"","meta":{"_acf_changed":false,"_monsterinsights_skip_tracking":false,"_monsterinsights_sitenote_active":false,"_monsterinsights_sitenote_note":"","_monsterinsights_sitenote_category":0,"_uf_show_specific_survey":0,"_uf_disable_surveys":false,"_joinchat":[]},"product_brand":[],"product_cat":[257,306],"product_tag":[],"class_list":{"0":"post-12801","1":"product","2":"type-product","3":"status-publish","4":"has-post-thumbnail","6":"product_cat-sacoche-et-sac-a-dos","7":"product_cat-sac-a-dos-pc-portable","9":"first","10":"instock","11":"sale","12":"shipping-taxable","13":"purchasable","14":"product-type-simple"},"acf":[],"jetpack_sharing_enabled":true,"_links":{"self":[{"href":"https:\/\/digistar.ma\/index.php?rest_route=\/wp\/v2\/product\/12801","targetHints":{"allow":["GET"]}}],"collection":[{"href":"https:\/\/digistar.ma\/index.php?rest_route=\/wp\/v2\/product"}],"about":[{"href":"https:\/\/digistar.ma\/index.php?rest_route=\/wp\/v2\/types\/product"}],"replies":[{"embeddable":true,"href":"https:\/\/digistar.ma\/index.php?rest_route=%2Fwp%2Fv2%2Fcomments&post=12801"}],"version-history":[{"count":1,"href":"https:\/\/digistar.ma\/index.php?rest_route=\/wp\/v2\/product\/12801\/revisions"}],"predecessor-version":[{"id":12810,"href":"https:\/\/digistar.ma\/index.php?rest_route=\/wp\/v2\/product\/12801\/revisions\/12810"}],"wp:featuredmedia":[{"embeddable":true,"href":"https:\/\/digistar.ma\/index.php?rest_route=\/wp\/v2\/media\/12802"}],"wp:attachment":[{"href":"https:\/\/digistar.ma\/index.php?rest_route=%2Fwp%2Fv2%2Fmedia&parent=12801"}],"wp:term":[{"taxonomy":"product_brand","embeddable":true,"href":"https:\/\/digistar.ma\/index.php?rest_route=%2Fwp%2Fv2%2Fproduct_brand&post=12801"},{"taxonomy":"product_cat","embeddable":true,"href":"https:\/\/digistar.ma\/index.php?rest_route=%2Fwp%2Fv2%2Fproduct_cat&post=12801"},{"taxonomy":"product_tag","embeddable":true,"href":"https:\/\/digistar.ma\/index.php?rest_route=%2Fwp%2Fv2%2Fproduct_tag&post=12801"}],"curies":[{"name":"wp","href":"https:\/\/api.w.org\/{rel}","templated":true}]}}