{"id":12811,"date":"2024-08-20T14:09:20","date_gmt":"2024-08-20T14:09:20","guid":{"rendered":"https:\/\/digistar.ma\/?post_type=product&#038;p=12811"},"modified":"2024-08-20T14:10:42","modified_gmt":"2024-08-20T14:10:42","slug":"cable-rivacase-type-c-vers-lightning-1-2-metre","status":"publish","type":"product","link":"https:\/\/digistar.ma\/?product=cable-rivacase-type-c-vers-lightning-1-2-metre","title":{"rendered":"C\u00e2ble Rivacase Type-C vers Lightning 1.2 m\u00e8tre"},"content":{"rendered":"<h4>C\u00e2ble Rivacase Type-C vers Lightning 1.2 m\u00e8tre<\/h4>\n<p>Acc\u00e9l\u00e9rez vos recharges avec le C\u00e2ble Rivacase\u00a0Type-C vers Lightning 1,2M.<\/p>\n<p>Profitez d&#8217;un courant jusqu&#8217;\u00e0 3A et d&#8217;une charge rapide USB-C PD pour votre iPhone 8 ou ult\u00e9rieur (50% en 30 minutes).<\/p>\n<p>Son design plat pr\u00e9vient les n\u0153uds et assure une dur\u00e9e de vie prolong\u00e9e.<\/p>\n<p>Les fils en cuivre pur garantissent un transfert de puissance optimal. R\u00e9sistant \u00e0 plus de 5000 pliages, il offre une vitesse de transfert de donn\u00e9es jusqu&#8217;\u00e0 480Mbps. Avec ses 1,2m, vous gagnez en libert\u00e9.<\/p>\n<p>Compatible avec tous les appareils Apple Lightning. Profitez d&#8217;une recharge plus rapide et efficace !<\/p>\n<h4>C\u00e2ble Rivacase Type-C vers Lightning 1.2 m\u00e8tre<\/h4>\n<div class=\"product-fields\"><strong>Poids:<\/strong>\u00a00 Kg<\/div>\n<p><strong>Dimensions:\u00a0<\/strong>75x20x161 mm<\/p>\n","protected":false},"excerpt":{"rendered":"<p><strong>Dimensions:\u00a0<\/strong>75x20x161 mm<\/p>\n<p>C\u00e2ble Rivacase\u00a0Type-C vers Lightning 1,2M.<\/p>\n","protected":false},"featured_media":12812,"comment_status":"open","ping_status":"closed","template":"","meta":{"_acf_changed":false,"_monsterinsights_skip_tracking":false,"_monsterinsights_sitenote_active":false,"_monsterinsights_sitenote_note":"","_monsterinsights_sitenote_category":0,"_uf_show_specific_survey":0,"_uf_disable_surveys":false,"_joinchat":[]},"product_brand":[],"product_cat":[260,281,316,366],"product_tag":[],"class_list":{"0":"post-12811","1":"product","2":"type-product","3":"status-publish","4":"has-post-thumbnail","6":"product_cat-accessoires-composants","7":"product_cat-accessoires-telephone-portable","8":"product_cat-cable","9":"product_cat-cable-et-adaptateur","11":"first","12":"instock","13":"sale","14":"shipping-taxable","15":"purchasable","16":"product-type-simple"},"acf":[],"jetpack_sharing_enabled":true,"_links":{"self":[{"href":"https:\/\/digistar.ma\/index.php?rest_route=\/wp\/v2\/product\/12811","targetHints":{"allow":["GET"]}}],"collection":[{"href":"https:\/\/digistar.ma\/index.php?rest_route=\/wp\/v2\/product"}],"about":[{"href":"https:\/\/digistar.ma\/index.php?rest_route=\/wp\/v2\/types\/product"}],"replies":[{"embeddable":true,"href":"https:\/\/digistar.ma\/index.php?rest_route=%2Fwp%2Fv2%2Fcomments&post=12811"}],"version-history":[{"count":3,"href":"https:\/\/digistar.ma\/index.php?rest_route=\/wp\/v2\/product\/12811\/revisions"}],"predecessor-version":[{"id":12815,"href":"https:\/\/digistar.ma\/index.php?rest_route=\/wp\/v2\/product\/12811\/revisions\/12815"}],"wp:featuredmedia":[{"embeddable":true,"href":"https:\/\/digistar.ma\/index.php?rest_route=\/wp\/v2\/media\/12812"}],"wp:attachment":[{"href":"https:\/\/digistar.ma\/index.php?rest_route=%2Fwp%2Fv2%2Fmedia&parent=12811"}],"wp:term":[{"taxonomy":"product_brand","embeddable":true,"href":"https:\/\/digistar.ma\/index.php?rest_route=%2Fwp%2Fv2%2Fproduct_brand&post=12811"},{"taxonomy":"product_cat","embeddable":true,"href":"https:\/\/digistar.ma\/index.php?rest_route=%2Fwp%2Fv2%2Fproduct_cat&post=12811"},{"taxonomy":"product_tag","embeddable":true,"href":"https:\/\/digistar.ma\/index.php?rest_route=%2Fwp%2Fv2%2Fproduct_tag&post=12811"}],"curies":[{"name":"wp","href":"https:\/\/api.w.org\/{rel}","templated":true}]}}