{"id":12816,"date":"2024-08-20T14:21:09","date_gmt":"2024-08-20T14:21:09","guid":{"rendered":"https:\/\/digistar.ma\/?post_type=product&#038;p=12816"},"modified":"2024-08-20T14:21:10","modified_gmt":"2024-08-20T14:21:10","slug":"sacoche-rivacase-cardiff-8509-noir-pour-tablette-8-pouces","status":"publish","type":"product","link":"https:\/\/digistar.ma\/?product=sacoche-rivacase-cardiff-8509-noir-pour-tablette-8-pouces","title":{"rendered":"Sacoche Rivacase Cardiff 8509 noir pour tablette 8 Pouces"},"content":{"rendered":"<h4>Sacoche Rivacase Cardiff 8509 noir pour tablette 8 Pouces<\/h4>\n<p>Le sac \u00e0 bandouli\u00e8re<\/p>\n<p>\u2022 Il est fabriqu\u00e9 \u00e0 partir de cuir artificiel de haute qualit\u00e9 et d\u2019un tissu qui s&#8217;appelle \u00a0le canevas (le coton 100% naturel sp\u00e9cialement \u00a0trait\u00e9).<br \/>\n\u2022Il prot\u00e8ge votre gadget en toute s\u00e9curit\u00e9 contre les coups accidentels, les rayures et aussi contre la poussi\u00e8re et l\u2019humidit\u00e9<br \/>\n\u2022 La bandouli\u00e8re r\u00e9glable.<br \/>\n\u2022 Le compartiment principal pour une tablette jusqu\u2019\u00e0 8&#8243; et \u00a0une poche \u00e0 la fermeture \u00e9clair pour le passeport et \u00a0le porte-monnaie avec un mousqueton amovible pour les cl\u00e9s .<br \/>\n\u2022 La poche arri\u00e8re \u00e0 la fermeture \u00e9clair pour un smartphone.<\/p>\n<div class=\"product-fields\"><strong>Poids:<\/strong>\u00a00.2 Kg<\/div>\n<div class=\"product-fields\"><strong>Dimensions ext\u00e9rieures:\u00a0<\/strong>210x260x30 mm<\/div>\n<div class=\"product-fields\">\n<div class=\"product-field product-field-type-E\"><span class=\"product-fields-title-wrapper\"><span class=\"product-fields-title\"><strong>Mati\u00e8re:<\/strong><\/span>\u00a0<\/span><span class=\"product-field-display\"><span class=\"cf4all_customvalues_wrapper\"><span id=\"cf4all_option_395\" class=\"cf4all_option \">Toile<\/span>\u00a0<span class=\"cf4all_comma\">,\u00a0<\/span><span id=\"cf4all_option_35\" class=\"cf4all_option \">Polyur\u00e9thane<\/span><\/span><\/span><\/div>\n<div class=\"product-field product-field-type-E\"><span class=\"product-fields-title-wrapper\"><span class=\"product-fields-title\"><strong>Doublure:<\/strong><\/span>\u00a0<\/span><span class=\"product-field-display\"><span class=\"cf4all_customvalues_wrapper\"><span id=\"cf4all_option_43\" class=\"cf4all_option \">Polyester<\/span><\/span><\/span><\/div>\n<\/div>\n<div class=\"product-fields\">\n<div class=\"product-fields\"><strong>Laptop pocket size<\/strong>\u00a0170x225x25 mm<\/div>\n<\/div>\n","protected":false},"excerpt":{"rendered":"<div class=\"product-fields\"><strong>Poids:<\/strong>\u00a00.2 Kg<\/div>\n<div class=\"product-fields\"><strong>Dimensions ext\u00e9rieures:\u00a0<\/strong>210x260x30 mm<\/div>\n<div class=\"product-fields\">\n<div class=\"product-field product-field-type-E\"><span class=\"product-fields-title-wrapper\"><span class=\"product-fields-title\"><strong>Mati\u00e8re:<\/strong><\/span>\u00a0<\/span><span class=\"product-field-display\"><span class=\"cf4all_customvalues_wrapper\"><span id=\"cf4all_option_395\" class=\"cf4all_option \">Toile<\/span>\u00a0<span class=\"cf4all_comma\">,\u00a0<\/span><span id=\"cf4all_option_35\" class=\"cf4all_option \">Polyur\u00e9thane<\/span><\/span><\/span><\/div>\n<div class=\"product-field product-field-type-E\"><span class=\"product-fields-title-wrapper\"><span class=\"product-fields-title\"><strong>Doublure:<\/strong><\/span>\u00a0<\/span><span class=\"product-field-display\"><span class=\"cf4all_customvalues_wrapper\"><span id=\"cf4all_option_43\" class=\"cf4all_option \">Polyester<\/span><\/span><\/span><\/div>\n<\/div>\n<div class=\"product-fields\">\n<div class=\"product-fields\"><strong>Laptop pocket size<\/strong>\u00a0170x225x25 mm<\/div>\n<\/div>\n","protected":false},"featured_media":12817,"comment_status":"open","ping_status":"closed","template":"","meta":{"_acf_changed":false,"_monsterinsights_skip_tracking":false,"_monsterinsights_sitenote_active":false,"_monsterinsights_sitenote_note":"","_monsterinsights_sitenote_category":0,"_uf_show_specific_survey":0,"_uf_disable_surveys":false,"_joinchat":[]},"product_brand":[],"product_cat":[257,304],"product_tag":[],"class_list":{"0":"post-12816","1":"product","2":"type-product","3":"status-publish","4":"has-post-thumbnail","6":"product_cat-sacoche-et-sac-a-dos","7":"product_cat-sacoche-pc-portable","9":"first","10":"instock","11":"sale","12":"shipping-taxable","13":"purchasable","14":"product-type-simple"},"acf":[],"jetpack_sharing_enabled":true,"_links":{"self":[{"href":"https:\/\/digistar.ma\/index.php?rest_route=\/wp\/v2\/product\/12816","targetHints":{"allow":["GET"]}}],"collection":[{"href":"https:\/\/digistar.ma\/index.php?rest_route=\/wp\/v2\/product"}],"about":[{"href":"https:\/\/digistar.ma\/index.php?rest_route=\/wp\/v2\/types\/product"}],"replies":[{"embeddable":true,"href":"https:\/\/digistar.ma\/index.php?rest_route=%2Fwp%2Fv2%2Fcomments&post=12816"}],"version-history":[{"count":1,"href":"https:\/\/digistar.ma\/index.php?rest_route=\/wp\/v2\/product\/12816\/revisions"}],"predecessor-version":[{"id":12824,"href":"https:\/\/digistar.ma\/index.php?rest_route=\/wp\/v2\/product\/12816\/revisions\/12824"}],"wp:featuredmedia":[{"embeddable":true,"href":"https:\/\/digistar.ma\/index.php?rest_route=\/wp\/v2\/media\/12817"}],"wp:attachment":[{"href":"https:\/\/digistar.ma\/index.php?rest_route=%2Fwp%2Fv2%2Fmedia&parent=12816"}],"wp:term":[{"taxonomy":"product_brand","embeddable":true,"href":"https:\/\/digistar.ma\/index.php?rest_route=%2Fwp%2Fv2%2Fproduct_brand&post=12816"},{"taxonomy":"product_cat","embeddable":true,"href":"https:\/\/digistar.ma\/index.php?rest_route=%2Fwp%2Fv2%2Fproduct_cat&post=12816"},{"taxonomy":"product_tag","embeddable":true,"href":"https:\/\/digistar.ma\/index.php?rest_route=%2Fwp%2Fv2%2Fproduct_tag&post=12816"}],"curies":[{"name":"wp","href":"https:\/\/api.w.org\/{rel}","templated":true}]}}