{"id":12834,"date":"2024-08-20T14:41:34","date_gmt":"2024-08-20T14:41:34","guid":{"rendered":"https:\/\/digistar.ma\/?post_type=product&#038;p=12834"},"modified":"2024-08-20T14:41:35","modified_gmt":"2024-08-20T14:41:35","slug":"sacoche-rivacase-prater-7532-gris-bleu-fonce-15-6-pouces","status":"publish","type":"product","link":"https:\/\/digistar.ma\/?product=sacoche-rivacase-prater-7532-gris-bleu-fonce-15-6-pouces","title":{"rendered":"Sacoche Rivacase Prater 7532 Gris Bleu fonc\u00e9 15.6 Pouces"},"content":{"rendered":"<h3>Sacoche Rivacase Prater 7532 Gris Bleu fonc\u00e9 15.6 Pouces<\/h3>\n<p>Le sac \u00e0 dos pour l&#8217;ordinateur portable jusqu&#8217;\u00e0 15,6&#8243;<\/p>\n<p>\u2022 Le sac \u00e0 dos pour l&#8217;ordinateur portable jusqu&#8217;\u00e0 15,6&#8243; est fabriqu\u00e9 en mat\u00e9riau r\u00e9sistant \u00e0 l\u2019eau de haute qualit\u00e9.<br \/>\n\u2022 Le compartiment principal est \u00e9quip\u00e9 de deux poches en maille pour ranger les accessoires et une tablette jusqu&#8217;\u00e0 10,1 pouces en dimensions. Il y a aussi le compartiment pour l&#8217;ordinateur portable jusqu&#8217;\u00e0 15.6&#8243;.<br \/>\n\u2022 Le compartiment \u00a0frontal cach\u00e9 \u00e0 la fermeture \u00e9clair dans lequel on peut ranger les cartes de visite, le passeport, le porte-monnaie et le smartphone.<br \/>\n\u2022 Doubles tirettes de la fermeture \u00e9clair pour un acc\u00e8s facile au contenu du sac \u00e0 dos.<br \/>\n\u2022 Les poign\u00e9es de transport confortables et la bandouli\u00e8re amovible.<\/p>\n<div id=\"column-wrap-id-1579781794641\" class=\"sppb-col-md-3\">\n<div id=\"column-id-1579781794641\" class=\"sppb-column\">\n<div class=\"sppb-column-addons\">\n<div id=\"sppb-addon-wrapper-1579780886814\" class=\"sppb-addon-wrapper\">\n<div id=\"sppb-addon-1579780886814\" class=\" sppb-wow bounceInUp clearfix  sppb-animated\" data-sppb-wow-duration=\"1200ms\" data-sppb-wow-delay=\"500ms\">\n<div class=\"sppb-addon sppb-addon-single-image sppb-text-center \">\n<div class=\"sppb-addon-content\">\n<div class=\"sppb-addon-single-image-container\"><img fetchpriority=\"high\" decoding=\"async\" class=\"sppb-img-responsive\" title=\"\" src=\"https:\/\/rivacase.com\/images\/7532\/03.jpg\" alt=\"RIVACASE\" width=\"617\" height=\"617\" \/><\/div>\n<\/div>\n<\/div>\n<\/div>\n<\/div>\n<\/div>\n<\/div>\n<\/div>\n<div id=\"column-wrap-id-1579781794666\" class=\"sppb-col-md-4\">\n<div id=\"column-id-1579781794666\" class=\"sppb-column\">\n<div class=\"sppb-column-addons\">\n<div id=\"sppb-addon-wrapper-1579780886785\" class=\"sppb-addon-wrapper\">\n<div id=\"sppb-addon-1579780886785\" class=\" sppb-wow zoomIn clearfix  sppb-animated\" data-sppb-wow-duration=\"1200ms\" data-sppb-wow-delay=\"300ms\">\n<div class=\"sppb-addon sppb-addon-text-block  \">\n<h3 class=\"sppb-addon-title\">La poche frontale cach\u00e9e \u00e0 glissi\u00e8re<\/h3>\n<div class=\"sppb-addon-content\">Une journ\u00e9e r\u00e9ussie est une journ\u00e9e bien planifi\u00e9e. Comme le dit le vieux proverbe: \u00abne pas se pr\u00e9parer &#8211; se pr\u00e9parer \u00e0 \u00e9chouer\u00bb. M\u00eame \u00e0 l\u2019\u00e9tape de la conception, nous nous assurons que tous les \u00e9l\u00e9ments de nos produits vous aident \u00e0 optimiser votre journ\u00e9e de mani\u00e8re aussi efficace que possible. C\u2019est pourquoi ce sac pour l\u2019ordinateur portable est livr\u00e9 avec son propre pan de rangement pour les stylos, les documents et les smartphones. Donc, il vous suffit de ranger les articles dans la poche frontale cach\u00e9e \u00e0 glissi\u00e8re et savoir qu\u2019ils sont rang\u00e9s de mani\u00e8re ordonn\u00e9e et en toute s\u00e9curit\u00e9.<\/div>\n<\/div>\n<\/div>\n<\/div>\n<\/div>\n<\/div>\n<\/div>\n","protected":false},"excerpt":{"rendered":"<div class=\"product-fields\"><strong>Poids:<\/strong>\u00a00.515 Kg<\/div>\n<div class=\"product-fields\"><strong>Dimensions ext\u00e9rieures:\u00a0<\/strong>420x310x65 mm<\/div>\n<div class=\"product-fields\">\n<div class=\"product-field product-field-type-E\"><span class=\"product-fields-title-wrapper\"><span class=\"product-fields-title\"><strong>Doublure:<\/strong><\/span>\u00a0<\/span><span class=\"product-field-display\"><span class=\"cf4all_customvalues_wrapper\"><span id=\"cf4all_option_43\" class=\"cf4all_option \">Polyester<\/span><\/span><\/span><\/div>\n<div class=\"product-field product-field-type-E\"><span class=\"product-fields-title-wrapper\"><span class=\"product-fields-title\"><strong>Mati\u00e8re:<\/strong><\/span>\u00a0<\/span><span class=\"product-field-display\"><span class=\"cf4all_customvalues_wrapper\"><span id=\"cf4all_option_36\" class=\"cf4all_option \">Polyester<\/span><\/span><\/span><\/div>\n<\/div>\n<div class=\"product-fields\">\n<div class=\"product-fields\"><strong>Laptop pocket size<\/strong>\u00a0400x285x50 mm<\/div>\n<\/div>\n","protected":false},"featured_media":12835,"comment_status":"open","ping_status":"closed","template":"","meta":{"_acf_changed":false,"_monsterinsights_skip_tracking":false,"_monsterinsights_sitenote_active":false,"_monsterinsights_sitenote_note":"","_monsterinsights_sitenote_category":0,"_uf_show_specific_survey":0,"_uf_disable_surveys":false,"_joinchat":[]},"product_brand":[],"product_cat":[257,304],"product_tag":[],"class_list":{"0":"post-12834","1":"product","2":"type-product","3":"status-publish","4":"has-post-thumbnail","6":"product_cat-sacoche-et-sac-a-dos","7":"product_cat-sacoche-pc-portable","9":"first","10":"instock","11":"sale","12":"shipping-taxable","13":"purchasable","14":"product-type-simple"},"acf":[],"jetpack_sharing_enabled":true,"_links":{"self":[{"href":"https:\/\/digistar.ma\/index.php?rest_route=\/wp\/v2\/product\/12834","targetHints":{"allow":["GET"]}}],"collection":[{"href":"https:\/\/digistar.ma\/index.php?rest_route=\/wp\/v2\/product"}],"about":[{"href":"https:\/\/digistar.ma\/index.php?rest_route=\/wp\/v2\/types\/product"}],"replies":[{"embeddable":true,"href":"https:\/\/digistar.ma\/index.php?rest_route=%2Fwp%2Fv2%2Fcomments&post=12834"}],"version-history":[{"count":1,"href":"https:\/\/digistar.ma\/index.php?rest_route=\/wp\/v2\/product\/12834\/revisions"}],"predecessor-version":[{"id":12842,"href":"https:\/\/digistar.ma\/index.php?rest_route=\/wp\/v2\/product\/12834\/revisions\/12842"}],"wp:featuredmedia":[{"embeddable":true,"href":"https:\/\/digistar.ma\/index.php?rest_route=\/wp\/v2\/media\/12835"}],"wp:attachment":[{"href":"https:\/\/digistar.ma\/index.php?rest_route=%2Fwp%2Fv2%2Fmedia&parent=12834"}],"wp:term":[{"taxonomy":"product_brand","embeddable":true,"href":"https:\/\/digistar.ma\/index.php?rest_route=%2Fwp%2Fv2%2Fproduct_brand&post=12834"},{"taxonomy":"product_cat","embeddable":true,"href":"https:\/\/digistar.ma\/index.php?rest_route=%2Fwp%2Fv2%2Fproduct_cat&post=12834"},{"taxonomy":"product_tag","embeddable":true,"href":"https:\/\/digistar.ma\/index.php?rest_route=%2Fwp%2Fv2%2Fproduct_tag&post=12834"}],"curies":[{"name":"wp","href":"https:\/\/api.w.org\/{rel}","templated":true}]}}