{"id":12858,"date":"2024-08-20T15:09:08","date_gmt":"2024-08-20T15:09:08","guid":{"rendered":"https:\/\/digistar.ma\/?post_type=product&#038;p=12858"},"modified":"2024-08-20T15:09:09","modified_gmt":"2024-08-20T15:09:09","slug":"sac-a-dos-rivacase-8925-begie-13-3-pouces","status":"publish","type":"product","link":"https:\/\/digistar.ma\/?product=sac-a-dos-rivacase-8925-begie-13-3-pouces","title":{"rendered":"Sac \u00e0 dos Rivacase 8925 begie 13.3 Pouces"},"content":{"rendered":"<h3>Sac \u00e0 dos Rivacase 8925 begie 13.3 Pouces<\/h3>\n<p>Ce sac \u00e0 dos compact mais spacieux en faux cuir hydrofuge de haute qualit\u00e9 d&#8217;une couleur originale sera votre compagnon \u00e0 la mode.<\/p>\n<p>Sac \u00e0 dos pour ordinateurs portables et ultrabooks jusqu&#8217;\u00e0 13,3&#8243;.<\/p>\n<p>\u2022 Sac \u00e0 dos urbain avec compartiment pour ordinateur portable MacBook Pro 13&#8243; ou Ultrabook 13.3&#8243; et poche pour tablette 10.1&#8243;.<br \/>\n\u2022 Fabriqu\u00e9 en faux cuir de haute qualit\u00e9 hydrofuge, il prot\u00e8ge votre ordinateur portable des coups et des rayures occasionnels, ainsi que de la poussi\u00e8re et de l&#8217;humidit\u00e9. &#8211; L&#8217;int\u00e9rieur est fait d&#8217;une doublure beige contrast\u00e9e.<br \/>\n\u2022 En plus du compartiment pour ordinateur portable, le sac est dot\u00e9 d&#8217;une section pour les documents et d&#8217;une poche pour une tablette jusqu&#8217;\u00e0 10,1&#8243;.<br \/>\n\u2022 Poche interne \u00e0 fermeture \u00e9clair pour votre passeport, votre porte-monnaie et un mousqueton amovible pour les cl\u00e9s.<br \/>\n\u2022 Poche frontale pour smartphone<br \/>\n\u2022 Deux poches lat\u00e9rales pour une bouteille d&#8217;eau ou un parapluie.<br \/>\n\u2022 Poign\u00e9e et sangles d&#8217;\u00e9paule confortables avec bandes souples<br \/>\n\u2022 Poche cach\u00e9e anti-vol \u00e0 fermeture \u00e9clair au dos pour ranger votre porte-monnaie et votre passeport<br \/>\n\u2022 Un syst\u00e8me sp\u00e9cial de fixation des sangles en Velcro permet de fixer les sangles et de cr\u00e9er un confort suppl\u00e9mentaire.Le compartiment principal spacieux se ferme \u00e0 l&#8217;aide d&#8217;une fermeture \u00e9clair m\u00e9tallique robuste. Les c\u00f4t\u00e9s du compartiment po<\/p>\n","protected":false},"excerpt":{"rendered":"<div class=\"product-fields\"><strong>Poids:<\/strong>\u00a00.8 Kg<\/div>\n<div class=\"product-fields\"><strong>Dimensions ext\u00e9rieures:\u00a0<\/strong>270x135x370 mm<\/div>\n<div class=\"\">\n<div class=\"product-field product-field-type-E\"><span class=\"product-fields-title-wrapper\"><span class=\"product-fields-title\"><strong>Mati\u00e8re:<\/strong><\/span>\u00a0<\/span><span class=\"product-field-display\"><span class=\"cf4all_customvalues_wrapper\"><span id=\"cf4all_option_35\" class=\"cf4all_option \">Polyur\u00e9thane<\/span><\/span><\/span><\/div>\n<div class=\"product-field product-field-type-E\"><span class=\"product-fields-title-wrapper\"><span class=\"product-fields-title\"><strong>Doublure:<\/strong><\/span>\u00a0<\/span><span class=\"product-field-display\"><span class=\"cf4all_customvalues_wrapper\"><span id=\"cf4all_option_43\" class=\"cf4all_option \">Polyester<\/span><\/span><\/span><\/div>\n<div class=\"product-field product-field-type-E\"><span class=\"product-fields-title-wrapper\"><span class=\"product-fields-title\"><strong>Capacit\u00e9:<\/strong><\/span>\u00a0<\/span><span class=\"product-field-display\"><span class=\"cf4all_customvalues_wrapper\"><span id=\"cf4all_option_301\" class=\"cf4all_option \">8.5<\/span>\u00a0<\/span>l<\/span><\/div>\n<\/div>\n","protected":false},"featured_media":12859,"comment_status":"open","ping_status":"closed","template":"","meta":{"_acf_changed":false,"_monsterinsights_skip_tracking":false,"_monsterinsights_sitenote_active":false,"_monsterinsights_sitenote_note":"","_monsterinsights_sitenote_category":0,"_uf_show_specific_survey":0,"_uf_disable_surveys":false,"_joinchat":[]},"product_brand":[],"product_cat":[257,306],"product_tag":[],"class_list":{"0":"post-12858","1":"product","2":"type-product","3":"status-publish","4":"has-post-thumbnail","6":"product_cat-sacoche-et-sac-a-dos","7":"product_cat-sac-a-dos-pc-portable","9":"first","10":"instock","11":"sale","12":"shipping-taxable","13":"purchasable","14":"product-type-simple"},"acf":[],"jetpack_sharing_enabled":true,"_links":{"self":[{"href":"https:\/\/digistar.ma\/index.php?rest_route=\/wp\/v2\/product\/12858","targetHints":{"allow":["GET"]}}],"collection":[{"href":"https:\/\/digistar.ma\/index.php?rest_route=\/wp\/v2\/product"}],"about":[{"href":"https:\/\/digistar.ma\/index.php?rest_route=\/wp\/v2\/types\/product"}],"replies":[{"embeddable":true,"href":"https:\/\/digistar.ma\/index.php?rest_route=%2Fwp%2Fv2%2Fcomments&post=12858"}],"version-history":[{"count":1,"href":"https:\/\/digistar.ma\/index.php?rest_route=\/wp\/v2\/product\/12858\/revisions"}],"predecessor-version":[{"id":12866,"href":"https:\/\/digistar.ma\/index.php?rest_route=\/wp\/v2\/product\/12858\/revisions\/12866"}],"wp:featuredmedia":[{"embeddable":true,"href":"https:\/\/digistar.ma\/index.php?rest_route=\/wp\/v2\/media\/12859"}],"wp:attachment":[{"href":"https:\/\/digistar.ma\/index.php?rest_route=%2Fwp%2Fv2%2Fmedia&parent=12858"}],"wp:term":[{"taxonomy":"product_brand","embeddable":true,"href":"https:\/\/digistar.ma\/index.php?rest_route=%2Fwp%2Fv2%2Fproduct_brand&post=12858"},{"taxonomy":"product_cat","embeddable":true,"href":"https:\/\/digistar.ma\/index.php?rest_route=%2Fwp%2Fv2%2Fproduct_cat&post=12858"},{"taxonomy":"product_tag","embeddable":true,"href":"https:\/\/digistar.ma\/index.php?rest_route=%2Fwp%2Fv2%2Fproduct_tag&post=12858"}],"curies":[{"name":"wp","href":"https:\/\/api.w.org\/{rel}","templated":true}]}}