{"id":12867,"date":"2024-08-20T15:21:59","date_gmt":"2024-08-20T15:21:59","guid":{"rendered":"https:\/\/digistar.ma\/?post_type=product&#038;p=12867"},"modified":"2024-08-20T15:22:00","modified_gmt":"2024-08-20T15:22:00","slug":"housse-rivacase-suzuka-7704-noire-13-3pouces-14-pouces","status":"publish","type":"product","link":"https:\/\/digistar.ma\/?product=housse-rivacase-suzuka-7704-noire-13-3pouces-14-pouces","title":{"rendered":"Housse Rivacase Suzuka 7704 Noire 13.3Pouces 14 Pouces"},"content":{"rendered":"<h4>Housse Rivacase Suzuka 7704 Noire 13.3Pouces 14 Pouces<\/h4>\n<p>S\u00e9rie de housses pour ordinateurs portables jusqu&#8217;\u00e0 14&#8221;<\/p>\n<p>\u2022 S\u00e9rie de housses id\u00e9ales pour la plupart des ordinateurs portables, Ultrabooks et tablettes<br \/>\n\u2022 Int\u00e9rieur en tissus doux type polaire<br \/>\n\u2022 Housses fabriqu\u00e9es en textile de haute qualit\u00e9 r\u00e9sitant \u00e0 l&#8217;eau<br \/>\n\u2022 Protection optimale de votre appareil contre les chocs, les rayures, la poussi\u00e8re et l&#8217;humidit\u00e9<br \/>\n\u2022 Fermeture \u00e9clair \u00e0 double sens pour un acc\u00e8s facile \u00e0 votre appareil<\/p>\n<div id=\"column-wrap-id-1571392310747\" class=\"sppb-col-md-4\">\n<div id=\"column-id-1571392310747\" class=\"sppb-column\">\n<div class=\"sppb-column-addons\">\n<div id=\"sppb-addon-wrapper-1571392310748\" class=\"sppb-addon-wrapper\">\n<div id=\"sppb-addon-1571392310748\" class=\" sppb-wow fadeInRight clearfix  sppb-animated\" data-sppb-wow-duration=\"1200ms\">\n<div class=\"sppb-addon sppb-addon-single-image sppb-text-center \">\n<div class=\"sppb-addon-content\">\n<div class=\"sppb-addon-single-image-container\"><img fetchpriority=\"high\" decoding=\"async\" class=\"sppb-img-responsive\" title=\"\" src=\"https:\/\/rivacase.com\/images\/virtuemart\/product\/7704_black.4260403575208.ver03.jpg\" alt=\"7704_black.4260403575208.ver03.jpg\" width=\"646\" height=\"646\" \/><\/div>\n<\/div>\n<\/div>\n<\/div>\n<\/div>\n<\/div>\n<\/div>\n<\/div>\n<div id=\"column-wrap-id-1571392310749\" class=\"sppb-col-md-4\">\n<div id=\"column-id-1571392310749\" class=\"sppb-column\">\n<div class=\"sppb-column-addons\">\n<div id=\"sppb-addon-wrapper-1571392310750\" class=\"sppb-addon-wrapper\">\n<div id=\"sppb-addon-1571392310750\" class=\"clearfix \">\n<div class=\"sppb-addon sppb-addon-text-block  \">\n<h3 class=\"sppb-addon-title\">LA PROTECTION ET LE CONFORT<\/h3>\n<div class=\"sppb-addon-content\">Le rev\u00eatement ext\u00e9rieur durable et le rembourrage int\u00e9rieur offrent une protection maximale \u00e0 votre appareil \u00e9lectronique contre les chocs accidentels, les rayures, la poussi\u00e8re et l&#8217;humidit\u00e9.<\/div>\n<div><\/div>\n<div class=\"sppb-addon-content\">La double fermeture \u00e9clair accessible et pratique permet d&#8217;acc\u00e9der facilement et imm\u00e9diatement \u00e0 votre appareil, ce qui est id\u00e9al et rapide pour vous aider pendant une r\u00e9union d&#8217;affaires ou des conf\u00e9rences. Une image sportive et raffin\u00e9e pour les gens qui pr\u00e9f\u00e8rent un mode de vie actif.<\/div>\n<\/div>\n<\/div>\n<\/div>\n<\/div>\n<\/div>\n<\/div>\n<div id=\"column-wrap-id-1571392310751\" class=\"sppb-col-md-4\">\n<div id=\"column-id-1571392310751\" class=\"sppb-column\">\n<div class=\"sppb-column-addons\">\n<div id=\"sppb-addon-wrapper-1571392310752\" class=\"sppb-addon-wrapper\">\n<div id=\"sppb-addon-1571392310752\" class=\"clearfix \">\n<div class=\"sppb-empty-space  clearfix\"><\/div>\n<\/div>\n<\/div>\n<div id=\"sppb-addon-wrapper-1571392310753\" class=\"sppb-addon-wrapper\">\n<div id=\"sppb-addon-1571392310753\" class=\" sppb-wow fadeInRight clearfix  sppb-animated\" data-sppb-wow-duration=\"1200ms\">\n<div class=\"sppb-addon sppb-addon-single-image sppb-text-center \">\n<div class=\"sppb-addon-content\">\n<div class=\"sppb-addon-single-image-container\"><\/div>\n<\/div>\n<\/div>\n<\/div>\n<\/div>\n<\/div>\n<\/div>\n<\/div>\n","protected":false},"excerpt":{"rendered":"<div class=\"product-fields\"><strong>Poids:<\/strong>\u00a00.145 Kg<\/div>\n<div class=\"product-fields\"><strong>Dimensions ext\u00e9rieures:\u00a0<\/strong>355x258x30 mm<\/div>\n<div class=\"product-fields\"><strong>Dimensions int\u00e9rieures:\u00a0<\/strong>348x250x25 mm<\/div>\n<div class=\"product-fields\">\n<div class=\"product-field product-field-type-E\"><span class=\"product-fields-title-wrapper\"><span class=\"product-fields-title\"><strong>Mati\u00e8re:<\/strong><\/span>\u00a0<\/span><span class=\"product-field-display\"><span class=\"cf4all_customvalues_wrapper\"><span id=\"cf4all_option_673\" class=\"cf4all_option \">RPET Polyester<\/span><\/span><\/span><\/div>\n<div class=\"product-field product-field-type-E\"><span class=\"product-fields-title-wrapper\"><span class=\"product-fields-title\"><strong>Doublure:<\/strong><\/span>\u00a0<\/span><span class=\"product-field-display\"><span class=\"cf4all_customvalues_wrapper\"><span id=\"cf4all_option_43\" class=\"cf4all_option \">Polyester<\/span><\/span><\/span><\/div>\n<\/div>\n<div class=\"product-fields\">\n<div class=\"product-fields\"><strong>Laptop pocket size<\/strong>\u00a0348x250x25 mm<\/div>\n<\/div>\n","protected":false},"featured_media":12868,"comment_status":"open","ping_status":"closed","template":"","meta":{"_acf_changed":false,"_monsterinsights_skip_tracking":false,"_monsterinsights_sitenote_active":false,"_monsterinsights_sitenote_note":"","_monsterinsights_sitenote_category":0,"_uf_show_specific_survey":0,"_uf_disable_surveys":false,"_joinchat":[]},"product_brand":[],"product_cat":[257,305],"product_tag":[],"class_list":{"0":"post-12867","1":"product","2":"type-product","3":"status-publish","4":"has-post-thumbnail","6":"product_cat-sacoche-et-sac-a-dos","7":"product_cat-housse-et-etui","9":"first","10":"instock","11":"sale","12":"shipping-taxable","13":"purchasable","14":"product-type-simple"},"acf":[],"jetpack_sharing_enabled":true,"_links":{"self":[{"href":"https:\/\/digistar.ma\/index.php?rest_route=\/wp\/v2\/product\/12867","targetHints":{"allow":["GET"]}}],"collection":[{"href":"https:\/\/digistar.ma\/index.php?rest_route=\/wp\/v2\/product"}],"about":[{"href":"https:\/\/digistar.ma\/index.php?rest_route=\/wp\/v2\/types\/product"}],"replies":[{"embeddable":true,"href":"https:\/\/digistar.ma\/index.php?rest_route=%2Fwp%2Fv2%2Fcomments&post=12867"}],"version-history":[{"count":1,"href":"https:\/\/digistar.ma\/index.php?rest_route=\/wp\/v2\/product\/12867\/revisions"}],"predecessor-version":[{"id":12874,"href":"https:\/\/digistar.ma\/index.php?rest_route=\/wp\/v2\/product\/12867\/revisions\/12874"}],"wp:featuredmedia":[{"embeddable":true,"href":"https:\/\/digistar.ma\/index.php?rest_route=\/wp\/v2\/media\/12868"}],"wp:attachment":[{"href":"https:\/\/digistar.ma\/index.php?rest_route=%2Fwp%2Fv2%2Fmedia&parent=12867"}],"wp:term":[{"taxonomy":"product_brand","embeddable":true,"href":"https:\/\/digistar.ma\/index.php?rest_route=%2Fwp%2Fv2%2Fproduct_brand&post=12867"},{"taxonomy":"product_cat","embeddable":true,"href":"https:\/\/digistar.ma\/index.php?rest_route=%2Fwp%2Fv2%2Fproduct_cat&post=12867"},{"taxonomy":"product_tag","embeddable":true,"href":"https:\/\/digistar.ma\/index.php?rest_route=%2Fwp%2Fv2%2Fproduct_tag&post=12867"}],"curies":[{"name":"wp","href":"https:\/\/api.w.org\/{rel}","templated":true}]}}