{"id":12911,"date":"2024-08-21T19:20:29","date_gmt":"2024-08-21T19:20:29","guid":{"rendered":"https:\/\/digistar.ma\/?post_type=product&#038;p=12911"},"modified":"2024-08-21T19:20:29","modified_gmt":"2024-08-21T19:20:29","slug":"housse-rivacase-anvik-7913-rouge-bourgogne-13-3-pouces","status":"publish","type":"product","link":"https:\/\/digistar.ma\/?product=housse-rivacase-anvik-7913-rouge-bourgogne-13-3-pouces","title":{"rendered":"Housse Rivacase Anvik 7913 Rouge bourgogne 13.3 Pouces"},"content":{"rendered":"<h4>Housse Rivacase Anvik 7913 Rouge bourgogne 13.3 Pouces<\/h4>\n<p>\u2022 Une gamme de housses universelles pour les ordinateurs portables et les tablettes.<br \/>\n\u2022 Les housses sont fabriqu\u00e9es en tissu hydrofuge de haute qualit\u00e9.<br \/>\n\u2022 La doublure souple en peluche<br \/>\n\u2022 Les protecteurs d&#8217;angles int\u00e9rieurs sp\u00e9ciaux. Les protecteurs sont con\u00e7us pour fixer solidement les coins des ordinateurs portables et les prot\u00e9ger contre les chutes accidentelles.<br \/>\n\u2022 Une poche ext\u00e9rieure \u00e0 la fermeture \u00e9clair pour les accessoires, le smartphone et les documents .<br \/>\n\u2022 Les poign\u00e9es de transport confortables. La compatibilit\u00e9: les tablettes et les ordinateurs portables jusqu\u2019\u00e0 12.9&#8243;-14&#8243;.<\/p>\n<div id=\"column-wrap-id-1615560069532\" class=\"sppb-col-md-4\">\n<div id=\"column-id-1615560069532\" class=\"sppb-column\">\n<div class=\"sppb-column-addons\">\n<div id=\"sppb-addon-wrapper-1615560069531\" class=\"sppb-addon-wrapper\">\n<div id=\"sppb-addon-1615560069531\" class=\" sppb-wow bounceInLeft clearfix  sppb-animated\" data-sppb-wow-duration=\"1200ms\" data-sppb-wow-delay=\"400ms\">\n<div class=\"sppb-addon sppb-addon-single-image sppb-text-left \">\n<div class=\"sppb-addon-content\">\n<div class=\"sppb-addon-single-image-container\"><img fetchpriority=\"high\" decoding=\"async\" class=\"sppb-img-responsive\" title=\"\" src=\"https:\/\/rivacase.com\/images\/7913\/red\/02.jpg\" alt=\"RIVACASE\" width=\"516\" height=\"516\" \/><\/div>\n<\/div>\n<\/div>\n<\/div>\n<\/div>\n<\/div>\n<\/div>\n<\/div>\n<div id=\"column-wrap-id-1615560069533\" class=\"sppb-col-md-1\">\n<div id=\"column-id-1615560069533\" class=\"sppb-column\">\n<div class=\"sppb-column-addons\"><\/div>\n<\/div>\n<\/div>\n<div id=\"column-wrap-id-1615560069535\" class=\"sppb-col-md-4\">\n<div id=\"column-id-1615560069535\" class=\"sppb-column\">\n<div class=\"sppb-column-addons\">\n<div id=\"sppb-addon-wrapper-1615560069534\" class=\"sppb-addon-wrapper\">\n<div id=\"sppb-addon-1615560069534\" class=\" sppb-wow fadeInRightBig clearfix  sppb-animated\" data-sppb-wow-duration=\"1200ms\" data-sppb-wow-delay=\"300ms\">\n<div class=\"sppb-addon sppb-addon-text-block  \">\n<h3 class=\"sppb-addon-title\">La doublure int\u00e9rieure en peluche pour la protection<\/h3>\n<div class=\"sppb-addon-content\">Bien s\u00fbr, il est tr\u00e8s important d&#8217;entretenir toujours les appareils \u00e9lectroniques en bon \u00e9tat. Garder leur aspect ext\u00e9rieur pr\u00e9sentable cela signifie que vous serez pr\u00e9sentable vous-m\u00eame aux r\u00e9unions de travail et dans votre vie quotidienne.<\/div>\n<div><\/div>\n<div class=\"sppb-addon-content\">Cependant, c\u2019est plus facile \u00e0 dire qu\u2019\u00e0 faire, car apr\u00e8s une longue utilisation, les rayures et les \u00e9raflures peuvent appara\u00eetre sur les appareils \u00e9lectroniques. C\u2019est pourquoi la collection Anvik est fabriqu\u00e9e avec sa propre doublure int\u00e9rieure en peluche de protection.<\/div>\n<\/div>\n<\/div>\n<\/div>\n<\/div>\n<\/div>\n<\/div>\n","protected":false},"excerpt":{"rendered":"<div class=\"product-fields\"><strong>Poids:<\/strong>\u00a00.29 Kg<\/div>\n<div class=\"product-fields\"><strong>Dimensions ext\u00e9rieures:\u00a0<\/strong>350x245x32 mm<\/div>\n<div class=\"product-fields\"><strong>Dimensions int\u00e9rieures:\u00a0<\/strong>335x233x27 mm<\/div>\n<div class=\"product-fields\">\n<div class=\"product-field product-field-type-E\"><span class=\"product-fields-title-wrapper\"><span class=\"product-fields-title\"><strong>Mati\u00e8re:<\/strong><\/span>\u00a0<\/span><span class=\"product-field-display\"><span class=\"cf4all_customvalues_wrapper\"><span id=\"cf4all_option_36\" class=\"cf4all_option \">Polyester<\/span><\/span><\/span><\/div>\n<div class=\"product-field product-field-type-E\"><span class=\"product-fields-title-wrapper\"><span class=\"product-fields-title\"><strong>Doublure:<\/strong><\/span>\u00a0<\/span><span class=\"product-field-display\"><span class=\"cf4all_customvalues_wrapper\"><span id=\"cf4all_option_43\" class=\"cf4all_option \">Polyester<\/span><\/span><\/span><\/div>\n<\/div>\n<div class=\"product-fields\">\n<div class=\"product-fields\"><strong>Laptop pocket size<\/strong>\u00a0335x233x27 mm<\/div>\n<\/div>\n","protected":false},"featured_media":12912,"comment_status":"open","ping_status":"closed","template":"","meta":{"_acf_changed":false,"_monsterinsights_skip_tracking":false,"_monsterinsights_sitenote_active":false,"_monsterinsights_sitenote_note":"","_monsterinsights_sitenote_category":0,"_uf_show_specific_survey":0,"_uf_disable_surveys":false,"_joinchat":[]},"product_brand":[],"product_cat":[257,305],"product_tag":[],"class_list":{"0":"post-12911","1":"product","2":"type-product","3":"status-publish","4":"has-post-thumbnail","6":"product_cat-sacoche-et-sac-a-dos","7":"product_cat-housse-et-etui","9":"first","10":"instock","11":"sale","12":"shipping-taxable","13":"purchasable","14":"product-type-simple"},"acf":[],"jetpack_sharing_enabled":true,"_links":{"self":[{"href":"https:\/\/digistar.ma\/index.php?rest_route=\/wp\/v2\/product\/12911","targetHints":{"allow":["GET"]}}],"collection":[{"href":"https:\/\/digistar.ma\/index.php?rest_route=\/wp\/v2\/product"}],"about":[{"href":"https:\/\/digistar.ma\/index.php?rest_route=\/wp\/v2\/types\/product"}],"replies":[{"embeddable":true,"href":"https:\/\/digistar.ma\/index.php?rest_route=%2Fwp%2Fv2%2Fcomments&post=12911"}],"version-history":[{"count":1,"href":"https:\/\/digistar.ma\/index.php?rest_route=\/wp\/v2\/product\/12911\/revisions"}],"predecessor-version":[{"id":12918,"href":"https:\/\/digistar.ma\/index.php?rest_route=\/wp\/v2\/product\/12911\/revisions\/12918"}],"wp:featuredmedia":[{"embeddable":true,"href":"https:\/\/digistar.ma\/index.php?rest_route=\/wp\/v2\/media\/12912"}],"wp:attachment":[{"href":"https:\/\/digistar.ma\/index.php?rest_route=%2Fwp%2Fv2%2Fmedia&parent=12911"}],"wp:term":[{"taxonomy":"product_brand","embeddable":true,"href":"https:\/\/digistar.ma\/index.php?rest_route=%2Fwp%2Fv2%2Fproduct_brand&post=12911"},{"taxonomy":"product_cat","embeddable":true,"href":"https:\/\/digistar.ma\/index.php?rest_route=%2Fwp%2Fv2%2Fproduct_cat&post=12911"},{"taxonomy":"product_tag","embeddable":true,"href":"https:\/\/digistar.ma\/index.php?rest_route=%2Fwp%2Fv2%2Fproduct_tag&post=12911"}],"curies":[{"name":"wp","href":"https:\/\/api.w.org\/{rel}","templated":true}]}}