{"id":12926,"date":"2024-08-21T20:09:35","date_gmt":"2024-08-21T20:09:35","guid":{"rendered":"https:\/\/digistar.ma\/?post_type=product&#038;p=12926"},"modified":"2024-08-21T20:11:06","modified_gmt":"2024-08-21T20:11:06","slug":"sac-a-dos-rivacase-7764-bleu-fonce-15-6-pouces","status":"publish","type":"product","link":"https:\/\/digistar.ma\/?product=sac-a-dos-rivacase-7764-bleu-fonce-15-6-pouces","title":{"rendered":"Sac \u00e0 dos Rivacase 7764 Bleu fonc\u00e9 15.6 Pouces"},"content":{"rendered":"<h4>Sac \u00e0 dos Rivacase 7764 Bleu fonc\u00e9 15.6 Pouces<\/h4>\n<p>Sac \u00e0 dos pour ordinateurs portables jusqu&#8217;\u00e0 15,6&#8243;.<\/p>\n<p>\u2022 Sac \u00e0 dos urbain fabriqu\u00e9 en tissu hydrofuge de haute qualit\u00e9.<br \/>\n\u2022 Un compartiment s\u00e9par\u00e9 pour l&#8217;ordinateur portable, avec des c\u00f4t\u00e9s rembourr\u00e9s, est aussi prot\u00e9g\u00e9 \u00e0 l&#8217;int\u00e9rieur par un insert rembourr\u00e9 sur le fond.<br \/>\n\u2022 Le sac \u00e0 dos a un compartiment principal spacieux pour les documents et les accessoires.<br \/>\n\u2022 Compartiment frontal zipp\u00e9 pour le rangement d&#8217;accessoires, de documents. Une poche frontale \u00e0 fermeture \u00e9clair vous permet \u00e9galement de ranger divers petits objets.<br \/>\n\u2022 Deux poches lat\u00e9rales pour les bouteilles d&#8217;eau.<br \/>\n\u2022 Double tirette de la fermeture \u00e9clair pour un acc\u00e8s comfortable \u00e0 l\u2019appareil .<br \/>\n\u2022 La poign\u00e9e de transport confortable et les sangles d&#8217;\u00e9paule rembourr\u00e9es vous aident \u00e0 vous sentir \u00e0 l&#8217;aise pendant le plus long des voyages.<br \/>\n\u2022 Le syst\u00e8me sp\u00e9cial de fixation des sangles en Velcro fixe les sangles et cr\u00e9e un confort suppl\u00e9mentaire.<\/p>\n<p>&nbsp;<\/p>\n<div class=\"product-fields\"><strong>Poids:<\/strong>\u00a00.64 Kg<\/div>\n<div class=\"product-fields\"><strong>Dimensions ext\u00e9rieures:\u00a0<\/strong>290x430x180 mm<\/div>\n<div class=\"product-fields\">\n<div class=\"product-field product-field-type-E\"><span class=\"product-fields-title-wrapper\"><span class=\"product-fields-title\"><strong>Doublure:<\/strong><\/span>\u00a0<\/span><span class=\"product-field-display\"><span class=\"cf4all_customvalues_wrapper\"><span id=\"cf4all_option_43\" class=\"cf4all_option \">Polyester<\/span><\/span><\/span><\/div>\n<div class=\"product-field product-field-type-E\"><span class=\"product-fields-title-wrapper\"><span class=\"product-fields-title\"><strong>Mati\u00e8re:<\/strong><\/span>\u00a0<\/span><span class=\"product-field-display\"><span class=\"cf4all_customvalues_wrapper\"><span id=\"cf4all_option_36\" class=\"cf4all_option \">Polyester<\/span><\/span><\/span><\/div>\n<\/div>\n<div class=\"product-fields\">\n<div class=\"product-fields\"><strong>Laptop pocket size<\/strong>\u00a0280x410x40 mm<\/div>\n<\/div>\n","protected":false},"excerpt":{"rendered":"<div class=\"product-fields\"><strong>Poids:<\/strong>\u00a00.64 Kg<\/div>\n<div class=\"product-fields\"><strong>Dimensions ext\u00e9rieures:\u00a0<\/strong>290x430x180 mm<\/div>\n<div class=\"product-fields\">\n<div class=\"product-field product-field-type-E\"><span class=\"product-fields-title-wrapper\"><span class=\"product-fields-title\"><strong>Doublure:<\/strong><\/span>\u00a0<\/span><span class=\"product-field-display\"><span class=\"cf4all_customvalues_wrapper\"><span id=\"cf4all_option_43\" class=\"cf4all_option \">Polyester<\/span><\/span><\/span><\/div>\n<div class=\"product-field product-field-type-E\"><span class=\"product-fields-title-wrapper\"><span class=\"product-fields-title\"><strong>Mati\u00e8re:<\/strong><\/span>\u00a0<\/span><span class=\"product-field-display\"><span class=\"cf4all_customvalues_wrapper\"><span id=\"cf4all_option_36\" class=\"cf4all_option \">Polyester<\/span><\/span><\/span><\/div>\n<\/div>\n<div class=\"product-fields\">\n<div class=\"product-fields\"><strong>Laptop pocket size<\/strong>\u00a0280x410x40 mm<\/div>\n<\/div>\n","protected":false},"featured_media":12927,"comment_status":"open","ping_status":"closed","template":"","meta":{"_acf_changed":false,"_monsterinsights_skip_tracking":false,"_monsterinsights_sitenote_active":false,"_monsterinsights_sitenote_note":"","_monsterinsights_sitenote_category":0,"_uf_show_specific_survey":0,"_uf_disable_surveys":false,"_joinchat":[]},"product_brand":[],"product_cat":[257,306],"product_tag":[],"class_list":{"0":"post-12926","1":"product","2":"type-product","3":"status-publish","4":"has-post-thumbnail","6":"product_cat-sacoche-et-sac-a-dos","7":"product_cat-sac-a-dos-pc-portable","9":"first","10":"instock","11":"sale","12":"shipping-taxable","13":"purchasable","14":"product-type-simple"},"acf":[],"jetpack_sharing_enabled":true,"_links":{"self":[{"href":"https:\/\/digistar.ma\/index.php?rest_route=\/wp\/v2\/product\/12926","targetHints":{"allow":["GET"]}}],"collection":[{"href":"https:\/\/digistar.ma\/index.php?rest_route=\/wp\/v2\/product"}],"about":[{"href":"https:\/\/digistar.ma\/index.php?rest_route=\/wp\/v2\/types\/product"}],"replies":[{"embeddable":true,"href":"https:\/\/digistar.ma\/index.php?rest_route=%2Fwp%2Fv2%2Fcomments&post=12926"}],"version-history":[{"count":2,"href":"https:\/\/digistar.ma\/index.php?rest_route=\/wp\/v2\/product\/12926\/revisions"}],"predecessor-version":[{"id":12937,"href":"https:\/\/digistar.ma\/index.php?rest_route=\/wp\/v2\/product\/12926\/revisions\/12937"}],"wp:featuredmedia":[{"embeddable":true,"href":"https:\/\/digistar.ma\/index.php?rest_route=\/wp\/v2\/media\/12927"}],"wp:attachment":[{"href":"https:\/\/digistar.ma\/index.php?rest_route=%2Fwp%2Fv2%2Fmedia&parent=12926"}],"wp:term":[{"taxonomy":"product_brand","embeddable":true,"href":"https:\/\/digistar.ma\/index.php?rest_route=%2Fwp%2Fv2%2Fproduct_brand&post=12926"},{"taxonomy":"product_cat","embeddable":true,"href":"https:\/\/digistar.ma\/index.php?rest_route=%2Fwp%2Fv2%2Fproduct_cat&post=12926"},{"taxonomy":"product_tag","embeddable":true,"href":"https:\/\/digistar.ma\/index.php?rest_route=%2Fwp%2Fv2%2Fproduct_tag&post=12926"}],"curies":[{"name":"wp","href":"https:\/\/api.w.org\/{rel}","templated":true}]}}