{"id":12958,"date":"2024-08-21T20:51:06","date_gmt":"2024-08-21T20:51:06","guid":{"rendered":"https:\/\/digistar.ma\/?post_type=product&#038;p=12958"},"modified":"2024-08-21T20:51:06","modified_gmt":"2024-08-21T20:51:06","slug":"canon-maxify-gx2040-imprimante-multifonction-a-reservoirs-rechargeables","status":"publish","type":"product","link":"https:\/\/digistar.ma\/?product=canon-maxify-gx2040-imprimante-multifonction-a-reservoirs-rechargeables","title":{"rendered":"Canon MAXIFY GX2040 Imprimante multifonction \u00e0 r\u00e9servoirs rechargeables"},"content":{"rendered":"<h3>Canon MAXIFY GX2040 Imprimante multifonction \u00e0 r\u00e9servoirs rechargeables<\/h3>\n<h4 class=\"h2-master\">Choisissez une imprimante compacte, pro et \u00e9conomique pour votre bureau \u00e0 domicile<\/h4>\n<section><strong>4-en-1\u00a0<\/strong>(impression, copie, num\u00e9risation et fax), l&#8217;imprimante\u00a0<strong>MegaTank MAXIFY GX2040<\/strong>\u00a0de\u00a0<strong>Canon<\/strong>\u00a0vous permet de vivre toute l&#8217;exp\u00e9rience du bureau \u00e0 domicile dans un format compact. Simple \u00e0 prendre en main, elle vous permet de disposer d&#8217;une solution multifonction\u00a0d&#8217;impression, de num\u00e9risation, et de copie.<\/p>\n<p>Ses\u00a0<strong>vitesses d&#8217;impression sont de 15 ipm en noir et 10 ipm en couleur<\/strong>. Tr\u00e8s pratique, elle int\u00e8gre des r\u00e9servoirs d&#8217;encre rechargeables \u00e0 haut rendement pour r\u00e9pondre \u00e0 toutes vos attentes.<\/p>\n<p>Ce mod\u00e8le offre \u00e9galement une utilisation intuitive\u00a0avec un\u00a0<strong>\u00e9cran LCD inclinable couleur\u00a0<\/strong>de<strong>\u00a02.7&#8243;<\/strong>. Pour vous offrir toujours plus de possibilit\u00e9s, elle est dot\u00e9e d&#8217;une connectivit\u00e9\u00a0Wi-Fi et Ethernet. Enfin, elle est aussi compatible\u00a0avec l&#8217;impression mobile et le cloud.<\/p>\n<\/section>\n<section>\n<div class=\"desc-image\"><img decoding=\"async\" src=\"https:\/\/media.ldlc.com\/bo\/images\/fiches\/imprimante\/canon\/GX2050\/GX2050_800_2(1).jpg\" alt=\"\" \/><\/div>\n<div class=\"desc-text\">\n<h2>Imprimante 4-en-1 et r\u00e9servoirs d&#8217;encre \u00e0 haut rendement<\/h2>\n<p>Compacte et performante, l&#8217;imprimante 4-en-1 (impression, copie, num\u00e9risation et fax)\u00a0<strong>Canon MAXIFY GX2040<\/strong>\u00a0vous accompagnera id\u00e9alement au quotidien.<\/p>\n<p>Ce mod\u00e8le couleur est capable d&#8217;accueillir\u00a0<strong>jusqu&#8217;\u00e0 250 feuilles<\/strong>\u00a0pour r\u00e9pondre \u00e0 vos besoins en toute simplicit\u00e9. Elle est aussi dot\u00e9e d&#8217;un chargeur automatique de documents de 35\u00a0feuilles pour la num\u00e9risation.\u00a0<strong>Imprimez, scannez, copiez<\/strong>\u00a0ou<strong>\u00a0num\u00e9risez<\/strong>\u00a0et b\u00e9n\u00e9ficiez d&#8217;une prise en main optimale et rapide.<\/p>\n<p>Faciles \u00e0 remplir, les\u00a0<strong>r\u00e9servoirs d&#8217;encre rechargeables<\/strong>\u00a0sont clairement identifiables.<\/p>\n<p>Ils permettent \u00e0 tout moment de conna\u00eetre le niveau d&#8217;encre restant. Outre son c\u00f4t\u00e9 pratique, ce syst\u00e8me est compatible avec de bon<strong>\u00a0rendement<\/strong>\u00a0en proposant des volumes d&#8217;impression suffisamment cons\u00e9quents pour que vous puissiez imprimer vos photos jusqu&#8217;au format A4.<\/p>\n<\/div>\n<\/section>\n<section>\n<div class=\"desc-text\">\n<h4>Utilisation connect\u00e9e avec Canon MAXIFY GX2040 Imprimante multifonction \u00e0 r\u00e9servoirs rechargeables :<\/h4>\n<p>Pour vous faciliter la vie au quotidien, cette<strong> imprimante multifonction Canon MAXIFY GX2040<\/strong>\u00a0est dot\u00e9e d&#8217;une\u00a0<strong>connectivit\u00e9 Wi-Fi, cloud et gestion de supports diversifi\u00e9s<\/strong>\u00a0&#8211; pour des documents d&#8217;une nettet\u00e9 parfaite et des photos \u00e9clatantes \u00e0 la maison ou au bureau.<\/p>\n<p>Elle est\u00a0<strong>compatible avec les solutions d&#8217;impression\u00a0<\/strong>PIXMA Cloud Link (impression), Plug-in Canon Print Service (Android) et Apple AirPrint. Avec elle, toutes les solutions sont offertes pour immortaliser photos et documents depuis votre appareil mobile !<\/p>\n<\/div>\n<div class=\"desc-image\"><img decoding=\"async\" src=\"https:\/\/media.ldlc.com\/bo\/images\/fiches\/imprimante\/canon\/GX2050\/GX2050_800_1(1).jpg\" alt=\"\" \/><\/div>\n<\/section>\n","protected":false},"excerpt":{"rendered":"<p>Wi-Fi, Ethernet, impression, copie, num\u00e9risation, fax et Cloud<br \/>\nLivr\u00e9e avec 4 bouteilles d&#8217;encre\u00a0\u00e0 haut rendement (1x Noir et 1x Cyan, Magenta et Jaune)<br \/>\nVitesse d&#8217;impression noir: Env. 15 ipm (images\/min)<br \/>\nVitesse d&#8217;impression couleur: Env. 10 ipm (images\/min)<br \/>\nQualit\u00e9 d&#8217;impression noire: Jusqu&#8217;\u00e0 600 \u00d7 1200 ppp<br \/>\nQualit\u00e9 d&#8217;impression couleur: Jusqu&#8217;\u00e0 600 \u00d7 1200 ppp<br \/>\nImpression recto\/verso: Automatique<br \/>\nFonctionne avec: 4 R\u00e9servoirs (noir, cyan, magenta, jaune)<br \/>\nConnectivit\u00e9: Wi-Fi; Ethernet : 10\/100 Mbit\/s; USB haute vitesse (port B)<\/p>\n","protected":false},"featured_media":12959,"comment_status":"open","ping_status":"closed","template":"","meta":{"_acf_changed":false,"_monsterinsights_skip_tracking":false,"_monsterinsights_sitenote_active":false,"_monsterinsights_sitenote_note":"","_monsterinsights_sitenote_category":0,"_uf_show_specific_survey":0,"_uf_disable_surveys":false,"_joinchat":[]},"product_brand":[],"product_cat":[15,265,266],"product_tag":[],"class_list":{"0":"post-12958","1":"product","2":"type-product","3":"status-publish","4":"has-post-thumbnail","6":"product_cat-imprimante-scanner","7":"product_cat-imprimante-a-reservoirs-rechargeables","8":"product_cat-multifonction-jet-dencre","10":"first","11":"instock","12":"sale","13":"shipping-taxable","14":"purchasable","15":"product-type-simple"},"acf":[],"jetpack_sharing_enabled":true,"_links":{"self":[{"href":"https:\/\/digistar.ma\/index.php?rest_route=\/wp\/v2\/product\/12958","targetHints":{"allow":["GET"]}}],"collection":[{"href":"https:\/\/digistar.ma\/index.php?rest_route=\/wp\/v2\/product"}],"about":[{"href":"https:\/\/digistar.ma\/index.php?rest_route=\/wp\/v2\/types\/product"}],"replies":[{"embeddable":true,"href":"https:\/\/digistar.ma\/index.php?rest_route=%2Fwp%2Fv2%2Fcomments&post=12958"}],"version-history":[{"count":1,"href":"https:\/\/digistar.ma\/index.php?rest_route=\/wp\/v2\/product\/12958\/revisions"}],"predecessor-version":[{"id":12964,"href":"https:\/\/digistar.ma\/index.php?rest_route=\/wp\/v2\/product\/12958\/revisions\/12964"}],"wp:featuredmedia":[{"embeddable":true,"href":"https:\/\/digistar.ma\/index.php?rest_route=\/wp\/v2\/media\/12959"}],"wp:attachment":[{"href":"https:\/\/digistar.ma\/index.php?rest_route=%2Fwp%2Fv2%2Fmedia&parent=12958"}],"wp:term":[{"taxonomy":"product_brand","embeddable":true,"href":"https:\/\/digistar.ma\/index.php?rest_route=%2Fwp%2Fv2%2Fproduct_brand&post=12958"},{"taxonomy":"product_cat","embeddable":true,"href":"https:\/\/digistar.ma\/index.php?rest_route=%2Fwp%2Fv2%2Fproduct_cat&post=12958"},{"taxonomy":"product_tag","embeddable":true,"href":"https:\/\/digistar.ma\/index.php?rest_route=%2Fwp%2Fv2%2Fproduct_tag&post=12958"}],"curies":[{"name":"wp","href":"https:\/\/api.w.org\/{rel}","templated":true}]}}