{"id":13004,"date":"2024-08-23T23:05:59","date_gmt":"2024-08-23T23:05:59","guid":{"rendered":"https:\/\/digistar.ma\/?post_type=product&#038;p=13004"},"modified":"2024-08-23T23:06:00","modified_gmt":"2024-08-23T23:06:00","slug":"logitech-wireless-presenter-r500s-laser-telecommande-de-presentation-2","status":"publish","type":"product","link":"https:\/\/digistar.ma\/?product=logitech-wireless-presenter-r500s-laser-telecommande-de-presentation-2","title":{"rendered":"Logitech Wireless Presenter R500s Laser T\u00e9l\u00e9commande de pr\u00e9sentation"},"content":{"rendered":"<h3>Logitech Wireless Presenter R500s Laser T\u00e9l\u00e9commande de pr\u00e9sentation<\/h3>\n<h2 class=\"h2-master\">Pr\u00e9sentez sans effort<\/h2>\n<section>Effectuez des pr\u00e9sentations percutantes gr\u00e2ce \u00e0 la t\u00e9l\u00e9commande de pr\u00e9sentation\u00a0<strong>Logitech R500s Laser Presentation Remote<\/strong>. D\u00e9placez-vous librement et parcourez les diapositives jusqu&#8217;\u00e0 20\u00a0m\u00e8tres de distance tout en mettant en \u00e9vidence les points cl\u00e9s gr\u00e2ce au pointeur laser rouge. De plus, la t\u00e9l\u00e9commande a \u00e9t\u00e9 optimis\u00e9e pour \u00eatre utilis\u00e9e sous Windows, macOS et avec les principaux logiciels de pr\u00e9sentation.<\/section>\n<section>\n<div class=\"desc-image\"><img decoding=\"async\" src=\"https:\/\/media.ldlc.com\/bo\/images\/fiches\/telecommande\/Logitech\/R500s\/2.jpg\" alt=\"\" \/><\/div>\n<div class=\"desc-text\">\n<h2>Navigation intuitive<\/h2>\n<p>La R500s est une t\u00e9l\u00e9commande de pr\u00e9sentation simple, fiable et sans d\u00e9sagr\u00e9ment qui vous permet de r\u00e9ussir votre pr\u00e9sentation avec brio.<\/p>\n<p>La\u00a0<strong>conception \u00e0 trois bouton<\/strong>s caract\u00e9ristique de la t\u00e9l\u00e9commande R500s signifie que vous pouvez parcourir vos pr\u00e9sentations en toute simplicit\u00e9 et avec confiance sans avoir \u00e0 regarder vos doigts pour vous orienter.<\/p>\n<p>Mettez en \u00e9vidence les \u00e9l\u00e9ments cl\u00e9s de votre pr\u00e9sentation avec\u00a0<strong>un pointeur laser rouge lumineux<\/strong>, simple d&#8217;utilisation. Si vous pr\u00e9sentez sur des t\u00e9l\u00e9viseurs ou \u00e9crans LCD et que vous avez besoin d&#8217;un pointeur num\u00e9rique, le laser \u00e9met un faisceau \u00e0 faible puissance, ce qui le rend moins perceptible sur des \u00e9crans LCD et plasma.<\/p>\n<p>Enfin,\u00a0connectez votre t\u00e9l\u00e9commande R500s \u00e0 votre ordinateur via r\u00e9cepteur USB ou la technologie basse \u00e9nergie\u00a0Bluetooth\u00a0Low Energy.\u00a0<strong>Vous pouvez effectuer votre pr\u00e9sentation et vous d\u00e9placer librement jusqu\u2019\u00e0 20 m\u00e8tres<\/strong>.<\/p>\n<\/div>\n<\/section>\n<section class=\"list\">\n<h2>Principales caract\u00e9ristiques :<\/h2>\n<ul>\n<li><strong>T\u00e9l\u00e9commande \u00e0 trois boutons<\/strong><\/li>\n<li><strong>Un pointeur laser rouge efficace, vous permettant de montrer ce que vous voulez<\/strong><\/li>\n<li>Longueur d&#8217;onde : 640 &#8211; 660 nm (t\u00e9moin rouge)<\/li>\n<li>Connexion via Bluetooth ou via dongle USB<\/li>\n<li>T\u00e9moins lumineux<\/li>\n<li>Long\u00e9vit\u00e9 de la batterie : 12 mois<\/li>\n<li><strong>Port\u00e9e allant jusqu&#8217;\u00e0 20 m\u00e8tres<\/strong><\/li>\n<li>Dimensions : 123.6 x 36.6 x 24.7 mm<\/li>\n<li>Poids : 48.4g<\/li>\n<\/ul>\n<\/section>\n","protected":false},"excerpt":{"rendered":"<ul>\n<li><strong>T\u00e9l\u00e9commande \u00e0 trois boutons<\/strong><\/li>\n<li><strong>Un pointeur laser rouge efficace, vous permettant de montrer ce que vous voulez<\/strong><\/li>\n<li>Longueur d&#8217;onde : 640 &#8211; 660 nm (t\u00e9moin rouge)<\/li>\n<li>Connexion via Bluetooth ou via dongle USB<\/li>\n<li>T\u00e9moins lumineux<\/li>\n<li>Long\u00e9vit\u00e9 de la batterie : 12 mois<\/li>\n<li><strong>Port\u00e9e allant jusqu&#8217;\u00e0 20 m\u00e8tres<\/strong><\/li>\n<li>Dimensions : 123.6 x 36.6 x 24.7 mm<\/li>\n<li>Poids : 48.4g<\/li>\n<\/ul>\n","protected":false},"featured_media":13005,"comment_status":"open","ping_status":"closed","template":"","meta":{"_acf_changed":false,"_monsterinsights_skip_tracking":false,"_monsterinsights_sitenote_active":false,"_monsterinsights_sitenote_note":"","_monsterinsights_sitenote_category":0,"_uf_show_specific_survey":0,"_uf_disable_surveys":false,"_joinchat":[]},"product_brand":[],"product_cat":[246,339],"product_tag":[],"class_list":{"0":"post-13004","1":"product","2":"type-product","3":"status-publish","4":"has-post-thumbnail","6":"product_cat-peripherique","7":"product_cat-dispositif-de-presentation","9":"first","10":"instock","11":"sale","12":"shipping-taxable","13":"purchasable","14":"product-type-simple"},"acf":[],"jetpack_sharing_enabled":true,"_links":{"self":[{"href":"https:\/\/digistar.ma\/index.php?rest_route=\/wp\/v2\/product\/13004","targetHints":{"allow":["GET"]}}],"collection":[{"href":"https:\/\/digistar.ma\/index.php?rest_route=\/wp\/v2\/product"}],"about":[{"href":"https:\/\/digistar.ma\/index.php?rest_route=\/wp\/v2\/types\/product"}],"replies":[{"embeddable":true,"href":"https:\/\/digistar.ma\/index.php?rest_route=%2Fwp%2Fv2%2Fcomments&post=13004"}],"version-history":[{"count":1,"href":"https:\/\/digistar.ma\/index.php?rest_route=\/wp\/v2\/product\/13004\/revisions"}],"predecessor-version":[{"id":13009,"href":"https:\/\/digistar.ma\/index.php?rest_route=\/wp\/v2\/product\/13004\/revisions\/13009"}],"wp:featuredmedia":[{"embeddable":true,"href":"https:\/\/digistar.ma\/index.php?rest_route=\/wp\/v2\/media\/13005"}],"wp:attachment":[{"href":"https:\/\/digistar.ma\/index.php?rest_route=%2Fwp%2Fv2%2Fmedia&parent=13004"}],"wp:term":[{"taxonomy":"product_brand","embeddable":true,"href":"https:\/\/digistar.ma\/index.php?rest_route=%2Fwp%2Fv2%2Fproduct_brand&post=13004"},{"taxonomy":"product_cat","embeddable":true,"href":"https:\/\/digistar.ma\/index.php?rest_route=%2Fwp%2Fv2%2Fproduct_cat&post=13004"},{"taxonomy":"product_tag","embeddable":true,"href":"https:\/\/digistar.ma\/index.php?rest_route=%2Fwp%2Fv2%2Fproduct_tag&post=13004"}],"curies":[{"name":"wp","href":"https:\/\/api.w.org\/{rel}","templated":true}]}}