{"id":13017,"date":"2024-08-23T23:27:44","date_gmt":"2024-08-23T23:27:44","guid":{"rendered":"https:\/\/digistar.ma\/?post_type=product&#038;p=13017"},"modified":"2024-08-23T23:27:44","modified_gmt":"2024-08-23T23:27:44","slug":"souris-sans-fil-bluetooth-logitech-lift-910-006475","status":"publish","type":"product","link":"https:\/\/digistar.ma\/?product=souris-sans-fil-bluetooth-logitech-lift-910-006475","title":{"rendered":"Souris sans fil Bluetooth Logitech Lift 910-006475"},"content":{"rendered":"<h3>Souris sans fil Bluetooth Logitech Lift 910-006475<\/h3>\n<h2 class=\"h2-master\">Prenez de la hauteur<\/h2>\n<section>Avec la\u00a0<strong>Logitech Lift<\/strong>\u00a0dites oui au confort. Cette souris ergonomique verticale vous permet travailler des heures durant sans ressentir la moindre douleur dans votre poignet.Parfaitement adapt\u00e9e aux mains de petite taille et de taille moyenne, elle poss\u00e8de un rev\u00eatement l\u00e9g\u00e8rement textur\u00e9, 6 boutons faciles d&#8217;acc\u00e8s, un capteur optique de 4000 dpi ainsi qu&#8217;un repose-pouce confortable.<\/p>\n<\/section>\n<section>\n<div class=\"desc-image\"><img decoding=\"async\" src=\"https:\/\/media.ldlc.com\/bo\/images\/fiches\/souris\/logitech\/lift\/1.jpg\" alt=\"\" \/><\/div>\n<div class=\"desc-text\">\n<h2>Un confort am\u00e9lior\u00e9<\/h2>\n<p>La souris\u00a0Logitech Lift poss\u00e8de un\u00a0<strong>angle optimal de 57\u00b0<\/strong>\u00a0qui place votre main dans une position naturelle de la main. Ainsi,<strong>\u00a0vous ressentez moins de pression dans votre poignet tout au long de la journ\u00e9e, et votre bras et le haut de votre corps sont plac\u00e9s dans une posture plus naturelle<\/strong>.<\/p>\n<p>Avec un haut du corps plus d\u00e9tendu, votre esprit peut se concentrer sur ce qui compte vraiment. Restez zen du matin au soir avec des clics silencieux et une roulette de d\u00e9filement silencieuse qui s&#8217;adapte au moindre contact.<\/p>\n<p>Sans fil gr\u00e2ce \u00e0 sa\u00a0<strong>connectivit\u00e9 Bluetooth<\/strong>, elle embarque un\u00a0<strong>capteur optique de 4000 dpi<\/strong>\u00a0ainsi que\u00a0<strong>6 boutons<\/strong>.<\/p>\n<\/div>\n<\/section>\n<section>\n<div class=\"desc-text\">\n<h2>Con\u00e7u pour un avenir positif<\/h2>\n<ul>\n<li>Pi\u00e8ces en plastique Graphite : 70% de mat\u00e9riaux recycl\u00e9s post-consommation<\/li>\n<li>Emballage papier : Certifi\u00e9 FSC<\/li>\n<li>Certifi\u00e9e neutre en carbone<\/li>\n<\/ul>\n<p>*Sauf le plastique dans le r\u00e9cepteur, la batterie, le circuit imprim\u00e9 et le c\u00e2ble FFC<\/p>\n<\/div>\n<\/section>\n","protected":false},"excerpt":{"rendered":"<ul>\n<li><strong>Souris sans fil ergonomique<\/strong><\/li>\n<li><strong>Angle de 57\u00b0<\/strong><\/li>\n<li><strong>Capteur optique 4000 dpi<\/strong><\/li>\n<li>6 boutons (4 boutons personnalisables)<\/li>\n<li>Technologie SilentTouch qui rend chaque clic silencieux<\/li>\n<li><strong>Roulette SmartWheel<\/strong>\u00a0pour passer de d\u00e9filement haute pr\u00e9cision \u00e0 d\u00e9filement rapide<\/li>\n<li>Rev\u00eatement en caoutchouc souple<\/li>\n<li>Repose-pouce confortable<\/li>\n<li>Connectivit\u00e9 : Bluetooth (via dongle USB)<\/li>\n<li>Port\u00e9e : jusqu&#8217;\u00e0 10m<\/li>\n<li>Autonomie de 24 mois<\/li>\n<li><strong>Fabriqu\u00e9 avec du plastique recycl\u00e9<\/strong><\/li>\n<li><strong>Certifi\u00e9 neutre en carbone<\/strong><\/li>\n<li><strong>Emballage responsable<\/strong><\/li>\n<li>Possibilit\u00e9 de la connecter jusqu&#8217;\u00e0 3 dispositifs<\/li>\n<li>Dimensions : 108 x 70 x 71\u00a0mm<\/li>\n<li>Poids : 125 g<\/li>\n<li>Compatible Windows 10 ou sup\u00e9rieur, macOS 10.15 ou sup\u00e9rieur, Chrome OS, Linux, Android 8 ou sup\u00e9rieur<\/li>\n<\/ul>\n","protected":false},"featured_media":13018,"comment_status":"open","ping_status":"closed","template":"","meta":{"_acf_changed":false,"_monsterinsights_skip_tracking":false,"_monsterinsights_sitenote_active":false,"_monsterinsights_sitenote_note":"","_monsterinsights_sitenote_category":0,"_uf_show_specific_survey":0,"_uf_disable_surveys":false,"_joinchat":[]},"product_brand":[],"product_cat":[246,263,323],"product_tag":[],"class_list":{"0":"post-13017","1":"product","2":"type-product","3":"status-publish","4":"has-post-thumbnail","6":"product_cat-peripherique","7":"product_cat-souris-clavier","8":"product_cat-souris-sans-fil","10":"first","11":"instock","12":"sale","13":"shipping-taxable","14":"purchasable","15":"product-type-simple"},"acf":[],"jetpack_sharing_enabled":true,"_links":{"self":[{"href":"https:\/\/digistar.ma\/index.php?rest_route=\/wp\/v2\/product\/13017","targetHints":{"allow":["GET"]}}],"collection":[{"href":"https:\/\/digistar.ma\/index.php?rest_route=\/wp\/v2\/product"}],"about":[{"href":"https:\/\/digistar.ma\/index.php?rest_route=\/wp\/v2\/types\/product"}],"replies":[{"embeddable":true,"href":"https:\/\/digistar.ma\/index.php?rest_route=%2Fwp%2Fv2%2Fcomments&post=13017"}],"version-history":[{"count":1,"href":"https:\/\/digistar.ma\/index.php?rest_route=\/wp\/v2\/product\/13017\/revisions"}],"predecessor-version":[{"id":13023,"href":"https:\/\/digistar.ma\/index.php?rest_route=\/wp\/v2\/product\/13017\/revisions\/13023"}],"wp:featuredmedia":[{"embeddable":true,"href":"https:\/\/digistar.ma\/index.php?rest_route=\/wp\/v2\/media\/13018"}],"wp:attachment":[{"href":"https:\/\/digistar.ma\/index.php?rest_route=%2Fwp%2Fv2%2Fmedia&parent=13017"}],"wp:term":[{"taxonomy":"product_brand","embeddable":true,"href":"https:\/\/digistar.ma\/index.php?rest_route=%2Fwp%2Fv2%2Fproduct_brand&post=13017"},{"taxonomy":"product_cat","embeddable":true,"href":"https:\/\/digistar.ma\/index.php?rest_route=%2Fwp%2Fv2%2Fproduct_cat&post=13017"},{"taxonomy":"product_tag","embeddable":true,"href":"https:\/\/digistar.ma\/index.php?rest_route=%2Fwp%2Fv2%2Fproduct_tag&post=13017"}],"curies":[{"name":"wp","href":"https:\/\/api.w.org\/{rel}","templated":true}]}}