{"id":13027,"date":"2024-08-24T23:38:01","date_gmt":"2024-08-24T23:38:01","guid":{"rendered":"https:\/\/digistar.ma\/?post_type=product&#038;p=13027"},"modified":"2024-08-24T23:38:01","modified_gmt":"2024-08-24T23:38:01","slug":"epson-co-w01-videoprojecteur-wxga-v11ha86040","status":"publish","type":"product","link":"https:\/\/digistar.ma\/?product=epson-co-w01-videoprojecteur-wxga-v11ha86040","title":{"rendered":"EPSON CO-W01 Vid\u00e9oprojecteur WXGA V11HA86040"},"content":{"rendered":"<h2>EPSON CO-W01 Vid\u00e9oprojecteur WXGA V11HA86040<\/h2>\n<h2 class=\"h2-master\">WXGA, 3000 Lumens<\/h2>\n<section>Que ce soit pour la maison ou pour le bureau, le\u00a0<strong>vid\u00e9oprojecteur Epson CO-W01<\/strong>\u00a0d\u00e9voile ses belles qualit\u00e9s. Projection 3LCD WXGA, luminosit\u00e9 de 3000 Lumens et prise en main simple et rapide, ce mod\u00e8le accompagnera rapidement l&#8217;ensemble de vos besoins.<br \/>\n<\/section>\n<section>\n<div class=\"desc-image\"><img decoding=\"async\" src=\"https:\/\/media.ldlc.com\/bo\/images\/fiches\/videoprojecteur\/Epson\/CO-W01\/wxga.jpg\" alt=\"\" \/><\/div>\n<div class=\"desc-text\">\n<h2>Utilisation polyvalente<\/h2>\n<p>Profitez d&#8217;une projection lumineuse et durable pour vos besoins personnels ou professionnels avec le vid\u00e9oprojecteur Epson CO-W01. Ce mod\u00e8le embarque la\u00a0<strong>technologie 3LCD<\/strong>\u00a0et une belle\u00a0<strong>luminosit\u00e9 de 3000 Lumens<\/strong>\u00a0pour afficher vos contenus id\u00e9alement \u00e0 la maison ou dans vos salles de r\u00e9union.<\/p>\n<p>B\u00e9n\u00e9ficiez d&#8217;une\u00a0<strong>r\u00e9solution WXGA<\/strong>\u00a0(1280\u00a0x 800)\u00a0et d&#8217;une\u00a0<strong>dur\u00e9e d&#8217;utilisation pouvant atteindre 12 000 heures<\/strong>\u00a0(mode Eco). Enfin,\u00a0une image de 378\u00a0pouces maximum peut \u00eatre projet\u00e9e.<\/p>\n<\/div>\n<\/section>\n<section>\n<div class=\"desc-text\">\n<h2>Installation optimis\u00e9e<\/h2>\n<p>C\u00f4t\u00e9 connectique, le vid\u00e9oprojecteur CO-W01\u00a0se concentre sur l&#8217;essentiel en s&#8217;\u00e9quipant d&#8217;un port HDMI et d&#8217;un port USB-A.\u00a0Vous avez \u00e9galement\u00a0la possibilit\u00e9 d&#8217;ajouter un module sans fil (en option) pour gagner en libert\u00e9.<\/p>\n<p>Une fois install\u00e9, EPSON CO-W01 Vid\u00e9oprojecteur WXGA V11HA86040 dispose d&#8217;un zoom num\u00e9rique 1.35x et d&#8217;une correction keystone manuelle pour placer parfaitement l&#8217;image.<\/p>\n<\/div>\n<div class=\"desc-image\"><img decoding=\"async\" src=\"https:\/\/media.ldlc.com\/bo\/images\/fiches\/videoprojecteur\/Epson\/CO-W01\/compact.jpg\" alt=\"\" \/><\/div>\n<\/section>\n<div><\/div>\n<h3><a href=\"https:\/\/digistar.ma\/wp-content\/uploads\/2024\/08\/co-w01.co-w01-datasheet-1.pdf\">FICHE TECHNIQUE EPSON CO-W01\u00a0<\/a><\/h3>\n","protected":false},"excerpt":{"rendered":"<ul>\n<li><strong>Vid\u00e9oprojecteur polyvalent \u00e0 technologie 3LCD<\/strong><\/li>\n<li><strong>R\u00e9solution<\/strong>\u00a0: WXGA (1280\u00a0x 800 pixels)<\/li>\n<li><strong>Luminosit\u00e9<\/strong>\u00a0: 3000 Lumens<\/li>\n<li>Projection d&#8217;une image jusqu&#8217;\u00e0 378\u00a0pouces<\/li>\n<li>Lampe avec dur\u00e9e de vie\u00a0<strong>jusqu&#8217;\u00e0 12\u00a0000 heures<\/strong>\u00a0(mode Eco)<\/li>\n<li>Zoom num\u00e9rique 1.35x, correction keystone H\/V (manuel +\/-30\u00b0), Quick Corner<\/li>\n<li>1x HDMI 1.4 + 1x USB-A 2.0 + 1x USB-B 2.0 (service)<\/li>\n<li>Projection sans fil en ajoutant le module ELPAP11 optionnel<\/li>\n<li>Haut-parleur 5 Watts int\u00e9gr\u00e9<\/li>\n<\/ul>\n","protected":false},"featured_media":13028,"comment_status":"open","ping_status":"closed","template":"","meta":{"_acf_changed":false,"_monsterinsights_skip_tracking":false,"_monsterinsights_sitenote_active":false,"_monsterinsights_sitenote_note":"","_monsterinsights_sitenote_category":0,"_uf_show_specific_survey":0,"_uf_disable_surveys":false,"_joinchat":[]},"product_brand":[],"product_cat":[244,340,274],"product_tag":[],"class_list":{"0":"post-13027","1":"product","2":"type-product","3":"status-publish","4":"has-post-thumbnail","6":"product_cat-image-son","7":"product_cat-videoprojecteur","8":"product_cat-videoprojecteur-ecran","10":"first","11":"instock","12":"sale","13":"shipping-taxable","14":"purchasable","15":"product-type-simple"},"acf":[],"jetpack_sharing_enabled":true,"_links":{"self":[{"href":"https:\/\/digistar.ma\/index.php?rest_route=\/wp\/v2\/product\/13027","targetHints":{"allow":["GET"]}}],"collection":[{"href":"https:\/\/digistar.ma\/index.php?rest_route=\/wp\/v2\/product"}],"about":[{"href":"https:\/\/digistar.ma\/index.php?rest_route=\/wp\/v2\/types\/product"}],"replies":[{"embeddable":true,"href":"https:\/\/digistar.ma\/index.php?rest_route=%2Fwp%2Fv2%2Fcomments&post=13027"}],"version-history":[{"count":2,"href":"https:\/\/digistar.ma\/index.php?rest_route=\/wp\/v2\/product\/13027\/revisions"}],"predecessor-version":[{"id":13036,"href":"https:\/\/digistar.ma\/index.php?rest_route=\/wp\/v2\/product\/13027\/revisions\/13036"}],"wp:featuredmedia":[{"embeddable":true,"href":"https:\/\/digistar.ma\/index.php?rest_route=\/wp\/v2\/media\/13028"}],"wp:attachment":[{"href":"https:\/\/digistar.ma\/index.php?rest_route=%2Fwp%2Fv2%2Fmedia&parent=13027"}],"wp:term":[{"taxonomy":"product_brand","embeddable":true,"href":"https:\/\/digistar.ma\/index.php?rest_route=%2Fwp%2Fv2%2Fproduct_brand&post=13027"},{"taxonomy":"product_cat","embeddable":true,"href":"https:\/\/digistar.ma\/index.php?rest_route=%2Fwp%2Fv2%2Fproduct_cat&post=13027"},{"taxonomy":"product_tag","embeddable":true,"href":"https:\/\/digistar.ma\/index.php?rest_route=%2Fwp%2Fv2%2Fproduct_tag&post=13027"}],"curies":[{"name":"wp","href":"https:\/\/api.w.org\/{rel}","templated":true}]}}