{"id":13043,"date":"2024-08-25T00:19:12","date_gmt":"2024-08-25T00:19:12","guid":{"rendered":"https:\/\/digistar.ma\/?post_type=product&#038;p=13043"},"modified":"2024-08-25T00:19:12","modified_gmt":"2024-08-25T00:19:12","slug":"epson-co-fh02-videoprojecteur-full-hd-1080p-v11ha85040","status":"publish","type":"product","link":"https:\/\/digistar.ma\/?product=epson-co-fh02-videoprojecteur-full-hd-1080p-v11ha85040","title":{"rendered":"EPSON CO-FH02 Vid\u00e9oprojecteur Full HD 1080p V11HA85040"},"content":{"rendered":"<h3>EPSON CO-FH02 Vid\u00e9oprojecteur Full HD 1080p V11HA85040<\/h3>\n<h2 class=\"h2-master\">L&#8217;exp\u00e9rience grand \u00e9cran \u00e0 la maison, \u00e0 l&#8217;\u00e9cole\u00a0ou au bureau<\/h2>\n<section>Avec ce\u00a0<strong>projecteur Full HD Epson CO-FH01<\/strong>, il est facile de vous cr\u00e9er une exp\u00e9rience grand \u00e9cran \u00e0 la maison, mais aussi au bureau ou dans une salle de classe.<\/p>\n<p>Avec lui vous\u00a0pouvez ais\u00e9ment obtenir une image impressionnante de 391 pouces (pr\u00e8s de 10 m\u00e8tres). Simple \u00e0 installer, il se distingue par une\u00a0<strong>luminosit\u00e9 de 3 000 lumens<\/strong>\u00a0pour des images nettes et lumineuses.<\/p>\n<p>Il s\u2019agit \u00e9galement d\u2019une solution durable gr\u00e2ce \u00e0 la dur\u00e9e de vie de la lampe offrant 12 000 heures de divertissement.<\/p>\n<\/section>\n<section>\n<div class=\"desc-image\"><img decoding=\"async\" src=\"https:\/\/media.ldlc.com\/bo\/images\/fiches\/videoprojecteur\/Epson\/CO-FH01\/CO-FH01_800_1.jpg\" alt=\"\" \/><\/div>\n<div class=\"desc-text\">\n<h2>En plus grand, c&#8217;est toujours mieux<\/h2>\n<p>Profitez d&#8217;une projection lumineuse et durable pour vos besoins personnels ou professionnels avec le\u00a0<strong>vid\u00e9oprojecteur Epson CO-FH01<\/strong>. Ce mod\u00e8le embarque la\u00a0<strong>technologie 3LCD<\/strong>\u00a0et une belle\u00a0<strong>luminosit\u00e9 de 3000 Lumens<\/strong>\u00a0pour afficher vos contenus id\u00e9alement \u00e0 la maison ou dans vos salles de r\u00e9union.<\/p>\n<p>B\u00e9n\u00e9ficiez d&#8217;une r\u00e9solution Full HD (1920 x 1080)\u00a0et d&#8217;une\u00a0<strong>dur\u00e9e d&#8217;utilisation pouvant atteindre 12 000 heures<\/strong>\u00a0(mode Eco). Capable de projeter\u00a0une image de 391 pouces maximum ce vid\u00e9oprojecteur vous permet de vivre\u00a0une exp\u00e9rience immersive.<\/p>\n<p>Il est m\u00eame capable de vous faire profiter comme nulle autre solution d&#8217;affichage, de tous vos jeux vid\u00e9o pr\u00e9f\u00e9r\u00e9s.<\/p>\n<\/div>\n<\/section>\n<section>\n<div class=\"desc-text\">\n<h2>Installation optimis\u00e9e<\/h2>\n<p>C\u00f4t\u00e9 connectique, le\u00a0<strong>vid\u00e9oprojecteur CO-FH01<\/strong>\u00a0va \u00e0 l&#8217;essentiel pour vous faciliter grandement son installation. Il est \u00e9quip\u00e9 d&#8217;un port HDMI et d&#8217;un port USB-A.<\/p>\n<p>Aux yeux d&#8217;<strong>Epson<\/strong>, un projecteur con\u00e7u pour la maison ne doit pas \u00eatre plus compliqu\u00e9 \u00e0 utiliser qu\u2019une t\u00e9l\u00e9vision. C\u2019est la raison pour laquelle ce projecteur est facile d\u2019utilisation et rapide \u00e0 installer gr\u00e2ce \u00e0 ses caract\u00e9ristiques telles que la correction du trap\u00e8ze pour un alignement rapide de l\u2019image.<\/p>\n<p>Acc\u00e9dez facilement \u00e0 vos contenus pr\u00e9f\u00e9r\u00e9s gr\u00e2ce \u00e0 l\u2019entr\u00e9e HDMI pour la connexion de consoles de jeux ou autres. Mieux encore, ce\u00a0<strong>projecteur CO-FH01\u00a0<\/strong>est un mod\u00e8le\u00a0tr\u00e8s facile\u00a0d\u2019utilisation qui vous permet\u00a0de regarder, de jouer et de faire tout ce que vous aimez, en plus grand et en mieux.<\/p>\n<p>Une fois install\u00e9, ce mod\u00e8le dispose d&#8217;un\u00a0<strong>zoom num\u00e9rique 1.35x<\/strong>\u00a0et d&#8217;une\u00a0<strong>correction keystone<\/strong>\u00a0manuelle pour placer parfaitement l&#8217;image.<\/p>\n<\/div>\n<div class=\"desc-image\"><img decoding=\"async\" src=\"https:\/\/media.ldlc.com\/bo\/images\/fiches\/videoprojecteur\/Epson\/CO-FH01\/CO-FH01_800_2.jpg\" alt=\"\" \/><\/div>\n<\/section>\n<h3><a href=\"https:\/\/digistar.ma\/wp-content\/uploads\/2024\/08\/co-fh02.co-fh02-datasheet-1.pdf\">EPSON CO-FH02 Vid\u00e9oprojecteur Full HD 1080p V11HA85040<\/a><\/h3>\n","protected":false},"excerpt":{"rendered":"<ul>\n<li><strong>Vid\u00e9oprojecteur polyvalent \u00e0 technologie 3LCD<\/strong><\/li>\n<li><strong>R\u00e9solution<\/strong>\u00a0: Full HD\u00a0(1920 x 1080 pixels)<\/li>\n<li><strong>Luminosit\u00e9<\/strong>\u00a0: 3000 Lumens<\/li>\n<li>Projection d&#8217;une image jusqu&#8217;\u00e0 391 pouces<\/li>\n<li>Lampe avec dur\u00e9e de vie\u00a0<strong>jusqu&#8217;\u00e0 12\u00a0000 heures<\/strong>\u00a0(mode Eco)<\/li>\n<li>Zoom num\u00e9rique 1.35x, correction keystone H\/V (manuel +\/-30\u00b0), Quick Corner<\/li>\n<li>1x HDMI 1.4 + 1x USB-A 2.0 + 1x USB-B 2.0 (service)<\/li>\n<li>Haut-parleur 5 Watts int\u00e9gr\u00e9<\/li>\n<\/ul>\n","protected":false},"featured_media":13044,"comment_status":"open","ping_status":"closed","template":"","meta":{"_acf_changed":false,"_monsterinsights_skip_tracking":false,"_monsterinsights_sitenote_active":false,"_monsterinsights_sitenote_note":"","_monsterinsights_sitenote_category":0,"_uf_show_specific_survey":0,"_uf_disable_surveys":false,"_joinchat":[]},"product_brand":[],"product_cat":[274,244,340],"product_tag":[],"class_list":{"0":"post-13043","1":"product","2":"type-product","3":"status-publish","4":"has-post-thumbnail","6":"product_cat-videoprojecteur-ecran","7":"product_cat-image-son","8":"product_cat-videoprojecteur","10":"first","11":"instock","12":"sale","13":"shipping-taxable","14":"purchasable","15":"product-type-simple"},"acf":[],"jetpack_sharing_enabled":true,"_links":{"self":[{"href":"https:\/\/digistar.ma\/index.php?rest_route=\/wp\/v2\/product\/13043","targetHints":{"allow":["GET"]}}],"collection":[{"href":"https:\/\/digistar.ma\/index.php?rest_route=\/wp\/v2\/product"}],"about":[{"href":"https:\/\/digistar.ma\/index.php?rest_route=\/wp\/v2\/types\/product"}],"replies":[{"embeddable":true,"href":"https:\/\/digistar.ma\/index.php?rest_route=%2Fwp%2Fv2%2Fcomments&post=13043"}],"version-history":[{"count":1,"href":"https:\/\/digistar.ma\/index.php?rest_route=\/wp\/v2\/product\/13043\/revisions"}],"predecessor-version":[{"id":13050,"href":"https:\/\/digistar.ma\/index.php?rest_route=\/wp\/v2\/product\/13043\/revisions\/13050"}],"wp:featuredmedia":[{"embeddable":true,"href":"https:\/\/digistar.ma\/index.php?rest_route=\/wp\/v2\/media\/13044"}],"wp:attachment":[{"href":"https:\/\/digistar.ma\/index.php?rest_route=%2Fwp%2Fv2%2Fmedia&parent=13043"}],"wp:term":[{"taxonomy":"product_brand","embeddable":true,"href":"https:\/\/digistar.ma\/index.php?rest_route=%2Fwp%2Fv2%2Fproduct_brand&post=13043"},{"taxonomy":"product_cat","embeddable":true,"href":"https:\/\/digistar.ma\/index.php?rest_route=%2Fwp%2Fv2%2Fproduct_cat&post=13043"},{"taxonomy":"product_tag","embeddable":true,"href":"https:\/\/digistar.ma\/index.php?rest_route=%2Fwp%2Fv2%2Fproduct_tag&post=13043"}],"curies":[{"name":"wp","href":"https:\/\/api.w.org\/{rel}","templated":true}]}}