{"id":13066,"date":"2024-08-25T01:35:24","date_gmt":"2024-08-25T01:35:24","guid":{"rendered":"https:\/\/digistar.ma\/?post_type=product&#038;p=13066"},"modified":"2026-04-13T11:09:11","modified_gmt":"2026-04-13T11:09:11","slug":"epson-eb-992f-videoprojecteur-full-hd-v11h988040","status":"publish","type":"product","link":"https:\/\/digistar.ma\/?product=epson-eb-992f-videoprojecteur-full-hd-v11h988040","title":{"rendered":"Epson EB-992F Vid\u00e9oprojecteur Full HD V11H988040"},"content":{"rendered":"<h3>Epson EB-992F Vid\u00e9oprojecteur Full HD V11H988040<\/h3>\n<h2 class=\"h2-master\">Votre partenaire r\u00eav\u00e9 pour des s\u00e9ances collaboratives<\/h2>\n<section>Compatible avec les besoins professionnels, le\u00a0<strong>vid\u00e9oprojecteur Epson EB-992F<\/strong>\u00a0se place comme un \u00e9l\u00e9ment central de votre environnement de travail. Lumineux et capable d&#8217;afficher une image Full HD, ce mod\u00e8le 3LCD d\u00e9voilera rapidement son potentiel pour accompagner r\u00e9unions, le\u00e7ons en salle de classe ou pr\u00e9sentations.Profitez d&#8217;une installation simplifi\u00e9e avec le zoom 1.6x et la correction du trap\u00e8ze et\u00a0retrouvez une connectique compl\u00e8te avec acc\u00e8s au r\u00e9seau depuis le port Fast Ethernet\u00a0et possibilit\u00e9 de projection sans fil (via module optionnel).<\/p>\n<\/section>\n<section>\n<div class=\"desc-image\"><\/div>\n<div class=\"desc-text\">\n<h2>Travaillez dans les meilleures conditions<\/h2>\n<p>Profitez d&#8217;une projection lumineuse et durable pour vos besoins professionnels avec le vid\u00e9oprojecteur Epson EB-992F. Ce mod\u00e8le embarque la\u00a0<strong>technologie 3LCD<\/strong>\u00a0et une belle\u00a0<strong>luminosit\u00e9 de 4000 Lumens<\/strong>\u00a0pour afficher vos contenus id\u00e9alement dans vos salles de r\u00e9union.<\/p>\n<p>B\u00e9n\u00e9ficiez d&#8217;une\u00a0<strong>r\u00e9solution Full HD<\/strong>\u00a0(1920\u00a0x 1080), d&#8217;un taux de contraste de 16\u00a0000:1 et d&#8217;une\u00a0<strong>dur\u00e9e d&#8217;utilisation pouvant atteindre 17 000 heures<\/strong>\u00a0(mode Eco). Enfin,\u00a0une image de 300 pouces maximum peut \u00eatre projet\u00e9e afin d&#8217;appuyer vos pr\u00e9sentations.<\/p>\n<\/div>\n<\/section>\n<section>\n<div class=\"desc-text\">\n<h2>Installation optimis\u00e9e<\/h2>\n<p>Complet, le vid\u00e9oprojecteur EB-992F\u00a0dispose d&#8217;une connectique riche pour faciliter l&#8217;int\u00e9gration de l&#8217;\u00e9quipement dans votre environnement quotidien. Des\u00a0<strong>connecteurs HDMI, VGA, USB\u00a0<\/strong>sont ainsi \u00e0 votre disposition.<\/p>\n<p>De plus, le\u00a0<strong>connecteur Fast Ethernet\u00a0<\/strong>et le port S\u00e9rie permettent un contr\u00f4le \u00e0 distance de votre vid\u00e9oprojecteur (compatibilit\u00e9 AMX, Crestron, Control4 et Extron).<\/p>\n<p>Vous avez m\u00eame la possibilit\u00e9 d&#8217;ajouter un module sans fil (en option) pour gagner en libert\u00e9. Une fois en place, ce mod\u00e8le dispose d&#8217;un <strong>zoom 1.6x<\/strong>\u00a0et d&#8217;une\u00a0<strong>correction keystone automatique (verticale)<\/strong>\u00a0pour placer parfaitement l&#8217;image.<\/p>\n<\/div>\n<div class=\"desc-image\"><img decoding=\"async\" src=\"https:\/\/media.ldlc.com\/bo\/images\/fiches\/videoprojecteur\/epson\/eb-e20\/connectique.jpg\" alt=\"\" \/><\/div>\n<\/section>\n","protected":false},"excerpt":{"rendered":"<ul>\n<li><strong>Vid\u00e9oprojecteur professionnel \u00e0 technologie 3LCD<\/strong><\/li>\n<li><strong>R\u00e9solution<\/strong>\u00a0: Full HD (1920\u00a0x 1080 pixels)<\/li>\n<li><strong>Luminosit\u00e9<\/strong>\u00a0: 4000 Lumens<\/li>\n<li>Projection d&#8217;une image jusqu&#8217;\u00e0 300 pouces<\/li>\n<li>Lampe avec dur\u00e9e de vie\u00a0<strong>jusqu&#8217;\u00e0 17\u00a0000 heures<\/strong>\u00a0(mode Eco)<\/li>\n<li>Zoom 1.6x, correction keystone\u00a0(Vertical auto +\/-30\u00b0, Horizontal manuel +\/-30\u00b0)<\/li>\n<li><strong>Entr\u00e9es<\/strong>\u00a0: 2x HDMI + 2x VGA<\/li>\n<li>Connecteur\u00a0<strong>Fast Ethernet<\/strong><\/li>\n<li>Projection sans fil en ajoutant le module ELPAP11 optionnel<\/li>\n<li>Fonctions collaboratives : partage d&#8217;\u00e9cran, mode mod\u00e9rateur, application iProjection<\/li>\n<li>Haut-parleur 16\u00a0Watts int\u00e9gr\u00e9<\/li>\n<\/ul>\n","protected":false},"featured_media":13067,"comment_status":"open","ping_status":"closed","template":"","meta":{"_acf_changed":false,"_monsterinsights_skip_tracking":false,"_monsterinsights_sitenote_active":false,"_monsterinsights_sitenote_note":"","_monsterinsights_sitenote_category":0,"_uf_show_specific_survey":0,"_uf_disable_surveys":false,"_joinchat":[]},"product_brand":[],"product_cat":[274,380,244,340],"product_tag":[],"class_list":{"0":"post-13066","1":"product","2":"type-product","3":"status-publish","4":"has-post-thumbnail","6":"product_cat-videoprojecteur-ecran","7":"product_cat-epson","8":"product_cat-image-son","9":"product_cat-videoprojecteur","11":"first","12":"outofstock","13":"sale","14":"shipping-taxable","15":"purchasable","16":"product-type-simple"},"acf":[],"jetpack_sharing_enabled":true,"_links":{"self":[{"href":"https:\/\/digistar.ma\/index.php?rest_route=\/wp\/v2\/product\/13066","targetHints":{"allow":["GET"]}}],"collection":[{"href":"https:\/\/digistar.ma\/index.php?rest_route=\/wp\/v2\/product"}],"about":[{"href":"https:\/\/digistar.ma\/index.php?rest_route=\/wp\/v2\/types\/product"}],"replies":[{"embeddable":true,"href":"https:\/\/digistar.ma\/index.php?rest_route=%2Fwp%2Fv2%2Fcomments&post=13066"}],"version-history":[{"count":2,"href":"https:\/\/digistar.ma\/index.php?rest_route=\/wp\/v2\/product\/13066\/revisions"}],"predecessor-version":[{"id":17075,"href":"https:\/\/digistar.ma\/index.php?rest_route=\/wp\/v2\/product\/13066\/revisions\/17075"}],"wp:featuredmedia":[{"embeddable":true,"href":"https:\/\/digistar.ma\/index.php?rest_route=\/wp\/v2\/media\/13067"}],"wp:attachment":[{"href":"https:\/\/digistar.ma\/index.php?rest_route=%2Fwp%2Fv2%2Fmedia&parent=13066"}],"wp:term":[{"taxonomy":"product_brand","embeddable":true,"href":"https:\/\/digistar.ma\/index.php?rest_route=%2Fwp%2Fv2%2Fproduct_brand&post=13066"},{"taxonomy":"product_cat","embeddable":true,"href":"https:\/\/digistar.ma\/index.php?rest_route=%2Fwp%2Fv2%2Fproduct_cat&post=13066"},{"taxonomy":"product_tag","embeddable":true,"href":"https:\/\/digistar.ma\/index.php?rest_route=%2Fwp%2Fv2%2Fproduct_tag&post=13066"}],"curies":[{"name":"wp","href":"https:\/\/api.w.org\/{rel}","templated":true}]}}